{"id":359059,"date":"2023-08-30T17:49:55","date_gmt":"2023-08-30T17:49:55","guid":{"rendered":"https:\/\/2024.mujstromecek.cz\/smrk-kanadsky-zasnezeny-180-cm\/"},"modified":"2024-08-06T07:02:36","modified_gmt":"2024-08-06T07:02:36","slug":"smrk-kanadsky-zasnezeny-180-cm","status":"publish","type":"product","link":"https:\/\/2024.mujstromecek.cz\/sl\/smrk-kanadsky-zasnezeny-180-cm\/","title":{"rendered":"Smrk Kanadsk\u00fd zasn\u011b\u017een\u00fd 180 cm si"},"content":{"rendered":"<h3><strong>Popis strome\u010dku:<\/strong><\/h3>\n<p>Smrk Kanadsk\u00fd zasn\u011b\u017een\u00fd 180 cm <strong>se zabudovan\u00fdmi \u0161i\u0161kami a je\u0159abinami.<\/strong> Kvalitn\u00ed 3D jehli\u010d\u00ed zaru\u010duje <strong>realistick\u00fd vzhled strome\u010dku<\/strong>. Perfektn\u011b se hod\u00ed se do <strong>mal\u00fdch<\/strong> a <strong>st\u0159edn\u00edch<\/strong> interi\u00e9r\u016f. <strong>Unik\u00e1tn\u00ed vzhled<\/strong> strome\u010dk\u016f z <strong>kolekce PREMIUM\u00a0<\/strong>zaji\u0161\u0165uje n\u00e1\u0161 <strong>zku\u0161en\u00fd t\u00fdm produktov\u00fdch design\u00e9r\u016f<\/strong>.<\/p>\n<p>Strome\u010dek <strong>s ozdobami<\/strong> navod\u00ed ve Va\u0161em domov\u011b tu pravou V\u00e1no\u010dn\u00ed atmosf\u00e9ru. <strong>U\u0161et\u0159ete \u010das,<\/strong> kter\u00fd byste str\u00e1vili v\u011b\u0161en\u00edm ozdob na strome\u010dek.<\/p>\n<p>Ke strome\u010dku od n\u00e1s <strong>ZDARMA <\/strong>dostanete<strong> pevn\u00fd KOVOV\u00dd STOJAN<\/strong> s gumov\u00fdmi no\u017ei\u010dkami a pevnou kartonovou krabici pro uchov\u00e1n\u00ed strome\u010dku.<\/p>\n<h3><strong>Zp\u016fsob sestaven\u00ed Smrk Kanadsk\u00fd zasn\u011b\u017een\u00fd<\/strong><\/h3>\n<p>Stejn\u011b jako u v\u0161ech na\u0161ich strome\u010dk\u016f, je i tento <strong>snadn\u00e9 sestavit <\/strong>a d\u00e1le s n\u00ed manipulovat. Syst\u00e9m <strong>sestaven\u00ed <\/strong>Snap Tree\u2122 je <strong>PR\u00c9MIOV\u00ddM \u0158E\u0160EN\u00cdM<\/strong>, kter\u00e9 v\u00e1m <strong>usnadn\u00ed pr\u00e1ci<\/strong> se sestaven\u00edm strome\u010dku. U v\u011btv\u00ed se nach\u00e1z\u00ed kloub, kter\u00fd kdy\u017e strome\u010dek postav\u00edte do stojanu zajist\u00ed, aby se hlavn\u00ed v\u011btve automaticky rozlo\u017eily v ur\u010dit\u00e9m sklonu a na V\u00e1s u\u017e potom jenom zb\u00fdv\u00e1 <strong>pouze \u00faprava men\u0161\u00edch v\u011btvi\u010dek <\/strong>dle Va\u0161eho vkusu.<\/p>\n<p>P\u0159ejeme V\u00e1m p\u0159\u00edjemn\u011b str\u00e1ven\u00e9 V\u00e1no\u010dn\u00ed sv\u00e1tky!<\/p>\n","protected":false},"excerpt":{"rendered":"<p>Smrk Kanadsk\u00fd zasn\u011b\u017een\u00fd 180 cm <strong>se zabudovan\u00fdmi \u0161i\u0161kami.<\/strong> Kvalitn\u00ed 3D jehli\u010d\u00ed zaru\u010duje <strong>realistick\u00fd vzhled strome\u010dku<\/strong>. Perfektn\u011b se hod\u00ed se do <strong>mal\u00fdch<\/strong> a <strong>st\u0159edn\u00edch<\/strong> interi\u00e9r\u016f. <strong>Unik\u00e1tn\u00ed vzhled<\/strong> strome\u010dk\u016f z <strong>kolekce PREMIUM\u00a0<\/strong>zaji\u0161\u0165uje n\u00e1\u0161 <strong>zku\u0161en\u00fd t\u00fdm produktov\u00fdch design\u00e9r\u016f<\/strong>.<\/p>\n","protected":false},"featured_media":357611,"template":"","meta":{"_acf_changed":false,"rank_math_lock_modified_date":false},"product_cat":[224],"product_tag":[324,325,326,327,328],"class_list":{"0":"post-359059","1":"product","2":"type-product","3":"status-publish","4":"has-post-thumbnail","6":"product_cat-100-3d-sl","7":"product_tag-180-cm-sl","8":"product_tag-3d-pepvc-sl","9":"product_tag-doprava-zdarma-sl","10":"product_tag-novinka-sl","11":"product_tag-premium-sl","12":"snap-tree","14":"first","15":"instock","16":"sale","17":"taxable","18":"shipping-taxable","19":"purchasable","20":"product-type-simple"},"acf":[],"_links":{"self":[{"href":"https:\/\/2024.mujstromecek.cz\/sl\/wp-json\/wp\/v2\/product\/359059","targetHints":{"allow":["GET"]}}],"collection":[{"href":"https:\/\/2024.mujstromecek.cz\/sl\/wp-json\/wp\/v2\/product"}],"about":[{"href":"https:\/\/2024.mujstromecek.cz\/sl\/wp-json\/wp\/v2\/types\/product"}],"wp:featuredmedia":[{"embeddable":true,"href":"https:\/\/2024.mujstromecek.cz\/sl\/wp-json\/wp\/v2\/media\/357611"}],"wp:attachment":[{"href":"https:\/\/2024.mujstromecek.cz\/sl\/wp-json\/wp\/v2\/media?parent=359059"}],"wp:term":[{"taxonomy":"product_cat","embeddable":true,"href":"https:\/\/2024.mujstromecek.cz\/sl\/wp-json\/wp\/v2\/product_cat?post=359059"},{"taxonomy":"product_tag","embeddable":true,"href":"https:\/\/2024.mujstromecek.cz\/sl\/wp-json\/wp\/v2\/product_tag?post=359059"}],"curies":[{"name":"wp","href":"https:\/\/api.w.org\/{rel}","templated":true}]}}