{"id":357799,"date":"2024-07-02T13:45:40","date_gmt":"2024-07-02T13:45:40","guid":{"rendered":"https:\/\/2024.mujstromecek.cz\/vyhody-nakupu-u-nas\/"},"modified":"2024-07-30T13:29:22","modified_gmt":"2024-07-30T13:29:22","slug":"prednosti-nakupa-pri-nas","status":"publish","type":"page","link":"https:\/\/2024.mujstromecek.cz\/sl\/prednosti-nakupa-pri-nas\/","title":{"rendered":"Prednosti nakupa pri nas"},"content":{"rendered":"\n<div class=\"wp-block-columns is-layout-flex wp-container-core-columns-is-layout-9d6595d7 wp-block-columns-is-layout-flex\">\n<div class=\"wp-block-column is-layout-flow wp-block-column-is-layout-flow\">\n<div class=\"wp-block-media-text is-stacked-on-mobile is-vertically-aligned-top\" style=\"grid-template-columns:15% auto\"><figure class=\"wp-block-media-text__media\"><img decoding=\"async\" src=\"https:\/\/2024.mujstromecek.cz\/wp-content\/uploads\/2024\/06\/delivery.svg\" alt=\"\" class=\"wp-image-355118 size-full\"><\/figure><div class=\"wp-block-media-text__content\">\n<h3 class=\"wp-block-heading\">Brezpla\u010dna dostava<\/h3>\n\n\n\n<p>Za vsa na\u0161a bo\u017ei\u010dna drevesa je dostava po vsej v Republiki Sloveniji do va\u0161ega doma brezpla\u010dna, tj. pla\u010date samo ceno drevesa, drugih pristojbin ne zara\u010dunamo. Drevo vam bo dostavljeno\u00a0<strong>na enostaven na\u010din, udobno<\/strong>\u00a0in\u00a0<strong>brez napora na dom<\/strong>, in to\u00a0<strong>vse<\/strong>\u00a0<strong>popolnoma BREZPLA\u010cNO!<\/strong><\/p>\n<\/div><\/div>\n<\/div>\n\n\n\n<div class=\"wp-block-column is-layout-flow wp-block-column-is-layout-flow\">\n<div class=\"wp-block-media-text is-stacked-on-mobile is-vertically-aligned-top\" style=\"grid-template-columns:15% auto\"><figure class=\"wp-block-media-text__media\"><img decoding=\"async\" src=\"https:\/\/2024.mujstromecek.cz\/wp-content\/uploads\/2024\/06\/guarantee.svg\" alt=\"\" class=\"wp-image-355111 size-full\"><\/figure><div class=\"wp-block-media-text__content\">\n<h3 class=\"wp-block-heading\">Zagotovljena dostava do bo\u017ei\u010da!<\/h3>\n\n\n\n<p><strong>\u010ce naro\u010dite do 17.12.2024, vam zagotavljamo, da bo drevo prispelo do bo\u017ei\u010da!<\/strong><\/p>\n<\/div><\/div>\n<\/div>\n<\/div>\n\n\n\n<div class=\"wp-block-columns is-layout-flex wp-container-core-columns-is-layout-9d6595d7 wp-block-columns-is-layout-flex\">\n<div class=\"wp-block-column is-layout-flow wp-block-column-is-layout-flow\">\n<div class=\"wp-block-media-text is-stacked-on-mobile is-vertically-aligned-top\" style=\"grid-template-columns:15% auto\"><figure class=\"wp-block-media-text__media\"><img decoding=\"async\" src=\"https:\/\/2024.mujstromecek.cz\/wp-content\/uploads\/2024\/06\/guarantee-1.svg\" alt=\"\" class=\"wp-image-355113 size-full\"><\/figure><div class=\"wp-block-media-text__content\">\n<h3 class=\"wp-block-heading\">Garancija kakovosti<\/h3>\n\n\n\n<p>Pri izdelavi umetnih bo\u017ei\u010dnih dreves uporabljamo le&nbsp;<strong>najkakovostnej\u0161e materiale<\/strong>, ki zagotavljajo&nbsp;<strong>popoln videz<\/strong>&nbsp;vrsto let.<\/p>\n\n\n\n<p>V primeru nepravilnosti, bomo manjkajo\u010de dele&nbsp;<strong>brezpla\u010dno dostavili<\/strong>&nbsp;ali&nbsp;<strong>poskrbeli za odvoz<\/strong>&nbsp;in zamenjavo po\u0161kodovanega drevesa.&nbsp;<strong>Brez skrbi \u2013 kakr\u0161nokoli te\u017eavo re\u0161imo hitro, brez nepotrebnih skrbi in dodatnih stro\u0161kov!<\/strong><\/p>\n<\/div><\/div>\n<\/div>\n\n\n\n<div class=\"wp-block-column is-layout-flow wp-block-column-is-layout-flow\">\n<div class=\"wp-block-media-text is-stacked-on-mobile is-vertically-aligned-top\" style=\"grid-template-columns:15% auto\"><figure class=\"wp-block-media-text__media\"><img decoding=\"async\" src=\"https:\/\/2024.mujstromecek.cz\/wp-content\/uploads\/2024\/06\/add-group.svg\" alt=\"\" class=\"wp-image-355120 size-full\"><\/figure><div class=\"wp-block-media-text__content\">\n<h3 class=\"wp-block-heading\">Zadovoljstvo strank<\/h3>\n\n\n\n<p>Ve\u010d kot\u00a0100 000+\u00a0zadovoljnih strank\u00a0je dokaz, da so na\u0161a bo\u017ei\u010dna drevesa kakovostna. Na na\u0161em\u00a0Facebooku\u00a0ali\u00a0Heureki\u00a0si lahko ogledate, kako nas ocenjujejo na\u0161e stranke.<\/p>\n<\/div><\/div>\n<\/div>\n<\/div>\n\n\n\n<div class=\"wp-block-columns is-layout-flex wp-container-core-columns-is-layout-9d6595d7 wp-block-columns-is-layout-flex\">\n<div class=\"wp-block-column is-layout-flow wp-block-column-is-layout-flow\">\n<div class=\"wp-block-media-text is-stacked-on-mobile is-vertically-aligned-top\" style=\"grid-template-columns:15% auto\"><figure class=\"wp-block-media-text__media\"><img decoding=\"async\" src=\"https:\/\/2024.mujstromecek.cz\/wp-content\/uploads\/2024\/06\/chat.svg\" alt=\"\" class=\"wp-image-355142 size-full\"><\/figure><div class=\"wp-block-media-text__content\">\n<h3 class=\"wp-block-heading\">Podpora za stranke<\/h3>\n\n\n\n<p>Na\u0161im strankam nudimo \u0161iroko paleto drugih storitev, zaradi katerih je nakup zelo hiter in enostaven. Na\u0161e osebje bo z veseljem odgovorilo na vsa va\u0161a vpra\u0161anja in vam pomagalo pri izvedbi naro\u010dila. Vedno smo vam na voljo na spletnem\u00a0<strong>klepetu<\/strong>\u00a0(spodaj desno na tej strani), ali elektronski\u00a0<strong>po\u0161ti<\/strong>\u00a0(<a href=\"mailto:dotazy@mujstromecek.cz\">vprasanja@bozicnodrevo.si<\/a>), ali telefonu +420 777 470 538 (PON-PET 9-17).<\/p>\n<\/div><\/div>\n<\/div>\n\n\n\n<div class=\"wp-block-column is-layout-flow wp-block-column-is-layout-flow\"><\/div>\n<\/div>\n","protected":false},"excerpt":{"rendered":"<p>Brezpla\u010dna dostava Za vsa na\u0161a bo\u017ei\u010dna drevesa je dostava po vsej v Republiki Sloveniji do va\u0161ega doma brezpla\u010dna, tj. pla\u010date samo ceno drevesa, drugih pristojbin ne zara\u010dunamo. Drevo vam bo dostavljeno\u00a0na enostaven na\u010din, udobno\u00a0in\u00a0brez napora na dom, in to\u00a0vse\u00a0popolnoma BREZPLA\u010cNO! Zagotovljena dostava do bo\u017ei\u010da! \u010ce naro\u010dite do 17.12.2024, vam zagotavljamo, da bo drevo prispelo do [&hellip;]<\/p>\n","protected":false},"author":2,"featured_media":357800,"parent":0,"menu_order":0,"comment_status":"closed","ping_status":"closed","template":"","meta":{"_acf_changed":false,"rank_math_lock_modified_date":false,"footnotes":""},"class_list":["post-357799","page","type-page","status-publish","has-post-thumbnail","hentry"],"acf":[],"_links":{"self":[{"href":"https:\/\/2024.mujstromecek.cz\/sl\/wp-json\/wp\/v2\/pages\/357799","targetHints":{"allow":["GET"]}}],"collection":[{"href":"https:\/\/2024.mujstromecek.cz\/sl\/wp-json\/wp\/v2\/pages"}],"about":[{"href":"https:\/\/2024.mujstromecek.cz\/sl\/wp-json\/wp\/v2\/types\/page"}],"author":[{"embeddable":true,"href":"https:\/\/2024.mujstromecek.cz\/sl\/wp-json\/wp\/v2\/users\/2"}],"replies":[{"embeddable":true,"href":"https:\/\/2024.mujstromecek.cz\/sl\/wp-json\/wp\/v2\/comments?post=357799"}],"version-history":[{"count":1,"href":"https:\/\/2024.mujstromecek.cz\/sl\/wp-json\/wp\/v2\/pages\/357799\/revisions"}],"predecessor-version":[{"id":357802,"href":"https:\/\/2024.mujstromecek.cz\/sl\/wp-json\/wp\/v2\/pages\/357799\/revisions\/357802"}],"wp:featuredmedia":[{"embeddable":true,"href":"https:\/\/2024.mujstromecek.cz\/sl\/wp-json\/wp\/v2\/media\/357800"}],"wp:attachment":[{"href":"https:\/\/2024.mujstromecek.cz\/sl\/wp-json\/wp\/v2\/media?parent=357799"}],"curies":[{"name":"wp","href":"https:\/\/api.w.org\/{rel}","templated":true}]}}