{"id":357780,"date":"2024-07-02T15:47:42","date_gmt":"2024-07-02T15:47:42","guid":{"rendered":"https:\/\/2024.mujstromecek.cz\/kontakty\/"},"modified":"2024-07-30T13:11:30","modified_gmt":"2024-07-30T13:11:30","slug":"kontakt","status":"publish","type":"page","link":"https:\/\/2024.mujstromecek.cz\/sl\/kontakt\/","title":{"rendered":"Kontakt"},"content":{"rendered":"\n<div class=\"wp-block-group\"><div class=\"wp-block-group__inner-container is-layout-flow wp-block-group-is-layout-flow\">\n<div class=\"wp-block-group\"><div class=\"wp-block-group__inner-container is-layout-flow wp-block-group-is-layout-flow\">\n<div class=\"wp-block-columns is-layout-flex wp-container-core-columns-is-layout-9d6595d7 wp-block-columns-is-layout-flex\">\n<div class=\"wp-block-column jh-gt-block has-background is-layout-flow wp-block-column-is-layout-flow\" style=\"background-color:#eeeeee\">\n<h2 class=\"wp-block-heading\">Podpora za stranke<\/h2>\n\n\n\n<p style=\"font-style:normal;font-weight:500\">Na\u0161im strankam ponujamo\u00a0<strong>\u0161iroko paleto spremljajo\u010dih storitev<\/strong>, zaradi katerih je\u00a0<strong>nakup zelo hiter\u00a0<\/strong>in\u00a0<strong>enostaven<\/strong>.<\/p>\n\n\n\n<div style=\"height:20px\" aria-hidden=\"true\" class=\"wp-block-spacer\"><\/div>\n\n\n\n<h4 class=\"wp-block-heading\">Imate vpra\u0161anje? Poi\u0161\u010dimo odgovor nanj<\/h4>\n\n\n\n<ul class=\"wp-block-list\">\n<li>Preberite <a href=\"https:\/\/2024.mujstromecek.cz\/sl\/faq\/\" data-type=\"page\" data-id=\"357769\">pogosto zastavljena<\/a> vpra\u0161anja na\u0161ih strank<\/li>\n<\/ul>\n\n\n\n<div style=\"height:20px\" aria-hidden=\"true\" class=\"wp-block-spacer\"><\/div>\n\n\n\n<h4 class=\"wp-block-heading\"><strong>Niste na\u0161li odgovora?<\/strong><\/h4>\n\n\n\n<p style=\"font-style:normal;font-weight:500\">Z nami lahko neprestano komunicirate prek:<\/p>\n\n\n\n<ul class=\"wp-block-list\">\n<li style=\"font-style:normal;font-weight:500\">e-po\u0161te:\u00a0<a href=\"mailto:info@bozicnodrevo.si\"><strong>info@bozicnodrevo.si<\/strong><\/a><\/li>\n\n\n\n<li>spletnega klepeta: spodaj desno<\/li>\n\n\n\n<li style=\"font-style:normal;font-weight:500\">telefonske \u0161tevilke:\u00a0<a href=\"tel:0038618285728\">+38618285728<\/a>\u00a0(08:00 \u2013 16:00)<\/li>\n<\/ul>\n\n\n\n<div style=\"height:20px\" aria-hidden=\"true\" class=\"wp-block-spacer\"><\/div>\n<\/div>\n<\/div>\n<\/div><\/div>\n\n\n\n<div style=\"height:40px\" aria-hidden=\"true\" class=\"wp-block-spacer\"><\/div>\n\n\n\n<div class=\"wp-block-columns is-layout-flex wp-container-core-columns-is-layout-9d6595d7 wp-block-columns-is-layout-flex\">\n<div class=\"wp-block-column is-layout-flow wp-block-column-is-layout-flow\" style=\"flex-basis:33.33%\">\n<h2 class=\"wp-block-heading\">Podatki, potrebni za izvedbo pla\u010dila\u00a0<\/h2>\n\n\n\n<p style=\"font-style:normal;font-weight:500\">All4Customer, s.r.o.<br>I\u010c: 01824651<br>DI\u010c: CZ01824651<br>Hladnovsk\u00e1 1255\/23<br>710 00, Ostrava<\/p>\n<\/div>\n\n\n\n<div class=\"wp-block-column is-layout-flow wp-block-column-is-layout-flow\" style=\"flex-basis:66.66%\">\n<iframe src=\"https:\/\/www.google.com\/maps\/embed?pb=!1m14!1m8!1m3!1d329326.0325305334!2d18.30526!3d49.845095!3m2!1i1024!2i768!4f13.1!3m3!1m2!1s0x4713e32a7ac60fa9%3A0xea9642a6fb882b28!2sHladnovsk%C3%A1%201255%2F23%2C%20710%2000%20Slezsk%C3%A1%20Ostrava%2C%20Czechia!5e0!3m2!1sen!2sus!4v1593526756270!5m2!1sen!2sus\" width=\"600\" height=\"450\" border-radius=\"20\" frameborder=\"0\" style=\"border:0;\" allowfullscreen=\"\" aria-hidden=\"false\" tabindex=\"0\"><\/iframe>\n<\/div>\n<\/div>\n<\/div><\/div>\n","protected":false},"excerpt":{"rendered":"<p>Podpora za stranke Na\u0161im strankam ponujamo\u00a0\u0161iroko paleto spremljajo\u010dih storitev, zaradi katerih je\u00a0nakup zelo hiter\u00a0in\u00a0enostaven. Imate vpra\u0161anje? Poi\u0161\u010dimo odgovor nanj Niste na\u0161li odgovora? Z nami lahko neprestano komunicirate prek: Podatki, potrebni za izvedbo pla\u010dila\u00a0 All4Customer, s.r.o.I\u010c: 01824651DI\u010c: CZ01824651Hladnovsk\u00e1 1255\/23710 00, Ostrava<\/p>\n","protected":false},"author":2,"featured_media":0,"parent":0,"menu_order":0,"comment_status":"closed","ping_status":"closed","template":"","meta":{"_acf_changed":false,"rank_math_lock_modified_date":false,"footnotes":""},"class_list":["post-357780","page","type-page","status-publish","hentry"],"acf":[],"_links":{"self":[{"href":"https:\/\/2024.mujstromecek.cz\/sl\/wp-json\/wp\/v2\/pages\/357780","targetHints":{"allow":["GET"]}}],"collection":[{"href":"https:\/\/2024.mujstromecek.cz\/sl\/wp-json\/wp\/v2\/pages"}],"about":[{"href":"https:\/\/2024.mujstromecek.cz\/sl\/wp-json\/wp\/v2\/types\/page"}],"author":[{"embeddable":true,"href":"https:\/\/2024.mujstromecek.cz\/sl\/wp-json\/wp\/v2\/users\/2"}],"replies":[{"embeddable":true,"href":"https:\/\/2024.mujstromecek.cz\/sl\/wp-json\/wp\/v2\/comments?post=357780"}],"version-history":[{"count":2,"href":"https:\/\/2024.mujstromecek.cz\/sl\/wp-json\/wp\/v2\/pages\/357780\/revisions"}],"predecessor-version":[{"id":357784,"href":"https:\/\/2024.mujstromecek.cz\/sl\/wp-json\/wp\/v2\/pages\/357780\/revisions\/357784"}],"wp:attachment":[{"href":"https:\/\/2024.mujstromecek.cz\/sl\/wp-json\/wp\/v2\/media?parent=357780"}],"curies":[{"name":"wp","href":"https:\/\/api.w.org\/{rel}","templated":true}]}}