{"id":357776,"date":"2024-07-02T16:07:53","date_gmt":"2024-07-02T16:07:53","guid":{"rendered":"https:\/\/2024.mujstromecek.cz\/doprava-a-platba\/"},"modified":"2024-07-30T12:45:39","modified_gmt":"2024-07-30T12:45:39","slug":"odprema-in-placilo","status":"publish","type":"page","link":"https:\/\/2024.mujstromecek.cz\/sl\/odprema-in-placilo\/","title":{"rendered":"Odprema in pla\u010dilo"},"content":{"rendered":"\n<div class=\"wp-block-columns is-layout-flex wp-container-core-columns-is-layout-9d6595d7 wp-block-columns-is-layout-flex\">\n<div class=\"wp-block-column is-layout-flow wp-block-column-is-layout-flow\">\n<div class=\"wp-block-media-text is-stacked-on-mobile is-vertically-aligned-top\" style=\"grid-template-columns:15% auto\"><figure class=\"wp-block-media-text__media\"><img decoding=\"async\" src=\"https:\/\/2024.mujstromecek.cz\/wp-content\/uploads\/2024\/06\/delivery.svg\" alt=\"\" class=\"wp-image-355118 size-full\"><\/figure><div class=\"wp-block-media-text__content\">\n<h3 class=\"wp-block-heading\">Na\u010din prevoza<\/h3>\n\n\n\n<p>Za dostavo blaga stranki uporabljamo dostavno podjetje GLS.<\/p>\n\n\n\n<ul class=\"wp-block-list\">\n<li><strong>DOSTAVA ZNOTRAJ REPUBLIKA SLOVENIJA JE BREZPLA\u010cNA!<\/strong><\/li>\n\n\n\n<li><strong>\u010cas dostave: v roku 3-5 dni od po\u0161iljanja!<\/strong><\/li>\n\n\n\n<li><strong>O to\u010dnem datumu dostave vas bomo obvestili.<\/strong><\/li>\n\n\n\n<li>\u010ce \u017eelite dostavo drevesa v drugo dr\u017eavo EU, nam pi\u0161ite na e-naslov vprasanja@bozicnodrevo.si info@bozicnodrevo.si<\/li>\n<\/ul>\n<\/div><\/div>\n<\/div>\n\n\n\n<div class=\"wp-block-column is-layout-flow wp-block-column-is-layout-flow\">\n<div class=\"wp-block-media-text is-stacked-on-mobile is-vertically-aligned-top\" style=\"grid-template-columns:15% auto\"><figure class=\"wp-block-media-text__media\"><img decoding=\"async\" src=\"https:\/\/2024.mujstromecek.cz\/wp-content\/uploads\/2024\/06\/credit-card-1.svg\" alt=\"\" class=\"wp-image-355157 size-full\"><\/figure><div class=\"wp-block-media-text__content\">\n<h3 class=\"wp-block-heading\">Na\u010din pla\u010dila<\/h3>\n\n\n\n<p>Stranka lahko ceno blaga in stro\u0161ke, povezane z dostavo le-tega, pla\u010da na naslednje na\u010dine:<\/p>\n\n\n\n<ul class=\"wp-block-list\">\n<li><strong>Pla\u010dilna kartica<\/strong> \u2013 na spletu prek GoPay<\/li>\n\n\n\n<li><strong>PayPal<\/strong> \u2013 pla\u010dilo s pla\u010dilno kartico ali PayPal ra\u010dunom<\/li>\n\n\n\n<li><strong>Pla\u010dilo po povzetju<\/strong> \u2013 pla\u010dilo z gotovino vozniku dostavnega podjetja na kraju, ki ga stranka navede v naro\u010dilu<\/li>\n<\/ul>\n<\/div><\/div>\n<\/div>\n<\/div>\n","protected":false},"excerpt":{"rendered":"<p>Na\u010din prevoza Za dostavo blaga stranki uporabljamo dostavno podjetje GLS. Na\u010din pla\u010dila Stranka lahko ceno blaga in stro\u0161ke, povezane z dostavo le-tega, pla\u010da na naslednje na\u010dine:<\/p>\n","protected":false},"author":2,"featured_media":357777,"parent":0,"menu_order":0,"comment_status":"closed","ping_status":"closed","template":"","meta":{"_acf_changed":false,"rank_math_lock_modified_date":false,"footnotes":""},"class_list":["post-357776","page","type-page","status-publish","has-post-thumbnail","hentry"],"acf":[],"_links":{"self":[{"href":"https:\/\/2024.mujstromecek.cz\/sl\/wp-json\/wp\/v2\/pages\/357776","targetHints":{"allow":["GET"]}}],"collection":[{"href":"https:\/\/2024.mujstromecek.cz\/sl\/wp-json\/wp\/v2\/pages"}],"about":[{"href":"https:\/\/2024.mujstromecek.cz\/sl\/wp-json\/wp\/v2\/types\/page"}],"author":[{"embeddable":true,"href":"https:\/\/2024.mujstromecek.cz\/sl\/wp-json\/wp\/v2\/users\/2"}],"replies":[{"embeddable":true,"href":"https:\/\/2024.mujstromecek.cz\/sl\/wp-json\/wp\/v2\/comments?post=357776"}],"version-history":[{"count":1,"href":"https:\/\/2024.mujstromecek.cz\/sl\/wp-json\/wp\/v2\/pages\/357776\/revisions"}],"predecessor-version":[{"id":357779,"href":"https:\/\/2024.mujstromecek.cz\/sl\/wp-json\/wp\/v2\/pages\/357776\/revisions\/357779"}],"wp:featuredmedia":[{"embeddable":true,"href":"https:\/\/2024.mujstromecek.cz\/sl\/wp-json\/wp\/v2\/media\/357777"}],"wp:attachment":[{"href":"https:\/\/2024.mujstromecek.cz\/sl\/wp-json\/wp\/v2\/media?parent=357776"}],"curies":[{"name":"wp","href":"https:\/\/api.w.org\/{rel}","templated":true}]}}