{"id":357769,"date":"2024-07-02T13:53:34","date_gmt":"2024-07-02T13:53:34","guid":{"rendered":"https:\/\/2024.mujstromecek.cz\/caste-dotazy\/"},"modified":"2024-07-30T10:26:06","modified_gmt":"2024-07-30T10:26:06","slug":"faq","status":"publish","type":"page","link":"https:\/\/2024.mujstromecek.cz\/sl\/faq\/","title":{"rendered":"FAQ"},"content":{"rendered":"\n<div class=\"wp-block-gutena-accordion gutena-accordion-block gutena-accordion-block-e5b83d-ee is-layout-flow wp-block-gutena-accordion-is-layout-flow\" data-single=\"false\" data-open=\"0\">\n<div class=\"wp-block-gutena-accordion-panel gutena-accordion-block__panel\">\n<div class=\"wp-block-gutena-accordion-panel-title gutena-accordion-block__panel-title\"><div class=\"gutena-accordion-block__panel-title-inner\">\n<h6 class=\"wp-block-heading has-text-align-left\" style=\"margin-top:0px;margin-right:0px;margin-bottom:0px;margin-left:0px\">Kdaj bo bo\u017ei\u010dno drevo poslano in dostavljeno?<\/h6>\n<div class=\"trigger-plus-minus\"><div class=\"horizontal\"><\/div><div class=\"vertical\"><\/div><\/div><\/div><\/div>\n\n\n\n<div class=\"wp-block-gutena-accordion-panel-content gutena-accordion-block__panel-content\"><div class=\"gutena-accordion-block__panel-content-inner\">\n<p>Drevesa so obi\u010dajno dostavljena v roku <strong>3-5 delovnih dni.<\/strong> 9. 2024. Konkr\u00e9tn\u00ed informaci naleznete na v\u00fdpise nebo v detailu produkt\u016f.\u00a0Preden po\u0161ljemo drevo, vam bomo poslali e-po\u0161tno sporo\u010dilo z informacijami, vklju\u010dno s kodo za sledenje, s katero lahko sledite, kje se va\u0161e drevo trenutno nahaja.<\/p>\n<\/div><\/div>\n<\/div>\n\n\n\n<div class=\"wp-block-gutena-accordion-panel gutena-accordion-block__panel\">\n<div class=\"wp-block-gutena-accordion-panel-title gutena-accordion-block__panel-title\"><div class=\"gutena-accordion-block__panel-title-inner\">\n<h6 class=\"wp-block-heading has-text-align-left\" style=\"margin-top:0px;margin-right:0px;margin-bottom:0px;margin-left:0px\">Kak\u0161na je vi\u0161ina in \u0161\u00edrina bo\u017ei\u010dnih dreves?<\/h6>\n<div class=\"trigger-plus-minus\"><div class=\"horizontal\"><\/div><div class=\"vertical\"><\/div><\/div><\/div><\/div>\n\n\n\n<div class=\"wp-block-gutena-accordion-panel-content gutena-accordion-block__panel-content\"><div class=\"gutena-accordion-block__panel-content-inner\">\n<p style=\"margin-top:0;margin-bottom:0\">Ti podatki so vedno navedeni podrobno za vsako drevo.<\/p>\n<\/div><\/div>\n<\/div>\n\n\n\n<div class=\"wp-block-gutena-accordion-panel gutena-accordion-block__panel\">\n<div class=\"wp-block-gutena-accordion-panel-title gutena-accordion-block__panel-title\"><div class=\"gutena-accordion-block__panel-title-inner\">\n<h6 class=\"wp-block-heading has-text-align-left\" style=\"margin-top:0px;margin-right:0px;margin-bottom:0px;margin-left:0px\">Ali navedena vi\u0161ina bo\u017ei\u010dnega drevesa vklju\u010duje stojalo?<\/h6>\n<div class=\"trigger-plus-minus\"><div class=\"horizontal\"><\/div><div class=\"vertical\"><\/div><\/div><\/div><\/div>\n\n\n\n<div class=\"wp-block-gutena-accordion-panel-content gutena-accordion-block__panel-content\"><div class=\"gutena-accordion-block__panel-content-inner\">\n<p style=\"margin-top:0;margin-bottom:0\">Da, vse vi\u0161ine bo\u017ei\u010dnih dreves vklju\u010dujejo stojalo.<\/p>\n<\/div><\/div>\n<\/div>\n\n\n\n<div class=\"wp-block-gutena-accordion-panel gutena-accordion-block__panel\">\n<div class=\"wp-block-gutena-accordion-panel-title gutena-accordion-block__panel-title\"><div class=\"gutena-accordion-block__panel-title-inner\">\n<h6 class=\"wp-block-heading has-text-align-left\" style=\"margin-top:0px;margin-right:0px;margin-bottom:0px;margin-left:0px\">Ali je stojalo sestavni del pakiranja?<\/h6>\n<div class=\"trigger-plus-minus\"><div class=\"horizontal\"><\/div><div class=\"vertical\"><\/div><\/div><\/div><\/div>\n\n\n\n<div class=\"wp-block-gutena-accordion-panel-content gutena-accordion-block__panel-content\"><div class=\"gutena-accordion-block__panel-content-inner\">\n<p><strong>Da<\/strong>, v vsakem pakiranju je kakovostno kovinsko stojalo za drevo.<\/p>\n\n\n\n<p>Op.: Nekateri modeli v razprodaji so lahko opremljeni s plasti\u010dnim stojalom, ta podatek je naveden v podrobnostih o izdelku.<\/p>\n<\/div><\/div>\n<\/div>\n\n\n\n<div class=\"wp-block-gutena-accordion-panel gutena-accordion-block__panel\">\n<div class=\"wp-block-gutena-accordion-panel-title gutena-accordion-block__panel-title\"><div class=\"gutena-accordion-block__panel-title-inner\">\n<h6 class=\"wp-block-heading has-text-align-left\" style=\"margin-top:0px;margin-right:0px;margin-bottom:0px;margin-left:0px\">Iz koliko delov je sestavljeno bo\u017ei\u010dno drevo?<\/h6>\n<div class=\"trigger-plus-minus\"><div class=\"horizontal\"><\/div><div class=\"vertical\"><\/div><\/div><\/div><\/div>\n\n\n\n<div class=\"wp-block-gutena-accordion-panel-content gutena-accordion-block__panel-content\"><div class=\"gutena-accordion-block__panel-content-inner\">\n<p>\u0160tevilo delov je odvisno od velikosti drevesa:<\/p>\n\n\n\n<ul class=\"wp-block-list\">\n<li>Velikost 120 cm a 150 cm \u2013 sestavljeno iz 1 ali 2 delov<\/li>\n\n\n\n<li>Velikost 180 cm \u2013 250 cm \u2013 sestavljeno iz 2 ali 3 delov<\/li>\n<\/ul>\n<\/div><\/div>\n<\/div>\n<\/div>\n\n\n\n<div style=\"height:40px\" aria-hidden=\"true\" class=\"wp-block-spacer\"><\/div>\n\n\n\n<div class=\"wp-block-columns is-layout-flex wp-container-core-columns-is-layout-9d6595d7 wp-block-columns-is-layout-flex\">\n<div class=\"wp-block-column jh-gt-block has-text-color has-background has-link-color wp-elements-20a5678740c061a010b1af6f04ac17de is-layout-flow wp-block-column-is-layout-flow\" style=\"color:#250000;background-color:#eeeeee\">\n<h2 class=\"wp-block-heading\">Ali va\u0161a po\u0161iljka zamuja?<\/h2>\n\n\n\n<div class=\"wp-block-columns is-layout-flex wp-container-core-columns-is-layout-9d6595d7 wp-block-columns-is-layout-flex\">\n<div class=\"wp-block-column is-layout-flow wp-block-column-is-layout-flow\">\n<p>Po\u0161iljke ni ve\u010d pri nas, prosimo, da se obrnete na dostavno podjetje GLS, ki vam bo posredovalo podrobnosti. Hvala.<\/p>\n\n\n\n<figure class=\"wp-block-image size-large is-resized\"><img fetchpriority=\"high\" decoding=\"async\" width=\"1024\" height=\"276\" src=\"https:\/\/2024.mujstromecek.cz\/wp-content\/uploads\/2024\/06\/gls-logo-positive-rgb-download-11622-edit-kopie-1024x276.webp\" alt=\"\" class=\"wp-image-357726\" style=\"width:150px\" srcset=\"https:\/\/2024.mujstromecek.cz\/wp-content\/uploads\/2024\/06\/gls-logo-positive-rgb-download-11622-edit-kopie-1024x276.webp 1024w, https:\/\/2024.mujstromecek.cz\/wp-content\/uploads\/2024\/06\/gls-logo-positive-rgb-download-11622-edit-kopie-300x81.webp 300w, https:\/\/2024.mujstromecek.cz\/wp-content\/uploads\/2024\/06\/gls-logo-positive-rgb-download-11622-edit-kopie-768x207.webp 768w, https:\/\/2024.mujstromecek.cz\/wp-content\/uploads\/2024\/06\/gls-logo-positive-rgb-download-11622-edit-kopie-600x161.webp 600w, https:\/\/2024.mujstromecek.cz\/wp-content\/uploads\/2024\/06\/gls-logo-positive-rgb-download-11622-edit-kopie.webp 1063w\" sizes=\"(max-width: 1024px) 100vw, 1024px\" \/><\/figure>\n<\/div>\n\n\n\n<div class=\"wp-block-column is-layout-flow wp-block-column-is-layout-flow\">\n<p><\/p>\n<\/div>\n<\/div>\n<\/div>\n<\/div>\n\n\n\n<div style=\"height:10px\" aria-hidden=\"true\" class=\"wp-block-spacer\"><\/div>\n\n\n\n<div class=\"wp-block-gutena-accordion gutena-accordion-block gutena-accordion-block-8cb04a-3e is-layout-flow wp-block-gutena-accordion-is-layout-flow\" data-single=\"false\" data-open=\"none\">\n<div class=\"wp-block-gutena-accordion-panel gutena-accordion-block__panel\">\n<div class=\"wp-block-gutena-accordion-panel-title gutena-accordion-block__panel-title\"><div class=\"gutena-accordion-block__panel-title-inner\">\n<h6 class=\"wp-block-heading has-text-align-left\" style=\"margin-top:0px;margin-right:0px;margin-bottom:0px;margin-left:0px\">Kako dolgo traja sestavljanje bo\u017ei\u010dnega drevesa?<\/h6>\n<div class=\"trigger-plus-minus\"><div class=\"horizontal\"><\/div><div class=\"vertical\"><\/div><\/div><\/div><\/div>\n\n\n\n<div class=\"wp-block-gutena-accordion-panel-content gutena-accordion-block__panel-content\"><div class=\"gutena-accordion-block__panel-content-inner\">\n<p>Sestavljanje drevesa je zelo preprosto in prvo sestavljanje ne traja ve\u010d 2 minuti. Naknadno urejanje vejic in oblikovanje po va\u0161em okusu bo trajalo pribli\u017eno 5 \u2013 10 minut.<\/p>\n<\/div><\/div>\n<\/div>\n\n\n\n<div class=\"wp-block-gutena-accordion-panel gutena-accordion-block__panel\">\n<div class=\"wp-block-gutena-accordion-panel-title gutena-accordion-block__panel-title\"><div class=\"gutena-accordion-block__panel-title-inner\">\n<h6 class=\"wp-block-heading has-text-align-left\" style=\"margin-top:0px;margin-right:0px;margin-bottom:0px;margin-left:0px\">Kako naj sestavim bo\u017ei\u010dno drevo?<\/h6>\n<div class=\"trigger-plus-minus\"><div class=\"horizontal\"><\/div><div class=\"vertical\"><\/div><\/div><\/div><\/div>\n\n\n\n<div class=\"wp-block-gutena-accordion-panel-content gutena-accordion-block__panel-content\"><div class=\"gutena-accordion-block__panel-content-inner\">\n<ol id=\"block-b6bb5ab3-84a2-4016-bff8-fbe8e4900e0b\" class=\"wp-block-list\">\n<li>Vzemite drevo iz \u0161katle.<\/li>\n\n\n\n<li>Sestavite stojalo.<\/li>\n\n\n\n<li>Spodnji del drevesa potisnite v stojalo in ga pritrdite.<\/li>\n\n\n\n<li>Postopoma sestavite drevo. Priporo\u010damo, da ga sestavljate od spodaj navzgor. Razgrnite in oblikujte vejice v \u017eeleno obliko.<\/li>\n<\/ol>\n<\/div><\/div>\n<\/div>\n\n\n\n<div class=\"wp-block-gutena-accordion-panel gutena-accordion-block__panel\">\n<div class=\"wp-block-gutena-accordion-panel-title gutena-accordion-block__panel-title\"><div class=\"gutena-accordion-block__panel-title-inner\">\n<h6 class=\"wp-block-heading has-text-align-left\" style=\"margin-top:0px;margin-right:0px;margin-bottom:0px;margin-left:0px\">Kak\u0161na je razlika med posameznimi vrstami iglic?<\/h6>\n<div class=\"trigger-plus-minus\"><div class=\"horizontal\"><\/div><div class=\"vertical\"><\/div><\/div><\/div><\/div>\n\n\n\n<div class=\"wp-block-gutena-accordion-panel-content gutena-accordion-block__panel-content\"><div class=\"gutena-accordion-block__panel-content-inner\">\n<p style=\"margin-top:0;margin-bottom:0\">Ve\u010d lahko izveste v na\u0161em \u010dlanku <a href=\"https:\/\/bozicnodrevo.si\/2d-in-3d-igle-kaksna-je-razlika-med-njimi\/\" target=\"_blank\" rel=\"noopener\">2D, 3D in 100 % 3D iglice. Kak\u0161na je razlika med njimi?<\/a><\/p>\n<\/div><\/div>\n<\/div>\n\n\n\n<div class=\"wp-block-gutena-accordion-panel gutena-accordion-block__panel\">\n<div class=\"wp-block-gutena-accordion-panel-title gutena-accordion-block__panel-title\"><div class=\"gutena-accordion-block__panel-title-inner\">\n<h6 class=\"wp-block-heading has-text-align-left\" style=\"margin-top:0px;margin-right:0px;margin-bottom:0px;margin-left:0px\">Na kak\u0161en na\u010din bom obve\u0161\u010den o stanju naro\u010dila?<\/h6>\n<div class=\"trigger-plus-minus\"><div class=\"horizontal\"><\/div><div class=\"vertical\"><\/div><\/div><\/div><\/div>\n\n\n\n<div class=\"wp-block-gutena-accordion-panel-content gutena-accordion-block__panel-content\"><div class=\"gutena-accordion-block__panel-content-inner\">\n<p style=\"margin-top:0;margin-bottom:0\">O stanju naro\u010dila vas bomo obvestili po e-po\u0161ti. Obi\u010dajno po\u0161iljamo tri vrste e-sporo\u010dil:<\/p>\n\n\n\n<div style=\"height:20px\" aria-hidden=\"true\" class=\"wp-block-spacer\"><\/div>\n\n\n\n<ul class=\"wp-block-list\">\n<li><strong>Prejem naro\u010dila<\/strong> \u2013 e-sporo\u010dilo se samodejno po\u0161lje v trenutku po\u0161iljanja naro\u010dila.<\/li>\n\n\n\n<li><strong>Pripravljeno za po\u0161iljanje<\/strong> \u2013 e-sporo\u010dilo po\u0161lje na\u0161 uslu\u017ebenec v trenutku, ko je po\u0161iljka pripravljena in \u010daka, da jo predamo dostavnemu podjetju.<\/li>\n\n\n\n<li><strong>Po\u0161iljanje po\u0161iljke<\/strong> \u2013 e-sporo\u010dilo po\u0161lje na\u0161 uslu\u017ebenec v trenutku, ko je po\u0161iljka z naro\u010dilom predana dostavnemu podjetju.<\/li>\n<\/ul>\n\n\n\n<div style=\"height:20px\" aria-hidden=\"true\" class=\"wp-block-spacer\"><\/div>\n\n\n\n<p>V primeru akutnih ali nenadnih sprememb vas bomo kontaktirali po telefonu na telefonsko \u0161tevilko, ki ste jo navedli v naro\u010dilu.<\/p>\n<\/div><\/div>\n<\/div>\n\n\n\n<div class=\"wp-block-gutena-accordion-panel gutena-accordion-block__panel\">\n<div class=\"wp-block-gutena-accordion-panel-title gutena-accordion-block__panel-title\"><div class=\"gutena-accordion-block__panel-title-inner\">\n<h6 class=\"wp-block-heading has-text-align-left\" style=\"margin-top:0px;margin-right:0px;margin-bottom:0px;margin-left:0px\">Ali je mogo\u010de bo\u017ei\u010dno drevo kupiti in dvigniti osebno?<\/h6>\n<div class=\"trigger-plus-minus\"><div class=\"horizontal\"><\/div><div class=\"vertical\"><\/div><\/div><\/div><\/div>\n\n\n\n<div class=\"wp-block-gutena-accordion-panel-content gutena-accordion-block__panel-content\"><div class=\"gutena-accordion-block__panel-content-inner\">\n<p style=\"margin-top:0;margin-bottom:0\">Nakup je mo\u017een samo prek na\u0161e e-trgovine www.bozicnodrevo.si. Osebni dvig ni mogo\u010d. Drevo dostavimo samo prek dostavnega podjetja.<\/p>\n<\/div><\/div>\n<\/div>\n\n\n\n<div class=\"wp-block-gutena-accordion-panel gutena-accordion-block__panel\">\n<div class=\"wp-block-gutena-accordion-panel-title gutena-accordion-block__panel-title\"><div class=\"gutena-accordion-block__panel-title-inner\">\n<h6 class=\"wp-block-heading has-text-align-left\" style=\"margin-top:0px;margin-right:0px;margin-bottom:0px;margin-left:0px\">Do kdaj je mogo\u010de naro\u010diti bo\u017ei\u010dno drevo?<\/h6>\n<div class=\"trigger-plus-minus\"><div class=\"horizontal\"><\/div><div class=\"vertical\"><\/div><\/div><\/div><\/div>\n\n\n\n<div class=\"wp-block-gutena-accordion-panel-content gutena-accordion-block__panel-content\"><div class=\"gutena-accordion-block__panel-content-inner\">\n<p style=\"margin-top:0;margin-bottom:0\">Zadnji dan, ko je mogo\u010de naro\u010diti drevo je 17. 12. 2024. Priporo\u010damo pa, da drevo naro\u010dite vnaprej, saj z bli\u017eajo\u010dim se bo\u017ei\u010dem morda ne bodo ve\u010d na voljo vse vrste in velikosti.<\/p>\n<\/div><\/div>\n<\/div>\n\n\n\n<div class=\"wp-block-gutena-accordion-panel gutena-accordion-block__panel\">\n<div class=\"wp-block-gutena-accordion-panel-title gutena-accordion-block__panel-title\"><div class=\"gutena-accordion-block__panel-title-inner\">\n<h6 class=\"wp-block-heading has-text-align-left\" style=\"margin-top:0px;margin-right:0px;margin-bottom:0px;margin-left:0px\">Ali bo\u017ei\u010dna drevesa ustrezajo varnostnim standardom?<\/h6>\n<div class=\"trigger-plus-minus\"><div class=\"horizontal\"><\/div><div class=\"vertical\"><\/div><\/div><\/div><\/div>\n\n\n\n<div class=\"wp-block-gutena-accordion-panel-content gutena-accordion-block__panel-content\"><div class=\"gutena-accordion-block__panel-content-inner\">\n<p style=\"margin-top:0;margin-bottom:0\">Na\u0161a umetna bo\u017ei\u010dna drevesa so narejena iz najkakovostnej\u0161ih materialov in ustrezajo najstro\u017ejim varnostnim standardom EU.<\/p>\n<\/div><\/div>\n<\/div>\n\n\n\n<div class=\"wp-block-gutena-accordion-panel gutena-accordion-block__panel\">\n<div class=\"wp-block-gutena-accordion-panel-title gutena-accordion-block__panel-title\"><div class=\"gutena-accordion-block__panel-title-inner\">\n<h6 class=\"wp-block-heading has-text-align-left\" style=\"margin-top:0px;margin-right:0px;margin-bottom:0px;margin-left:0px\">Ali je mogo\u010de naro\u010diti bo\u017ei\u010dno drevo vi\u0161je od 250 cm?<\/h6>\n<div class=\"trigger-plus-minus\"><div class=\"horizontal\"><\/div><div class=\"vertical\"><\/div><\/div><\/div><\/div>\n\n\n\n<div class=\"wp-block-gutena-accordion-panel-content gutena-accordion-block__panel-content\"><div class=\"gutena-accordion-block__panel-content-inner\">\n<p style=\"margin-top:0;margin-bottom:0\">Da, lahko priskrbimo drevesa vi\u0161ja od 250 cm. Vsa taka naro\u010dila bomo obravnavali posami\u010dno. \u010ce vas torej zanima vi\u0161je drevo, nam pi\u0161ite na e-naslov info@bozicnodrevo.si<\/p>\n<\/div><\/div>\n<\/div>\n\n\n\n<div class=\"wp-block-gutena-accordion-panel gutena-accordion-block__panel\">\n<div class=\"wp-block-gutena-accordion-panel-title gutena-accordion-block__panel-title\"><div class=\"gutena-accordion-block__panel-title-inner\">\n<h6 class=\"wp-block-heading has-text-align-left\" style=\"margin-top:0px;margin-right:0px;margin-bottom:0px;margin-left:0px\">Kaj naj naredim, \u010de \u017eelim spremeniti svoje naro\u010dilo?<\/h6>\n<div class=\"trigger-plus-minus\"><div class=\"horizontal\"><\/div><div class=\"vertical\"><\/div><\/div><\/div><\/div>\n\n\n\n<div class=\"wp-block-gutena-accordion-panel-content gutena-accordion-block__panel-content\"><div class=\"gutena-accordion-block__panel-content-inner\">\n<p style=\"margin-top:0;margin-bottom:0\">Seveda je mogo\u010de naro\u010dilo spremeniti. V tem primeru nas kontaktirajte na e-naslovu info@bozicnodrevo.si. Pomembno je, da morebitne spremembe naro\u010dila po\u0161ljete pred izro\u010ditvijo naro\u010dila dostavnemu podjetju.<\/p>\n<\/div><\/div>\n<\/div>\n\n\n\n<div class=\"wp-block-gutena-accordion-panel gutena-accordion-block__panel\">\n<div class=\"wp-block-gutena-accordion-panel-title gutena-accordion-block__panel-title\"><div class=\"gutena-accordion-block__panel-title-inner\">\n<h6 class=\"wp-block-heading has-text-align-left\" style=\"margin-top:0px;margin-right:0px;margin-bottom:0px;margin-left:0px\">Ste zavezanec za DDV?<\/h6>\n<div class=\"trigger-plus-minus\"><div class=\"horizontal\"><\/div><div class=\"vertical\"><\/div><\/div><\/div><\/div>\n\n\n\n<div class=\"wp-block-gutena-accordion-panel-content gutena-accordion-block__panel-content\"><div class=\"gutena-accordion-block__panel-content-inner\">\n<p style=\"margin-top:0;margin-bottom:0\">Da, smo pla\u010dniki DDV. Podjetniki lahko uveljavljajo pravico do odbitka DDV.<\/p>\n<\/div><\/div>\n<\/div>\n\n\n\n<div class=\"wp-block-gutena-accordion-panel gutena-accordion-block__panel\">\n<div class=\"wp-block-gutena-accordion-panel-title gutena-accordion-block__panel-title\"><div class=\"gutena-accordion-block__panel-title-inner\">\n<h6 class=\"wp-block-heading has-text-align-left\" style=\"margin-top:0px;margin-right:0px;margin-bottom:0px;margin-left:0px\">Ali zagotavljate veleprodajno prodajo?<\/h6>\n<div class=\"trigger-plus-minus\"><div class=\"horizontal\"><\/div><div class=\"vertical\"><\/div><\/div><\/div><\/div>\n\n\n\n<div class=\"wp-block-gutena-accordion-panel-content gutena-accordion-block__panel-content\"><div class=\"gutena-accordion-block__panel-content-inner\">\n<p style=\"margin-top:0;margin-bottom:0\">Da, lahko nas kontaktirate.<br>Tom\u00e1\u0161 Turo\u0148<br>info@bozicnodrevo.si<br>+420 724 708 057 (samo za veleprodajo)<\/p>\n<\/div><\/div>\n<\/div>\n<\/div>\n","protected":false},"excerpt":{"rendered":"<p>Ali va\u0161a po\u0161iljka zamuja? Po\u0161iljke ni ve\u010d pri nas, prosimo, da se obrnete na dostavno podjetje GLS, ki vam bo posredovalo podrobnosti. Hvala.<\/p>\n","protected":false},"author":2,"featured_media":357768,"parent":0,"menu_order":0,"comment_status":"closed","ping_status":"closed","template":"","meta":{"_acf_changed":false,"rank_math_lock_modified_date":false,"footnotes":""},"class_list":["post-357769","page","type-page","status-publish","has-post-thumbnail","hentry"],"acf":[],"_links":{"self":[{"href":"https:\/\/2024.mujstromecek.cz\/sl\/wp-json\/wp\/v2\/pages\/357769","targetHints":{"allow":["GET"]}}],"collection":[{"href":"https:\/\/2024.mujstromecek.cz\/sl\/wp-json\/wp\/v2\/pages"}],"about":[{"href":"https:\/\/2024.mujstromecek.cz\/sl\/wp-json\/wp\/v2\/types\/page"}],"author":[{"embeddable":true,"href":"https:\/\/2024.mujstromecek.cz\/sl\/wp-json\/wp\/v2\/users\/2"}],"replies":[{"embeddable":true,"href":"https:\/\/2024.mujstromecek.cz\/sl\/wp-json\/wp\/v2\/comments?post=357769"}],"version-history":[{"count":2,"href":"https:\/\/2024.mujstromecek.cz\/sl\/wp-json\/wp\/v2\/pages\/357769\/revisions"}],"predecessor-version":[{"id":357774,"href":"https:\/\/2024.mujstromecek.cz\/sl\/wp-json\/wp\/v2\/pages\/357769\/revisions\/357774"}],"wp:featuredmedia":[{"embeddable":true,"href":"https:\/\/2024.mujstromecek.cz\/sl\/wp-json\/wp\/v2\/media\/357768"}],"wp:attachment":[{"href":"https:\/\/2024.mujstromecek.cz\/sl\/wp-json\/wp\/v2\/media?parent=357769"}],"curies":[{"name":"wp","href":"https:\/\/api.w.org\/{rel}","templated":true}]}}