{"id":356324,"date":"2024-07-02T13:53:34","date_gmt":"2024-07-02T13:53:34","guid":{"rendered":"https:\/\/2024.mujstromecek.cz\/caste-dotazy\/"},"modified":"2024-07-05T15:52:38","modified_gmt":"2024-07-05T15:52:38","slug":"caste-otazky","status":"publish","type":"page","link":"https:\/\/2024.mujstromecek.cz\/sk\/caste-otazky\/","title":{"rendered":"\u010cast\u00e9 ot\u00e1zky"},"content":{"rendered":"\n<div class=\"wp-block-gutena-accordion gutena-accordion-block gutena-accordion-block-e5b83d-ee is-layout-flow wp-block-gutena-accordion-is-layout-flow\" data-single=\"false\" data-open=\"0\">\n<div class=\"wp-block-gutena-accordion-panel gutena-accordion-block__panel\">\n<div class=\"wp-block-gutena-accordion-panel-title gutena-accordion-block__panel-title\"><div class=\"gutena-accordion-block__panel-title-inner\">\n<h6 class=\"wp-block-heading has-text-align-left\" style=\"margin-top:0px;margin-right:0px;margin-bottom:0px;margin-left:0px\">Kedy bude strom\u010dek odoslan\u00fd a doru\u010den\u00fd?<\/h6>\n<div class=\"trigger-plus-minus\"><div class=\"horizontal\"><\/div><div class=\"vertical\"><\/div><\/div><\/div><\/div>\n\n\n\n<div class=\"wp-block-gutena-accordion-panel-content gutena-accordion-block__panel-content\"><div class=\"gutena-accordion-block__panel-content-inner\">\n<p>Strom\u010deky\u00a0<strong>odosielame ihne\u010f<\/strong>, \u010das\u0165 strom\u010dekov potom v t\u00fd\u017edni od 1. 9. 2020. Konkr\u00e9tne inform\u00e1ciu n\u00e1jdete na v\u00fdpise alebo v detaile produktov. Pozri ni\u017e\u0161ie:<\/p>\n\n\n\n<p>Inform\u00e1ciu oh\u013eadom exped\u00edcie n\u00e1jdete na v\u00fdpise strom\u010deka alebo v detaile samotn\u00e9ho produktu.<\/p>\n\n\n\n<p>Strom\u010deky s\u00fa \u0161tandardne doru\u010den\u00e9 do 2 pracovn\u00fdch dn\u00ed. Pred odoslan\u00edm strom\u010deka v\u00e1m za\u0161leme informa\u010dn\u00fd email vr\u00e1tane sledovacieho k\u00f3du, pomocou ktor\u00e9ho m\u00f4\u017eete sledova\u0165, kde sa v\u00e1\u0161 strom\u010dek aktu\u00e1lne nach\u00e1dza.<\/p>\n<\/div><\/div>\n<\/div>\n\n\n\n<div class=\"wp-block-gutena-accordion-panel gutena-accordion-block__panel\">\n<div class=\"wp-block-gutena-accordion-panel-title gutena-accordion-block__panel-title\"><div class=\"gutena-accordion-block__panel-title-inner\">\n<h6 class=\"wp-block-heading has-text-align-left\" style=\"margin-top:0px;margin-right:0px;margin-bottom:0px;margin-left:0px\">Ak\u00e1 je v\u00fd\u0161ka a \u0161\u00edrka strom\u010dekov?<\/h6>\n<div class=\"trigger-plus-minus\"><div class=\"horizontal\"><\/div><div class=\"vertical\"><\/div><\/div><\/div><\/div>\n\n\n\n<div class=\"wp-block-gutena-accordion-panel-content gutena-accordion-block__panel-content\"><div class=\"gutena-accordion-block__panel-content-inner\">\n<p style=\"margin-top:0;margin-bottom:0\">Inform\u00e1ciu oh\u013eadom exped\u00edcie n\u00e1jdete v detaile samotn\u00e9ho produktu.<\/p>\n<\/div><\/div>\n<\/div>\n\n\n\n<div class=\"wp-block-gutena-accordion-panel gutena-accordion-block__panel\">\n<div class=\"wp-block-gutena-accordion-panel-title gutena-accordion-block__panel-title\"><div class=\"gutena-accordion-block__panel-title-inner\">\n<h6 class=\"wp-block-heading has-text-align-left\" style=\"margin-top:0px;margin-right:0px;margin-bottom:0px;margin-left:0px\">Je v\u00fd\u0161ka strom\u010deka uveden\u00e1 vr\u00e1tane stojanu?<\/h6>\n<div class=\"trigger-plus-minus\"><div class=\"horizontal\"><\/div><div class=\"vertical\"><\/div><\/div><\/div><\/div>\n\n\n\n<div class=\"wp-block-gutena-accordion-panel-content gutena-accordion-block__panel-content\"><div class=\"gutena-accordion-block__panel-content-inner\">\n<p style=\"margin-top:0;margin-bottom:0\">\u00c1no, v\u0161etky v\u00fd\u0161ky strom\u010dekov s\u00fa uveden\u00e9 vr\u00e1tane stojanu.<\/p>\n<\/div><\/div>\n<\/div>\n\n\n\n<div class=\"wp-block-gutena-accordion-panel gutena-accordion-block__panel\">\n<div class=\"wp-block-gutena-accordion-panel-title gutena-accordion-block__panel-title\"><div class=\"gutena-accordion-block__panel-title-inner\">\n<h6 class=\"wp-block-heading has-text-align-left\" style=\"margin-top:0px;margin-right:0px;margin-bottom:0px;margin-left:0px\">Je stojan s\u00fa\u010das\u0165ou balenia?<\/h6>\n<div class=\"trigger-plus-minus\"><div class=\"horizontal\"><\/div><div class=\"vertical\"><\/div><\/div><\/div><\/div>\n\n\n\n<div class=\"wp-block-gutena-accordion-panel-content gutena-accordion-block__panel-content\"><div class=\"gutena-accordion-block__panel-content-inner\">\n<p>\u00c1no, kvalitn\u00fd&nbsp;<strong>kovov\u00fd stojan&nbsp;<\/strong>na strom\u010dek je s\u00fa\u010das\u0165ou ka\u017ed\u00e9ho balenia.<\/p>\n\n\n\n<p>Pozn .: Niektor\u00e9 v\u00fdpredajov\u00e9 modely m\u00f4\u017eu by\u0165 osaden\u00e9 plastov\u00fdm stojanom, t\u00e1to inform\u00e1cia je uveden\u00e1 v detaile produktu.<\/p>\n<\/div><\/div>\n<\/div>\n\n\n\n<div class=\"wp-block-gutena-accordion-panel gutena-accordion-block__panel\">\n<div class=\"wp-block-gutena-accordion-panel-title gutena-accordion-block__panel-title\"><div class=\"gutena-accordion-block__panel-title-inner\">\n<h6 class=\"wp-block-heading has-text-align-left\" style=\"margin-top:0px;margin-right:0px;margin-bottom:0px;margin-left:0px\">Z ko\u013ek\u00fdch dielov je strom\u010dek zlo\u017een\u00fd?<\/h6>\n<div class=\"trigger-plus-minus\"><div class=\"horizontal\"><\/div><div class=\"vertical\"><\/div><\/div><\/div><\/div>\n\n\n\n<div class=\"wp-block-gutena-accordion-panel-content gutena-accordion-block__panel-content\"><div class=\"gutena-accordion-block__panel-content-inner\">\n<p>Po\u010det dielov z\u00e1le\u017e\u00ed na ve\u013ekosti strom\u010deka:<\/p>\n\n\n\n<ul class=\"wp-block-list\">\n<li>Ve\u013ekos\u0165 120 cm a 150 cm \u2013 zlo\u017een\u00fd z 1 alebo 2 dielov<\/li>\n\n\n\n<li>Ve\u013ekos\u0165 180 cm \u2013 250 cm \u2013 zlo\u017een\u00fd z 2 alebo 3 dielo<\/li>\n<\/ul>\n<\/div><\/div>\n<\/div>\n<\/div>\n\n\n\n<div style=\"height:40px\" aria-hidden=\"true\" class=\"wp-block-spacer\"><\/div>\n\n\n\n<div class=\"wp-block-columns is-layout-flex wp-container-core-columns-is-layout-9d6595d7 wp-block-columns-is-layout-flex\">\n<div class=\"wp-block-column jh-gt-block has-text-color has-background has-link-color wp-elements-c0e98b8ccba81b8607ce7ecf79ca9c6a is-layout-flow wp-block-column-is-layout-flow\" style=\"color:#250000;background-color:#eeeeee\">\n<h2 class=\"wp-block-heading\">Me\u0161k\u00e1 sa va\u0161e z\u00e1sielka?<\/h2>\n\n\n\n<div class=\"wp-block-columns is-layout-flex wp-container-core-columns-is-layout-9d6595d7 wp-block-columns-is-layout-flex\">\n<div class=\"wp-block-column is-layout-flow wp-block-column-is-layout-flow\">\n<p>Z\u00e1sielka u\u017e nie je u n\u00e1s, kontaktujte pros\u00edm dopravcu DPD, ktor\u00fd v\u00e1m ozn\u00e1mi podrobnosti. \u010eakujeme.<\/p>\n\n\n\n<figure class=\"wp-block-image is-resized\"><img decoding=\"async\" src=\"https:\/\/mujstromecek.cz\/wp-content\/uploads\/2020\/06\/DPD_logo_redgrad_rgb_responsive.svg\" alt=\"\" class=\"wp-image-6283\" style=\"width:150px\"><\/figure>\n<\/div>\n\n\n\n<div class=\"wp-block-column is-layout-flow wp-block-column-is-layout-flow\">\n<p><a href=\"https:\/\/www.dpd.com\/tracking\/(lang)\/cs_CZ\" target=\"_blank\" rel=\"noreferrer noopener\">DPD sledov\u00e1n\u00ed z\u00e1silky<\/a><br>e-mail:<a href=\"e-mail:%C2%A0info@dpdsk.sktelef%C3%B3n:%C2%A0+421 18 181\">\u00a0<\/a><a href=\"mailto:info@geisparcel.sk\">info@dpdsk.sk<\/a><br>telef\u00f3n:\u00a0<strong>+421 18 181<\/strong><br>(ka\u017ed\u00fd v\u0161edn\u00ed den od\u00a0<strong>7:00 \u2013 18:00<\/strong>)<\/p>\n<\/div>\n<\/div>\n<\/div>\n<\/div>\n\n\n\n<div style=\"height:10px\" aria-hidden=\"true\" class=\"wp-block-spacer\"><\/div>\n\n\n\n<div class=\"wp-block-gutena-accordion gutena-accordion-block gutena-accordion-block-8cb04a-3e is-layout-flow wp-block-gutena-accordion-is-layout-flow\" data-single=\"false\" data-open=\"none\">\n<div class=\"wp-block-gutena-accordion-panel gutena-accordion-block__panel\">\n<div class=\"wp-block-gutena-accordion-panel-title gutena-accordion-block__panel-title\"><div class=\"gutena-accordion-block__panel-title-inner\">\n<h6 class=\"wp-block-heading has-text-align-left\" style=\"margin-top:0px;margin-right:0px;margin-bottom:0px;margin-left:0px\">Ako dlho zaberie zlo\u017eenie strom\u010deka?<\/h6>\n<div class=\"trigger-plus-minus\"><div class=\"horizontal\"><\/div><div class=\"vertical\"><\/div><\/div><\/div><\/div>\n\n\n\n<div class=\"wp-block-gutena-accordion-panel-content gutena-accordion-block__panel-content\"><div class=\"gutena-accordion-block__panel-content-inner\">\n<p>Zostavenie strom\u010deka je ve\u013emi jednoduch\u00e9 a prvotn\u00e9 zostavenie nezaberie viac ako 2 min\u00faty. N\u00e1sledn\u00e1 \u00faprava vetvi\u010diek a tvarovanie pod\u013ea v\u00e1\u0161ho vkusu zaberie pribli\u017ene 5 \u2013 10 min\u00fat.<\/p>\n<\/div><\/div>\n<\/div>\n\n\n\n<div class=\"wp-block-gutena-accordion-panel gutena-accordion-block__panel\">\n<div class=\"wp-block-gutena-accordion-panel-title gutena-accordion-block__panel-title\"><div class=\"gutena-accordion-block__panel-title-inner\">\n<h6 class=\"wp-block-heading has-text-align-left\" style=\"margin-top:0px;margin-right:0px;margin-bottom:0px;margin-left:0px\">Ako m\u00e1m zlo\u017ei\u0165 strom\u010dek?<\/h6>\n<div class=\"trigger-plus-minus\"><div class=\"horizontal\"><\/div><div class=\"vertical\"><\/div><\/div><\/div><\/div>\n\n\n\n<div class=\"wp-block-gutena-accordion-panel-content gutena-accordion-block__panel-content\"><div class=\"gutena-accordion-block__panel-content-inner\">\n<ol class=\"wp-block-list\">\n<li>Vyba\u013ete strom\u010dek z krabice.<\/li>\n\n\n\n<li>Zostavte stojan.<\/li>\n\n\n\n<li>Zasu\u0148te spodn\u00fa \u010das\u0165 strom\u010deka do stojana a pevne upevnite.<\/li>\n\n\n\n<li>Postupne zostavte strom\u010dek. Doporu\u010dujeme zostavova\u0165 od spodnej \u010dasti a\u017e po \u0161pi\u010dku.<\/li>\n\n\n\n<li>Rozlo\u017ete a vytvarujte vetvi\u010dky do po\u017eadovan\u00e9ho tvaru.<\/li>\n<\/ol>\n<\/div><\/div>\n<\/div>\n\n\n\n<div class=\"wp-block-gutena-accordion-panel gutena-accordion-block__panel\">\n<div class=\"wp-block-gutena-accordion-panel-title gutena-accordion-block__panel-title\"><div class=\"gutena-accordion-block__panel-title-inner\">\n<h6 class=\"wp-block-heading has-text-align-left\" style=\"margin-top:0px;margin-right:0px;margin-bottom:0px;margin-left:0px\">Ak\u00fd je rozdiel medzi jednotliv\u00fdmi typmi ihli\u010dia?<\/h6>\n<div class=\"trigger-plus-minus\"><div class=\"horizontal\"><\/div><div class=\"vertical\"><\/div><\/div><\/div><\/div>\n\n\n\n<div class=\"wp-block-gutena-accordion-panel-content gutena-accordion-block__panel-content\"><div class=\"gutena-accordion-block__panel-content-inner\">\n<p style=\"margin-top:0;margin-bottom:0\">Viac sa dozviete v na\u0161om \u010dl\u00e1nku\u00a0<a href=\"https:\/\/mojstromcek.sk\/rozdiel-medzi-jednotlivymi-typmi-ihlicia\/\" target=\"_blank\" rel=\"noopener\">2D, 3D a 100% 3D ihli\u010die. Ak\u00fd je medzi nimi rozdiel?<\/a><\/p>\n<\/div><\/div>\n<\/div>\n\n\n\n<div class=\"wp-block-gutena-accordion-panel gutena-accordion-block__panel\">\n<div class=\"wp-block-gutena-accordion-panel-title gutena-accordion-block__panel-title\"><div class=\"gutena-accordion-block__panel-title-inner\">\n<h6 class=\"wp-block-heading has-text-align-left\" style=\"margin-top:0px;margin-right:0px;margin-bottom:0px;margin-left:0px\">Ak\u00fdm sp\u00f4sobom budem informovan\u00e1 o stave objedn\u00e1vky?<\/h6>\n<div class=\"trigger-plus-minus\"><div class=\"horizontal\"><\/div><div class=\"vertical\"><\/div><\/div><\/div><\/div>\n\n\n\n<div class=\"wp-block-gutena-accordion-panel-content gutena-accordion-block__panel-content\"><div class=\"gutena-accordion-block__panel-content-inner\">\n<p>O stave objedn\u00e1vky V\u00e1s budeme informova\u0165 pomocou emailu. \u0160tandardne zasielame tri druhy emailov:<\/p>\n\n\n\n<ul class=\"wp-block-list\">\n<li><strong>Prijatie objedn\u00e1vky\u00a0<\/strong>\u2013 email je automaticky zaslan\u00fd v momente odoslania objedn\u00e1vky.<\/li>\n\n\n\n<li><strong>Pripraven\u00e9 na odoslanie<\/strong>\u00a0\u2013 email je na\u0161\u00edm pracovn\u00edkom odoslan\u00fd v momente, kedy je z\u00e1sielka pripraven\u00e1 a \u010dak\u00e1 na odovzdanie prepravnej spolo\u010dnosti.<\/li>\n\n\n\n<li><strong>Odoslanie z\u00e1sielky<\/strong>\u00a0\u2013 email je na\u0161\u00edm pracovn\u00edkom zaslan\u00fd v momente odovzdania z\u00e1sielka s objedn\u00e1vkou prepravnej spolo\u010dnosti.<\/li>\n<\/ul>\n\n\n\n<p>V pr\u00edpade ak\u00fatnych \u010di n\u00e1hlych zmien V\u00e1s budeme telefonicky kontaktova\u0165 na telef\u00f3n zadan\u00fd pri objedn\u00e1vke.<\/p>\n<\/div><\/div>\n<\/div>\n\n\n\n<div class=\"wp-block-gutena-accordion-panel gutena-accordion-block__panel\">\n<div class=\"wp-block-gutena-accordion-panel-title gutena-accordion-block__panel-title\"><div class=\"gutena-accordion-block__panel-title-inner\">\n<h6 class=\"wp-block-heading has-text-align-left\" style=\"margin-top:0px;margin-right:0px;margin-bottom:0px;margin-left:0px\">Je mo\u017en\u00e9 si strom\u010dek k\u00fapi\u0165 a vyzdvihn\u00fa\u0165 osobne?<\/h6>\n<div class=\"trigger-plus-minus\"><div class=\"horizontal\"><\/div><div class=\"vertical\"><\/div><\/div><\/div><\/div>\n\n\n\n<div class=\"wp-block-gutena-accordion-panel-content gutena-accordion-block__panel-content\"><div class=\"gutena-accordion-block__panel-content-inner\">\n<p style=\"margin-top:0;margin-bottom:0\">Zak\u00fapenie je mo\u017en\u00e9 iba prostredn\u00edctvom n\u00e1\u0161ho e-shopu\u00a0<a href=\"https:\/\/mojstromcek.sk\/\" target=\"_blank\" rel=\"noopener\">www.mojstromcek.sk.<\/a>\u00a0Osobn\u00e9 vyzdvihnutie taktie\u017e nie je mo\u017en\u00e9. Dodanie strom\u010deka vykon\u00e1vame iba prostredn\u00edctvom prepravnej spolo\u010dnosti.<\/p>\n<\/div><\/div>\n<\/div>\n\n\n\n<div class=\"wp-block-gutena-accordion-panel gutena-accordion-block__panel\">\n<div class=\"wp-block-gutena-accordion-panel-title gutena-accordion-block__panel-title\"><div class=\"gutena-accordion-block__panel-title-inner\">\n<h6 class=\"wp-block-heading has-text-align-left\" style=\"margin-top:0px;margin-right:0px;margin-bottom:0px;margin-left:0px\">Do kedy je mo\u017en\u00e9 si strom\u010dek objedna\u0165?<\/h6>\n<div class=\"trigger-plus-minus\"><div class=\"horizontal\"><\/div><div class=\"vertical\"><\/div><\/div><\/div><\/div>\n\n\n\n<div class=\"wp-block-gutena-accordion-panel-content gutena-accordion-block__panel-content\"><div class=\"gutena-accordion-block__panel-content-inner\">\n<p style=\"margin-top:0;margin-bottom:0\">Posledn\u00fd de\u0148, kedy je mo\u017en\u00e9 si objedna\u0165 strom\u010dek je 18. 12. 2020. Odpor\u00fa\u010dame v\u0161ak strom\u010dek objedna\u0165 s predstihom, preto\u017ee s bl\u00ed\u017eiacimi sa Vianocami u\u017e nemusia by\u0165 k dispoz\u00edcii v\u0161etky typy a ve\u013ekosti.<\/p>\n<\/div><\/div>\n<\/div>\n\n\n\n<div class=\"wp-block-gutena-accordion-panel gutena-accordion-block__panel\">\n<div class=\"wp-block-gutena-accordion-panel-title gutena-accordion-block__panel-title\"><div class=\"gutena-accordion-block__panel-title-inner\">\n<h6 class=\"wp-block-heading has-text-align-left\" style=\"margin-top:0px;margin-right:0px;margin-bottom:0px;margin-left:0px\">Sp\u013a\u0148aj\u00fa strom\u010deky bezpe\u010dnostn\u00e9 normy?<\/h6>\n<div class=\"trigger-plus-minus\"><div class=\"horizontal\"><\/div><div class=\"vertical\"><\/div><\/div><\/div><\/div>\n\n\n\n<div class=\"wp-block-gutena-accordion-panel-content gutena-accordion-block__panel-content\"><div class=\"gutena-accordion-block__panel-content-inner\">\n<p style=\"margin-top:0;margin-bottom:0\">Na\u0161e umel\u00e9 viano\u010dn\u00e9 strom\u010deky s\u00fa vyroben\u00e9 z najkvalitnej\u0161\u00edch materi\u00e1lov a sp\u013a\u0148aj\u00fa najpr\u00edsnej\u0161ie bezpe\u010dnostn\u00e9 \u0161tandardy E\u00da.<\/p>\n<\/div><\/div>\n<\/div>\n\n\n\n<div class=\"wp-block-gutena-accordion-panel gutena-accordion-block__panel\">\n<div class=\"wp-block-gutena-accordion-panel-title gutena-accordion-block__panel-title\"><div class=\"gutena-accordion-block__panel-title-inner\">\n<h6 class=\"wp-block-heading has-text-align-left\" style=\"margin-top:0px;margin-right:0px;margin-bottom:0px;margin-left:0px\">Je mo\u017en\u00e9 si objedna\u0165 strom\u010dek vy\u0161\u0161\u00ed ako 250 cm?<\/h6>\n<div class=\"trigger-plus-minus\"><div class=\"horizontal\"><\/div><div class=\"vertical\"><\/div><\/div><\/div><\/div>\n\n\n\n<div class=\"wp-block-gutena-accordion-panel-content gutena-accordion-block__panel-content\"><div class=\"gutena-accordion-block__panel-content-inner\">\n<p style=\"margin-top:0;margin-bottom:0\">\u00c1no, sme schopn\u00ed zabezpe\u010di\u0165 aj strom\u010deky vy\u0161\u0161ie ako 250 cm. V\u0161etky tak\u00e9to objedn\u00e1vky bud\u00fa rie\u0161en\u00e9 individu\u00e1lne. Ak teda m\u00e1te z\u00e1ujem o vy\u0161\u0161iu strom\u010dek, tak n\u00e1s pros\u00edm kontaktujte na e-mailu\u00a0<a href=\"mailto:dotazy@mojstromcek.sk\" target=\"_blank\" rel=\"noreferrer noopener\">dotazy@mojstromcek.sk<\/a>.<\/p>\n<\/div><\/div>\n<\/div>\n\n\n\n<div class=\"wp-block-gutena-accordion-panel gutena-accordion-block__panel\">\n<div class=\"wp-block-gutena-accordion-panel-title gutena-accordion-block__panel-title\"><div class=\"gutena-accordion-block__panel-title-inner\">\n<h6 class=\"wp-block-heading has-text-align-left\" style=\"margin-top:0px;margin-right:0px;margin-bottom:0px;margin-left:0px\">Ako postupova\u0165 v pr\u00edpade, kedy chcem upravi\u0165 svoju objedn\u00e1vku?<\/h6>\n<div class=\"trigger-plus-minus\"><div class=\"horizontal\"><\/div><div class=\"vertical\"><\/div><\/div><\/div><\/div>\n\n\n\n<div class=\"wp-block-gutena-accordion-panel-content gutena-accordion-block__panel-content\"><div class=\"gutena-accordion-block__panel-content-inner\">\n<p style=\"margin-top:0;margin-bottom:0\">\u00daprava objedn\u00e1vky je samozrejme mo\u017en\u00e1. V takom pr\u00edpade n\u00e1s pros\u00edm kontaktujte na emailovej adrese\u00a0<a href=\"mailto:info@mojstromcek.sk\">info@mojstromcek.sk<\/a>. Je d\u00f4le\u017eit\u00e9, aby v\u0161etky zmeny objedn\u00e1vky boli zaslan\u00e9 e\u0161te pred odovzdan\u00edm z\u00e1sielky dopravnej spolo\u010dnosti.<\/p>\n<\/div><\/div>\n<\/div>\n\n\n\n<div class=\"wp-block-gutena-accordion-panel gutena-accordion-block__panel\">\n<div class=\"wp-block-gutena-accordion-panel-title gutena-accordion-block__panel-title\"><div class=\"gutena-accordion-block__panel-title-inner\">\n<h6 class=\"wp-block-heading has-text-align-left\" style=\"margin-top:0px;margin-right:0px;margin-bottom:0px;margin-left:0px\">Ste platcovia DPH?<\/h6>\n<div class=\"trigger-plus-minus\"><div class=\"horizontal\"><\/div><div class=\"vertical\"><\/div><\/div><\/div><\/div>\n\n\n\n<div class=\"wp-block-gutena-accordion-panel-content gutena-accordion-block__panel-content\"><div class=\"gutena-accordion-block__panel-content-inner\">\n<p style=\"margin-top:0;margin-bottom:0\">\u00c1no, sme platcami DPH. Pre firemn\u00fdch z\u00e1kazn\u00edkov mo\u017eno vyu\u017ei\u0165 odpo\u010det DPH.<\/p>\n<\/div><\/div>\n<\/div>\n\n\n\n<div class=\"wp-block-gutena-accordion-panel gutena-accordion-block__panel\">\n<div class=\"wp-block-gutena-accordion-panel-title gutena-accordion-block__panel-title\"><div class=\"gutena-accordion-block__panel-title-inner\">\n<h6 class=\"wp-block-heading has-text-align-left\" style=\"margin-top:0px;margin-right:0px;margin-bottom:0px;margin-left:0px\">Poskytujete ve\u013ekoobchodn\u00fd predaj?<\/h6>\n<div class=\"trigger-plus-minus\"><div class=\"horizontal\"><\/div><div class=\"vertical\"><\/div><\/div><\/div><\/div>\n\n\n\n<div class=\"wp-block-gutena-accordion-panel-content gutena-accordion-block__panel-content\"><div class=\"gutena-accordion-block__panel-content-inner\">\n<p>\u00c1no, kontaktujte n\u00e1s, pros\u00edm.<\/p>\n\n\n\n<p>Tom\u00e1\u0161 Turo\u0148<br><a href=\"https:\/\/mojstromcek.sk\/caste-otazky\/velkoobchod@mojstromcek.sk\" target=\"_blank\" rel=\"noopener\">velkoobchod@mojstromcek.sk<br><\/a>+420 724 708 057 (pouze pro velkoobchod)<\/p>\n<\/div><\/div>\n<\/div>\n<\/div>\n","protected":false},"excerpt":{"rendered":"<p>Me\u0161k\u00e1 sa va\u0161e z\u00e1sielka? Z\u00e1sielka u\u017e nie je u n\u00e1s, kontaktujte pros\u00edm dopravcu DPD, ktor\u00fd v\u00e1m ozn\u00e1mi podrobnosti. \u010eakujeme. DPD sledov\u00e1n\u00ed z\u00e1silkye-mail:\u00a0info@dpdsk.sktelef\u00f3n:\u00a0+421 18 181(ka\u017ed\u00fd v\u0161edn\u00ed den od\u00a07:00 \u2013 18:00)<\/p>\n","protected":false},"author":2,"featured_media":356039,"parent":0,"menu_order":0,"comment_status":"closed","ping_status":"closed","template":"","meta":{"_acf_changed":false,"rank_math_lock_modified_date":false,"footnotes":""},"class_list":["post-356324","page","type-page","status-publish","has-post-thumbnail","hentry"],"acf":[],"_links":{"self":[{"href":"https:\/\/2024.mujstromecek.cz\/sk\/wp-json\/wp\/v2\/pages\/356324","targetHints":{"allow":["GET"]}}],"collection":[{"href":"https:\/\/2024.mujstromecek.cz\/sk\/wp-json\/wp\/v2\/pages"}],"about":[{"href":"https:\/\/2024.mujstromecek.cz\/sk\/wp-json\/wp\/v2\/types\/page"}],"author":[{"embeddable":true,"href":"https:\/\/2024.mujstromecek.cz\/sk\/wp-json\/wp\/v2\/users\/2"}],"replies":[{"embeddable":true,"href":"https:\/\/2024.mujstromecek.cz\/sk\/wp-json\/wp\/v2\/comments?post=356324"}],"version-history":[{"count":0,"href":"https:\/\/2024.mujstromecek.cz\/sk\/wp-json\/wp\/v2\/pages\/356324\/revisions"}],"wp:featuredmedia":[{"embeddable":true,"href":"https:\/\/2024.mujstromecek.cz\/sk\/wp-json\/wp\/v2\/media\/356039"}],"wp:attachment":[{"href":"https:\/\/2024.mujstromecek.cz\/sk\/wp-json\/wp\/v2\/media?parent=356324"}],"curies":[{"name":"wp","href":"https:\/\/api.w.org\/{rel}","templated":true}]}}