{"id":356310,"date":"2024-07-02T13:45:40","date_gmt":"2024-07-02T13:45:40","guid":{"rendered":"https:\/\/2024.mujstromecek.cz\/vyhody-nakupu-u-nas\/"},"modified":"2024-07-05T15:18:59","modified_gmt":"2024-07-05T15:18:59","slug":"vyhody-nakupu-u-nas","status":"publish","type":"page","link":"https:\/\/2024.mujstromecek.cz\/sk\/vyhody-nakupu-u-nas\/","title":{"rendered":"V\u00fdhody n\u00e1kupu u n\u00e1s"},"content":{"rendered":"\n<div class=\"wp-block-columns is-layout-flex wp-container-core-columns-is-layout-9d6595d7 wp-block-columns-is-layout-flex\">\n<div class=\"wp-block-column is-layout-flow wp-block-column-is-layout-flow\">\n<div class=\"wp-block-media-text is-stacked-on-mobile is-vertically-aligned-top\" style=\"grid-template-columns:15% auto\"><figure class=\"wp-block-media-text__media\"><img decoding=\"async\" src=\"https:\/\/2024.mujstromecek.cz\/wp-content\/uploads\/2024\/06\/delivery.svg\" alt=\"\" class=\"wp-image-355118 size-full\"><\/figure><div class=\"wp-block-media-text__content\">\n<h3 class=\"wp-block-heading\">Doprava zadarmo<\/h3>\n\n\n\n<p>Pri v\u0161etk\u00fdch na\u0161ich strom\u010dekov je doprava po celej \u010ceskej republike a\u017e k V\u00e1m domov zadarmo, tzn. \u017ee plat\u00edte iba cenu strom\u010deka a \u017eiadne \u010fal\u0161ie poplatky nebud\u00fa \u00fa\u010dtovan\u00e9. V\u010faka tomu z\u00edskate\u00a0<strong>jednoduch\u00fd sp\u00f4sob<\/strong>, ako si necha\u0165 doru\u010di\u0165 strom\u010dek pohodlne a\u00a0<strong>bez n\u00e1mahy a\u017e k V\u00e1m domov<\/strong>, a to\u00a0<strong>v\u0161etko \u00faplne ZADARMO<\/strong>!<\/p>\n<\/div><\/div>\n<\/div>\n\n\n\n<div class=\"wp-block-column is-layout-flow wp-block-column-is-layout-flow\">\n<div class=\"wp-block-media-text is-stacked-on-mobile is-vertically-aligned-top\" style=\"grid-template-columns:15% auto\"><figure class=\"wp-block-media-text__media\"><img decoding=\"async\" src=\"https:\/\/2024.mujstromecek.cz\/wp-content\/uploads\/2024\/06\/guarantee.svg\" alt=\"\" class=\"wp-image-355111 size-full\"><\/figure><div class=\"wp-block-media-text__content\">\n<h3 class=\"wp-block-heading\">Garancia doru\u010denie do vianoc!<\/h3>\n\n\n\n<p><strong><strong>Ak si objedn\u00e1te do 17.12.2020, tak V\u00e1m garantujeme, \u017ee strom\u010dek V\u00e1m do Vianoc doraz\u00ed!<\/strong><\/strong><\/p>\n<\/div><\/div>\n<\/div>\n<\/div>\n\n\n\n<div class=\"wp-block-columns is-layout-flex wp-container-core-columns-is-layout-9d6595d7 wp-block-columns-is-layout-flex\">\n<div class=\"wp-block-column is-layout-flow wp-block-column-is-layout-flow\">\n<div class=\"wp-block-media-text is-stacked-on-mobile is-vertically-aligned-top\" style=\"grid-template-columns:15% auto\"><figure class=\"wp-block-media-text__media\"><img decoding=\"async\" src=\"https:\/\/2024.mujstromecek.cz\/wp-content\/uploads\/2024\/06\/guarantee-1.svg\" alt=\"\" class=\"wp-image-355113 size-full\"><\/figure><div class=\"wp-block-media-text__content\">\n<h3 class=\"wp-block-heading\">Garancia kvality<\/h3>\n\n\n\n<p>Pri v\u00fdrobe umel\u00fdch viano\u010dn\u00fdch strom\u010dekov vyu\u017e\u00edvame len\u00a0<strong>najkvalitnej\u0161ie materi\u00e1ly,<\/strong>\u00a0ktor\u00e9 zaru\u010duj\u00fa\u00a0<strong>dokonal\u00fd vzh\u013ead<\/strong>\u00a0po dlh\u00e9 roky. Ak by nie\u010do nebolo v poriadku, tak\u00a0<strong>bezplatne doru\u010d\u00edme<\/strong>\u00a0ch\u00fdbaj\u00face \u010dasti alebo\u00a0<strong>zariadime vyzdvihnutie a v\u00fdmenu<\/strong>\u00a0po\u0161koden\u00e9ho strom\u010deka.\u00a0<strong>Nemus\u00edte ma\u0165 obavy<\/strong>\u00a0\u2013 ak\u00fdko\u013evek probl\u00e9m vyrie\u0161ime r\u00fdchlo,\u00a0<strong>bez zbyto\u010dn\u00fdch starost\u00ed\u00a0<\/strong>a dodato\u010dn\u00fdch n\u00e1kladov!<\/p>\n<\/div><\/div>\n<\/div>\n\n\n\n<div class=\"wp-block-column is-layout-flow wp-block-column-is-layout-flow\">\n<div class=\"wp-block-media-text is-stacked-on-mobile is-vertically-aligned-top\" style=\"grid-template-columns:15% auto\"><figure class=\"wp-block-media-text__media\"><img decoding=\"async\" src=\"https:\/\/2024.mujstromecek.cz\/wp-content\/uploads\/2024\/06\/add-group.svg\" alt=\"\" class=\"wp-image-355120 size-full\"><\/figure><div class=\"wp-block-media-text__content\">\n<h3 class=\"wp-block-heading\">Overen\u00e9 klientmi<\/h3>\n\n\n\n<p><strong>100 000+\u00a0<\/strong>na\u0161ich spokojn\u00fdch z\u00e1kazn\u00edkov je d\u00f4kazom, \u017ee s\u00fa na\u0161e strom\u010deky kvalitn\u00e9. Ako n\u00e1s hodnotia na\u0161i z\u00e1kazn\u00edci, sa m\u00f4\u017eete pozrie\u0165 na na\u0161om<strong>\u00a0<a href=\"https:\/\/www.facebook.com\/mujstromecek\" target=\"_blank\" rel=\"noreferrer noopener\">Facebooku<\/a>\u00a0<\/strong>alebo<strong>\u00a0<a href=\"https:\/\/obchody.heureka.cz\/mujstromecek-cz\/recenze\/\" target=\"_blank\" rel=\"noreferrer noopener\">Heur\u00e9ce<\/a>.<\/strong><\/p>\n<\/div><\/div>\n<\/div>\n<\/div>\n\n\n\n<div class=\"wp-block-columns is-layout-flex wp-container-core-columns-is-layout-9d6595d7 wp-block-columns-is-layout-flex\">\n<div class=\"wp-block-column is-layout-flow wp-block-column-is-layout-flow\">\n<div class=\"wp-block-media-text is-stacked-on-mobile is-vertically-aligned-top\" style=\"grid-template-columns:15% auto\"><figure class=\"wp-block-media-text__media\"><img decoding=\"async\" src=\"https:\/\/2024.mujstromecek.cz\/wp-content\/uploads\/2024\/06\/chat.svg\" alt=\"\" class=\"wp-image-355142 size-full\"><\/figure><div class=\"wp-block-media-text__content\">\n<h3 class=\"wp-block-heading\">Z\u00e1kazn\u00edck\u00fd servis<\/h3>\n\n\n\n<p>Na\u0161\u00edm z\u00e1kazn\u00edkom pon\u00fakame \u0161irok\u00fa ponuku sprievodn\u00fdch slu\u017eieb, v\u010faka ktor\u00fdm je n\u00e1kup ve\u013emi r\u00fdchly a jednoduch\u00fd. Na\u0161i pracovn\u00edci V\u00e1m radi zodpovedaj\u00fa v\u0161etky Va\u0161e ot\u00e1zky a alebo pom\u00f4\u017eu vykona\u0165 objedn\u00e1vku. Sme V\u00e1m neust\u00e1le k dispoz\u00edcii na\u00a0<strong>chate<\/strong>\u00a0(vpravo dole na tejto str\u00e1nke) alebo\u00a0<strong>e-mailu<\/strong>\u00a0(<a href=\"mailto:dotazy@mojstromcek.sk\" target=\"_blank\" rel=\"noreferrer noopener\">dotazy@mojstromcek.sk<\/a>), pr\u00edpadne na\u00a0<strong>telef\u00f3nnom \u010d\u00edsle<\/strong>\u00a0+420 777 470 538 (PO-P\u00c1 9-17).<\/p>\n<\/div><\/div>\n<\/div>\n\n\n\n<div class=\"wp-block-column is-layout-flow wp-block-column-is-layout-flow\"><\/div>\n<\/div>\n","protected":false},"excerpt":{"rendered":"<p>Doprava zadarmo Pri v\u0161etk\u00fdch na\u0161ich strom\u010dekov je doprava po celej \u010ceskej republike a\u017e k V\u00e1m domov zadarmo, tzn. \u017ee plat\u00edte iba cenu strom\u010deka a \u017eiadne \u010fal\u0161ie poplatky nebud\u00fa \u00fa\u010dtovan\u00e9. V\u010faka tomu z\u00edskate\u00a0jednoduch\u00fd sp\u00f4sob, ako si necha\u0165 doru\u010di\u0165 strom\u010dek pohodlne a\u00a0bez n\u00e1mahy a\u017e k V\u00e1m domov, a to\u00a0v\u0161etko \u00faplne ZADARMO! Garancia doru\u010denie do vianoc! Ak si [&hellip;]<\/p>\n","protected":false},"author":2,"featured_media":356025,"parent":0,"menu_order":0,"comment_status":"closed","ping_status":"closed","template":"","meta":{"_acf_changed":false,"rank_math_lock_modified_date":false,"footnotes":""},"class_list":["post-356310","page","type-page","status-publish","has-post-thumbnail","hentry"],"acf":[],"_links":{"self":[{"href":"https:\/\/2024.mujstromecek.cz\/sk\/wp-json\/wp\/v2\/pages\/356310","targetHints":{"allow":["GET"]}}],"collection":[{"href":"https:\/\/2024.mujstromecek.cz\/sk\/wp-json\/wp\/v2\/pages"}],"about":[{"href":"https:\/\/2024.mujstromecek.cz\/sk\/wp-json\/wp\/v2\/types\/page"}],"author":[{"embeddable":true,"href":"https:\/\/2024.mujstromecek.cz\/sk\/wp-json\/wp\/v2\/users\/2"}],"replies":[{"embeddable":true,"href":"https:\/\/2024.mujstromecek.cz\/sk\/wp-json\/wp\/v2\/comments?post=356310"}],"version-history":[{"count":0,"href":"https:\/\/2024.mujstromecek.cz\/sk\/wp-json\/wp\/v2\/pages\/356310\/revisions"}],"wp:featuredmedia":[{"embeddable":true,"href":"https:\/\/2024.mujstromecek.cz\/sk\/wp-json\/wp\/v2\/media\/356025"}],"wp:attachment":[{"href":"https:\/\/2024.mujstromecek.cz\/sk\/wp-json\/wp\/v2\/media?parent=356310"}],"curies":[{"name":"wp","href":"https:\/\/api.w.org\/{rel}","templated":true}]}}