{"id":356295,"date":"2024-07-02T15:47:42","date_gmt":"2024-07-02T15:47:42","guid":{"rendered":"https:\/\/2024.mujstromecek.cz\/kontakty\/"},"modified":"2024-07-05T14:51:42","modified_gmt":"2024-07-05T14:51:42","slug":"kontakty","status":"publish","type":"page","link":"https:\/\/2024.mujstromecek.cz\/sk\/kontakty\/","title":{"rendered":"Kontakty"},"content":{"rendered":"\n<div class=\"wp-block-group\"><div class=\"wp-block-group__inner-container is-layout-flow wp-block-group-is-layout-flow\">\n<div class=\"wp-block-group\"><div class=\"wp-block-group__inner-container is-layout-flow wp-block-group-is-layout-flow\">\n<div class=\"wp-block-columns is-layout-flex wp-container-core-columns-is-layout-9d6595d7 wp-block-columns-is-layout-flex\">\n<div class=\"wp-block-column jh-gt-block has-background is-layout-flow wp-block-column-is-layout-flow\" style=\"background-color:#eeeeee\">\n<h2 class=\"wp-block-heading\">Z\u00e1kaznicky servis<\/h2>\n\n\n\n<p style=\"font-style:normal;font-weight:500\">Na\u0161\u00edm z\u00e1kazn\u00edkom pon\u00fakame\u00a0<strong>\u0161irok\u00fa ponuku<\/strong>\u00a0sprievodn\u00fdch slu\u017eieb, v\u010faka ktor\u00fdm je n\u00e1kup\u00a0<strong>ve\u013emi r\u00fdchly a jednoduch\u00fd.<\/strong><\/p>\n\n\n\n<div style=\"height:20px\" aria-hidden=\"true\" class=\"wp-block-spacer\"><\/div>\n\n\n\n<h4 class=\"wp-block-heading\">M\u00e1te ot\u00e1zku? Po\u010fme na \u0148u n\u00e1js\u0165 odpove\u010f<\/h4>\n\n\n\n<ul class=\"wp-block-list\">\n<li>PRE\u010c\u00cdTAJTE SI\u00a0<a href=\"https:\/\/mojstromcek.sk\/caste-otazky\/\" target=\"_blank\" rel=\"noopener\">\u010cAST\u00c9 OT\u00c1ZKY<\/a>\u00a0NA\u0160ICH Z\u00c1KAZN\u00cdKOV<\/li>\n<\/ul>\n\n\n\n<div style=\"height:20px\" aria-hidden=\"true\" class=\"wp-block-spacer\"><\/div>\n\n\n\n<h4 class=\"wp-block-heading\">Nena\u0161li ste odpove\u010f?<\/h4>\n\n\n\n<p>Komunikova\u0165 s nami m\u00f4\u017eete nepretr\u017eite prostredn\u00edctvom:<\/p>\n\n\n\n<ul class=\"wp-block-list\">\n<li><strong>e-mailu:<\/strong>\u00a0<a href=\"mailto:dotazy@mojstromcek.sk\" target=\"_blank\" rel=\"noreferrer noopener\">dotazy@mojstromcek.sk<\/a><\/li>\n\n\n\n<li><strong>chatu<\/strong>: vpravo dole<\/li>\n\n\n\n<li><strong>telef\u00f3nneho \u010d\u00edsla:<\/strong>\u00a0+420 777 470 538 (PO-PIA 9-17)<\/li>\n<\/ul>\n\n\n\n<p style=\"font-style:normal;font-weight:500\">Na\u0161i pracovn\u00edci V\u00e1m radi zodpovedaj\u00fa v\u0161etky Va\u0161e ot\u00e1zky alebo pom\u00f4\u017eu vykona\u0165 objedn\u00e1vku.<\/p>\n<\/div>\n<\/div>\n<\/div><\/div>\n\n\n\n<div style=\"height:40px\" aria-hidden=\"true\" class=\"wp-block-spacer\"><\/div>\n\n\n\n<div class=\"wp-block-columns is-layout-flex wp-container-core-columns-is-layout-9d6595d7 wp-block-columns-is-layout-flex\">\n<div class=\"wp-block-column is-layout-flow wp-block-column-is-layout-flow\" style=\"flex-basis:33.33%\">\n<h2 class=\"wp-block-heading\">Faktura\u010dn\u00e9 \u00fadaje<\/h2>\n\n\n\n<p style=\"font-style:normal;font-weight:500\">All4Customer, s.r.o.<br>I\u010c: 01824651<br>DI\u010c: CZ01824651<br>Hladnovsk\u00e1 1255\/23<br>710 00, Ostrava<\/p>\n<\/div>\n\n\n\n<div class=\"wp-block-column is-layout-flow wp-block-column-is-layout-flow\" style=\"flex-basis:66.66%\">\n<iframe src=\"https:\/\/www.google.com\/maps\/embed?pb=!1m14!1m8!1m3!1d329326.0325305334!2d18.30526!3d49.845095!3m2!1i1024!2i768!4f13.1!3m3!1m2!1s0x4713e32a7ac60fa9%3A0xea9642a6fb882b28!2sHladnovsk%C3%A1%201255%2F23%2C%20710%2000%20Slezsk%C3%A1%20Ostrava%2C%20Czechia!5e0!3m2!1sen!2sus!4v1593526756270!5m2!1sen!2sus\" width=\"600\" height=\"450\" border-radius=\"20\" frameborder=\"0\" style=\"border:0;\" allowfullscreen=\"\" aria-hidden=\"false\" tabindex=\"0\"><\/iframe>\n<\/div>\n<\/div>\n<\/div><\/div>\n","protected":false},"excerpt":{"rendered":"<p>Z\u00e1kaznicky servis Na\u0161\u00edm z\u00e1kazn\u00edkom pon\u00fakame\u00a0\u0161irok\u00fa ponuku\u00a0sprievodn\u00fdch slu\u017eieb, v\u010faka ktor\u00fdm je n\u00e1kup\u00a0ve\u013emi r\u00fdchly a jednoduch\u00fd. M\u00e1te ot\u00e1zku? Po\u010fme na \u0148u n\u00e1js\u0165 odpove\u010f Nena\u0161li ste odpove\u010f? Komunikova\u0165 s nami m\u00f4\u017eete nepretr\u017eite prostredn\u00edctvom: Na\u0161i pracovn\u00edci V\u00e1m radi zodpovedaj\u00fa v\u0161etky Va\u0161e ot\u00e1zky alebo pom\u00f4\u017eu vykona\u0165 objedn\u00e1vku. Faktura\u010dn\u00e9 \u00fadaje All4Customer, s.r.o.I\u010c: 01824651DI\u010c: CZ01824651Hladnovsk\u00e1 1255\/23710 00, Ostrava<\/p>\n","protected":false},"author":2,"featured_media":0,"parent":0,"menu_order":0,"comment_status":"closed","ping_status":"closed","template":"","meta":{"_acf_changed":false,"rank_math_lock_modified_date":false,"footnotes":""},"class_list":["post-356295","page","type-page","status-publish","hentry"],"acf":[],"_links":{"self":[{"href":"https:\/\/2024.mujstromecek.cz\/sk\/wp-json\/wp\/v2\/pages\/356295","targetHints":{"allow":["GET"]}}],"collection":[{"href":"https:\/\/2024.mujstromecek.cz\/sk\/wp-json\/wp\/v2\/pages"}],"about":[{"href":"https:\/\/2024.mujstromecek.cz\/sk\/wp-json\/wp\/v2\/types\/page"}],"author":[{"embeddable":true,"href":"https:\/\/2024.mujstromecek.cz\/sk\/wp-json\/wp\/v2\/users\/2"}],"replies":[{"embeddable":true,"href":"https:\/\/2024.mujstromecek.cz\/sk\/wp-json\/wp\/v2\/comments?post=356295"}],"version-history":[{"count":0,"href":"https:\/\/2024.mujstromecek.cz\/sk\/wp-json\/wp\/v2\/pages\/356295\/revisions"}],"wp:attachment":[{"href":"https:\/\/2024.mujstromecek.cz\/sk\/wp-json\/wp\/v2\/media?parent=356295"}],"curies":[{"name":"wp","href":"https:\/\/api.w.org\/{rel}","templated":true}]}}