{"id":356292,"date":"2024-07-02T16:07:53","date_gmt":"2024-07-02T16:07:53","guid":{"rendered":"https:\/\/2024.mujstromecek.cz\/doprava-a-platba\/"},"modified":"2024-07-05T14:48:06","modified_gmt":"2024-07-05T14:48:06","slug":"doprava-a-platba","status":"publish","type":"page","link":"https:\/\/2024.mujstromecek.cz\/sk\/doprava-a-platba\/","title":{"rendered":"Doprava a platba"},"content":{"rendered":"\n<div class=\"wp-block-columns is-layout-flex wp-container-core-columns-is-layout-9d6595d7 wp-block-columns-is-layout-flex\">\n<div class=\"wp-block-column is-layout-flow wp-block-column-is-layout-flow\">\n<div class=\"wp-block-media-text is-stacked-on-mobile is-vertically-aligned-top\" style=\"grid-template-columns:15% auto\"><figure class=\"wp-block-media-text__media\"><img decoding=\"async\" src=\"https:\/\/2024.mujstromecek.cz\/wp-content\/uploads\/2024\/06\/delivery.svg\" alt=\"\" class=\"wp-image-355118 size-full\"><\/figure><div class=\"wp-block-media-text__content\">\n<h3 class=\"wp-block-heading\">SP\u00d4SOBY DOPRAVY<\/h3>\n\n\n\n<p>K doru\u010denie tovaru k z\u00e1kazn\u00edkovi vyu\u017e\u00edvame prepravn\u00fa spolo\u010dnos\u0165\u00a0<strong>DPD<\/strong>.<\/p>\n\n\n\n<ul class=\"wp-block-list\">\n<li><strong>V R\u00c1MCI\u00a0<strong>SLOVENSKEJ REPUBLIKY JE DOPRAVA ZADARMO!<\/strong><\/strong><\/li>\n\n\n\n<li><strong>Doba dodania:\u00a0<strong>do 5 pracovn\u00fdch dn\u00ed<\/strong><\/strong><\/li>\n\n\n\n<li>O presnom d\u00e1tume dodania V\u00e1s budeme informova\u0165.<\/li>\n\n\n\n<li>Pokia\u013e m\u00e1te z\u00e1ujem doru\u010denie strom\u010deka do in\u00e9ho \u0161t\u00e1tu E\u00da, tak n\u00e1s pros\u00edm kontaktujte na emailovej adrese dotazy@mojstromcek.sk<\/li>\n<\/ul>\n<\/div><\/div>\n<\/div>\n\n\n\n<div class=\"wp-block-column is-layout-flow wp-block-column-is-layout-flow\">\n<div class=\"wp-block-media-text is-stacked-on-mobile is-vertically-aligned-top\" style=\"grid-template-columns:15% auto\"><figure class=\"wp-block-media-text__media\"><img decoding=\"async\" src=\"https:\/\/2024.mujstromecek.cz\/wp-content\/uploads\/2024\/06\/credit-card-1.svg\" alt=\"\" class=\"wp-image-355157 size-full\"><\/figure><div class=\"wp-block-media-text__content\">\n<h3 class=\"wp-block-heading\">SP\u00d4SOBY PLATBY<\/h3>\n\n\n\n<p>Cenu tovaru a n\u00e1klady spojen\u00e9 s dodan\u00edm tovaru m\u00f4\u017ee kupuj\u00faci uhradi\u0165 nasledovn\u00fdmi sp\u00f4sobmi:<\/p>\n\n\n\n<ul class=\"wp-block-list\">\n<li><strong>Na dobierku<\/strong>\u00a0\u2013 platba v hotovosti vodi\u010dovi prepravnej spolo\u010dnosti v mieste ur\u010denom kupuj\u00facim v objedn\u00e1vke<\/li>\n\n\n\n<li><strong>Platobn\u00e1 karta<\/strong>\u00a0\u2013 online prostredn\u00edctvom GoPay<\/li>\n\n\n\n<li><strong>Paypal<\/strong>\u00a0\u2013 platba platebn\u00ed kartou nebo PayPal \u00fa\u010dtem<\/li>\n<\/ul>\n<\/div><\/div>\n<\/div>\n<\/div>\n","protected":false},"excerpt":{"rendered":"<p>SP\u00d4SOBY DOPRAVY K doru\u010denie tovaru k z\u00e1kazn\u00edkovi vyu\u017e\u00edvame prepravn\u00fa spolo\u010dnos\u0165\u00a0DPD. SP\u00d4SOBY PLATBY Cenu tovaru a n\u00e1klady spojen\u00e9 s dodan\u00edm tovaru m\u00f4\u017ee kupuj\u00faci uhradi\u0165 nasledovn\u00fdmi sp\u00f4sobmi:<\/p>\n","protected":false},"author":2,"featured_media":356109,"parent":0,"menu_order":0,"comment_status":"closed","ping_status":"closed","template":"","meta":{"_acf_changed":false,"rank_math_lock_modified_date":false,"footnotes":""},"class_list":["post-356292","page","type-page","status-publish","has-post-thumbnail","hentry"],"acf":[],"_links":{"self":[{"href":"https:\/\/2024.mujstromecek.cz\/sk\/wp-json\/wp\/v2\/pages\/356292","targetHints":{"allow":["GET"]}}],"collection":[{"href":"https:\/\/2024.mujstromecek.cz\/sk\/wp-json\/wp\/v2\/pages"}],"about":[{"href":"https:\/\/2024.mujstromecek.cz\/sk\/wp-json\/wp\/v2\/types\/page"}],"author":[{"embeddable":true,"href":"https:\/\/2024.mujstromecek.cz\/sk\/wp-json\/wp\/v2\/users\/2"}],"replies":[{"embeddable":true,"href":"https:\/\/2024.mujstromecek.cz\/sk\/wp-json\/wp\/v2\/comments?post=356292"}],"version-history":[{"count":0,"href":"https:\/\/2024.mujstromecek.cz\/sk\/wp-json\/wp\/v2\/pages\/356292\/revisions"}],"wp:featuredmedia":[{"embeddable":true,"href":"https:\/\/2024.mujstromecek.cz\/sk\/wp-json\/wp\/v2\/media\/356109"}],"wp:attachment":[{"href":"https:\/\/2024.mujstromecek.cz\/sk\/wp-json\/wp\/v2\/media?parent=356292"}],"curies":[{"name":"wp","href":"https:\/\/api.w.org\/{rel}","templated":true}]}}