{"id":356165,"date":"2024-07-02T15:42:10","date_gmt":"2024-07-02T15:42:10","guid":{"rendered":"https:\/\/2024.mujstromecek.cz\/sledovani-zasilky\/"},"modified":"2024-07-05T14:58:14","modified_gmt":"2024-07-05T14:58:14","slug":"sledovanie-zasielky","status":"publish","type":"page","link":"https:\/\/2024.mujstromecek.cz\/sk\/sledovanie-zasielky\/","title":{"rendered":"Sledovanie z\u00e1sielky"},"content":{"rendered":"\n<h2 class=\"wp-block-heading\">Svou z\u00e1silku m\u016f\u017eete sledovat zde: <strong><a href=\"https:\/\/www.dpd.com\/sk\/sk\/cakam-balik\/sledovanie-balikov\/\" target=\"_blank\" rel=\"noreferrer noopener\"><u>DPD Sledovanie z\u00e1sielky<\/u><\/a><\/strong><\/h2>\n\n\n\n<p><strong>KONTAKT:<br><\/strong>e-mail: <a href=\"mailto:dpd@dpd.sk\">dpd@dpd.sk<\/a> *<br>* v pracovn\u00e9 dni 8:00 \u2013 17:00, na va\u0161u e-mailov\u00fa po\u017eiadavku odpovieme spravidla do 2 hod\u00edn.<\/p>\n\n\n\n<div style=\"height:100px\" aria-hidden=\"true\" class=\"wp-block-spacer\"><\/div>\n","protected":false},"excerpt":{"rendered":"<p>Svou z\u00e1silku m\u016f\u017eete sledovat zde: DPD Sledovanie z\u00e1sielky KONTAKT:e-mail: dpd@dpd.sk ** v pracovn\u00e9 dni 8:00 \u2013 17:00, na va\u0161u e-mailov\u00fa po\u017eiadavku odpovieme spravidla do 2 hod\u00edn.<\/p>\n","protected":false},"author":2,"featured_media":356083,"parent":0,"menu_order":0,"comment_status":"closed","ping_status":"closed","template":"","meta":{"_acf_changed":false,"rank_math_lock_modified_date":false,"footnotes":""},"class_list":["post-356165","page","type-page","status-publish","has-post-thumbnail","hentry"],"acf":[],"_links":{"self":[{"href":"https:\/\/2024.mujstromecek.cz\/sk\/wp-json\/wp\/v2\/pages\/356165","targetHints":{"allow":["GET"]}}],"collection":[{"href":"https:\/\/2024.mujstromecek.cz\/sk\/wp-json\/wp\/v2\/pages"}],"about":[{"href":"https:\/\/2024.mujstromecek.cz\/sk\/wp-json\/wp\/v2\/types\/page"}],"author":[{"embeddable":true,"href":"https:\/\/2024.mujstromecek.cz\/sk\/wp-json\/wp\/v2\/users\/2"}],"replies":[{"embeddable":true,"href":"https:\/\/2024.mujstromecek.cz\/sk\/wp-json\/wp\/v2\/comments?post=356165"}],"version-history":[{"count":0,"href":"https:\/\/2024.mujstromecek.cz\/sk\/wp-json\/wp\/v2\/pages\/356165\/revisions"}],"wp:featuredmedia":[{"embeddable":true,"href":"https:\/\/2024.mujstromecek.cz\/sk\/wp-json\/wp\/v2\/media\/356083"}],"wp:attachment":[{"href":"https:\/\/2024.mujstromecek.cz\/sk\/wp-json\/wp\/v2\/media?parent=356165"}],"curies":[{"name":"wp","href":"https:\/\/api.w.org\/{rel}","templated":true}]}}