{"id":357452,"date":"2024-07-02T16:15:02","date_gmt":"2024-07-02T16:15:02","guid":{"rendered":"https:\/\/2024.mujstromecek.cz\/gdpr-souhlas-se-zpracovani-osobnich-udaju\/"},"modified":"2024-07-29T13:24:29","modified_gmt":"2024-07-29T13:24:29","slug":"protectia-datelor-personale","status":"publish","type":"page","link":"https:\/\/2024.mujstromecek.cz\/ro\/protectia-datelor-personale\/","title":{"rendered":"Protec\u021bia datelor personale"},"content":{"rendered":"\n<h3 class=\"wp-block-heading\">Informa\u021bii pentru clien\u021bi despre prelucrarea datelor cu caracter personal<\/h3>\n\n\n\n<p>Ne bucur\u0103m \u0219i apreciem c\u0103 a\u021bi devenit clien\u021bii no\u0219tri. Cu toate acestea, procesul de achizi\u021bionare de produse online este mai complex dec\u00e2t ar putea s\u0103 par\u0103 la prima vedere \u0219i exist\u0103 mai mul\u021bi pa\u0219i pe care trebuie s\u0103 \u00eei parcurgem, pe l\u00e2ng\u0103 livrarea \u00een siguran\u021b\u0103 a coletului la adresa dumneavoastr\u0103. Mai exact, toate documentele \u0219i procesarea datelor solicitate de c\u0103tre autorit\u0103\u021bilor de stat, pe care noi, echipa<\/p>\n\n\n\n<p><strong>All4Customer s.r.o.<\/strong>, cu baza \u00een: Ostrava, Hladnovsk\u00e1 1255\/23, 71000, CRN: 01824651, e-mail: info@bradulmosului.ro, Tel: +420 731 855 677, (denumit\u0103 \u00een continuare \u201cCompanie\u201d sau \u201cNoi\u201d), le consider\u0103m foarte serioase.<\/p>\n\n\n\n<h4 class=\"wp-block-heading\">1. SCOPUL PRELUCR\u0102RII \u0218I TEMEIUL JURIDICG<\/h4>\n\n\n\n<p>Datele dvs. personale vor fi procesate strict \u00een urm\u0103toarele scopuri:<\/p>\n\n\n\n<ul class=\"wp-block-list\">\n<li>Finalizarea comenzii dvs.;<\/li>\n\n\n\n<li>Asigurarea livr\u0103rii de produse;\/li><\/li>\n\n\n\n<li>Asigurarea \u00eendeplinirii tuturor drepturilor derivate dintr-o prestare defectuoas\u0103 sau legate de rambursare, \u00een caz de prejudiciu.<\/li>\n<\/ul>\n\n\n\n<p>Baza juridic\u0103 pentru prelucrarea datelor cu caracter personal const\u0103 \u00een termenii contractuali stabili\u021bi \u00eentre compania noastr\u0103 \u0219i dvs., dar \u0219i din toate cerin\u021bele, drepturile \u0219i obliga\u021biile legale care rezult\u0103 din Legea privind protec\u021bia consumatorilor \u0219i Codul civil al Republicii Cehe.<\/p>\n\n\n\n<h4 class=\"wp-block-heading\">2. CATEGORII DE DATE PERSONALE NECESARE<\/h4>\n\n\n\n<p>\u00cen scopul livr\u0103rii cu succes a comenzii dumneavoastr\u0103 \u0219i \u00een scopul \u00eendeplinirii tuturor drepturilor \u0219i obliga\u021biilor aferente condi\u021biilor contractului, vom procesa numele dvs. complet \u0219i \/ sau numele companiei, num\u0103rul de telefon \u0219i adresa de e-mail; \u00een ceea ce prive\u0219te adresa de livrare furnizat\u0103 de dvs., vom procesa numele str\u0103zii \u0219i num\u0103rul, ora\u0219ul \u0219i codul ZIP, iar \u00een leg\u0103tur\u0103 cu adresa de pe factur\u0103 vom procesa numele companiei, numele \u0219i num\u0103rul str\u0103zii, ora\u0219ul \u0219i codul po\u0219tal, num\u0103rul de \u00eenregistrare al companiei dumneavoastr\u0103.<\/p>\n\n\n\n<h4 class=\"wp-block-heading\">3. RECIPIEN\u021aI AI DATELOR CU CARACTER PERSONAL \u0218I P\u0102R\u021aILE TER\u021aE<\/h4>\n\n\n\n<p>Datele dvs. personale nu vor fi \u00eemp\u0103rt\u0103\u0219ite sau f\u0103cute accesibile unor p\u0103r\u021bi ter\u021be f\u0103r\u0103 consim\u021b\u0103m\u00e2ntul dvs. prealabil, cu excep\u021bia autorit\u0103\u021bilor de stat, \u00een conformitate cu legisla\u021bia \u00een vigoare (de exemplu: Poli\u021bia Republicii Cehe) \u0219i persoanelor care presteaz\u0103 servicii \u00een scopurile men\u021bionate \u00een articolul 1 al prezentului acord.<\/p>\n\n\n\n<p>Datele dvs. personale vor fi \u00eemp\u0103rt\u0103\u0219ite \u0219i prelucrate \u00een scopul complet\u0103rii automate \u00een procesul de plasare a unei comenzi. De asemenea, v\u0103 putem trimite mesaje despre produsele \u0219i \u0219tirile noastre informative, despre compania next CRE s.r.o. (Ltd.); strada Po\u0161tovn\u00ed 244, Star\u00e9 M\u011bsto, cod po\u0219tal 73961, T\u0159inec, Republica Ceh\u0103; CRN: 29396239, eventual \u0219i cu persoane care coopereaz\u0103 cu aceast\u0103 companie.<\/p>\n\n\n\n<p>Ve\u021bi fi informat cu privire la eventualele modific\u0103ri aduse \u00een acest sens prin adresa de email furnizat\u0103 de c\u0103tre dumneavoastr\u0103.<\/p>\n\n\n\n<p>Noi, \u00een niciun caz, nu \u00eemp\u0103rt\u0103\u0219im sau transmitem datele dvs. unor p\u0103r\u021bi ter\u021be sau organiza\u021biilor interna\u021bionale care nu respect\u0103 standardele de protec\u021bie a datelor cu caracter personal \u00een conformitate cu legisla\u021bia \u00een vigoare.<\/p>\n\n\n\n<h4 class=\"wp-block-heading\">4. INFORMA\u021aII DESPRE DREPTURILE DUMNEAVOASTR\u0102 CU PRIVIRE LA DATELE PERSONALE<\/h4>\n\n\n\n<p>Ave\u021bi multe drepturi \u00een ceea ce prive\u0219te prelucrarea datelor cu caracter personal. Ne pute\u021bi contacta \u00een orice moment, fie prin po\u0219t\u0103 sau prin email \u0219i s\u0103 solicita\u021bi o confirmare dac\u0103 datele dvs. personale sunt procesate \u0219i dac\u0103 \u00eentr-adev\u0103r se \u00eent\u00e2mpl\u0103 acest lucru, vi se va acorda acces la datele dvs. personale, precum \u0219i informa\u021bii despre aceasta. Ave\u021bi dreptul s\u0103 solicita\u021bi corectarea unor informa\u021bii inexacte sau completarea datelor cu caracter personal incomplete.<\/p>\n\n\n\n<p>Pute\u021bi oric\u00e2nd s\u0103 solicita\u021bi \u0219tergerea datelor dvs. personale, cu condi\u021bia s\u0103 existe un motiv pentru aceast\u0103 ac\u021biune. Sau pute\u021bi solicita s\u0103 v\u0103 limita\u021bi procesarea datelor cu caracter personal \u00een cazul \u00een care exist\u0103 \u0219i un motiv pentru aceast\u0103 ac\u021biune. Ave\u021bi dreptul la datele dvs. personale \u0219i la transferul acestora unui alt administrator.<\/p>\n\n\n\n<p>Datele dvs. personale sunt procesate corect \u0219i \u00eentr-un mod transparent. Cu toate acestea, ave\u021bi \u00eentotdeauna dreptul de a v\u0103 adresa oficiilor europene pentru protec\u021bia datelor cu caracter personal \u00een orice \u021bar\u0103 din UE. Toate informa\u021biile necesare, precum \u0219i datele de contact sunt accesibile de pe siteul:&nbsp;<a href=\"https:\/\/ec.europa.eu\/info\/law\/law-topic\/data-protection_en\" target=\"_blank\" rel=\"noreferrer noopener\">https:\/\/ec.europa.eu\/info\/law\/law-topic\/data-protection_en<\/a><\/p>\n\n\n\n<h4 class=\"wp-block-heading\">5. PROCESARE ADI\u021aIONAL\u0102<\/h4>\n\n\n\n<p>Datele dvs. personale ne-au fost furnizate numai de dumneavoastr\u0103.<\/p>\n\n\n\n<p>Sunte\u021bi obligat s\u0103 ne furniza\u021bi informa\u021biile personale necesare proces\u0103rii \u0219i care sunt solicitate pentru prelucrare de c\u0103tre lege. De asemenea, este obligatoriu s\u0103 ne furniza\u021bi informa\u021biile personale necesare pentru a \u00eendeplini toate drepturile \u0219i obliga\u021biile \u00een conformitate cu condi\u021biile contractuale.<\/p>\n\n\n\n<p>Datele personale vor fi prelucrate numai pentru perioadele de timp necesare. Datele personale a c\u0103ror prelucrare este cerut\u0103 de lege, vor fi procesate astfel pentru perioadele de timp impuse de lege. Datele personale referitoare la condi\u021biile contractuale \u0219i \u00een leg\u0103tur\u0103 cu drepturile \u0219i obliga\u021biile suplimentare vor fi prelucrate doar pentru perioadele de timp necesare pentru eventualele litigii \u00een viitor.<\/p>\n\n\n\n<p>Dup\u0103 \u00eendeplinirea termenelor necesare pentru procesarea datelor dvs. personale, datele dvs. personale vor fi \u0219terse f\u0103r\u0103 \u00eent\u00e2rzieri inutile.<\/p>\n\n\n\n<h4 class=\"wp-block-heading\">6. CONCLUZIE<\/h4>\n\n\n\n<p>Dac\u0103 bifa\u021bi c\u0103su\u021bele corespunz\u0103toare, v\u0103 da\u021bi acordul pentru prelucrarea datelor dvs. personale \u0219i confirma\u021bi c\u0103 a\u021bi citit \u0219i a\u021bi \u00een\u021beles termenii \u0219i condi\u021biile. Nu ezita\u021bi s\u0103 ne contacta\u021bi dac\u0103 ave\u021bi nevoie de informa\u021bii suplimentare despre prelucrarea informa\u021biilor dvs. personale.<\/p>\n","protected":false},"excerpt":{"rendered":"<p>Informa\u021bii pentru clien\u021bi despre prelucrarea datelor cu caracter personal Ne bucur\u0103m \u0219i apreciem c\u0103 a\u021bi devenit clien\u021bii no\u0219tri. Cu toate acestea, procesul de achizi\u021bionare de produse online este mai complex dec\u00e2t ar putea s\u0103 par\u0103 la prima vedere \u0219i exist\u0103 mai mul\u021bi pa\u0219i pe care trebuie s\u0103 \u00eei parcurgem, pe l\u00e2ng\u0103 livrarea \u00een siguran\u021b\u0103 a [&hellip;]<\/p>\n","protected":false},"author":2,"featured_media":0,"parent":0,"menu_order":0,"comment_status":"closed","ping_status":"closed","template":"","meta":{"_acf_changed":false,"rank_math_lock_modified_date":false,"footnotes":""},"class_list":["post-357452","page","type-page","status-publish","hentry"],"acf":[],"_links":{"self":[{"href":"https:\/\/2024.mujstromecek.cz\/ro\/wp-json\/wp\/v2\/pages\/357452","targetHints":{"allow":["GET"]}}],"collection":[{"href":"https:\/\/2024.mujstromecek.cz\/ro\/wp-json\/wp\/v2\/pages"}],"about":[{"href":"https:\/\/2024.mujstromecek.cz\/ro\/wp-json\/wp\/v2\/types\/page"}],"author":[{"embeddable":true,"href":"https:\/\/2024.mujstromecek.cz\/ro\/wp-json\/wp\/v2\/users\/2"}],"replies":[{"embeddable":true,"href":"https:\/\/2024.mujstromecek.cz\/ro\/wp-json\/wp\/v2\/comments?post=357452"}],"version-history":[{"count":1,"href":"https:\/\/2024.mujstromecek.cz\/ro\/wp-json\/wp\/v2\/pages\/357452\/revisions"}],"predecessor-version":[{"id":357454,"href":"https:\/\/2024.mujstromecek.cz\/ro\/wp-json\/wp\/v2\/pages\/357452\/revisions\/357454"}],"wp:attachment":[{"href":"https:\/\/2024.mujstromecek.cz\/ro\/wp-json\/wp\/v2\/media?parent=357452"}],"curies":[{"name":"wp","href":"https:\/\/api.w.org\/{rel}","templated":true}]}}