{"id":357450,"date":"2024-07-02T16:53:54","date_gmt":"2024-07-02T16:53:54","guid":{"rendered":"https:\/\/2024.mujstromecek.cz\/vymena-zbozi\/"},"modified":"2024-07-29T13:22:04","modified_gmt":"2024-07-29T13:22:04","slug":"schimbare-produse","status":"publish","type":"page","link":"https:\/\/2024.mujstromecek.cz\/ro\/schimbare-produse\/","title":{"rendered":"Schimbare produse"},"content":{"rendered":"\n<h3 class=\"wp-block-heading\">Nu v\u0103 convine m\u0103rimea pomului de iarn\u0103, eventual dori\u021bi s\u0103 schimba\u021bi pomul de iarn\u0103 pentru un alt tip?<\/h3>\n\n\n\n<p>Schimbarea se face \u00een mod standard potrivit prevederilor art. 1829 alin. 1 Cod civil. Deci, schimbul poate fi efectuat \u00een termen de 14 zile de la prima preluare a produsului.<\/p>\n\n\n\n<h3 class=\"wp-block-heading\">Instruc\u021biuni pentru efectuarea schimbului<\/h3>\n\n\n\n<ol class=\"wp-block-list\">\n<li>Crea\u021bi o nou\u0103 comand\u0103 cu pomul de iarn\u0103 cerut, pe care vi-l vom trimite f\u0103r\u0103 \u00eent\u00e2rziere.<\/li>\n\n\n\n<li>Completa\u021bi online formularul de mai jos.<\/li>\n\n\n\n<li>Trimite\u021bi-ne pomul de iarn\u0103 ini\u021bial \u00eenapoi \u00een ambalajul nedeteriorat \u0219i noi v\u0103 \u00eentocmim nota de credit.<\/li>\n<\/ol>\n\n\n\n<h3 class=\"wp-block-heading\">Adresa pentru expedierea pomului de iarn\u0103 ini\u021bial:<\/h3>\n\n\n\n<ul class=\"wp-block-list\">\n<li>All4Customer, s.r.o.<\/li>\n\n\n\n<li>Pohrani\u010dn\u00ed 25, 703 00 Ostrava<\/li>\n<\/ul>\n\n\n\n<p>Produsul pe care dori\u021bi s\u0103-l returna\u021bi trebuie s\u0103 fie func\u021bional \u0219i nu are voie s\u0103 prezinte semne de utilizare. Deci, trebuie s\u0103 arate a\u0219a cum era la preluare, \u0219i anume inclusiv materialul de ambalaj \u0219i accesoriile. \u00cen cazul \u00een care comanda con\u021binea \u0219i un cadou, \u0219i acesta trebuie s\u0103 fie returnat \u00een stare perfect\u0103. \u00cen cazul \u00een care produsul prezint\u0103 semne de utilizare, noi sau fabricantul \u00eel vom aduce \u00een starea ini\u021bial\u0103. Aceasta este un serviciu pl\u0103tit care v\u0103 va fi sc\u0103zut din pre\u021bul de v\u00e2nzare-cump\u0103rare al produsului la nota de credit ulterioar\u0103.<\/p>\n\n\n\n<div style=\"height:20px\" aria-hidden=\"true\" class=\"wp-block-spacer\"><\/div>\n\n\n\n\t\t<div data-elementor-type=\"section\" data-elementor-id=\"357433\" class=\"elementor elementor-357433 elementor-356122\" data-elementor-post-type=\"elementor_library\">\n\t\t\t\t\t<section class=\"elementor-section elementor-top-section elementor-element elementor-element-2d0a74c3 elementor-section-boxed elementor-section-height-default elementor-section-height-default\" data-id=\"2d0a74c3\" data-element_type=\"section\">\n\t\t\t\t\t\t<div class=\"elementor-container elementor-column-gap-default\">\n\t\t\t\t\t<div class=\"elementor-column elementor-col-100 elementor-top-column elementor-element elementor-element-727c57b5\" data-id=\"727c57b5\" data-element_type=\"column\">\n\t\t\t<div class=\"elementor-widget-wrap elementor-element-populated\">\n\t\t\t\t\t\t<div class=\"elementor-element elementor-element-65a0e45 elementor-button-align-stretch elementor-widget elementor-widget-form\" data-id=\"65a0e45\" data-element_type=\"widget\" data-settings=\"{&quot;step_next_label&quot;:&quot;Dal\\u0161\\u00ed&quot;,&quot;step_previous_label&quot;:&quot;Zp\\u011bt&quot;,&quot;step_type&quot;:&quot;text&quot;,&quot;button_width&quot;:&quot;100&quot;}\" data-widget_type=\"form.default\">\n\t\t\t\t<div class=\"elementor-widget-container\">\n\t\t\t\t\t<form class=\"elementor-form\" method=\"post\" name=\"reklamace ro\">\n\t\t\t<input type=\"hidden\" name=\"post_id\" value=\"357433\"\/>\n\t\t\t<input type=\"hidden\" name=\"form_id\" value=\"65a0e45\"\/>\n\t\t\t<input type=\"hidden\" name=\"referer_title\" value=\"\" \/>\n\n\t\t\t\n\t\t\t<div class=\"elementor-form-fields-wrapper elementor-labels-above\">\n\t\t\t\t\t\t\t\t<div class=\"elementor-field-type-html elementor-field-group elementor-column elementor-field-group-field_12262f6 elementor-col-100\">\n\t\t\t\t\t<span style=\"font-size: 24px\"><strong>1. Informa\u021bii despre produs<\/strong><\/span>\t\t\t\t<\/div>\n\t\t\t\t\t\t\t\t<div class=\"elementor-field-type-text elementor-field-group elementor-column elementor-field-group-c_objednavky elementor-col-50 elementor-field-required elementor-mark-required\">\n\t\t\t\t\t\t\t\t\t\t\t\t<label for=\"form-field-c_objednavky\" class=\"elementor-field-label\">\n\t\t\t\t\t\t\t\tNum\u0103r comand\u0103 sau factur\u0103\t\t\t\t\t\t\t<\/label>\n\t\t\t\t\t\t\t\t\t\t\t\t\t\t<input size=\"1\" type=\"text\" name=\"form_fields[c_objednavky]\" id=\"form-field-c_objednavky\" class=\"elementor-field elementor-size-md  elementor-field-textual\" required=\"required\" aria-required=\"true\">\n\t\t\t\t\t\t\t\t\t\t\t<\/div>\n\t\t\t\t\t\t\t\t<div class=\"elementor-field-type-text elementor-field-group elementor-column elementor-field-group-nazev_produktu elementor-col-50 elementor-field-required elementor-mark-required\">\n\t\t\t\t\t\t\t\t\t\t\t\t<label for=\"form-field-nazev_produktu\" class=\"elementor-field-label\">\n\t\t\t\t\t\t\t\tDenumire produs\t\t\t\t\t\t\t<\/label>\n\t\t\t\t\t\t\t\t\t\t\t\t\t\t<input size=\"1\" type=\"text\" name=\"form_fields[nazev_produktu]\" id=\"form-field-nazev_produktu\" class=\"elementor-field elementor-size-md  elementor-field-textual\" required=\"required\" aria-required=\"true\">\n\t\t\t\t\t\t\t\t\t\t\t<\/div>\n\t\t\t\t\t\t\t\t<div class=\"elementor-field-type-textarea elementor-field-group elementor-column elementor-field-group-popis_zavady elementor-col-100 elementor-field-required elementor-mark-required\">\n\t\t\t\t\t\t\t\t\t\t\t\t<label for=\"form-field-popis_zavady\" class=\"elementor-field-label\">\n\t\t\t\t\t\t\t\tDescriere defect\t\t\t\t\t\t\t<\/label>\n\t\t\t\t\t\t<textarea class=\"elementor-field-textual elementor-field  elementor-size-md\" name=\"form_fields[popis_zavady]\" id=\"form-field-popis_zavady\" rows=\"4\" required=\"required\" aria-required=\"true\"><\/textarea>\t\t\t\t<\/div>\n\t\t\t\t\t\t\t\t<div class=\"elementor-field-type-select elementor-field-group elementor-column elementor-field-group-field_ca04555 elementor-col-50 elementor-field-required elementor-mark-required\">\n\t\t\t\t\t\t\t\t\t\t\t\t<label for=\"form-field-field_ca04555\" class=\"elementor-field-label\">\n\t\t\t\t\t\t\t\tModalitate de solu\u021bionare preferat\u0103\t\t\t\t\t\t\t<\/label>\n\t\t\t\t\t\t\t\t<div class=\"elementor-field elementor-select-wrapper remove-before \">\n\t\t\t<div class=\"select-caret-down-wrapper\">\n\t\t\t\t<svg aria-hidden=\"true\" class=\"e-font-icon-svg e-eicon-caret-down\" viewBox=\"0 0 571.4 571.4\" xmlns=\"http:\/\/www.w3.org\/2000\/svg\"><path d=\"M571 393Q571 407 561 418L311 668Q300 679 286 679T261 668L11 418Q0 407 0 393T11 368 36 357H536Q550 357 561 368T571 393Z\"><\/path><\/svg>\t\t\t<\/div>\n\t\t\t<select name=\"form_fields[field_ca04555]\" id=\"form-field-field_ca04555\" class=\"elementor-field-textual elementor-size-md\" required=\"required\" aria-required=\"true\">\n\t\t\t\t\t\t\t\t\t<option value=\"Schimb\">Schimb<\/option>\n\t\t\t\t\t\t\t\t\t<option value=\"Repara\u021bie\">Repara\u021bie<\/option>\n\t\t\t\t\t\t\t\t\t<option value=\"Not\u0103 de credit\">Not\u0103 de credit<\/option>\n\t\t\t\t\t\t\t<\/select>\n\t\t<\/div>\n\t\t\t\t\t\t<\/div>\n\t\t\t\t\t\t\t\t<div class=\"elementor-field-type-text elementor-field-group elementor-column elementor-field-group-field_15782a9 elementor-col-50\">\n\t\t\t\t\t\t\t\t\t\t\t\t<label for=\"form-field-field_15782a9\" class=\"elementor-field-label\">\n\t\t\t\t\t\t\t\tNum\u0103r cont bancar \u00een cazul notei de credit (format IBAN)\t\t\t\t\t\t\t<\/label>\n\t\t\t\t\t\t\t\t\t\t\t\t\t\t<input size=\"1\" type=\"text\" name=\"form_fields[field_15782a9]\" id=\"form-field-field_15782a9\" class=\"elementor-field elementor-size-md  elementor-field-textual\">\n\t\t\t\t\t\t\t\t\t\t\t<\/div>\n\t\t\t\t\t\t\t\t<div class=\"elementor-field-type-upload elementor-field-group elementor-column elementor-field-group-field_8883b1e elementor-col-33\">\n\t\t\t\t\t\t\t\t\t\t\t\t<label for=\"form-field-field_8883b1e\" class=\"elementor-field-label\">\n\t\t\t\t\t\t\t\tImage 1\t\t\t\t\t\t\t<\/label>\n\t\t\t\t\t\t\t\t<input type=\"file\" name=\"form_fields[field_8883b1e]\" id=\"form-field-field_8883b1e\" class=\"elementor-field elementor-size-md  elementor-upload-field\" data-maxsize=\"2\" data-maxsize-message=\"Fi\u0219ierul dep\u0103\u0219e\u0219te dimensiunea maxim\u0103 permis\u0103.\">\n\n\t\t\t\t\t\t<\/div>\n\t\t\t\t\t\t\t\t<div class=\"elementor-field-type-upload elementor-field-group elementor-column elementor-field-group-field_f35fdc5 elementor-col-33\">\n\t\t\t\t\t\t\t\t\t\t\t\t<label for=\"form-field-field_f35fdc5\" class=\"elementor-field-label\">\n\t\t\t\t\t\t\t\tImage 2\t\t\t\t\t\t\t<\/label>\n\t\t\t\t\t\t\t\t<input type=\"file\" name=\"form_fields[field_f35fdc5]\" id=\"form-field-field_f35fdc5\" class=\"elementor-field elementor-size-md  elementor-upload-field\" data-maxsize=\"2\" data-maxsize-message=\"Fi\u0219ierul dep\u0103\u0219e\u0219te dimensiunea maxim\u0103 permis\u0103.\">\n\n\t\t\t\t\t\t<\/div>\n\t\t\t\t\t\t\t\t<div class=\"elementor-field-type-upload elementor-field-group elementor-column elementor-field-group-field_f1875f1 elementor-col-33\">\n\t\t\t\t\t\t\t\t\t\t\t\t<label for=\"form-field-field_f1875f1\" class=\"elementor-field-label\">\n\t\t\t\t\t\t\t\tImage 3\t\t\t\t\t\t\t<\/label>\n\t\t\t\t\t\t\t\t<input type=\"file\" name=\"form_fields[field_f1875f1]\" id=\"form-field-field_f1875f1\" class=\"elementor-field elementor-size-md  elementor-upload-field\" data-maxsize=\"2\" data-maxsize-message=\"Fi\u0219ierul dep\u0103\u0219e\u0219te dimensiunea maxim\u0103 permis\u0103.\">\n\n\t\t\t\t\t\t<\/div>\n\t\t\t\t\t\t\t\t<div class=\"elementor-field-type-html elementor-field-group elementor-column elementor-field-group-field_9166ca4 elementor-col-100\">\n\t\t\t\t\t<span style=\"font-size: 24px\"><strong>2. Informa\u021bii despre client<\/strong><\/span>\t\t\t\t<\/div>\n\t\t\t\t\t\t\t\t<div class=\"elementor-field-type-text elementor-field-group elementor-column elementor-field-group-jmeno elementor-col-50 elementor-field-required elementor-mark-required\">\n\t\t\t\t\t\t\t\t\t\t\t\t<label for=\"form-field-jmeno\" class=\"elementor-field-label\">\n\t\t\t\t\t\t\t\tPrenumele \u0219i numele dumneavoastr\u0103\t\t\t\t\t\t\t<\/label>\n\t\t\t\t\t\t\t\t\t\t\t\t\t\t<input size=\"1\" type=\"text\" name=\"form_fields[jmeno]\" id=\"form-field-jmeno\" class=\"elementor-field elementor-size-md  elementor-field-textual\" required=\"required\" aria-required=\"true\">\n\t\t\t\t\t\t\t\t\t\t\t<\/div>\n\t\t\t\t\t\t\t\t<div class=\"elementor-field-type-text elementor-field-group elementor-column elementor-field-group-spolecnost elementor-col-50\">\n\t\t\t\t\t\t\t\t\t\t\t\t<label for=\"form-field-spolecnost\" class=\"elementor-field-label\">\n\t\t\t\t\t\t\t\tCompania\t\t\t\t\t\t\t<\/label>\n\t\t\t\t\t\t\t\t\t\t\t\t\t\t<input size=\"1\" type=\"text\" name=\"form_fields[spolecnost]\" id=\"form-field-spolecnost\" class=\"elementor-field elementor-size-md  elementor-field-textual\">\n\t\t\t\t\t\t\t\t\t\t\t<\/div>\n\t\t\t\t\t\t\t\t<div class=\"elementor-field-type-text elementor-field-group elementor-column elementor-field-group-adresa elementor-col-33 elementor-field-required elementor-mark-required\">\n\t\t\t\t\t\t\t\t\t\t\t\t<label for=\"form-field-adresa\" class=\"elementor-field-label\">\n\t\t\t\t\t\t\t\tStrada \u0219i num\u0103r de cas\u0103\t\t\t\t\t\t\t<\/label>\n\t\t\t\t\t\t\t\t\t\t\t\t\t\t<input size=\"1\" type=\"text\" name=\"form_fields[adresa]\" id=\"form-field-adresa\" class=\"elementor-field elementor-size-md  elementor-field-textual\" required=\"required\" aria-required=\"true\">\n\t\t\t\t\t\t\t\t\t\t\t<\/div>\n\t\t\t\t\t\t\t\t<div class=\"elementor-field-type-text elementor-field-group elementor-column elementor-field-group-mesto elementor-col-33 elementor-field-required elementor-mark-required\">\n\t\t\t\t\t\t\t\t\t\t\t\t<label for=\"form-field-mesto\" class=\"elementor-field-label\">\n\t\t\t\t\t\t\t\tOra\u0219ul\t\t\t\t\t\t\t<\/label>\n\t\t\t\t\t\t\t\t\t\t\t\t\t\t<input size=\"1\" type=\"text\" name=\"form_fields[mesto]\" id=\"form-field-mesto\" class=\"elementor-field elementor-size-md  elementor-field-textual\" required=\"required\" aria-required=\"true\">\n\t\t\t\t\t\t\t\t\t\t\t<\/div>\n\t\t\t\t\t\t\t\t<div class=\"elementor-field-type-text elementor-field-group elementor-column elementor-field-group-psc elementor-col-33 elementor-field-required elementor-mark-required\">\n\t\t\t\t\t\t\t\t\t\t\t\t<label for=\"form-field-psc\" class=\"elementor-field-label\">\n\t\t\t\t\t\t\t\tCP\t\t\t\t\t\t\t<\/label>\n\t\t\t\t\t\t\t\t\t\t\t\t\t\t<input size=\"1\" type=\"text\" name=\"form_fields[psc]\" id=\"form-field-psc\" class=\"elementor-field elementor-size-md  elementor-field-textual\" required=\"required\" aria-required=\"true\">\n\t\t\t\t\t\t\t\t\t\t\t<\/div>\n\t\t\t\t\t\t\t\t<div class=\"elementor-field-type-text elementor-field-group elementor-column elementor-field-group-telefon elementor-col-50 elementor-field-required elementor-mark-required\">\n\t\t\t\t\t\t\t\t\t\t\t\t<label for=\"form-field-telefon\" class=\"elementor-field-label\">\n\t\t\t\t\t\t\t\tTelefon\t\t\t\t\t\t\t<\/label>\n\t\t\t\t\t\t\t\t\t\t\t\t\t\t<input size=\"1\" type=\"text\" name=\"form_fields[telefon]\" id=\"form-field-telefon\" class=\"elementor-field elementor-size-md  elementor-field-textual\" required=\"required\" aria-required=\"true\">\n\t\t\t\t\t\t\t\t\t\t\t<\/div>\n\t\t\t\t\t\t\t\t<div class=\"elementor-field-type-email elementor-field-group elementor-column elementor-field-group-e_mail elementor-col-50 elementor-field-required elementor-mark-required\">\n\t\t\t\t\t\t\t\t\t\t\t\t<label for=\"form-field-e_mail\" class=\"elementor-field-label\">\n\t\t\t\t\t\t\t\tE-mailul dumneavoastr\u0103\t\t\t\t\t\t\t<\/label>\n\t\t\t\t\t\t\t\t\t\t\t\t\t\t<input size=\"1\" type=\"email\" name=\"form_fields[e_mail]\" id=\"form-field-e_mail\" class=\"elementor-field elementor-size-md  elementor-field-textual\" required=\"required\" aria-required=\"true\">\n\t\t\t\t\t\t\t\t\t\t\t<\/div>\n\t\t\t\t\t\t\t\t<div class=\"elementor-field-type-textarea elementor-field-group elementor-column elementor-field-group-poznamka elementor-col-100\">\n\t\t\t\t\t\t\t\t\t\t\t\t<label for=\"form-field-poznamka\" class=\"elementor-field-label\">\n\t\t\t\t\t\t\t\tObserva\u021bie\t\t\t\t\t\t\t<\/label>\n\t\t\t\t\t\t<textarea class=\"elementor-field-textual elementor-field  elementor-size-md\" name=\"form_fields[poznamka]\" id=\"form-field-poznamka\" rows=\"4\"><\/textarea>\t\t\t\t<\/div>\n\t\t\t\t\t\t\t\t<div class=\"elementor-field-type-text\">\n\t\t\t\t\t<input size=\"1\" type=\"text\" name=\"form_fields[field_27ab9cb]\" id=\"form-field-field_27ab9cb\" class=\"elementor-field elementor-size-md \" style=\"display:none !important;\">\t\t\t\t<\/div>\n\t\t\t\t\t\t\t\t<div class=\"elementor-field-group elementor-column elementor-field-type-submit elementor-col-100 e-form__buttons\">\n\t\t\t\t\t<button class=\"elementor-button elementor-size-md\" type=\"submit\">\n\t\t\t\t\t\t<span class=\"elementor-button-content-wrapper\">\n\t\t\t\t\t\t\t\t\t\t\t\t\t\t\t\t\t\t\t\t\t\t<span class=\"elementor-button-text\">Trimite\u021bi formularul<\/span>\n\t\t\t\t\t\t\t\t\t\t\t\t\t<\/span>\n\t\t\t\t\t<\/button>\n\t\t\t\t<\/div>\n\t\t\t<\/div>\n\t\t<\/form>\n\t\t\t\t<\/div>\n\t\t\t\t<\/div>\n\t\t\t\t\t<\/div>\n\t\t<\/div>\n\t\t\t\t\t<\/div>\n\t\t<\/section>\n\t\t\t\t<\/div>\n\t\t\n\n\n\n<div style=\"height:160px\" aria-hidden=\"true\" class=\"wp-block-spacer\"><\/div>\n","protected":false},"excerpt":{"rendered":"<p>Nu v\u0103 convine m\u0103rimea pomului de iarn\u0103, eventual dori\u021bi s\u0103 schimba\u021bi pomul de iarn\u0103 pentru un alt tip? Schimbarea se face \u00een mod standard potrivit prevederilor art. 1829 alin. 1 Cod civil. Deci, schimbul poate fi efectuat \u00een termen de 14 zile de la prima preluare a produsului. Instruc\u021biuni pentru efectuarea schimbului Adresa pentru expedierea [&hellip;]<\/p>\n","protected":false},"author":2,"featured_media":0,"parent":0,"menu_order":0,"comment_status":"closed","ping_status":"closed","template":"","meta":{"_acf_changed":false,"rank_math_lock_modified_date":false,"footnotes":""},"class_list":["post-357450","page","type-page","status-publish","hentry"],"acf":[],"_links":{"self":[{"href":"https:\/\/2024.mujstromecek.cz\/ro\/wp-json\/wp\/v2\/pages\/357450","targetHints":{"allow":["GET"]}}],"collection":[{"href":"https:\/\/2024.mujstromecek.cz\/ro\/wp-json\/wp\/v2\/pages"}],"about":[{"href":"https:\/\/2024.mujstromecek.cz\/ro\/wp-json\/wp\/v2\/types\/page"}],"author":[{"embeddable":true,"href":"https:\/\/2024.mujstromecek.cz\/ro\/wp-json\/wp\/v2\/users\/2"}],"replies":[{"embeddable":true,"href":"https:\/\/2024.mujstromecek.cz\/ro\/wp-json\/wp\/v2\/comments?post=357450"}],"version-history":[{"count":1,"href":"https:\/\/2024.mujstromecek.cz\/ro\/wp-json\/wp\/v2\/pages\/357450\/revisions"}],"predecessor-version":[{"id":357451,"href":"https:\/\/2024.mujstromecek.cz\/ro\/wp-json\/wp\/v2\/pages\/357450\/revisions\/357451"}],"wp:attachment":[{"href":"https:\/\/2024.mujstromecek.cz\/ro\/wp-json\/wp\/v2\/media?parent=357450"}],"curies":[{"name":"wp","href":"https:\/\/api.w.org\/{rel}","templated":true}]}}