{"id":357446,"date":"2024-07-02T13:45:40","date_gmt":"2024-07-02T13:45:40","guid":{"rendered":"https:\/\/2024.mujstromecek.cz\/vyhody-nakupu-u-nas\/"},"modified":"2024-07-29T13:20:41","modified_gmt":"2024-07-29T13:20:41","slug":"de-ce-sa-cumperi-de-la-noi","status":"publish","type":"page","link":"https:\/\/2024.mujstromecek.cz\/ro\/de-ce-sa-cumperi-de-la-noi\/","title":{"rendered":"De ce s\u0103 cumperi de la noi"},"content":{"rendered":"\n<div class=\"wp-block-columns is-layout-flex wp-container-core-columns-is-layout-9d6595d7 wp-block-columns-is-layout-flex\">\n<div class=\"wp-block-column is-layout-flow wp-block-column-is-layout-flow\">\n<div class=\"wp-block-media-text is-stacked-on-mobile is-vertically-aligned-top\" style=\"grid-template-columns:15% auto\"><figure class=\"wp-block-media-text__media\"><img decoding=\"async\" src=\"https:\/\/2024.mujstromecek.cz\/wp-content\/uploads\/2024\/06\/delivery.svg\" alt=\"\" class=\"wp-image-355118 size-full\"><\/figure><div class=\"wp-block-media-text__content\">\n<h3 class=\"wp-block-heading\">Transport gratuit<\/h3>\n\n\n\n<p>La to\u021bi pomii de iarn\u0103, transportul \u00een \u00eentreaga Republica Ceh\u0103 p\u00e2n\u0103 la dumneavoastr\u0103 acas\u0103 este gratuit, adic\u0103 pl\u0103ti\u021bi doar pre\u021bul pomului de iarn\u0103 \u0219i nu vor fi percepute niciun fel de alte taxe . Gra\u021bie acestui lucru, ve\u021bi beneficia de\u00a0<strong>o modalitate simpl\u0103<\/strong>\u00a0\u00een care pomul de iarn\u0103 vi se va livra\u00a0<strong>comod<\/strong>\u00a0\u0219i\u00a0<strong>f\u0103r\u0103 efort p\u00e2n\u0103 la dumneavoastr\u0103 acas\u0103<\/strong>, \u0219i anume totul\u00a0<strong>absolut GRATIS!<\/strong><\/p>\n<\/div><\/div>\n<\/div>\n\n\n\n<div class=\"wp-block-column is-layout-flow wp-block-column-is-layout-flow\">\n<div class=\"wp-block-media-text is-stacked-on-mobile is-vertically-aligned-top\" style=\"grid-template-columns:15% auto\"><figure class=\"wp-block-media-text__media\"><img decoding=\"async\" src=\"https:\/\/2024.mujstromecek.cz\/wp-content\/uploads\/2024\/06\/guarantee.svg\" alt=\"\" class=\"wp-image-355111 size-full\"><\/figure><div class=\"wp-block-media-text__content\">\n<h3 class=\"wp-block-heading\">Garan\u021bia livr\u0103rii \u00eenainte de cr\u0103ciun!<\/h3>\n\n\n\n<p><strong>Dac\u0103 plasa\u021bi comanda p\u00e2n\u0103 la data de 17.12.2024, atunci v\u0103 garant\u0103m c\u0103 pomul dumneavoastr\u0103 de iarn\u0103 va ajunge \u00eenainte de Cr\u0103ciun!<\/strong><\/p>\n<\/div><\/div>\n<\/div>\n<\/div>\n\n\n\n<div class=\"wp-block-columns is-layout-flex wp-container-core-columns-is-layout-9d6595d7 wp-block-columns-is-layout-flex\">\n<div class=\"wp-block-column is-layout-flow wp-block-column-is-layout-flow\">\n<div class=\"wp-block-media-text is-stacked-on-mobile is-vertically-aligned-top\" style=\"grid-template-columns:15% auto\"><figure class=\"wp-block-media-text__media\"><img decoding=\"async\" src=\"https:\/\/2024.mujstromecek.cz\/wp-content\/uploads\/2024\/06\/guarantee-1.svg\" alt=\"\" class=\"wp-image-355113 size-full\"><\/figure><div class=\"wp-block-media-text__content\">\n<h3 class=\"wp-block-heading\">Garan\u021bia calit\u0103\u021bii<\/h3>\n\n\n\n<p>\u00cen cursul fabric\u0103rii pomilor de Cr\u0103ciun artificiali folosim doar materiale de&nbsp;<strong>calitate superioar\u0103<\/strong>, care garanteaz\u0103 un&nbsp;<strong>aspect perfect<\/strong>&nbsp;ani \u00een \u0219ir.<\/p>\n\n\n\n<p>\u00cen cazul \u00een care ceva nu ar fi \u00een regul\u0103, atunci vom&nbsp;<strong>livra gratis<\/strong>&nbsp;p\u0103r\u021bile lips\u0103 sau&nbsp;<strong>asigur\u0103m ridicarea \u0219i \u00eenlocuirea pomului<\/strong>&nbsp;de iarn\u0103 deteriorat.&nbsp;<strong>Nu trebuie s\u0103 v\u0103 teme\u021bi \u2013 vom rezolva orice problem\u0103 rapid, f\u0103r\u0103 griji inutile \u0219i costuri suplimentare!<\/strong><\/p>\n<\/div><\/div>\n<\/div>\n\n\n\n<div class=\"wp-block-column is-layout-flow wp-block-column-is-layout-flow\">\n<div class=\"wp-block-media-text is-stacked-on-mobile is-vertically-aligned-top\" style=\"grid-template-columns:15% auto\"><figure class=\"wp-block-media-text__media\"><img decoding=\"async\" src=\"https:\/\/2024.mujstromecek.cz\/wp-content\/uploads\/2024\/06\/add-group.svg\" alt=\"\" class=\"wp-image-355120 size-full\"><\/figure><div class=\"wp-block-media-text__content\">\n<h3 class=\"wp-block-heading\">\u00cencercat de c\u0103tre clien\u021bi<\/h3>\n\n\n\n<p>100 000+\u00a0de\u00a0clien\u021bi satisf\u0103cu\u021bi\u00a0reprezint\u0103 dovada faptului c\u0103 pomii no\u0219tri de iarn\u0103 sunt de calitate superioar\u0103. Modul \u00een care ne evalueaz\u0103 clien\u021bii no\u0219tri \u00eel pute\u021bi vedea pe\u00a0Facebook\u00a0sau\u00a0Heur\u00e9ce.<\/p>\n<\/div><\/div>\n<\/div>\n<\/div>\n\n\n\n<div class=\"wp-block-columns is-layout-flex wp-container-core-columns-is-layout-9d6595d7 wp-block-columns-is-layout-flex\">\n<div class=\"wp-block-column is-layout-flow wp-block-column-is-layout-flow\">\n<div class=\"wp-block-media-text is-stacked-on-mobile is-vertically-aligned-top\" style=\"grid-template-columns:15% auto\"><figure class=\"wp-block-media-text__media\"><img decoding=\"async\" src=\"https:\/\/2024.mujstromecek.cz\/wp-content\/uploads\/2024\/06\/chat.svg\" alt=\"\" class=\"wp-image-355142 size-full\"><\/figure><div class=\"wp-block-media-text__content\">\n<h3 class=\"wp-block-heading\">Service pentru clien\u021bi<\/h3>\n\n\n\n<p>Clien\u021bilor no\u0219tri le oferim un sortiment larg de servicii adi\u021bionale gra\u021bie c\u0103rora cump\u0103r\u0103turile sunt foarte rapide \u0219i simple. Angaja\u021bii no\u0219tri vor r\u0103spunde cu pl\u0103cere la toate \u00eentreb\u0103rile dumneavoastr\u0103 sau vor ajuta cu plasarea comenzii. V\u0103 st\u0103m tot timpul la dispozi\u021bie pe\u00a0<strong>chat<\/strong>\u00a0(jos \u00een partea dreapt\u0103 pe aceast\u0103 pagin\u0103) sau\u00a0<strong>e-mail<\/strong>\u00a0(<a href=\"mailto:dotazy@mujstromecek.cz\">info@bradulmosului.ro<\/a>), eventual la num\u0103rul de telefon +420 777 470 538 (L-V 9-17).<\/p>\n<\/div><\/div>\n<\/div>\n\n\n\n<div class=\"wp-block-column is-layout-flow wp-block-column-is-layout-flow\"><\/div>\n<\/div>\n","protected":false},"excerpt":{"rendered":"<p>Transport gratuit La to\u021bi pomii de iarn\u0103, transportul \u00een \u00eentreaga Republica Ceh\u0103 p\u00e2n\u0103 la dumneavoastr\u0103 acas\u0103 este gratuit, adic\u0103 pl\u0103ti\u021bi doar pre\u021bul pomului de iarn\u0103 \u0219i nu vor fi percepute niciun fel de alte taxe . Gra\u021bie acestui lucru, ve\u021bi beneficia de\u00a0o modalitate simpl\u0103\u00a0\u00een care pomul de iarn\u0103 vi se va livra\u00a0comod\u00a0\u0219i\u00a0f\u0103r\u0103 efort p\u00e2n\u0103 la [&hellip;]<\/p>\n","protected":false},"author":2,"featured_media":357447,"parent":0,"menu_order":0,"comment_status":"closed","ping_status":"closed","template":"","meta":{"_acf_changed":false,"rank_math_lock_modified_date":false,"footnotes":""},"class_list":["post-357446","page","type-page","status-publish","has-post-thumbnail","hentry"],"acf":[],"_links":{"self":[{"href":"https:\/\/2024.mujstromecek.cz\/ro\/wp-json\/wp\/v2\/pages\/357446","targetHints":{"allow":["GET"]}}],"collection":[{"href":"https:\/\/2024.mujstromecek.cz\/ro\/wp-json\/wp\/v2\/pages"}],"about":[{"href":"https:\/\/2024.mujstromecek.cz\/ro\/wp-json\/wp\/v2\/types\/page"}],"author":[{"embeddable":true,"href":"https:\/\/2024.mujstromecek.cz\/ro\/wp-json\/wp\/v2\/users\/2"}],"replies":[{"embeddable":true,"href":"https:\/\/2024.mujstromecek.cz\/ro\/wp-json\/wp\/v2\/comments?post=357446"}],"version-history":[{"count":1,"href":"https:\/\/2024.mujstromecek.cz\/ro\/wp-json\/wp\/v2\/pages\/357446\/revisions"}],"predecessor-version":[{"id":357449,"href":"https:\/\/2024.mujstromecek.cz\/ro\/wp-json\/wp\/v2\/pages\/357446\/revisions\/357449"}],"wp:featuredmedia":[{"embeddable":true,"href":"https:\/\/2024.mujstromecek.cz\/ro\/wp-json\/wp\/v2\/media\/357447"}],"wp:attachment":[{"href":"https:\/\/2024.mujstromecek.cz\/ro\/wp-json\/wp\/v2\/media?parent=357446"}],"curies":[{"name":"wp","href":"https:\/\/api.w.org\/{rel}","templated":true}]}}