{"id":357439,"date":"2024-07-02T15:42:10","date_gmt":"2024-07-02T15:42:10","guid":{"rendered":"https:\/\/2024.mujstromecek.cz\/sledovani-zasilky\/"},"modified":"2024-07-29T13:15:43","modified_gmt":"2024-07-29T13:15:43","slug":"urmarirea-expedierii","status":"publish","type":"page","link":"https:\/\/2024.mujstromecek.cz\/ro\/urmarirea-expedierii\/","title":{"rendered":"Urm\u0103rirea expedierii"},"content":{"rendered":"\n<h2 class=\"wp-block-heading\"><strong>Tracking URL<\/strong>:\u00a0<a href=\"https:\/\/gls-group.eu\/RO\/ro\/urmarire-colet.html?match=\" target=\"_blank\" data-type=\"link\" data-id=\"https:\/\/gls-group.eu\/RO\/ro\/urmarire-colet.html?match=\" rel=\"noreferrer noopener\"><strong>GLS<\/strong><\/a><\/h2>\n\n\n\n<p>Departamentul Rela\u0163ii Clien\u0163i v\u0103 st\u0103 la dispozi\u0163ie de luni p\u00e2n\u0103 vineri, \u00een intervalul 08.00 \u2013 18.00. Ne pute\u021bi contacta complet\u00e2nd formularul de mai jos sau la num\u0103rul de telefon: 0269 501 900. A\u015ftept\u0103m cu ner\u0103bdare s\u0103 ne contacta\u0163i!<\/p>\n\n\n\n<p>Contacte: <a href=\"https:\/\/gls-group.eu\/RO\/ro\/contact-gls\" target=\"_blank\" rel=\"noreferrer noopener\">https:\/\/gls-group.eu\/RO\/ro\/contact-gls<\/a><\/p>\n\n\n\n<div style=\"height:100px\" aria-hidden=\"true\" class=\"wp-block-spacer\"><\/div>\n\n\n\n<p><\/p>\n","protected":false},"excerpt":{"rendered":"<p>Tracking URL:\u00a0GLS Departamentul Rela\u0163ii Clien\u0163i v\u0103 st\u0103 la dispozi\u0163ie de luni p\u00e2n\u0103 vineri, \u00een intervalul 08.00 \u2013 18.00. Ne pute\u021bi contacta complet\u00e2nd formularul de mai jos sau la num\u0103rul de telefon: 0269 501 900. A\u015ftept\u0103m cu ner\u0103bdare s\u0103 ne contacta\u0163i! Contacte: https:\/\/gls-group.eu\/RO\/ro\/contact-gls<\/p>\n","protected":false},"author":2,"featured_media":357440,"parent":0,"menu_order":0,"comment_status":"closed","ping_status":"closed","template":"","meta":{"_acf_changed":false,"rank_math_lock_modified_date":false,"footnotes":""},"class_list":["post-357439","page","type-page","status-publish","has-post-thumbnail","hentry"],"acf":[],"_links":{"self":[{"href":"https:\/\/2024.mujstromecek.cz\/ro\/wp-json\/wp\/v2\/pages\/357439","targetHints":{"allow":["GET"]}}],"collection":[{"href":"https:\/\/2024.mujstromecek.cz\/ro\/wp-json\/wp\/v2\/pages"}],"about":[{"href":"https:\/\/2024.mujstromecek.cz\/ro\/wp-json\/wp\/v2\/types\/page"}],"author":[{"embeddable":true,"href":"https:\/\/2024.mujstromecek.cz\/ro\/wp-json\/wp\/v2\/users\/2"}],"replies":[{"embeddable":true,"href":"https:\/\/2024.mujstromecek.cz\/ro\/wp-json\/wp\/v2\/comments?post=357439"}],"version-history":[{"count":2,"href":"https:\/\/2024.mujstromecek.cz\/ro\/wp-json\/wp\/v2\/pages\/357439\/revisions"}],"predecessor-version":[{"id":357443,"href":"https:\/\/2024.mujstromecek.cz\/ro\/wp-json\/wp\/v2\/pages\/357439\/revisions\/357443"}],"wp:featuredmedia":[{"embeddable":true,"href":"https:\/\/2024.mujstromecek.cz\/ro\/wp-json\/wp\/v2\/media\/357440"}],"wp:attachment":[{"href":"https:\/\/2024.mujstromecek.cz\/ro\/wp-json\/wp\/v2\/media?parent=357439"}],"curies":[{"name":"wp","href":"https:\/\/api.w.org\/{rel}","templated":true}]}}