{"id":357425,"date":"2024-07-02T15:47:42","date_gmt":"2024-07-02T15:47:42","guid":{"rendered":"https:\/\/2024.mujstromecek.cz\/kontakty\/"},"modified":"2024-07-29T12:53:18","modified_gmt":"2024-07-29T12:53:18","slug":"contacte","status":"publish","type":"page","link":"https:\/\/2024.mujstromecek.cz\/ro\/contacte\/","title":{"rendered":"Contacte"},"content":{"rendered":"\n<div class=\"wp-block-group\"><div class=\"wp-block-group__inner-container is-layout-flow wp-block-group-is-layout-flow\">\n<div class=\"wp-block-group\"><div class=\"wp-block-group__inner-container is-layout-flow wp-block-group-is-layout-flow\">\n<div class=\"wp-block-columns is-layout-flex wp-container-core-columns-is-layout-9d6595d7 wp-block-columns-is-layout-flex\">\n<div class=\"wp-block-column jh-gt-block has-background is-layout-flow wp-block-column-is-layout-flow\" style=\"background-color:#eeeeee\">\n<h2 class=\"wp-block-heading\">Service pentru clien\u021bi<\/h2>\n\n\n\n<p style=\"font-style:normal;font-weight:500\">Clien\u021bilor no\u0219tri le oferim un\u00a0<strong>sortiment larg de servicii adi\u021bionale<\/strong>\u00a0gra\u021bie c\u0103rora\u00a0<strong>cump\u0103r\u0103turile sunt foarte rapide \u0219i simple<\/strong>.<\/p>\n\n\n\n<div style=\"height:20px\" aria-hidden=\"true\" class=\"wp-block-spacer\"><\/div>\n\n\n\n<h4 class=\"wp-block-heading\">Ave\u021bi o \u00eentrebare? Hai s\u0103 d\u0103m r\u0103spunsul<\/h4>\n\n\n\n<ul class=\"wp-block-list\">\n<li>Citi\u021bi <a href=\"https:\/\/2024.mujstromecek.cz\/ro\/faq\/\" target=\"_blank\" data-type=\"page\" data-id=\"357412\" rel=\"noreferrer noopener\">\u00eentreb\u0103rile frecvente<\/a> ale clien\u021bilor no\u0219tri<\/li>\n<\/ul>\n\n\n\n<div style=\"height:20px\" aria-hidden=\"true\" class=\"wp-block-spacer\"><\/div>\n\n\n\n<h4 class=\"wp-block-heading\">Nu a\u021bi g\u0103sit r\u0103spunsul?<\/h4>\n\n\n\n<p style=\"font-style:normal;font-weight:500\">Cu noi pute\u021bi comunica continuu prin intermediul:<\/p>\n\n\n\n<ul class=\"wp-block-list\">\n<li style=\"font-style:normal;font-weight:500\">e-mail:\u00a0<a href=\"mailto:info@bradulmosului.ro\"><strong>info@bradulmosului.ro<\/strong><\/a><\/li>\n\n\n\n<li>chatului: jos \u00een dreapta<\/li>\n\n\n\n<li>num\u0103rului de telefon:\u00a0<a href=\"tel:0040373805296\">+40373805296<\/a>\u00a0(08:00 \u2013 16:00)<\/li>\n<\/ul>\n\n\n\n<p style=\"font-style:normal;font-weight:500\">Angaja\u021bii no\u0219tri vor r\u0103spunde cu pl\u0103cere la toate \u00eentreb\u0103rile dumneavoastr\u0103 sau vor ajuta cu plasarea comenzii.<\/p>\n<\/div>\n<\/div>\n<\/div><\/div>\n\n\n\n<div style=\"height:40px\" aria-hidden=\"true\" class=\"wp-block-spacer\"><\/div>\n\n\n\n<div class=\"wp-block-columns is-layout-flex wp-container-core-columns-is-layout-9d6595d7 wp-block-columns-is-layout-flex\">\n<div class=\"wp-block-column is-layout-flow wp-block-column-is-layout-flow\" style=\"flex-basis:33.33%\">\n<h2 class=\"wp-block-heading\">Datele de facturare<\/h2>\n\n\n\n<p style=\"font-style:normal;font-weight:500\">All4Customer, s.r.o. <br>I\u010c: 01824651<br>DI\u010c: CZ01824651<br>Hladnovsk\u00e1 1255\/23<br>710 00, Ostrava<\/p>\n<\/div>\n\n\n\n<div class=\"wp-block-column is-layout-flow wp-block-column-is-layout-flow\" style=\"flex-basis:66.66%\">\n<iframe src=\"https:\/\/www.google.com\/maps\/embed?pb=!1m14!1m8!1m3!1d329326.0325305334!2d18.30526!3d49.845095!3m2!1i1024!2i768!4f13.1!3m3!1m2!1s0x4713e32a7ac60fa9%3A0xea9642a6fb882b28!2sHladnovsk%C3%A1%201255%2F23%2C%20710%2000%20Slezsk%C3%A1%20Ostrava%2C%20Czechia!5e0!3m2!1sen!2sus!4v1593526756270!5m2!1sen!2sus\" width=\"600\" height=\"450\" border-radius=\"20\" frameborder=\"0\" style=\"border:0;\" allowfullscreen=\"\" aria-hidden=\"false\" tabindex=\"0\"><\/iframe>\n<\/div>\n<\/div>\n<\/div><\/div>\n","protected":false},"excerpt":{"rendered":"<p>Service pentru clien\u021bi Clien\u021bilor no\u0219tri le oferim un\u00a0sortiment larg de servicii adi\u021bionale\u00a0gra\u021bie c\u0103rora\u00a0cump\u0103r\u0103turile sunt foarte rapide \u0219i simple. Ave\u021bi o \u00eentrebare? Hai s\u0103 d\u0103m r\u0103spunsul Nu a\u021bi g\u0103sit r\u0103spunsul? Cu noi pute\u021bi comunica continuu prin intermediul: Angaja\u021bii no\u0219tri vor r\u0103spunde cu pl\u0103cere la toate \u00eentreb\u0103rile dumneavoastr\u0103 sau vor ajuta cu plasarea comenzii. Datele de facturare [&hellip;]<\/p>\n","protected":false},"author":2,"featured_media":0,"parent":0,"menu_order":0,"comment_status":"closed","ping_status":"closed","template":"","meta":{"_acf_changed":false,"rank_math_lock_modified_date":false,"footnotes":""},"class_list":["post-357425","page","type-page","status-publish","hentry"],"acf":[],"_links":{"self":[{"href":"https:\/\/2024.mujstromecek.cz\/ro\/wp-json\/wp\/v2\/pages\/357425","targetHints":{"allow":["GET"]}}],"collection":[{"href":"https:\/\/2024.mujstromecek.cz\/ro\/wp-json\/wp\/v2\/pages"}],"about":[{"href":"https:\/\/2024.mujstromecek.cz\/ro\/wp-json\/wp\/v2\/types\/page"}],"author":[{"embeddable":true,"href":"https:\/\/2024.mujstromecek.cz\/ro\/wp-json\/wp\/v2\/users\/2"}],"replies":[{"embeddable":true,"href":"https:\/\/2024.mujstromecek.cz\/ro\/wp-json\/wp\/v2\/comments?post=357425"}],"version-history":[{"count":1,"href":"https:\/\/2024.mujstromecek.cz\/ro\/wp-json\/wp\/v2\/pages\/357425\/revisions"}],"predecessor-version":[{"id":357427,"href":"https:\/\/2024.mujstromecek.cz\/ro\/wp-json\/wp\/v2\/pages\/357425\/revisions\/357427"}],"wp:attachment":[{"href":"https:\/\/2024.mujstromecek.cz\/ro\/wp-json\/wp\/v2\/media?parent=357425"}],"curies":[{"name":"wp","href":"https:\/\/api.w.org\/{rel}","templated":true}]}}