{"id":357420,"date":"2024-07-02T16:07:53","date_gmt":"2024-07-02T16:07:53","guid":{"rendered":"https:\/\/2024.mujstromecek.cz\/doprava-a-platba\/"},"modified":"2024-07-29T12:45:26","modified_gmt":"2024-07-29T12:45:26","slug":"transport-si-plata","status":"publish","type":"page","link":"https:\/\/2024.mujstromecek.cz\/ro\/transport-si-plata\/","title":{"rendered":"Transport \u0219i plat\u0103"},"content":{"rendered":"\n<div class=\"wp-block-columns is-layout-flex wp-container-core-columns-is-layout-9d6595d7 wp-block-columns-is-layout-flex\">\n<div class=\"wp-block-column is-layout-flow wp-block-column-is-layout-flow\">\n<div class=\"wp-block-media-text is-stacked-on-mobile is-vertically-aligned-top\" style=\"grid-template-columns:15% auto\"><figure class=\"wp-block-media-text__media\"><img decoding=\"async\" src=\"https:\/\/2024.mujstromecek.cz\/wp-content\/uploads\/2024\/06\/delivery.svg\" alt=\"\" class=\"wp-image-355118 size-full\"><\/figure><div class=\"wp-block-media-text__content\">\n<h3 class=\"wp-block-heading\">Modalitate de transport<\/h3>\n\n\n\n<p>Pentru livrarea produselor c\u0103tre client folosim serviciile societ\u0103\u021bii de transport GLS.<\/p>\n\n\n\n<ul class=\"wp-block-list\">\n<li><strong>\u00ceN CADRUL REPUBLICA ROMANIA TRANSPORTUL ESTE GRATUIT!<\/strong><\/li>\n\n\n\n<li><strong>Termen de livrare: \u00een 3-5 zile de la expediere!<\/strong><\/li>\n\n\n\n<li><strong>V\u0103 vom informa \u00een leg\u0103tur\u0103 cu data exact\u0103.<\/strong><\/li>\n\n\n\n<li>\u00cen cazul \u00een care dori\u021bi s\u0103 v\u0103 livr\u0103m pomul de iarn\u0103 \u00eentr-un alt stat al UE, atunci v\u0103 rug\u0103m s\u0103 ne contacta\u021bi pe adresa de e-mail info@bradulmosului.ro<\/li>\n<\/ul>\n<\/div><\/div>\n<\/div>\n\n\n\n<div class=\"wp-block-column is-layout-flow wp-block-column-is-layout-flow\">\n<div class=\"wp-block-media-text is-stacked-on-mobile is-vertically-aligned-top\" style=\"grid-template-columns:15% auto\"><figure class=\"wp-block-media-text__media\"><img decoding=\"async\" src=\"https:\/\/2024.mujstromecek.cz\/wp-content\/uploads\/2024\/06\/credit-card-1.svg\" alt=\"\" class=\"wp-image-355157 size-full\"><\/figure><div class=\"wp-block-media-text__content\">\n<h3 class=\"wp-block-heading\">Modalitate de plat\u0103<\/h3>\n\n\n\n<p>Pre\u021bul produselor \u0219i cheltuielile legate de livrarea produselor pot fi achitate de c\u0103tre cump\u0103r\u0103tor prin modalit\u0103\u021bile de mai jos:<\/p>\n\n\n\n<ul class=\"wp-block-list\">\n<li><strong>Cardul bancar<\/strong> \u2013 online prin intermediul GoPay<\/li>\n\n\n\n<li><strong>Ramburs<\/strong> \u2013 plata \u00een numerar c\u0103tre conduc\u0103torul auto al companiei de transport la locul specificat de c\u0103tre cump\u0103r\u0103tor \u00een comand\u0103<\/li>\n\n\n\n<li><strong>PayPal<\/strong> \u2013 plata cu cardul bancar sau contul PayPal<\/li>\n<\/ul>\n<\/div><\/div>\n<\/div>\n<\/div>\n","protected":false},"excerpt":{"rendered":"<p>Modalitate de transport Pentru livrarea produselor c\u0103tre client folosim serviciile societ\u0103\u021bii de transport GLS. Modalitate de plat\u0103 Pre\u021bul produselor \u0219i cheltuielile legate de livrarea produselor pot fi achitate de c\u0103tre cump\u0103r\u0103tor prin modalit\u0103\u021bile de mai jos:<\/p>\n","protected":false},"author":2,"featured_media":357421,"parent":0,"menu_order":0,"comment_status":"closed","ping_status":"closed","template":"","meta":{"_acf_changed":false,"rank_math_lock_modified_date":false,"footnotes":""},"class_list":["post-357420","page","type-page","status-publish","has-post-thumbnail","hentry"],"acf":[],"_links":{"self":[{"href":"https:\/\/2024.mujstromecek.cz\/ro\/wp-json\/wp\/v2\/pages\/357420","targetHints":{"allow":["GET"]}}],"collection":[{"href":"https:\/\/2024.mujstromecek.cz\/ro\/wp-json\/wp\/v2\/pages"}],"about":[{"href":"https:\/\/2024.mujstromecek.cz\/ro\/wp-json\/wp\/v2\/types\/page"}],"author":[{"embeddable":true,"href":"https:\/\/2024.mujstromecek.cz\/ro\/wp-json\/wp\/v2\/users\/2"}],"replies":[{"embeddable":true,"href":"https:\/\/2024.mujstromecek.cz\/ro\/wp-json\/wp\/v2\/comments?post=357420"}],"version-history":[{"count":2,"href":"https:\/\/2024.mujstromecek.cz\/ro\/wp-json\/wp\/v2\/pages\/357420\/revisions"}],"predecessor-version":[{"id":357424,"href":"https:\/\/2024.mujstromecek.cz\/ro\/wp-json\/wp\/v2\/pages\/357420\/revisions\/357424"}],"wp:featuredmedia":[{"embeddable":true,"href":"https:\/\/2024.mujstromecek.cz\/ro\/wp-json\/wp\/v2\/media\/357421"}],"wp:attachment":[{"href":"https:\/\/2024.mujstromecek.cz\/ro\/wp-json\/wp\/v2\/media?parent=357420"}],"curies":[{"name":"wp","href":"https:\/\/api.w.org\/{rel}","templated":true}]}}