{"id":357412,"date":"2024-07-02T13:53:34","date_gmt":"2024-07-02T13:53:34","guid":{"rendered":"https:\/\/2024.mujstromecek.cz\/caste-dotazy\/"},"modified":"2024-07-29T12:39:04","modified_gmt":"2024-07-29T12:39:04","slug":"faq","status":"publish","type":"page","link":"https:\/\/2024.mujstromecek.cz\/ro\/faq\/","title":{"rendered":"FAQ"},"content":{"rendered":"\n<div class=\"wp-block-gutena-accordion gutena-accordion-block gutena-accordion-block-e5b83d-ee is-layout-flow wp-block-gutena-accordion-is-layout-flow\" data-single=\"false\" data-open=\"0\">\n<div class=\"wp-block-gutena-accordion-panel gutena-accordion-block__panel\">\n<div class=\"wp-block-gutena-accordion-panel-title gutena-accordion-block__panel-title\"><div class=\"gutena-accordion-block__panel-title-inner\">\n<h6 class=\"wp-block-heading has-text-align-left\" style=\"margin-top:0px;margin-right:0px;margin-bottom:0px;margin-left:0px\">C\u00e2nd va fi expediat \u0219i livrat pomul de iarn\u0103?<\/h6>\n<div class=\"trigger-plus-minus\"><div class=\"horizontal\"><\/div><div class=\"vertical\"><\/div><\/div><\/div><\/div>\n\n\n\n<div class=\"wp-block-gutena-accordion-panel-content gutena-accordion-block__panel-content\"><div class=\"gutena-accordion-block__panel-content-inner\">\n<p>To\u021bi pomii de iarn\u0103 sunt pe stoc <strong>\u0219i expediem<\/strong> zilnic (\u00een zilele lucr\u0103toare) 9. 2024. \u00cen mod standard, pomii de iarn\u0103 sunt livra\u021bi \u00een timp de 3-5 zile lucr\u0103toare. \u00cenainte de expedierea pomului de iarn\u0103 v\u0103 vom trimite un e-mail informativ \u00eempreun\u0103 cu codul de urm\u0103rire cu ajutorul c\u0103ruia pute\u021bi urm\u0103ri unde se afl\u0103 curent pomul dumneavoastr\u0103 de iarn.<\/p>\n<\/div><\/div>\n<\/div>\n\n\n\n<div class=\"wp-block-gutena-accordion-panel gutena-accordion-block__panel\">\n<div class=\"wp-block-gutena-accordion-panel-title gutena-accordion-block__panel-title\"><div class=\"gutena-accordion-block__panel-title-inner\">\n<h6 class=\"wp-block-heading has-text-align-left\" style=\"margin-top:0px;margin-right:0px;margin-bottom:0px;margin-left:0px\">Care este \u00een\u0103l\u021bimea \u0219i l\u0103\u021bimea pomului de iarn\u0103?<\/h6>\n<div class=\"trigger-plus-minus\"><div class=\"horizontal\"><\/div><div class=\"vertical\"><\/div><\/div><\/div><\/div>\n\n\n\n<div class=\"wp-block-gutena-accordion-panel-content gutena-accordion-block__panel-content\"><div class=\"gutena-accordion-block__panel-content-inner\">\n<p style=\"margin-top:0;margin-bottom:0\">Aceste informa\u021bii sunt \u00eentotdeauna date \u00een detaliu pentru fiecare arbore.<\/p>\n<\/div><\/div>\n<\/div>\n\n\n\n<div class=\"wp-block-gutena-accordion-panel gutena-accordion-block__panel\">\n<div class=\"wp-block-gutena-accordion-panel-title gutena-accordion-block__panel-title\"><div class=\"gutena-accordion-block__panel-title-inner\">\n<h6 class=\"wp-block-heading has-text-align-left\" style=\"margin-top:0px;margin-right:0px;margin-bottom:0px;margin-left:0px\">Include \u00een\u0103l\u021bimea specificat\u0103 a pomului de iarn\u0103 \u0219i \u00een\u0103l\u021bimea soclului?<\/h6>\n<div class=\"trigger-plus-minus\"><div class=\"horizontal\"><\/div><div class=\"vertical\"><\/div><\/div><\/div><\/div>\n\n\n\n<div class=\"wp-block-gutena-accordion-panel-content gutena-accordion-block__panel-content\"><div class=\"gutena-accordion-block__panel-content-inner\">\n<p style=\"margin-top:0;margin-bottom:0\">Da, toate \u00een\u0103l\u021bimile pomilor de iarn\u0103 includ \u0219i soclul.<\/p>\n<\/div><\/div>\n<\/div>\n\n\n\n<div class=\"wp-block-gutena-accordion-panel gutena-accordion-block__panel\">\n<div class=\"wp-block-gutena-accordion-panel-title gutena-accordion-block__panel-title\"><div class=\"gutena-accordion-block__panel-title-inner\">\n<h6 class=\"wp-block-heading has-text-align-left\" style=\"margin-top:0px;margin-right:0px;margin-bottom:0px;margin-left:0px\">Face soclul parte din livrare?<\/h6>\n<div class=\"trigger-plus-minus\"><div class=\"horizontal\"><\/div><div class=\"vertical\"><\/div><\/div><\/div><\/div>\n\n\n\n<div class=\"wp-block-gutena-accordion-panel-content gutena-accordion-block__panel-content\"><div class=\"gutena-accordion-block__panel-content-inner\">\n<p><strong>Da<\/strong>, soclul metalic de calitate pentru pomul de iarn\u0103 este parte component\u0103 a fiec\u0103rei livr\u0103ri.<\/p>\n\n\n\n<p>Obs.: Unele modele la care lichid\u0103m stocul pot fi echipate cu un soclu de plastic, aceast\u0103 informa\u021bie fiind men\u021bionat\u0103 \u00een detaliile produsului.<\/p>\n<\/div><\/div>\n<\/div>\n\n\n\n<div class=\"wp-block-gutena-accordion-panel gutena-accordion-block__panel\">\n<div class=\"wp-block-gutena-accordion-panel-title gutena-accordion-block__panel-title\"><div class=\"gutena-accordion-block__panel-title-inner\">\n<h6 class=\"wp-block-heading has-text-align-left\" style=\"margin-top:0px;margin-right:0px;margin-bottom:0px;margin-left:0px\">Din c\u00e2te piese este compus pomul de iarn\u0103?<\/h6>\n<div class=\"trigger-plus-minus\"><div class=\"horizontal\"><\/div><div class=\"vertical\"><\/div><\/div><\/div><\/div>\n\n\n\n<div class=\"wp-block-gutena-accordion-panel-content gutena-accordion-block__panel-content\"><div class=\"gutena-accordion-block__panel-content-inner\">\n<p>Num\u0103rul de piese depinde de m\u0103rimea pomului de iarn\u0103:<\/p>\n\n\n\n<ul class=\"wp-block-list\">\n<li>M\u0103rimea 120 cm \u0219i 150 cm \u2013 compus din 1 sau 2 piese<\/li>\n\n\n\n<li>M\u0103rimea 180 cm \u2013 250 cm \u2013 compus din 2 sau 3 piese<\/li>\n<\/ul>\n<\/div><\/div>\n<\/div>\n<\/div>\n\n\n\n<div style=\"height:40px\" aria-hidden=\"true\" class=\"wp-block-spacer\"><\/div>\n\n\n\n<div class=\"wp-block-columns is-layout-flex wp-container-core-columns-is-layout-9d6595d7 wp-block-columns-is-layout-flex\">\n<div class=\"wp-block-column jh-gt-block has-text-color has-background has-link-color wp-elements-0cf22f339a41a6af9cae8f0f7e8045f6 is-layout-flow wp-block-column-is-layout-flow\" style=\"color:#250000;background-color:#eeeeee\">\n<h2 class=\"wp-block-heading\">Are coletul dumneavoastr\u0103 \u00eent\u00e2rziere?<\/h2>\n\n\n\n<div class=\"wp-block-columns is-layout-flex wp-container-core-columns-is-layout-9d6595d7 wp-block-columns-is-layout-flex\">\n<div class=\"wp-block-column is-layout-flow wp-block-column-is-layout-flow\">\n<p>Coletul nu se mai afl\u0103 la noi, v\u0103 rug\u0103m s\u0103 contacta\u021bi compania de transport GLS care v\u0103 va comunica detalii. V\u0103 mul\u021bumim.<\/p>\n\n\n\n<figure class=\"wp-block-image size-large is-resized\"><img fetchpriority=\"high\" decoding=\"async\" width=\"1024\" height=\"276\" src=\"https:\/\/2024.mujstromecek.cz\/wp-content\/uploads\/2024\/06\/gls-logo-positive-rgb-download-11622-edit-kopie-1024x276.webp\" alt=\"\" class=\"wp-image-357359\" style=\"width:150px\" srcset=\"https:\/\/2024.mujstromecek.cz\/wp-content\/uploads\/2024\/06\/gls-logo-positive-rgb-download-11622-edit-kopie-1024x276.webp 1024w, https:\/\/2024.mujstromecek.cz\/wp-content\/uploads\/2024\/06\/gls-logo-positive-rgb-download-11622-edit-kopie-300x81.webp 300w, https:\/\/2024.mujstromecek.cz\/wp-content\/uploads\/2024\/06\/gls-logo-positive-rgb-download-11622-edit-kopie-768x207.webp 768w, https:\/\/2024.mujstromecek.cz\/wp-content\/uploads\/2024\/06\/gls-logo-positive-rgb-download-11622-edit-kopie-600x161.webp 600w, https:\/\/2024.mujstromecek.cz\/wp-content\/uploads\/2024\/06\/gls-logo-positive-rgb-download-11622-edit-kopie.webp 1063w\" sizes=\"(max-width: 1024px) 100vw, 1024px\" \/><\/figure>\n<\/div>\n\n\n\n<div class=\"wp-block-column is-layout-flow wp-block-column-is-layout-flow\">\n<p><a href=\"https:\/\/gls-group.eu\/RO\/ro\/home\/\" data-type=\"link\" data-id=\"https:\/\/gls-group.eu\/RO\/ro\/home\/\" target=\"_blank\" rel=\"noreferrer noopener\">Urm\u0103rirea expedierii DPD<\/a><br>e-mail:\u00a0info@dpd.cz<br>telefon: +420 225 373 373<br>(\u00een fiecare zi de la 7:00 a.m. la 6:00 p.m.)<\/p>\n<\/div>\n<\/div>\n<\/div>\n<\/div>\n\n\n\n<div style=\"height:10px\" aria-hidden=\"true\" class=\"wp-block-spacer\"><\/div>\n\n\n\n<div class=\"wp-block-gutena-accordion gutena-accordion-block gutena-accordion-block-8cb04a-3e is-layout-flow wp-block-gutena-accordion-is-layout-flow\" data-single=\"false\" data-open=\"none\">\n<div class=\"wp-block-gutena-accordion-panel gutena-accordion-block__panel\">\n<div class=\"wp-block-gutena-accordion-panel-title gutena-accordion-block__panel-title\"><div class=\"gutena-accordion-block__panel-title-inner\">\n<h6 class=\"wp-block-heading has-text-align-left\" style=\"margin-top:0px;margin-right:0px;margin-bottom:0px;margin-left:0px\">C\u00e2t timp necesit\u0103 asamblarea pomului de iarn\u0103?<\/h6>\n<div class=\"trigger-plus-minus\"><div class=\"horizontal\"><\/div><div class=\"vertical\"><\/div><\/div><\/div><\/div>\n\n\n\n<div class=\"wp-block-gutena-accordion-panel-content gutena-accordion-block__panel-content\"><div class=\"gutena-accordion-block__panel-content-inner\">\n<p>Asamblarea pomului de iarn\u0103 este foarte simpl\u0103 \u0219i prima asamblare nu ia mai mult de 2 minute. Aranjarea ulterioar\u0103 a crengu\u021belor \u0219i fasonarea dup\u0103 placul dumneavoastr\u0103 ia aproximativ 5 \u2013 10 minute.<\/p>\n<\/div><\/div>\n<\/div>\n\n\n\n<div class=\"wp-block-gutena-accordion-panel gutena-accordion-block__panel\">\n<div class=\"wp-block-gutena-accordion-panel-title gutena-accordion-block__panel-title\"><div class=\"gutena-accordion-block__panel-title-inner\">\n<h6 class=\"wp-block-heading has-text-align-left\" style=\"margin-top:0px;margin-right:0px;margin-bottom:0px;margin-left:0px\">Cum trebuie s\u0103 asamblez pomul de iarn\u0103?<\/h6>\n<div class=\"trigger-plus-minus\"><div class=\"horizontal\"><\/div><div class=\"vertical\"><\/div><\/div><\/div><\/div>\n\n\n\n<div class=\"wp-block-gutena-accordion-panel-content gutena-accordion-block__panel-content\"><div class=\"gutena-accordion-block__panel-content-inner\">\n<ol id=\"block-b6bb5ab3-84a2-4016-bff8-fbe8e4900e0b\" class=\"wp-block-list\">\n<li>Scoate\u021bi pomul de iarn\u0103 din cutie.<\/li>\n\n\n\n<li>Asambla\u021bi soclul.<\/li>\n\n\n\n<li>Introduce\u021bi partea inferioar\u0103 a pomului de iarn\u0103 \u00een soclu \u0219i fixa\u021bi bine.<\/li>\n\n\n\n<li>Asambla\u021bi treptat pomul de iarn\u0103. Recomand\u0103m s\u0103 asambla\u021bi \u00eencep\u00e2nd cu partea inferioar\u0103 \u0219i termin\u00e2nd cu v\u00e2rful.<\/li>\n\n\n\n<li>\u00centinde\u021bi \u0219i fasona\u021bi crengu\u021bele \u00een forma cerut\u0103.<\/li>\n<\/ol>\n<\/div><\/div>\n<\/div>\n\n\n\n<div class=\"wp-block-gutena-accordion-panel gutena-accordion-block__panel\">\n<div class=\"wp-block-gutena-accordion-panel-title gutena-accordion-block__panel-title\"><div class=\"gutena-accordion-block__panel-title-inner\">\n<h6 class=\"wp-block-heading has-text-align-left\" style=\"margin-top:0px;margin-right:0px;margin-bottom:0px;margin-left:0px\">Care este diferen\u021ba \u00eentre diferitele tipuri de ace de conifere?<\/h6>\n<div class=\"trigger-plus-minus\"><div class=\"horizontal\"><\/div><div class=\"vertical\"><\/div><\/div><\/div><\/div>\n\n\n\n<div class=\"wp-block-gutena-accordion-panel-content gutena-accordion-block__panel-content\"><div class=\"gutena-accordion-block__panel-content-inner\">\n<p style=\"margin-top:0;margin-bottom:0\">Mai mult afla\u021bi \u00een articolul nostru ace de conifere <a href=\"https:\/\/bradulmosului.ro\/dinferentele-dintre-pomii-cu-ace-2d-si-3d\/\" target=\"_blank\" rel=\"noopener\">2D, 3D a 100 % 3D jehli\u010d\u00ed. Care este diferen\u021ba dintre acestea?<\/a><\/p>\n<\/div><\/div>\n<\/div>\n\n\n\n<div class=\"wp-block-gutena-accordion-panel gutena-accordion-block__panel\">\n<div class=\"wp-block-gutena-accordion-panel-title gutena-accordion-block__panel-title\"><div class=\"gutena-accordion-block__panel-title-inner\">\n<h6 class=\"wp-block-heading has-text-align-left\" style=\"margin-top:0px;margin-right:0px;margin-bottom:0px;margin-left:0px\">Prin ce modalitate voi fi informat\u0103 despre starea comenzii?<\/h6>\n<div class=\"trigger-plus-minus\"><div class=\"horizontal\"><\/div><div class=\"vertical\"><\/div><\/div><\/div><\/div>\n\n\n\n<div class=\"wp-block-gutena-accordion-panel-content gutena-accordion-block__panel-content\"><div class=\"gutena-accordion-block__panel-content-inner\">\n<p style=\"margin-top:0;margin-bottom:0\">Despre starea comenzii v\u0103 vom informa cu ajutorul e-mailului. \u00cen mod standard, expediem trei tipuri de e-mailuri.<\/p>\n\n\n\n<div style=\"height:20px\" aria-hidden=\"true\" class=\"wp-block-spacer\"><\/div>\n\n\n\n<ul class=\"wp-block-list\">\n<li><strong>Primirea comenzii<\/strong> \u2013 emailul este trimis automat \u00een momentul expedierii comenzii.<\/li>\n\n\n\n<li><strong>Preg\u0103tit pentru expediere<\/strong> \u2013 emailul este trimis de c\u0103tre angajatul nostru \u00een momentul \u00een care coletul este preg\u0103tit \u0219i a\u0219teapt\u0103 s\u0103 fie predat la compania de transport.<\/li>\n\n\n\n<li><strong>Expedierea coletului<\/strong> \u2013 emailul este trimis de c\u0103tre angajatul nostru \u00een momentul pred\u0103rii coletului \u00eempreun\u0103 cu comanda c\u0103tre compania de transport.<\/li>\n<\/ul>\n\n\n\n<div style=\"height:20px\" aria-hidden=\"true\" class=\"wp-block-spacer\"><\/div>\n\n\n\n<p>\u00cen cazul unor schimb\u0103ri acute sau nea\u0219teptate v\u0103 vom contacta telefonic pe telefonul introdus \u00een momentul plas\u0103rii comenzii.<\/p>\n<\/div><\/div>\n<\/div>\n\n\n\n<div class=\"wp-block-gutena-accordion-panel gutena-accordion-block__panel\">\n<div class=\"wp-block-gutena-accordion-panel-title gutena-accordion-block__panel-title\"><div class=\"gutena-accordion-block__panel-title-inner\">\n<h6 class=\"wp-block-heading has-text-align-left\" style=\"margin-top:0px;margin-right:0px;margin-bottom:0px;margin-left:0px\">Este posibil\u0103 cump\u0103rarea \u0219i ridicarea personal\u0103 a pomului de iarn\u0103?<\/h6>\n<div class=\"trigger-plus-minus\"><div class=\"horizontal\"><\/div><div class=\"vertical\"><\/div><\/div><\/div><\/div>\n\n\n\n<div class=\"wp-block-gutena-accordion-panel-content gutena-accordion-block__panel-content\"><div class=\"gutena-accordion-block__panel-content-inner\">\n<p style=\"margin-top:0;margin-bottom:0\">Cump\u0103rarea este posibil\u0103 doar prin intermediul e-shopului nostru www.bradulmosului.ro. Nu este posibil\u0103 nici ridicarea personal\u0103. Livrarea pomului de iarn\u0103 se face doar prin intermediul companiei de transport.<\/p>\n<\/div><\/div>\n<\/div>\n\n\n\n<div class=\"wp-block-gutena-accordion-panel gutena-accordion-block__panel\">\n<div class=\"wp-block-gutena-accordion-panel-title gutena-accordion-block__panel-title\"><div class=\"gutena-accordion-block__panel-title-inner\">\n<h6 class=\"wp-block-heading has-text-align-left\" style=\"margin-top:0px;margin-right:0px;margin-bottom:0px;margin-left:0px\">P\u00e2n\u0103 c\u00e2nd este posibil a comanda pomul de iarn\u0103?<\/h6>\n<div class=\"trigger-plus-minus\"><div class=\"horizontal\"><\/div><div class=\"vertical\"><\/div><\/div><\/div><\/div>\n\n\n\n<div class=\"wp-block-gutena-accordion-panel-content gutena-accordion-block__panel-content\"><div class=\"gutena-accordion-block__panel-content-inner\">\n<p style=\"margin-top:0;margin-bottom:0\">Ultima zi c\u00e2nd este posibil a comanda pomul de iarn\u0103 este data de 17. 12. 2024. \u00cens\u0103 recomand\u0103m s\u0103 comanda\u021bi pomul de iarn\u0103 \u00een avans pentru c\u0103, odat\u0103 cu apropierea Cr\u0103ciunului, s-ar putea s\u0103 nu mai fie disponibile toate tipurile \u0219i m\u0103rimile.<\/p>\n<\/div><\/div>\n<\/div>\n\n\n\n<div class=\"wp-block-gutena-accordion-panel gutena-accordion-block__panel\">\n<div class=\"wp-block-gutena-accordion-panel-title gutena-accordion-block__panel-title\"><div class=\"gutena-accordion-block__panel-title-inner\">\n<h6 class=\"wp-block-heading has-text-align-left\" style=\"margin-top:0px;margin-right:0px;margin-bottom:0px;margin-left:0px\">\u00cendeplinesc pomii de iarn\u0103 normele de securitate?<\/h6>\n<div class=\"trigger-plus-minus\"><div class=\"horizontal\"><\/div><div class=\"vertical\"><\/div><\/div><\/div><\/div>\n\n\n\n<div class=\"wp-block-gutena-accordion-panel-content gutena-accordion-block__panel-content\"><div class=\"gutena-accordion-block__panel-content-inner\">\n<p style=\"margin-top:0;margin-bottom:0\">Pomii no\u0219tri de Cr\u0103ciun artificiali sunt fabrica\u021bi din materiale de calitate superioar\u0103 \u0219i \u00eendeplinesc cele mai stricte standarde ale UE.<\/p>\n<\/div><\/div>\n<\/div>\n\n\n\n<div class=\"wp-block-gutena-accordion-panel gutena-accordion-block__panel\">\n<div class=\"wp-block-gutena-accordion-panel-title gutena-accordion-block__panel-title\"><div class=\"gutena-accordion-block__panel-title-inner\">\n<h6 class=\"wp-block-heading has-text-align-left\" style=\"margin-top:0px;margin-right:0px;margin-bottom:0px;margin-left:0px\">Este posibil a comanda un pom de iarn\u0103 mai \u00eenalt de 250cm?<\/h6>\n<div class=\"trigger-plus-minus\"><div class=\"horizontal\"><\/div><div class=\"vertical\"><\/div><\/div><\/div><\/div>\n\n\n\n<div class=\"wp-block-gutena-accordion-panel-content gutena-accordion-block__panel-content\"><div class=\"gutena-accordion-block__panel-content-inner\">\n<p style=\"margin-top:0;margin-bottom:0\">Da, putem asigura \u0219i pomi de iarn\u0103 av\u00e2nd \u00een\u0103l\u021bimea de peste 250 cm. Toate comenzile de acest tip vor fi solu\u021bionate \u00een mod individual. \u00cen cazul \u00een care v\u0103 intereseaz\u0103 un pom de iarn\u0103 mai \u00eenalt, rug\u0103m s\u0103 ne contacta\u021bi pe e-mailul info@bradulmosului.ro.<\/p>\n<\/div><\/div>\n<\/div>\n\n\n\n<div class=\"wp-block-gutena-accordion-panel gutena-accordion-block__panel\">\n<div class=\"wp-block-gutena-accordion-panel-title gutena-accordion-block__panel-title\"><div class=\"gutena-accordion-block__panel-title-inner\">\n<h6 class=\"wp-block-heading has-text-align-left\" style=\"margin-top:0px;margin-right:0px;margin-bottom:0px;margin-left:0px\">Cum trebuie s\u0103 procedez \u00een cazul \u00een care doresc s\u0103 modific comanda mea?<\/h6>\n<div class=\"trigger-plus-minus\"><div class=\"horizontal\"><\/div><div class=\"vertical\"><\/div><\/div><\/div><\/div>\n\n\n\n<div class=\"wp-block-gutena-accordion-panel-content gutena-accordion-block__panel-content\"><div class=\"gutena-accordion-block__panel-content-inner\">\n<p style=\"margin-top:0;margin-bottom:0\">Bine\u00een\u021beles, modificarea comenzii este posibil\u0103. \u00centr-un astfel de caz v\u0103 rug\u0103m s\u0103 ne contacta\u021bi pe adresa de e-mail info@bradulmosului.ro. Este important ca toate modific\u0103rile comenzii s\u0103 fie trimise \u00eenc\u0103 \u00eenainte de predarea coletului c\u0103tre compania de transport.<\/p>\n<\/div><\/div>\n<\/div>\n\n\n\n<div class=\"wp-block-gutena-accordion-panel gutena-accordion-block__panel\">\n<div class=\"wp-block-gutena-accordion-panel-title gutena-accordion-block__panel-title\"><div class=\"gutena-accordion-block__panel-title-inner\">\n<h6 class=\"wp-block-heading has-text-align-left\" style=\"margin-top:0px;margin-right:0px;margin-bottom:0px;margin-left:0px\">Sunte\u021bi pl\u0103titori de TVA?<\/h6>\n<div class=\"trigger-plus-minus\"><div class=\"horizontal\"><\/div><div class=\"vertical\"><\/div><\/div><\/div><\/div>\n\n\n\n<div class=\"wp-block-gutena-accordion-panel-content gutena-accordion-block__panel-content\"><div class=\"gutena-accordion-block__panel-content-inner\">\n<p style=\"margin-top:0;margin-bottom:0\">Da, suntem pl\u0103titori de TVA. Pentru comenzile corporative se poate deduce TVA-ul.<\/p>\n<\/div><\/div>\n<\/div>\n\n\n\n<div class=\"wp-block-gutena-accordion-panel gutena-accordion-block__panel\">\n<div class=\"wp-block-gutena-accordion-panel-title gutena-accordion-block__panel-title\"><div class=\"gutena-accordion-block__panel-title-inner\">\n<h6 class=\"wp-block-heading has-text-align-left\" style=\"margin-top:0px;margin-right:0px;margin-bottom:0px;margin-left:0px\">Ave\u021bi \u0219i v\u00e2nzare angro?<\/h6>\n<div class=\"trigger-plus-minus\"><div class=\"horizontal\"><\/div><div class=\"vertical\"><\/div><\/div><\/div><\/div>\n\n\n\n<div class=\"wp-block-gutena-accordion-panel-content gutena-accordion-block__panel-content\"><div class=\"gutena-accordion-block__panel-content-inner\">\n<p style=\"margin-top:0;margin-bottom:0\">Da, v\u0103 rog s\u0103 ne contacta\u021bi.<br>Tom\u00e1\u0161 Turo\u0148<br>info@bradulmosului.ro<br>+420 724 708 057 (doar pentru angro)<\/p>\n<\/div><\/div>\n<\/div>\n<\/div>\n","protected":false},"excerpt":{"rendered":"<p>Are coletul dumneavoastr\u0103 \u00eent\u00e2rziere? Coletul nu se mai afl\u0103 la noi, v\u0103 rug\u0103m s\u0103 contacta\u021bi compania de transport GLS care v\u0103 va comunica detalii. V\u0103 mul\u021bumim. Urm\u0103rirea expedierii DPDe-mail:\u00a0info@dpd.cztelefon: +420 225 373 373(\u00een fiecare zi de la 7:00 a.m. la 6:00 p.m.)<\/p>\n","protected":false},"author":2,"featured_media":357413,"parent":0,"menu_order":0,"comment_status":"closed","ping_status":"closed","template":"","meta":{"_acf_changed":false,"rank_math_lock_modified_date":false,"footnotes":""},"class_list":["post-357412","page","type-page","status-publish","has-post-thumbnail","hentry"],"acf":[],"_links":{"self":[{"href":"https:\/\/2024.mujstromecek.cz\/ro\/wp-json\/wp\/v2\/pages\/357412","targetHints":{"allow":["GET"]}}],"collection":[{"href":"https:\/\/2024.mujstromecek.cz\/ro\/wp-json\/wp\/v2\/pages"}],"about":[{"href":"https:\/\/2024.mujstromecek.cz\/ro\/wp-json\/wp\/v2\/types\/page"}],"author":[{"embeddable":true,"href":"https:\/\/2024.mujstromecek.cz\/ro\/wp-json\/wp\/v2\/users\/2"}],"replies":[{"embeddable":true,"href":"https:\/\/2024.mujstromecek.cz\/ro\/wp-json\/wp\/v2\/comments?post=357412"}],"version-history":[{"count":3,"href":"https:\/\/2024.mujstromecek.cz\/ro\/wp-json\/wp\/v2\/pages\/357412\/revisions"}],"predecessor-version":[{"id":357418,"href":"https:\/\/2024.mujstromecek.cz\/ro\/wp-json\/wp\/v2\/pages\/357412\/revisions\/357418"}],"wp:featuredmedia":[{"embeddable":true,"href":"https:\/\/2024.mujstromecek.cz\/ro\/wp-json\/wp\/v2\/media\/357413"}],"wp:attachment":[{"href":"https:\/\/2024.mujstromecek.cz\/ro\/wp-json\/wp\/v2\/media?parent=357412"}],"curies":[{"name":"wp","href":"https:\/\/api.w.org\/{rel}","templated":true}]}}