{"id":356757,"date":"2024-07-02T13:53:34","date_gmt":"2024-07-02T13:53:34","guid":{"rendered":"https:\/\/2024.mujstromecek.cz\/caste-dotazy\/"},"modified":"2024-07-12T14:04:43","modified_gmt":"2024-07-12T14:04:43","slug":"faq","status":"publish","type":"page","link":"https:\/\/2024.mujstromecek.cz\/hu\/faq\/","title":{"rendered":"FAQ"},"content":{"rendered":"\n<div class=\"wp-block-gutena-accordion gutena-accordion-block gutena-accordion-block-e5b83d-ee is-layout-flow wp-block-gutena-accordion-is-layout-flow\" data-single=\"false\" data-open=\"0\">\n<div class=\"wp-block-gutena-accordion-panel gutena-accordion-block__panel\">\n<div class=\"wp-block-gutena-accordion-panel-title gutena-accordion-block__panel-title\"><div class=\"gutena-accordion-block__panel-title-inner\">\n<h6 class=\"wp-block-heading has-text-align-left\" style=\"margin-top:0px;margin-right:0px;margin-bottom:0px;margin-left:0px\">Mikor ker\u00fcl a m\u0171feny\u0151 elk\u00fcld\u00e9sre \u00e9s mikor lesz k\u00e9zbes\u00edtve?<\/h6>\n<div class=\"trigger-plus-minus\"><div class=\"horizontal\"><\/div><div class=\"vertical\"><\/div><\/div><\/div><\/div>\n\n\n\n<div class=\"wp-block-gutena-accordion-panel-content gutena-accordion-block__panel-content\"><div class=\"gutena-accordion-block__panel-content-inner\">\n<p>Minden m\u0171feny\u0151 rakt\u00e1ron van \u00e9s naponta (munkanapokon) k\u00fcldj\u00fck ki a csomagokat<strong>.<\/strong> 9. 2024. A m\u0171feny\u0151ket \u00e1ltal\u00e1ban 3-5 munkanapon bel\u00fcl sz\u00e1ll\u00edtj\u00e1k ki. A m\u0171feny\u0151 elk\u00fcld\u00e9se el\u0151tt inform\u00e1ci\u00f3s e-mailt k\u00fcld\u00fcnk egy nyomk\u00f6vet\u00e9si k\u00f3ddal egy\u00fctt, amellyel nyomon lehet k\u00f6vetni a m\u0171feny\u0151 \u00fatj\u00e1t.<\/p>\n<\/div><\/div>\n<\/div>\n\n\n\n<div class=\"wp-block-gutena-accordion-panel gutena-accordion-block__panel\">\n<div class=\"wp-block-gutena-accordion-panel-title gutena-accordion-block__panel-title\"><div class=\"gutena-accordion-block__panel-title-inner\">\n<h6 class=\"wp-block-heading has-text-align-left\" style=\"margin-top:0px;margin-right:0px;margin-bottom:0px;margin-left:0px\">Mekkora a m\u0171feny\u0151 magass\u00e1ga \u00e9s sz\u00e9less\u00e9ge?<\/h6>\n<div class=\"trigger-plus-minus\"><div class=\"horizontal\"><\/div><div class=\"vertical\"><\/div><\/div><\/div><\/div>\n\n\n\n<div class=\"wp-block-gutena-accordion-panel-content gutena-accordion-block__panel-content\"><div class=\"gutena-accordion-block__panel-content-inner\">\n<p style=\"margin-top:0;margin-bottom:0\">Ezt az inform\u00e1ci\u00f3t mindig minden f\u00e1n\u00e1l r\u00e9szletesen megadjuk.<\/p>\n<\/div><\/div>\n<\/div>\n\n\n\n<div class=\"wp-block-gutena-accordion-panel gutena-accordion-block__panel\">\n<div class=\"wp-block-gutena-accordion-panel-title gutena-accordion-block__panel-title\"><div class=\"gutena-accordion-block__panel-title-inner\">\n<h6 class=\"wp-block-heading has-text-align-left\" style=\"margin-top:0px;margin-right:0px;margin-bottom:0px;margin-left:0px\">A m\u0171feny\u0151 magass\u00e1ga az \u00e1llv\u00e1ny magass\u00e1g\u00e1t bele\u00e9rtve?<\/h6>\n<div class=\"trigger-plus-minus\"><div class=\"horizontal\"><\/div><div class=\"vertical\"><\/div><\/div><\/div><\/div>\n\n\n\n<div class=\"wp-block-gutena-accordion-panel-content gutena-accordion-block__panel-content\"><div class=\"gutena-accordion-block__panel-content-inner\">\n<p style=\"margin-top:0;margin-bottom:0\">Igen, minden m\u0171feny\u0151 magass\u00e1ga, bele\u00e9rtve az \u00e1llv\u00e1nyt is.<\/p>\n<\/div><\/div>\n<\/div>\n\n\n\n<div class=\"wp-block-gutena-accordion-panel gutena-accordion-block__panel\">\n<div class=\"wp-block-gutena-accordion-panel-title gutena-accordion-block__panel-title\"><div class=\"gutena-accordion-block__panel-title-inner\">\n<h6 class=\"wp-block-heading has-text-align-left\" style=\"margin-top:0px;margin-right:0px;margin-bottom:0px;margin-left:0px\">A csomag tartalmazza az \u00e1llv\u00e1nyt?<\/h6>\n<div class=\"trigger-plus-minus\"><div class=\"horizontal\"><\/div><div class=\"vertical\"><\/div><\/div><\/div><\/div>\n\n\n\n<div class=\"wp-block-gutena-accordion-panel-content gutena-accordion-block__panel-content\"><div class=\"gutena-accordion-block__panel-content-inner\">\n<p>Igen, egy min\u0151s\u00e9gi&nbsp;<strong>f\u00e9m\u00e1llv\u00e1ny<\/strong>&nbsp;minden csomagban megtal\u00e1lhat\u00f3.<\/p>\n\n\n\n<p>Megjegyz\u00e9s: N\u00e9h\u00e1ny ki\u00e1rus\u00edt\u00e1sban tal\u00e1lhat\u00f3 modell m\u0171anyag \u00e1llv\u00e1nnyal van felszerelve, ezt az inform\u00e1ci\u00f3t a term\u00e9k r\u00e9szletei tartalmazz\u00e1k.<\/p>\n<\/div><\/div>\n<\/div>\n\n\n\n<div class=\"wp-block-gutena-accordion-panel gutena-accordion-block__panel\">\n<div class=\"wp-block-gutena-accordion-panel-title gutena-accordion-block__panel-title\"><div class=\"gutena-accordion-block__panel-title-inner\">\n<h6 class=\"wp-block-heading has-text-align-left\" style=\"margin-top:0px;margin-right:0px;margin-bottom:0px;margin-left:0px\">H\u00e1ny r\u00e9sz alkotja a m\u0171feny\u0151t?<\/h6>\n<div class=\"trigger-plus-minus\"><div class=\"horizontal\"><\/div><div class=\"vertical\"><\/div><\/div><\/div><\/div>\n\n\n\n<div class=\"wp-block-gutena-accordion-panel-content gutena-accordion-block__panel-content\"><div class=\"gutena-accordion-block__panel-content-inner\">\n<p>A r\u00e9szek sz\u00e1ma a m\u0171feny\u0151 m\u00e9ret\u00e9t\u0151l f\u00fcgg:<\/p>\n\n\n\n<ul class=\"wp-block-list\">\n<li>120 cm \u00e9s 150 cm m\u00e9ret \u2013 1 vagy 2 r\u00e9szb\u0151l \u00e1ll<\/li>\n\n\n\n<li>180 cm \u2013 250 cm m\u00e9ret \u2013 2 vagy 3 r\u00e9szb\u0151l \u00e1ll<\/li>\n<\/ul>\n<\/div><\/div>\n<\/div>\n<\/div>\n\n\n\n<div style=\"height:40px\" aria-hidden=\"true\" class=\"wp-block-spacer\"><\/div>\n\n\n\n<div class=\"wp-block-columns is-layout-flex wp-container-core-columns-is-layout-9d6595d7 wp-block-columns-is-layout-flex\">\n<div class=\"wp-block-column jh-gt-block has-text-color has-background has-link-color wp-elements-ce5b1d5c756f6fd75b9817b2088b989b is-layout-flow wp-block-column-is-layout-flow\" style=\"color:#250000;background-color:#eeeeee\">\n<h2 class=\"wp-block-heading\">K\u00e9sik a csomagja?<\/h2>\n\n\n\n<div class=\"wp-block-columns is-layout-flex wp-container-core-columns-is-layout-9d6595d7 wp-block-columns-is-layout-flex\">\n<div class=\"wp-block-column is-layout-flow wp-block-column-is-layout-flow\">\n<p>A csomagja m\u00e1r nincs n\u00e1lunk. Vegye fel a kapcsolatot a sz\u00e1ll\u00edt\u00f3val (GLS fut\u00e1rszolg\u00e1lat), ahol megtudhatja a r\u00e9szleteket. K\u00f6sz\u00f6nj\u00fck!<\/p>\n\n\n\n<figure class=\"wp-block-image size-large is-resized\"><img fetchpriority=\"high\" decoding=\"async\" width=\"1024\" height=\"276\" src=\"https:\/\/2024.mujstromecek.cz\/wp-content\/uploads\/2024\/06\/gls-logo-positive-rgb-download-11622-edit-kopie-1024x276.webp\" alt=\"\" class=\"wp-image-356628\" style=\"width:150px\" srcset=\"https:\/\/2024.mujstromecek.cz\/wp-content\/uploads\/2024\/06\/gls-logo-positive-rgb-download-11622-edit-kopie-1024x276.webp 1024w, https:\/\/2024.mujstromecek.cz\/wp-content\/uploads\/2024\/06\/gls-logo-positive-rgb-download-11622-edit-kopie-300x81.webp 300w, https:\/\/2024.mujstromecek.cz\/wp-content\/uploads\/2024\/06\/gls-logo-positive-rgb-download-11622-edit-kopie-768x207.webp 768w, https:\/\/2024.mujstromecek.cz\/wp-content\/uploads\/2024\/06\/gls-logo-positive-rgb-download-11622-edit-kopie-600x161.webp 600w, https:\/\/2024.mujstromecek.cz\/wp-content\/uploads\/2024\/06\/gls-logo-positive-rgb-download-11622-edit-kopie.webp 1063w\" sizes=\"(max-width: 1024px) 100vw, 1024px\" \/><\/figure>\n<\/div>\n\n\n\n<div class=\"wp-block-column is-layout-flow wp-block-column-is-layout-flow\">\n<p><strong>Tracking URL<\/strong>:&nbsp;<a href=\"https:\/\/gls-group.eu\/HU\/hu\/csomagkovetes.html?match=\" target=\"_blank\" rel=\"noopener\">https:\/\/gls-group.eu\/HU\/<\/a><\/p>\n\n\n\n<p><strong>E-mail<\/strong>:&nbsp;<a href=\"mailto:info@gls-hungary.com\">info@gls-hungary.com<\/a><\/p>\n\n\n\n<p><strong>Contact<\/strong>:&nbsp;<a href=\"https:\/\/gls-group.eu\/HU\/hu\/kapcsolat\" target=\"_blank\" rel=\"noopener\">https:\/\/gls-group.eu\/HU\/hu\/kapcsolat<\/a><\/p>\n<\/div>\n<\/div>\n<\/div>\n<\/div>\n\n\n\n<div style=\"height:10px\" aria-hidden=\"true\" class=\"wp-block-spacer\"><\/div>\n\n\n\n<div class=\"wp-block-gutena-accordion gutena-accordion-block gutena-accordion-block-8cb04a-3e is-layout-flow wp-block-gutena-accordion-is-layout-flow\" data-single=\"false\" data-open=\"none\">\n<div class=\"wp-block-gutena-accordion-panel gutena-accordion-block__panel\">\n<div class=\"wp-block-gutena-accordion-panel-title gutena-accordion-block__panel-title\"><div class=\"gutena-accordion-block__panel-title-inner\">\n<h6 class=\"wp-block-heading has-text-align-left\" style=\"margin-top:0px;margin-right:0px;margin-bottom:0px;margin-left:0px\">Meddig tart egy m\u0171feny\u0151 \u00f6sszeszerel\u00e9se?<\/h6>\n<div class=\"trigger-plus-minus\"><div class=\"horizontal\"><\/div><div class=\"vertical\"><\/div><\/div><\/div><\/div>\n\n\n\n<div class=\"wp-block-gutena-accordion-panel-content gutena-accordion-block__panel-content\"><div class=\"gutena-accordion-block__panel-content-inner\">\n<p>A m\u0171feny\u0151 \u00f6sszeszerel\u00e9se nagyon egyszer\u0171, \u00e9s az els\u0151 \u00f6sszeszerel\u00e9s nem tart tov\u00e1bb, mint 2 perc. Az \u00e1gak k\u00e9s\u0151bbi be\u00e1ll\u00edt\u00e1sa \u00e9s az \u00edzl\u00e9snek megfelel\u0151 alak\u00edt\u00e1sa k\u00f6r\u00fclbel\u00fcl 5-10 percig tart.<\/p>\n<\/div><\/div>\n<\/div>\n\n\n\n<div class=\"wp-block-gutena-accordion-panel gutena-accordion-block__panel\">\n<div class=\"wp-block-gutena-accordion-panel-title gutena-accordion-block__panel-title\"><div class=\"gutena-accordion-block__panel-title-inner\">\n<h6 class=\"wp-block-heading has-text-align-left\" style=\"margin-top:0px;margin-right:0px;margin-bottom:0px;margin-left:0px\">Hogyan kell \u00f6sszeszerelni a m\u0171feny\u0151t?<\/h6>\n<div class=\"trigger-plus-minus\"><div class=\"horizontal\"><\/div><div class=\"vertical\"><\/div><\/div><\/div><\/div>\n\n\n\n<div class=\"wp-block-gutena-accordion-panel-content gutena-accordion-block__panel-content\"><div class=\"gutena-accordion-block__panel-content-inner\">\n<ol class=\"wp-block-list\" id=\"block-b6bb5ab3-84a2-4016-bff8-fbe8e4900e0b\">\n<li>Csomagolja ki a dobozb\u00f3l.<\/li>\n\n\n\n<li>Szerelje \u00f6ssze az \u00e1llv\u00e1nyt.<\/li>\n\n\n\n<li>Cs\u00fasztassa a m\u0171feny\u0151 alj\u00e1t az \u00e1llv\u00e1nyba \u00e9s r\u00f6gz\u00edtse.<\/li>\n\n\n\n<li>L\u00e9p\u00e9sr\u0151l l\u00e9p\u00e9sre szerelje \u00f6ssze. Javasoljuk, hogy alulr\u00f3l haladjon a fa cs\u00facsa fel\u00e9. Hajtsa ki \u00e9s igaz\u00edtsa meg az \u00e1gakat.<\/li>\n<\/ol>\n<\/div><\/div>\n<\/div>\n\n\n\n<div class=\"wp-block-gutena-accordion-panel gutena-accordion-block__panel\">\n<div class=\"wp-block-gutena-accordion-panel-title gutena-accordion-block__panel-title\"><div class=\"gutena-accordion-block__panel-title-inner\">\n<h6 class=\"wp-block-heading has-text-align-left\" style=\"margin-top:0px;margin-right:0px;margin-bottom:0px;margin-left:0px\">Mi a k\u00fcl\u00f6nbs\u00e9g a k\u00fcl\u00f6nb\u00f6z\u0151 t\u00edpus\u00fa t\u0171levelek k\u00f6z\u00f6tt?<\/h6>\n<div class=\"trigger-plus-minus\"><div class=\"horizontal\"><\/div><div class=\"vertical\"><\/div><\/div><\/div><\/div>\n\n\n\n<div class=\"wp-block-gutena-accordion-panel-content gutena-accordion-block__panel-content\"><div class=\"gutena-accordion-block__panel-content-inner\">\n<p style=\"margin-top:0;margin-bottom:0\">c. cikkb\u0151l.\u00a0<a href=\"https:\/\/mukaracsonyfa.hu\/2d-es-3d-tuk-mi-a-kulonbseg-kozottuk\/\" target=\"_blank\" rel=\"noopener\">Tudjon meg t\u00f6bbet a 2D, 3D \u00e9s 100% 3D t\u0171lev\u00e9l .<\/a><\/p>\n<\/div><\/div>\n<\/div>\n\n\n\n<div class=\"wp-block-gutena-accordion-panel gutena-accordion-block__panel\">\n<div class=\"wp-block-gutena-accordion-panel-title gutena-accordion-block__panel-title\"><div class=\"gutena-accordion-block__panel-title-inner\">\n<h6 class=\"wp-block-heading has-text-align-left\" style=\"margin-top:0px;margin-right:0px;margin-bottom:0px;margin-left:0px\">Milyen m\u00f3don kapok t\u00e1j\u00e9koztat\u00e1st a megrendel\u00e9s \u00e1llapot\u00e1r\u00f3l?<\/h6>\n<div class=\"trigger-plus-minus\"><div class=\"horizontal\"><\/div><div class=\"vertical\"><\/div><\/div><\/div><\/div>\n\n\n\n<div class=\"wp-block-gutena-accordion-panel-content gutena-accordion-block__panel-content\"><div class=\"gutena-accordion-block__panel-content-inner\">\n<p>A megrendel\u00e9s \u00e1llapot\u00e1r\u00f3l e-mailben \u00e9rtes\u00edtj\u00fck. Alap\u00e9rtelmez\u00e9s szerint h\u00e1romf\u00e9le e-mailt k\u00fcld\u00fcnk: Alap\u00e9rtelmez\u00e9s szerint h\u00e1romf\u00e9le e-mailt k\u00fcld\u00fcnk:<\/p>\n\n\n\n<ul class=\"wp-block-list\">\n<li><strong>Megrendel\u00e9st megkaptuk<\/strong>\u00a0\u2013 az e-mail automatikusan elk\u00fcld\u00e9sre ker\u00fcl a megrendel\u00e9s elk\u00fcld\u00e9s\u00e9nek pillanat\u00e1ban.<\/li>\n\n\n\n<li><strong>K\u00fcld\u00e9sre k\u00e9sz<\/strong>\u00a0\u2013 munkat\u00e1rsunk k\u00fcldi ki, amikor a k\u00fcldem\u00e9ny k\u00e9sz \u00e9s fut\u00e1rnak val\u00f3 \u00e1tad\u00e1sra v\u00e1r<\/li>\n\n\n\n<li><strong>K\u00fcldem\u00e9ny elk\u00fcld\u00e9se<\/strong>\u00a0\u2013 munkat\u00e1rsunk k\u00fcldi ki, amikor a k\u00fcldem\u00e9nyt \u00e1tad\u00e1sra ker\u00fclt a sz\u00e1ll\u00edtm\u00e1nyoz\u00f3 c\u00e9gnek<\/li>\n<\/ul>\n\n\n\n<p>Nem v\u00e1rt esem\u00e9ny eset\u00e9n telefonon felvessz\u00fck \u00d6nnel a kapcsolatot a megrendel\u00e9sben megadott telefonsz\u00e1mon.<\/p>\n<\/div><\/div>\n<\/div>\n\n\n\n<div class=\"wp-block-gutena-accordion-panel gutena-accordion-block__panel\">\n<div class=\"wp-block-gutena-accordion-panel-title gutena-accordion-block__panel-title\"><div class=\"gutena-accordion-block__panel-title-inner\">\n<h6 class=\"wp-block-heading has-text-align-left\" style=\"margin-top:0px;margin-right:0px;margin-bottom:0px;margin-left:0px\">Van lehet\u0151s\u00e9g a kar\u00e1csonyf\u00e1k szem\u00e9lyesen \u00e1tv\u00e9tel\u00e9re is?<\/h6>\n<div class=\"trigger-plus-minus\"><div class=\"horizontal\"><\/div><div class=\"vertical\"><\/div><\/div><\/div><\/div>\n\n\n\n<div class=\"wp-block-gutena-accordion-panel-content gutena-accordion-block__panel-content\"><div class=\"gutena-accordion-block__panel-content-inner\">\n<p style=\"margin-top:0;margin-bottom:0\">A v\u00e1s\u00e1rl\u00e1s csak a\u00a0<a href=\"https:\/\/mukaracsonyfa.hu\/\" target=\"_blank\" rel=\"noopener\">https:\/\/mukaracsonyfa.hu\/<\/a>\u00a0web\u00e1ruh\u00e1zunkon kereszt\u00fcl lehets\u00e9ges. Szem\u00e9lyes \u00e1tv\u00e9telre nincs lehet\u0151s\u00e9g. A m\u0171feny\u0151t csak a fut\u00e1rszolg\u00e1lattal sz\u00e1ll\u00edtjuk ki.<\/p>\n<\/div><\/div>\n<\/div>\n\n\n\n<div class=\"wp-block-gutena-accordion-panel gutena-accordion-block__panel\">\n<div class=\"wp-block-gutena-accordion-panel-title gutena-accordion-block__panel-title\"><div class=\"gutena-accordion-block__panel-title-inner\">\n<h6 class=\"wp-block-heading has-text-align-left\" style=\"margin-top:0px;margin-right:0px;margin-bottom:0px;margin-left:0px\">Meddig lehets\u00e9ges megrendelni a m\u0171feny\u0151t?<\/h6>\n<div class=\"trigger-plus-minus\"><div class=\"horizontal\"><\/div><div class=\"vertical\"><\/div><\/div><\/div><\/div>\n\n\n\n<div class=\"wp-block-gutena-accordion-panel-content gutena-accordion-block__panel-content\"><div class=\"gutena-accordion-block__panel-content-inner\">\n<p style=\"margin-top:0;margin-bottom:0\">A m\u0171feny\u0151k megrendel\u00e9s\u00e9nek utols\u00f3 napja: 2021. december 18. 12. 2021. Ugyanakkor azt javasoljuk, hogy a kar\u00e1csonyf\u00e1t min\u00e9l el\u0151bb rendelje meg, mivel a k\u00f6zelg\u0151 \u00fcnnepek miatt nem minden t\u00edpus \u00e9s m\u00e9ret \u00e9rhet\u0151 el.<\/p>\n<\/div><\/div>\n<\/div>\n\n\n\n<div class=\"wp-block-gutena-accordion-panel gutena-accordion-block__panel\">\n<div class=\"wp-block-gutena-accordion-panel-title gutena-accordion-block__panel-title\"><div class=\"gutena-accordion-block__panel-title-inner\">\n<h6 class=\"wp-block-heading has-text-align-left\" style=\"margin-top:0px;margin-right:0px;margin-bottom:0px;margin-left:0px\">A m\u0171feny\u0151k megfelelnek a biztons\u00e1gi el\u0151\u00edr\u00e1soknak?<\/h6>\n<div class=\"trigger-plus-minus\"><div class=\"horizontal\"><\/div><div class=\"vertical\"><\/div><\/div><\/div><\/div>\n\n\n\n<div class=\"wp-block-gutena-accordion-panel-content gutena-accordion-block__panel-content\"><div class=\"gutena-accordion-block__panel-content-inner\">\n<p style=\"margin-top:0;margin-bottom:0\">M\u0171feny\u0151k a legmagasabb min\u0151s\u00e9g\u0171 anyagokb\u00f3l k\u00e9sz\u00fclnek, \u00e9s megfelelnek a legszigor\u00fabb EU biztons\u00e1gi el\u0151\u00edr\u00e1soknak.<\/p>\n<\/div><\/div>\n<\/div>\n\n\n\n<div class=\"wp-block-gutena-accordion-panel gutena-accordion-block__panel\">\n<div class=\"wp-block-gutena-accordion-panel-title gutena-accordion-block__panel-title\"><div class=\"gutena-accordion-block__panel-title-inner\">\n<h6 class=\"wp-block-heading has-text-align-left\" style=\"margin-top:0px;margin-right:0px;margin-bottom:0px;margin-left:0px\">Lehets\u00e9ges 250 cm-n\u00e9l magasabb m\u0171feny\u0151t rendelni?<\/h6>\n<div class=\"trigger-plus-minus\"><div class=\"horizontal\"><\/div><div class=\"vertical\"><\/div><\/div><\/div><\/div>\n\n\n\n<div class=\"wp-block-gutena-accordion-panel-content gutena-accordion-block__panel-content\"><div class=\"gutena-accordion-block__panel-content-inner\">\n<p style=\"margin-top:0;margin-bottom:0\">Igen, 250 cm-n\u00e9l magasabb m\u0171feny\u0151ket is tudunk biztos\u00edtani. Minden ilyen megrendel\u00e9st egy\u00e9nileg kezel\u00fcnk. Teh\u00e1t ha magasabb kar\u00e1csonyfa \u00e9rdekli, k\u00e9rj\u00fck, vegye fel vel\u00fcnk a kapcsolatot az\u00a0<a href=\"mailto:Info@mujstromecek.cz\">info@mujstromecek.cz<\/a>\u00a0e-mailben.<\/p>\n<\/div><\/div>\n<\/div>\n\n\n\n<div class=\"wp-block-gutena-accordion-panel gutena-accordion-block__panel\">\n<div class=\"wp-block-gutena-accordion-panel-title gutena-accordion-block__panel-title\"><div class=\"gutena-accordion-block__panel-title-inner\">\n<h6 class=\"wp-block-heading has-text-align-left\" style=\"margin-top:0px;margin-right:0px;margin-bottom:0px;margin-left:0px\">Mi a menete, ha m\u00f3dos\u00edtani szeretn\u00e9m a rendel\u00e9semet?<\/h6>\n<div class=\"trigger-plus-minus\"><div class=\"horizontal\"><\/div><div class=\"vertical\"><\/div><\/div><\/div><\/div>\n\n\n\n<div class=\"wp-block-gutena-accordion-panel-content gutena-accordion-block__panel-content\"><div class=\"gutena-accordion-block__panel-content-inner\">\n<p style=\"margin-top:0;margin-bottom:0\">Term\u00e9szetesen lehets\u00e9ges a rendel\u00e9st m\u00f3dos\u00edtani. Ebben az esetben k\u00e9rj\u00fck, vegye fel vel\u00fcnk a kapcsolatot az\u00a0<a href=\"mailto:Info@mujstromecek.cz\">info@mujstromecek.cz<\/a>\u00a0e-mail c\u00edmen. Fontos, hogy a megrendel\u00e9s b\u00e1rmilyen m\u00f3dos\u00edt\u00e1sa m\u00e9g azel\u0151tt t\u00f6rt\u00e9njen meg, miel\u0151tt a fut\u00e1rszolg\u00e1latn\u00e1l r\u00f6gz\u00edt\u00e9sre ker\u00fcl a term\u00e9k kisz\u00e1ll\u00edt\u00e1sa.<\/p>\n<\/div><\/div>\n<\/div>\n\n\n\n<div class=\"wp-block-gutena-accordion-panel gutena-accordion-block__panel\">\n<div class=\"wp-block-gutena-accordion-panel-title gutena-accordion-block__panel-title\"><div class=\"gutena-accordion-block__panel-title-inner\">\n<h6 class=\"wp-block-heading has-text-align-left\" style=\"margin-top:0px;margin-right:0px;margin-bottom:0px;margin-left:0px\">\u00c1FA fizet\u0151k?<\/h6>\n<div class=\"trigger-plus-minus\"><div class=\"horizontal\"><\/div><div class=\"vertical\"><\/div><\/div><\/div><\/div>\n\n\n\n<div class=\"wp-block-gutena-accordion-panel-content gutena-accordion-block__panel-content\"><div class=\"gutena-accordion-block__panel-content-inner\">\n<p style=\"margin-top:0;margin-bottom:0\">Igen, \u00c1FA-fizet\u0151k vagyunk. Az \u00c1FA levon\u00e1sa v\u00e1llalati \u00fcgyfelek sz\u00e1m\u00e1ra haszn\u00e1lhat\u00f3.<\/p>\n<\/div><\/div>\n<\/div>\n\n\n\n<div class=\"wp-block-gutena-accordion-panel gutena-accordion-block__panel\">\n<div class=\"wp-block-gutena-accordion-panel-title gutena-accordion-block__panel-title\"><div class=\"gutena-accordion-block__panel-title-inner\">\n<h6 class=\"wp-block-heading has-text-align-left\" style=\"margin-top:0px;margin-right:0px;margin-bottom:0px;margin-left:0px\">Biztos\u00edtanak nagykereskedelmi \u00e9rt\u00e9kes\u00edt\u00e9st is?<\/h6>\n<div class=\"trigger-plus-minus\"><div class=\"horizontal\"><\/div><div class=\"vertical\"><\/div><\/div><\/div><\/div>\n\n\n\n<div class=\"wp-block-gutena-accordion-panel-content gutena-accordion-block__panel-content\"><div class=\"gutena-accordion-block__panel-content-inner\">\n<p style=\"margin-top:0;margin-bottom:0\">Igen, vegye fel vel\u00fcnk a kapcsolatot:<br>Tom\u00e1\u0161 Turo\u0148<br><a href=\"mailto:b2b@allforcustomer.com\">b2b@allforcustomer.com<\/a><br>+420 724 708 057 (kiz\u00e1r\u00f3lag nagykeresked\u00e9sek r\u00e9sz\u00e9re)<\/p>\n<\/div><\/div>\n<\/div>\n<\/div>\n","protected":false},"excerpt":{"rendered":"<p>K\u00e9sik a csomagja? A csomagja m\u00e1r nincs n\u00e1lunk. Vegye fel a kapcsolatot a sz\u00e1ll\u00edt\u00f3val (GLS fut\u00e1rszolg\u00e1lat), ahol megtudhatja a r\u00e9szleteket. K\u00f6sz\u00f6nj\u00fck! Tracking URL:&nbsp;https:\/\/gls-group.eu\/HU\/ E-mail:&nbsp;info@gls-hungary.com Contact:&nbsp;https:\/\/gls-group.eu\/HU\/hu\/kapcsolat<\/p>\n","protected":false},"author":2,"featured_media":356758,"parent":0,"menu_order":0,"comment_status":"closed","ping_status":"closed","template":"","meta":{"_acf_changed":false,"rank_math_lock_modified_date":false,"footnotes":""},"class_list":["post-356757","page","type-page","status-publish","has-post-thumbnail","hentry"],"acf":[],"_links":{"self":[{"href":"https:\/\/2024.mujstromecek.cz\/hu\/wp-json\/wp\/v2\/pages\/356757","targetHints":{"allow":["GET"]}}],"collection":[{"href":"https:\/\/2024.mujstromecek.cz\/hu\/wp-json\/wp\/v2\/pages"}],"about":[{"href":"https:\/\/2024.mujstromecek.cz\/hu\/wp-json\/wp\/v2\/types\/page"}],"author":[{"embeddable":true,"href":"https:\/\/2024.mujstromecek.cz\/hu\/wp-json\/wp\/v2\/users\/2"}],"replies":[{"embeddable":true,"href":"https:\/\/2024.mujstromecek.cz\/hu\/wp-json\/wp\/v2\/comments?post=356757"}],"version-history":[{"count":0,"href":"https:\/\/2024.mujstromecek.cz\/hu\/wp-json\/wp\/v2\/pages\/356757\/revisions"}],"wp:featuredmedia":[{"embeddable":true,"href":"https:\/\/2024.mujstromecek.cz\/hu\/wp-json\/wp\/v2\/media\/356758"}],"wp:attachment":[{"href":"https:\/\/2024.mujstromecek.cz\/hu\/wp-json\/wp\/v2\/media?parent=356757"}],"curies":[{"name":"wp","href":"https:\/\/api.w.org\/{rel}","templated":true}]}}