{"id":356752,"date":"2024-07-02T16:53:54","date_gmt":"2024-07-02T16:53:54","guid":{"rendered":"https:\/\/2024.mujstromecek.cz\/vymena-zbozi\/"},"modified":"2024-07-12T12:38:45","modified_gmt":"2024-07-12T12:38:45","slug":"termekcsere","status":"publish","type":"page","link":"https:\/\/2024.mujstromecek.cz\/hu\/termekcsere\/","title":{"rendered":"Term\u00e9kcsere"},"content":{"rendered":"\n<h3 class=\"wp-block-heading\">Nem megfelel\u0151 a kar\u00e1csonyfa m\u00e9rete, vagy szeretn\u00e9 lecser\u00e9lni a kar\u00e1csonyf\u00e1t m\u00e1s t\u00edpusra?<\/h3>\n\n\n\n<p>A cser\u00e9re a cseh polg\u00e1ri t\u00f6rv\u00e9nyk\u00f6nyv 1829. \u00a7 (1) bekezd\u00e9s\u00e9nek rendelkez\u00e9sei szerint ker\u00fcl sor. Ez\u00e9rt a term\u00e9kcsere els\u0151 k\u00e9zhezv\u00e9tel\u00e9t\u0151l sz\u00e1m\u00edtott 14 napon bel\u00fcl j\u00f6het l\u00e9tre.<\/p>\n\n\n\n<h3 class=\"wp-block-heading\">Term\u00e9kcsere menete<\/h3>\n\n\n\n<ol class=\"wp-block-list\">\n<li>Hozzon l\u00e9tre \u00faj megrendel\u00e9st a k\u00edv\u00e1nt kar\u00e1csonyf\u00e1val, amelyet azonnal elk\u00fcld\u00fcnk \u00d6nnek.<\/li>\n\n\n\n<li>T\u00f6ltse ki az al\u00e1bbi online \u0171rlapot.<\/li>\n\n\n\n<li>K\u00fcldje el nek\u00fcnk az eredeti kar\u00e1csonyf\u00e1t s\u00e9rtetlen csomagol\u00e1sban, \u00e9s j\u00f3v\u00e1\u00edr\u00e1si sz\u00e1ml\u00e1t \u00e1ll\u00edtunk ki \u00d6nnek.<\/li>\n<\/ol>\n\n\n\n<h3 class=\"wp-block-heading\">Az eredeti kar\u00e1csonyfa visszak\u00fcld\u00e9si c\u00edme:<\/h3>\n\n\n\n<ul class=\"wp-block-list\">\n<li>All4Customer, s.r.o.<\/li>\n\n\n\n<li>Pohrani\u010dn\u00ed 25, 703 00 Ostrava<\/li>\n<\/ul>\n\n\n\n<p>A visszak\u00fcldeni k\u00edv\u00e1nt term\u00e9keknek m\u0171k\u00f6d\u0151k\u00e9peseknek kell lenni\u00fck, \u00e9s nem tartalmazhatnak haszn\u00e1latb\u00f3l ered\u0151 s\u00e9r\u00fcl\u00e9seket\/nyomokat, felbontatlan \u00e1llapotban kell lenni\u00fck. Ez\u00e9rt ugyan\u00fagy kell kin\u00e9zni\u00fck, mint amikor megkapta, bele\u00e9rtve a csomagol\u00e1st \u00e9s a kieg\u00e9sz\u00edt\u0151ket is. Ha a megrendel\u00e9s tartalmazott aj\u00e1nd\u00e9kot, akkor azt is s\u00e9rtetlen \u00e1llapotban vissza kell k\u00fcldenie. Abban az esetben, ha a term\u00e9ken l\u00e1that\u00f3ak a haszn\u00e1latb\u00f3l fakad\u00f3 s\u00e9r\u00fcl\u00e9sek\/nyomok, akkor mi vagy a gy\u00e1rt\u00f3 vissza\u00e1ll\u00edtja azok eredeti \u00e1llapot\u00e1t. Ez egy fizetett szolg\u00e1ltat\u00e1s, amely levon\u00e1sra ker\u00fcl a term\u00e9kek v\u00e9tel\u00e1r\u00e1b\u00f3l a k\u00e9s\u0151bbi j\u00f3v\u00e1\u00edr\u00e1st k\u00f6vet\u0151en.<\/p>\n\n\n\n<div style=\"height:20px\" aria-hidden=\"true\" class=\"wp-block-spacer\"><\/div>\n\n\n\n\t\t<div data-elementor-type=\"section\" data-elementor-id=\"358251\" class=\"elementor elementor-358251 elementor-356122\" data-elementor-post-type=\"elementor_library\">\n\t\t\t\t\t<section class=\"elementor-section elementor-top-section elementor-element elementor-element-2d0a74c3 elementor-section-boxed elementor-section-height-default elementor-section-height-default\" data-id=\"2d0a74c3\" data-element_type=\"section\">\n\t\t\t\t\t\t<div class=\"elementor-container elementor-column-gap-default\">\n\t\t\t\t\t<div class=\"elementor-column elementor-col-100 elementor-top-column elementor-element elementor-element-727c57b5\" data-id=\"727c57b5\" data-element_type=\"column\">\n\t\t\t<div class=\"elementor-widget-wrap elementor-element-populated\">\n\t\t\t\t\t\t<div class=\"elementor-element elementor-element-65a0e45 elementor-button-align-stretch elementor-widget elementor-widget-form\" data-id=\"65a0e45\" data-element_type=\"widget\" data-settings=\"{&quot;step_next_label&quot;:&quot;Dal\\u0161\\u00ed&quot;,&quot;step_previous_label&quot;:&quot;Zp\\u011bt&quot;,&quot;step_type&quot;:&quot;text&quot;,&quot;button_width&quot;:&quot;100&quot;}\" data-widget_type=\"form.default\">\n\t\t\t\t<div class=\"elementor-widget-container\">\n\t\t\t\t\t<form class=\"elementor-form\" method=\"post\" name=\"reklamace hu\">\n\t\t\t<input type=\"hidden\" name=\"post_id\" value=\"358251\"\/>\n\t\t\t<input type=\"hidden\" name=\"form_id\" value=\"65a0e45\"\/>\n\t\t\t<input type=\"hidden\" name=\"referer_title\" value=\"\" \/>\n\n\t\t\t\n\t\t\t<div class=\"elementor-form-fields-wrapper elementor-labels-above\">\n\t\t\t\t\t\t\t\t<div class=\"elementor-field-type-html elementor-field-group elementor-column elementor-field-group-field_12262f6 elementor-col-100\">\n\t\t\t\t\t<p><span style=\"font-size: 24px\"><strong>1. Term\u00e9k inform\u00e1ci\u00f3<\/strong><\/span><\/p>\t\t\t\t<\/div>\n\t\t\t\t\t\t\t\t<div class=\"elementor-field-type-text elementor-field-group elementor-column elementor-field-group-c_objednavky elementor-col-50 elementor-field-required elementor-mark-required\">\n\t\t\t\t\t\t\t\t\t\t\t\t<label for=\"form-field-c_objednavky\" class=\"elementor-field-label\">\n\t\t\t\t\t\t\t\tMegrendel\u00e9s sz\u00e1ma vagy sz\u00e1mla sz\u00e1ma\t\t\t\t\t\t\t<\/label>\n\t\t\t\t\t\t\t\t\t\t\t\t\t\t<input size=\"1\" type=\"text\" name=\"form_fields[c_objednavky]\" id=\"form-field-c_objednavky\" class=\"elementor-field elementor-size-md  elementor-field-textual\" required=\"required\" aria-required=\"true\">\n\t\t\t\t\t\t\t\t\t\t\t<\/div>\n\t\t\t\t\t\t\t\t<div class=\"elementor-field-type-text elementor-field-group elementor-column elementor-field-group-nazev_produktu elementor-col-50 elementor-field-required elementor-mark-required\">\n\t\t\t\t\t\t\t\t\t\t\t\t<label for=\"form-field-nazev_produktu\" class=\"elementor-field-label\">\n\t\t\t\t\t\t\t\tTerm\u00e9k megnevez\u00e9s\t\t\t\t\t\t\t<\/label>\n\t\t\t\t\t\t\t\t\t\t\t\t\t\t<input size=\"1\" type=\"text\" name=\"form_fields[nazev_produktu]\" id=\"form-field-nazev_produktu\" class=\"elementor-field elementor-size-md  elementor-field-textual\" required=\"required\" aria-required=\"true\">\n\t\t\t\t\t\t\t\t\t\t\t<\/div>\n\t\t\t\t\t\t\t\t<div class=\"elementor-field-type-textarea elementor-field-group elementor-column elementor-field-group-popis_zavady elementor-col-100 elementor-field-required elementor-mark-required\">\n\t\t\t\t\t\t\t\t\t\t\t\t<label for=\"form-field-popis_zavady\" class=\"elementor-field-label\">\n\t\t\t\t\t\t\t\tHiba le\u00edr\u00e1sa\t\t\t\t\t\t\t<\/label>\n\t\t\t\t\t\t<textarea class=\"elementor-field-textual elementor-field  elementor-size-md\" name=\"form_fields[popis_zavady]\" id=\"form-field-popis_zavady\" rows=\"4\" required=\"required\" aria-required=\"true\"><\/textarea>\t\t\t\t<\/div>\n\t\t\t\t\t\t\t\t<div class=\"elementor-field-type-select elementor-field-group elementor-column elementor-field-group-field_ca04555 elementor-col-50 elementor-field-required elementor-mark-required\">\n\t\t\t\t\t\t\t\t\t\t\t\t<label for=\"form-field-field_ca04555\" class=\"elementor-field-label\">\n\t\t\t\t\t\t\t\tEl\u0151nyben r\u00e9szes\u00edtett elsz\u00e1mol\u00e1si m\u00f3dszer\t\t\t\t\t\t\t<\/label>\n\t\t\t\t\t\t\t\t<div class=\"elementor-field elementor-select-wrapper remove-before \">\n\t\t\t<div class=\"select-caret-down-wrapper\">\n\t\t\t\t<svg aria-hidden=\"true\" class=\"e-font-icon-svg e-eicon-caret-down\" viewBox=\"0 0 571.4 571.4\" xmlns=\"http:\/\/www.w3.org\/2000\/svg\"><path d=\"M571 393Q571 407 561 418L311 668Q300 679 286 679T261 668L11 418Q0 407 0 393T11 368 36 357H536Q550 357 561 368T571 393Z\"><\/path><\/svg>\t\t\t<\/div>\n\t\t\t<select name=\"form_fields[field_ca04555]\" id=\"form-field-field_ca04555\" class=\"elementor-field-textual elementor-size-md\" required=\"required\" aria-required=\"true\">\n\t\t\t\t\t\t\t\t\t<option value=\"Csere\">Csere<\/option>\n\t\t\t\t\t\t\t\t\t<option value=\"Jav\u00edt\u00e1s\">Jav\u00edt\u00e1s<\/option>\n\t\t\t\t\t\t\t\t\t<option value=\"J\u00f3v\u00e1\u00edr\u00e1s\">J\u00f3v\u00e1\u00edr\u00e1s<\/option>\n\t\t\t\t\t\t\t<\/select>\n\t\t<\/div>\n\t\t\t\t\t\t<\/div>\n\t\t\t\t\t\t\t\t<div class=\"elementor-field-type-text elementor-field-group elementor-column elementor-field-group-field_15782a9 elementor-col-50\">\n\t\t\t\t\t\t\t\t\t\t\t\t<label for=\"form-field-field_15782a9\" class=\"elementor-field-label\">\n\t\t\t\t\t\t\t\tBanksz\u00e1mlasz\u00e1m\t\t\t\t\t\t\t<\/label>\n\t\t\t\t\t\t\t\t\t\t\t\t\t\t<input size=\"1\" type=\"text\" name=\"form_fields[field_15782a9]\" id=\"form-field-field_15782a9\" class=\"elementor-field elementor-size-md  elementor-field-textual\">\n\t\t\t\t\t\t\t\t\t\t\t<\/div>\n\t\t\t\t\t\t\t\t<div class=\"elementor-field-type-upload elementor-field-group elementor-column elementor-field-group-field_8883b1e elementor-col-33\">\n\t\t\t\t\t\t\t\t\t\t\t\t<label for=\"form-field-field_8883b1e\" class=\"elementor-field-label\">\n\t\t\t\t\t\t\t\tF\u00e9nyk\u00e9p 1\t\t\t\t\t\t\t<\/label>\n\t\t\t\t\t\t\t\t<input type=\"file\" name=\"form_fields[field_8883b1e]\" id=\"form-field-field_8883b1e\" class=\"elementor-field elementor-size-md  elementor-upload-field\" data-maxsize=\"2\" data-maxsize-message=\"This file exceeds the maximum allowed size.\">\n\n\t\t\t\t\t\t<\/div>\n\t\t\t\t\t\t\t\t<div class=\"elementor-field-type-upload elementor-field-group elementor-column elementor-field-group-field_f35fdc5 elementor-col-33\">\n\t\t\t\t\t\t\t\t\t\t\t\t<label for=\"form-field-field_f35fdc5\" class=\"elementor-field-label\">\n\t\t\t\t\t\t\t\tF\u00e9nyk\u00e9p 2\t\t\t\t\t\t\t<\/label>\n\t\t\t\t\t\t\t\t<input type=\"file\" name=\"form_fields[field_f35fdc5]\" id=\"form-field-field_f35fdc5\" class=\"elementor-field elementor-size-md  elementor-upload-field\" data-maxsize=\"2\" data-maxsize-message=\"This file exceeds the maximum allowed size.\">\n\n\t\t\t\t\t\t<\/div>\n\t\t\t\t\t\t\t\t<div class=\"elementor-field-type-upload elementor-field-group elementor-column elementor-field-group-field_f1875f1 elementor-col-33\">\n\t\t\t\t\t\t\t\t\t\t\t\t<label for=\"form-field-field_f1875f1\" class=\"elementor-field-label\">\n\t\t\t\t\t\t\t\tF\u00e9nyk\u00e9p 3\t\t\t\t\t\t\t<\/label>\n\t\t\t\t\t\t\t\t<input type=\"file\" name=\"form_fields[field_f1875f1]\" id=\"form-field-field_f1875f1\" class=\"elementor-field elementor-size-md  elementor-upload-field\" data-maxsize=\"2\" data-maxsize-message=\"This file exceeds the maximum allowed size.\">\n\n\t\t\t\t\t\t<\/div>\n\t\t\t\t\t\t\t\t<div class=\"elementor-field-type-html elementor-field-group elementor-column elementor-field-group-field_9166ca4 elementor-col-100\">\n\t\t\t\t\t<p><span style=\"font-size: 24px\"><strong>2. V\u00e1s\u00e1rl\u00f3 adatai<\/strong><\/span><\/p>\t\t\t\t<\/div>\n\t\t\t\t\t\t\t\t<div class=\"elementor-field-type-text elementor-field-group elementor-column elementor-field-group-jmeno elementor-col-50 elementor-field-required elementor-mark-required\">\n\t\t\t\t\t\t\t\t\t\t\t\t<label for=\"form-field-jmeno\" class=\"elementor-field-label\">\n\t\t\t\t\t\t\t\tKeresztn\u00e9v \u00e9s vezet\u00e9kn\u00e9v\t\t\t\t\t\t\t<\/label>\n\t\t\t\t\t\t\t\t\t\t\t\t\t\t<input size=\"1\" type=\"text\" name=\"form_fields[jmeno]\" id=\"form-field-jmeno\" class=\"elementor-field elementor-size-md  elementor-field-textual\" required=\"required\" aria-required=\"true\">\n\t\t\t\t\t\t\t\t\t\t\t<\/div>\n\t\t\t\t\t\t\t\t<div class=\"elementor-field-type-text elementor-field-group elementor-column elementor-field-group-spolecnost elementor-col-50\">\n\t\t\t\t\t\t\t\t\t\t\t\t<label for=\"form-field-spolecnost\" class=\"elementor-field-label\">\n\t\t\t\t\t\t\t\tC\u00e9gn\u00e9v\t\t\t\t\t\t\t<\/label>\n\t\t\t\t\t\t\t\t\t\t\t\t\t\t<input size=\"1\" type=\"text\" name=\"form_fields[spolecnost]\" id=\"form-field-spolecnost\" class=\"elementor-field elementor-size-md  elementor-field-textual\">\n\t\t\t\t\t\t\t\t\t\t\t<\/div>\n\t\t\t\t\t\t\t\t<div class=\"elementor-field-type-text elementor-field-group elementor-column elementor-field-group-adresa elementor-col-33 elementor-field-required elementor-mark-required\">\n\t\t\t\t\t\t\t\t\t\t\t\t<label for=\"form-field-adresa\" class=\"elementor-field-label\">\n\t\t\t\t\t\t\t\tUtca \u00e9s h\u00e1zsz\u00e1m\t\t\t\t\t\t\t<\/label>\n\t\t\t\t\t\t\t\t\t\t\t\t\t\t<input size=\"1\" type=\"text\" name=\"form_fields[adresa]\" id=\"form-field-adresa\" class=\"elementor-field elementor-size-md  elementor-field-textual\" required=\"required\" aria-required=\"true\">\n\t\t\t\t\t\t\t\t\t\t\t<\/div>\n\t\t\t\t\t\t\t\t<div class=\"elementor-field-type-text elementor-field-group elementor-column elementor-field-group-mesto elementor-col-33 elementor-field-required elementor-mark-required\">\n\t\t\t\t\t\t\t\t\t\t\t\t<label for=\"form-field-mesto\" class=\"elementor-field-label\">\n\t\t\t\t\t\t\t\tV\u00e1ros\t\t\t\t\t\t\t<\/label>\n\t\t\t\t\t\t\t\t\t\t\t\t\t\t<input size=\"1\" type=\"text\" name=\"form_fields[mesto]\" id=\"form-field-mesto\" class=\"elementor-field elementor-size-md  elementor-field-textual\" required=\"required\" aria-required=\"true\">\n\t\t\t\t\t\t\t\t\t\t\t<\/div>\n\t\t\t\t\t\t\t\t<div class=\"elementor-field-type-text elementor-field-group elementor-column elementor-field-group-psc elementor-col-33 elementor-field-required elementor-mark-required\">\n\t\t\t\t\t\t\t\t\t\t\t\t<label for=\"form-field-psc\" class=\"elementor-field-label\">\n\t\t\t\t\t\t\t\tIr\u00e1ny\u00edt\u00f3sz\u00e1m\t\t\t\t\t\t\t<\/label>\n\t\t\t\t\t\t\t\t\t\t\t\t\t\t<input size=\"1\" type=\"text\" name=\"form_fields[psc]\" id=\"form-field-psc\" class=\"elementor-field elementor-size-md  elementor-field-textual\" required=\"required\" aria-required=\"true\">\n\t\t\t\t\t\t\t\t\t\t\t<\/div>\n\t\t\t\t\t\t\t\t<div class=\"elementor-field-type-text elementor-field-group elementor-column elementor-field-group-telefon elementor-col-50 elementor-field-required elementor-mark-required\">\n\t\t\t\t\t\t\t\t\t\t\t\t<label for=\"form-field-telefon\" class=\"elementor-field-label\">\n\t\t\t\t\t\t\t\tTelefonsz\u00e1m\t\t\t\t\t\t\t<\/label>\n\t\t\t\t\t\t\t\t\t\t\t\t\t\t<input size=\"1\" type=\"text\" name=\"form_fields[telefon]\" id=\"form-field-telefon\" class=\"elementor-field elementor-size-md  elementor-field-textual\" required=\"required\" aria-required=\"true\">\n\t\t\t\t\t\t\t\t\t\t\t<\/div>\n\t\t\t\t\t\t\t\t<div class=\"elementor-field-type-email elementor-field-group elementor-column elementor-field-group-e_mail elementor-col-50 elementor-field-required elementor-mark-required\">\n\t\t\t\t\t\t\t\t\t\t\t\t<label for=\"form-field-e_mail\" class=\"elementor-field-label\">\n\t\t\t\t\t\t\t\tE-mail\t\t\t\t\t\t\t<\/label>\n\t\t\t\t\t\t\t\t\t\t\t\t\t\t<input size=\"1\" type=\"email\" name=\"form_fields[e_mail]\" id=\"form-field-e_mail\" class=\"elementor-field elementor-size-md  elementor-field-textual\" required=\"required\" aria-required=\"true\">\n\t\t\t\t\t\t\t\t\t\t\t<\/div>\n\t\t\t\t\t\t\t\t<div class=\"elementor-field-type-textarea elementor-field-group elementor-column elementor-field-group-poznamka elementor-col-100\">\n\t\t\t\t\t\t\t\t\t\t\t\t<label for=\"form-field-poznamka\" class=\"elementor-field-label\">\n\t\t\t\t\t\t\t\tMegjegyz\u00e9s\t\t\t\t\t\t\t<\/label>\n\t\t\t\t\t\t<textarea class=\"elementor-field-textual elementor-field  elementor-size-md\" name=\"form_fields[poznamka]\" id=\"form-field-poznamka\" rows=\"4\"><\/textarea>\t\t\t\t<\/div>\n\t\t\t\t\t\t\t\t<div class=\"elementor-field-type-text\">\n\t\t\t\t\t<input size=\"1\" type=\"text\" name=\"form_fields[field_27ab9cb]\" id=\"form-field-field_27ab9cb\" class=\"elementor-field elementor-size-md \" style=\"display:none !important;\">\t\t\t\t<\/div>\n\t\t\t\t\t\t\t\t<div class=\"elementor-field-group elementor-column elementor-field-type-submit elementor-col-100 e-form__buttons\">\n\t\t\t\t\t<button class=\"elementor-button elementor-size-md\" type=\"submit\">\n\t\t\t\t\t\t<span class=\"elementor-button-content-wrapper\">\n\t\t\t\t\t\t\t\t\t\t\t\t\t\t\t\t\t\t\t\t\t\t<span class=\"elementor-button-text\">\u0170rlap bek\u00fcld\u00e9se<\/span>\n\t\t\t\t\t\t\t\t\t\t\t\t\t<\/span>\n\t\t\t\t\t<\/button>\n\t\t\t\t<\/div>\n\t\t\t<\/div>\n\t\t<\/form>\n\t\t\t\t<\/div>\n\t\t\t\t<\/div>\n\t\t\t\t\t<\/div>\n\t\t<\/div>\n\t\t\t\t\t<\/div>\n\t\t<\/section>\n\t\t\t\t<\/div>\n\t\t\n\n\n\n<div style=\"height:160px\" aria-hidden=\"true\" class=\"wp-block-spacer\"><\/div>\n","protected":false},"excerpt":{"rendered":"<p>Nem megfelel\u0151 a kar\u00e1csonyfa m\u00e9rete, vagy szeretn\u00e9 lecser\u00e9lni a kar\u00e1csonyf\u00e1t m\u00e1s t\u00edpusra? A cser\u00e9re a cseh polg\u00e1ri t\u00f6rv\u00e9nyk\u00f6nyv 1829. \u00a7 (1) bekezd\u00e9s\u00e9nek rendelkez\u00e9sei szerint ker\u00fcl sor. Ez\u00e9rt a term\u00e9kcsere els\u0151 k\u00e9zhezv\u00e9tel\u00e9t\u0151l sz\u00e1m\u00edtott 14 napon bel\u00fcl j\u00f6het l\u00e9tre. Term\u00e9kcsere menete Az eredeti kar\u00e1csonyfa visszak\u00fcld\u00e9si c\u00edme: A visszak\u00fcldeni k\u00edv\u00e1nt term\u00e9keknek m\u0171k\u00f6d\u0151k\u00e9peseknek kell lenni\u00fck, \u00e9s nem tartalmazhatnak haszn\u00e1latb\u00f3l [&hellip;]<\/p>\n","protected":false},"author":2,"featured_media":0,"parent":0,"menu_order":0,"comment_status":"closed","ping_status":"closed","template":"","meta":{"_acf_changed":false,"rank_math_lock_modified_date":false,"footnotes":""},"class_list":["post-356752","page","type-page","status-publish","hentry"],"acf":[],"_links":{"self":[{"href":"https:\/\/2024.mujstromecek.cz\/hu\/wp-json\/wp\/v2\/pages\/356752","targetHints":{"allow":["GET"]}}],"collection":[{"href":"https:\/\/2024.mujstromecek.cz\/hu\/wp-json\/wp\/v2\/pages"}],"about":[{"href":"https:\/\/2024.mujstromecek.cz\/hu\/wp-json\/wp\/v2\/types\/page"}],"author":[{"embeddable":true,"href":"https:\/\/2024.mujstromecek.cz\/hu\/wp-json\/wp\/v2\/users\/2"}],"replies":[{"embeddable":true,"href":"https:\/\/2024.mujstromecek.cz\/hu\/wp-json\/wp\/v2\/comments?post=356752"}],"version-history":[{"count":0,"href":"https:\/\/2024.mujstromecek.cz\/hu\/wp-json\/wp\/v2\/pages\/356752\/revisions"}],"wp:attachment":[{"href":"https:\/\/2024.mujstromecek.cz\/hu\/wp-json\/wp\/v2\/media?parent=356752"}],"curies":[{"name":"wp","href":"https:\/\/api.w.org\/{rel}","templated":true}]}}