{"id":356747,"date":"2024-07-02T13:45:40","date_gmt":"2024-07-02T13:45:40","guid":{"rendered":"https:\/\/2024.mujstromecek.cz\/vyhody-nakupu-u-nas\/"},"modified":"2024-07-12T12:34:15","modified_gmt":"2024-07-12T12:34:15","slug":"miert-vasarol-tolunk","status":"publish","type":"page","link":"https:\/\/2024.mujstromecek.cz\/hu\/miert-vasarol-tolunk\/","title":{"rendered":"Mi\u00e9rt v\u00e1s\u00e1rol t\u0151l\u00fcnk"},"content":{"rendered":"\n<div class=\"wp-block-columns is-layout-flex wp-container-core-columns-is-layout-9d6595d7 wp-block-columns-is-layout-flex\">\n<div class=\"wp-block-column is-layout-flow wp-block-column-is-layout-flow\">\n<div class=\"wp-block-media-text is-stacked-on-mobile is-vertically-aligned-top\" style=\"grid-template-columns:15% auto\"><figure class=\"wp-block-media-text__media\"><img decoding=\"async\" src=\"https:\/\/2024.mujstromecek.cz\/wp-content\/uploads\/2024\/06\/delivery.svg\" alt=\"\" class=\"wp-image-355118 size-full\"><\/figure><div class=\"wp-block-media-text__content\">\n<h3 class=\"wp-block-heading\">Ingyenes sz\u00e1ll\u00edt\u00e1s<\/h3>\n\n\n\n<p>Valamennyi f\u00e1nk eset\u00e9ben ingyenes a h\u00e1zhoz sz\u00e1ll\u00edt\u00e1s Csehorsz\u00e1g eg\u00e9sz ter\u00fclet\u00e9n, pl. \u00edgy csak a fa \u00e1rat kell kifizetni, nem sz\u00e1m\u00edtunk fel tov\u00e1bbi d\u00edjakat. Ennek k\u00f6sz\u00f6nhet\u0151en\u00a0<strong>egyszer\u0171en<\/strong>, k\u00e9nyelmesen \u00e9s k\u00f6nnyed\u00e9n\u00a0<strong>megv\u00e1s\u00e1rolhatja<\/strong>\u00a0a\u00a0<strong>f\u00e1t az otthon\u00e1ba<\/strong>,\u00a0<strong>INGYENES kisz\u00e1ll\u00edt\u00e1ssal!<\/strong><\/p>\n<\/div><\/div>\n<\/div>\n\n\n\n<div class=\"wp-block-column is-layout-flow wp-block-column-is-layout-flow\">\n<div class=\"wp-block-media-text is-stacked-on-mobile is-vertically-aligned-top\" style=\"grid-template-columns:15% auto\"><figure class=\"wp-block-media-text__media\"><img decoding=\"async\" src=\"https:\/\/2024.mujstromecek.cz\/wp-content\/uploads\/2024\/06\/guarantee.svg\" alt=\"\" class=\"wp-image-355111 size-full\"><\/figure><div class=\"wp-block-media-text__content\">\n<h3 class=\"wp-block-heading\">Garant\u00e1ljuk, hogy a rendel\u00e9s\u00e9t kar\u00e1csonyig megkapja!<\/h3>\n\n\n\n<p><strong><strong>Amennyiben rendel\u00e9s\u00e9t 2024. december 17-ig adta le, garant\u00e1ljuk, hogy a m\u0171feny\u0151 kar\u00e1csonyig meg\u00e9rkezik otthon\u00e1ba!<\/strong><\/strong><\/p>\n<\/div><\/div>\n<\/div>\n<\/div>\n\n\n\n<div class=\"wp-block-columns is-layout-flex wp-container-core-columns-is-layout-9d6595d7 wp-block-columns-is-layout-flex\">\n<div class=\"wp-block-column is-layout-flow wp-block-column-is-layout-flow\">\n<div class=\"wp-block-media-text is-stacked-on-mobile is-vertically-aligned-top\" style=\"grid-template-columns:15% auto\"><figure class=\"wp-block-media-text__media\"><img decoding=\"async\" src=\"https:\/\/2024.mujstromecek.cz\/wp-content\/uploads\/2024\/06\/guarantee-1.svg\" alt=\"\" class=\"wp-image-355113 size-full\"><\/figure><div class=\"wp-block-media-text__content\">\n<h3 class=\"wp-block-heading\">Min\u0151s\u00e9gi garancia<\/h3>\n\n\n\n<p>M\u0171feny\u0151k el\u0151\u00e1ll\u00edt\u00e1sa sor\u00e1n csak min\u0151s\u00e9gi&nbsp;<strong>anyagokat haszn\u00e1lunk<\/strong>, amelyek sok \u00e9vig&nbsp;<strong>garant\u00e1lj\u00e1k a t\u00f6k\u00e9letes<\/strong>&nbsp;megjelen\u00e9st.<\/p>\n\n\n\n<p>Amennyiben valami nincs rendben, a&nbsp;<strong>hi\u00e1nyz\u00f3 alkatr\u00e9szeket<\/strong>&nbsp;ingyenesen kisz\u00e1ll\u00edtjuk,&nbsp;<strong>vagy megszervezz\u00fck<\/strong>&nbsp;a s\u00e9r\u00fclt kar\u00e1csonya cser\u00e9j\u00e9t.&nbsp;<strong>Ne agg\u00f3djon \u2013 b\u00e1rmilyen probl\u00e9m\u00e1t gyorsan, felesleges gondok \u00e9s t\u00f6bbletk\u00f6lts\u00e9gek n\u00e9lk\u00fcl meg tudunk oldani!<\/strong><\/p>\n<\/div><\/div>\n<\/div>\n\n\n\n<div class=\"wp-block-column is-layout-flow wp-block-column-is-layout-flow\">\n<div class=\"wp-block-media-text is-stacked-on-mobile is-vertically-aligned-top\" style=\"grid-template-columns:15% auto\"><figure class=\"wp-block-media-text__media\"><img decoding=\"async\" src=\"https:\/\/2024.mujstromecek.cz\/wp-content\/uploads\/2024\/06\/add-group.svg\" alt=\"\" class=\"wp-image-355120 size-full\"><\/figure><div class=\"wp-block-media-text__content\">\n<h3 class=\"wp-block-heading\">V\u00e1s\u00e1rl\u00f3I el\u00e9gedetts\u00e9g<\/h3>\n\n\n\n<p>T\u00f6bb mint\u00a0<strong>100 000+<\/strong>\u00a0<strong>el\u00e9gedett \u00fcgyfel\u00fcnk<\/strong>\u00a0bizony\u00edtja, hogy m\u0171feny\u0151k kiv\u00e1l\u00f3 min\u0151s\u00e9g\u0171ek. N\u00e9zze meg az \u00fcgyfeleink \u00e9rt\u00e9kel\u00e9s\u00e9t a\u00a0<a href=\"https:\/\/www.facebook.com\/mujstromecek\/\" target=\"_blank\" rel=\"noreferrer noopener\">Facebook<\/a>\u00a0oldalunkon vagy\u00a0<a href=\"https:\/\/obchody.heureka.cz\/mujstromecek-cz\/recenze\/\" target=\"_blank\" rel=\"noreferrer noopener\">Heurek\u00e1-n<\/a>.<\/p>\n<\/div><\/div>\n<\/div>\n<\/div>\n\n\n\n<div class=\"wp-block-columns is-layout-flex wp-container-core-columns-is-layout-9d6595d7 wp-block-columns-is-layout-flex\">\n<div class=\"wp-block-column is-layout-flow wp-block-column-is-layout-flow\">\n<div class=\"wp-block-media-text is-stacked-on-mobile is-vertically-aligned-top\" style=\"grid-template-columns:15% auto\"><figure class=\"wp-block-media-text__media\"><img decoding=\"async\" src=\"https:\/\/2024.mujstromecek.cz\/wp-content\/uploads\/2024\/06\/chat.svg\" alt=\"\" class=\"wp-image-355142 size-full\"><\/figure><div class=\"wp-block-media-text__content\">\n<h3 class=\"wp-block-heading\">Vev\u0151szolg\u00e1lat<\/h3>\n\n\n\n<p>\u00dcgyfeleinknek k\u00eds\u00e9r\u0151 szolg\u00e1ltat\u00e1sok sz\u00e9les sk\u00e1l\u00e1j\u00e1t k\u00edn\u00e1ljuk, amelynek k\u00f6sz\u00f6nhet\u0151en a v\u00e1s\u00e1rl\u00e1s nagyon gyors \u00e9s egyszer\u0171. Munkat\u00e1rsaink sz\u00edvesen v\u00e1laszolnak minden k\u00e9rd\u00e9s\u00e9re, vagy seg\u00edtenek a rendel\u00e9s elk\u00e9sz\u00edt\u00e9s\u00e9ben. Mindig rendelkez\u00e9sre \u00e1llunk\u00a0<strong>chaten<\/strong>\u00a0(jobb oldali sarokban) vagy\u00a0<strong>e-mailben<\/strong>\u00a0(<a href=\"mailto:dotazy@mujstromecek.cz\">info@mukaracsonyfa.hu<\/a>), telefonon +420 777 470 538 (H\u00e9tf\u0151t\u0151l p\u00e9ntekig 9-17 \u00f3ra k\u00f6z\u00f6tt).<\/p>\n<\/div><\/div>\n<\/div>\n\n\n\n<div class=\"wp-block-column is-layout-flow wp-block-column-is-layout-flow\"><\/div>\n<\/div>\n","protected":false},"excerpt":{"rendered":"<p>Ingyenes sz\u00e1ll\u00edt\u00e1s Valamennyi f\u00e1nk eset\u00e9ben ingyenes a h\u00e1zhoz sz\u00e1ll\u00edt\u00e1s Csehorsz\u00e1g eg\u00e9sz ter\u00fclet\u00e9n, pl. \u00edgy csak a fa \u00e1rat kell kifizetni, nem sz\u00e1m\u00edtunk fel tov\u00e1bbi d\u00edjakat. Ennek k\u00f6sz\u00f6nhet\u0151en\u00a0egyszer\u0171en, k\u00e9nyelmesen \u00e9s k\u00f6nnyed\u00e9n\u00a0megv\u00e1s\u00e1rolhatja\u00a0a\u00a0f\u00e1t az otthon\u00e1ba,\u00a0INGYENES kisz\u00e1ll\u00edt\u00e1ssal! Garant\u00e1ljuk, hogy a rendel\u00e9s\u00e9t kar\u00e1csonyig megkapja! Amennyiben rendel\u00e9s\u00e9t 2024. december 17-ig adta le, garant\u00e1ljuk, hogy a m\u0171feny\u0151 kar\u00e1csonyig meg\u00e9rkezik otthon\u00e1ba! Min\u0151s\u00e9gi garancia [&hellip;]<\/p>\n","protected":false},"author":2,"featured_media":356748,"parent":0,"menu_order":0,"comment_status":"closed","ping_status":"closed","template":"","meta":{"_acf_changed":false,"rank_math_lock_modified_date":false,"footnotes":""},"class_list":["post-356747","page","type-page","status-publish","has-post-thumbnail","hentry"],"acf":[],"_links":{"self":[{"href":"https:\/\/2024.mujstromecek.cz\/hu\/wp-json\/wp\/v2\/pages\/356747","targetHints":{"allow":["GET"]}}],"collection":[{"href":"https:\/\/2024.mujstromecek.cz\/hu\/wp-json\/wp\/v2\/pages"}],"about":[{"href":"https:\/\/2024.mujstromecek.cz\/hu\/wp-json\/wp\/v2\/types\/page"}],"author":[{"embeddable":true,"href":"https:\/\/2024.mujstromecek.cz\/hu\/wp-json\/wp\/v2\/users\/2"}],"replies":[{"embeddable":true,"href":"https:\/\/2024.mujstromecek.cz\/hu\/wp-json\/wp\/v2\/comments?post=356747"}],"version-history":[{"count":0,"href":"https:\/\/2024.mujstromecek.cz\/hu\/wp-json\/wp\/v2\/pages\/356747\/revisions"}],"wp:featuredmedia":[{"embeddable":true,"href":"https:\/\/2024.mujstromecek.cz\/hu\/wp-json\/wp\/v2\/media\/356748"}],"wp:attachment":[{"href":"https:\/\/2024.mujstromecek.cz\/hu\/wp-json\/wp\/v2\/media?parent=356747"}],"curies":[{"name":"wp","href":"https:\/\/api.w.org\/{rel}","templated":true}]}}