{"id":356738,"date":"2024-07-02T15:42:10","date_gmt":"2024-07-02T15:42:10","guid":{"rendered":"https:\/\/2024.mujstromecek.cz\/sledovani-zasilky\/"},"modified":"2024-07-12T12:26:47","modified_gmt":"2024-07-12T12:26:47","slug":"szallitmany-kovetes","status":"publish","type":"page","link":"https:\/\/2024.mujstromecek.cz\/hu\/szallitmany-kovetes\/","title":{"rendered":"Sz\u00e1ll\u00edtm\u00e1ny k\u00f6vet\u00e9s"},"content":{"rendered":"\n<h2 class=\"wp-block-heading\"><strong>Tracking URL<\/strong>:<br><strong><a href=\"https:\/\/gls-group.eu\/HU\/hu\/csomagkovetes.html?match=\" target=\"_blank\" rel=\"noopener\">https:\/\/gls-group.eu\/HU\/hu\/csomagkovetes.html?match=<\/a><\/strong><\/h2>\n\n\n\n<div style=\"height:20px\" aria-hidden=\"true\" class=\"wp-block-spacer\"><\/div>\n\n\n\n<p><strong>E-mail<\/strong>:&nbsp;<strong><a href=\"mailto:info@gls-hungary.com\">info@gls-hungary.com<\/a><\/strong><br><strong>Contact<\/strong>:&nbsp;<a href=\"https:\/\/gls-group.eu\/HU\/hu\/kapcsolat\" target=\"_blank\" rel=\"noopener\">https:\/\/gls-group.eu\/HU\/hu\/kapcsolat<\/a><\/p>\n\n\n\n<div style=\"height:20px\" aria-hidden=\"true\" class=\"wp-block-spacer\"><\/div>\n\n\n\n<figure class=\"wp-block-image size-large is-resized\"><img fetchpriority=\"high\" decoding=\"async\" width=\"1024\" height=\"276\" src=\"https:\/\/2024.mujstromecek.cz\/wp-content\/uploads\/2024\/06\/gls-logo-positive-rgb-download-11622-edit-kopie-1024x276.webp\" alt=\"\" class=\"wp-image-356628\" style=\"width:133px;height:auto\" srcset=\"https:\/\/2024.mujstromecek.cz\/wp-content\/uploads\/2024\/06\/gls-logo-positive-rgb-download-11622-edit-kopie-1024x276.webp 1024w, https:\/\/2024.mujstromecek.cz\/wp-content\/uploads\/2024\/06\/gls-logo-positive-rgb-download-11622-edit-kopie-300x81.webp 300w, https:\/\/2024.mujstromecek.cz\/wp-content\/uploads\/2024\/06\/gls-logo-positive-rgb-download-11622-edit-kopie-768x207.webp 768w, https:\/\/2024.mujstromecek.cz\/wp-content\/uploads\/2024\/06\/gls-logo-positive-rgb-download-11622-edit-kopie-600x161.webp 600w, https:\/\/2024.mujstromecek.cz\/wp-content\/uploads\/2024\/06\/gls-logo-positive-rgb-download-11622-edit-kopie.webp 1063w\" sizes=\"(max-width: 1024px) 100vw, 1024px\" \/><\/figure>\n\n\n\n<div style=\"height:100px\" aria-hidden=\"true\" class=\"wp-block-spacer\"><\/div>\n","protected":false},"excerpt":{"rendered":"<p>Tracking URL:https:\/\/gls-group.eu\/HU\/hu\/csomagkovetes.html?match= E-mail:&nbsp;info@gls-hungary.comContact:&nbsp;https:\/\/gls-group.eu\/HU\/hu\/kapcsolat<\/p>\n","protected":false},"author":2,"featured_media":356739,"parent":0,"menu_order":0,"comment_status":"closed","ping_status":"closed","template":"","meta":{"_acf_changed":false,"rank_math_lock_modified_date":false,"footnotes":""},"class_list":["post-356738","page","type-page","status-publish","has-post-thumbnail","hentry"],"acf":[],"_links":{"self":[{"href":"https:\/\/2024.mujstromecek.cz\/hu\/wp-json\/wp\/v2\/pages\/356738","targetHints":{"allow":["GET"]}}],"collection":[{"href":"https:\/\/2024.mujstromecek.cz\/hu\/wp-json\/wp\/v2\/pages"}],"about":[{"href":"https:\/\/2024.mujstromecek.cz\/hu\/wp-json\/wp\/v2\/types\/page"}],"author":[{"embeddable":true,"href":"https:\/\/2024.mujstromecek.cz\/hu\/wp-json\/wp\/v2\/users\/2"}],"replies":[{"embeddable":true,"href":"https:\/\/2024.mujstromecek.cz\/hu\/wp-json\/wp\/v2\/comments?post=356738"}],"version-history":[{"count":0,"href":"https:\/\/2024.mujstromecek.cz\/hu\/wp-json\/wp\/v2\/pages\/356738\/revisions"}],"wp:featuredmedia":[{"embeddable":true,"href":"https:\/\/2024.mujstromecek.cz\/hu\/wp-json\/wp\/v2\/media\/356739"}],"wp:attachment":[{"href":"https:\/\/2024.mujstromecek.cz\/hu\/wp-json\/wp\/v2\/media?parent=356738"}],"curies":[{"name":"wp","href":"https:\/\/api.w.org\/{rel}","templated":true}]}}