{"id":356727,"date":"2024-07-02T15:47:42","date_gmt":"2024-07-02T15:47:42","guid":{"rendered":"https:\/\/2024.mujstromecek.cz\/kontakty\/"},"modified":"2024-07-12T12:15:25","modified_gmt":"2024-07-12T12:15:25","slug":"kapcsolatba-lepni","status":"publish","type":"page","link":"https:\/\/2024.mujstromecek.cz\/hu\/kapcsolatba-lepni\/","title":{"rendered":"Kapcsolatba l\u00e9pni"},"content":{"rendered":"\n<div class=\"wp-block-group\"><div class=\"wp-block-group__inner-container is-layout-flow wp-block-group-is-layout-flow\">\n<div class=\"wp-block-group\"><div class=\"wp-block-group__inner-container is-layout-flow wp-block-group-is-layout-flow\">\n<div class=\"wp-block-columns is-layout-flex wp-container-core-columns-is-layout-9d6595d7 wp-block-columns-is-layout-flex\">\n<div class=\"wp-block-column jh-gt-block has-background is-layout-flow wp-block-column-is-layout-flow\" style=\"background-color:#eeeeee\">\n<h2 class=\"wp-block-heading\">Vev\u0151szolg\u00e1lat<\/h2>\n\n\n\n<p style=\"font-style:normal;font-weight:500\">\u00dcgyfeleinknek\u00a0<strong>k\u00eds\u00e9r\u0151 szolg\u00e1ltat\u00e1sok sz\u00e9les sk\u00e1l\u00e1j\u00e1t k\u00edn\u00e1ljuk<\/strong>, amelynek k\u00f6sz\u00f6nhet\u0151en\u00a0<strong>a v\u00e1s\u00e1rl\u00e1s nagyon gyors \u00e9s egyszer\u0171.<\/strong><\/p>\n\n\n\n<div style=\"height:20px\" aria-hidden=\"true\" class=\"wp-block-spacer\"><\/div>\n\n\n\n<h4 class=\"wp-block-heading\">K\u00e9rd\u00e9se van?<\/h4>\n\n\n\n<ul class=\"wp-block-list\">\n<li>Olvassa el a v\u00e1s\u00e1rl\u00f3ink gyakran ism\u00e9telt k\u00e9rd\u00e9seit<\/li>\n<\/ul>\n\n\n\n<div style=\"height:20px\" aria-hidden=\"true\" class=\"wp-block-spacer\"><\/div>\n\n\n\n<h4 class=\"wp-block-heading\">Nem tal\u00e1lt v\u00e1laszt a k\u00e9rd\u00e9seire?<\/h4>\n\n\n\n<p style=\"font-style:normal;font-weight:500\">Folyamatosan kommunik\u00e1lhat vel\u00fcnk:<\/p>\n\n\n\n<ul class=\"wp-block-list\">\n<li><strong>e-mail<\/strong>:\u00a0<a href=\"mailto:info@mukaracsonyfa.hu\"><strong>info@mukaracsonyfa.hu<\/strong><\/a><\/li>\n\n\n\n<li><strong>chat<\/strong>:\u00a0jobb als\u00f3 sarok<\/li>\n\n\n\n<li><strong>telef<\/strong><strong>onsz\u00e1m<\/strong>:\u00a0<a href=\"tel:003619555792\">+3619555792<\/a>\u00a0(08:00 \u2013 16:00)<\/li>\n<\/ul>\n\n\n\n<p style=\"font-style:normal;font-weight:500\">Munkat\u00e1rsaink sz\u00edvesen v\u00e1laszolnak minden k\u00e9rd\u00e9s\u00e9re, vagy seg\u00edtenek a megrendel\u00e9s elk\u00e9sz\u00edt\u00e9s\u00e9ben.<\/p>\n<\/div>\n<\/div>\n<\/div><\/div>\n\n\n\n<div style=\"height:40px\" aria-hidden=\"true\" class=\"wp-block-spacer\"><\/div>\n\n\n\n<div class=\"wp-block-columns is-layout-flex wp-container-core-columns-is-layout-9d6595d7 wp-block-columns-is-layout-flex\">\n<div class=\"wp-block-column is-layout-flow wp-block-column-is-layout-flow\" style=\"flex-basis:33.33%\">\n<h2 class=\"wp-block-heading\">Sz\u00e1ml\u00e1z\u00e1si adatok<\/h2>\n\n\n\n<p style=\"font-style:normal;font-weight:500\">All4Customer, s.r.o.<br>I\u010c: 01824651<br>DI\u010c: CZ01824651<br>Hladnovsk\u00e1 1255\/23<br>710 00, Ostrava<\/p>\n<\/div>\n\n\n\n<div class=\"wp-block-column is-layout-flow wp-block-column-is-layout-flow\" style=\"flex-basis:66.66%\">\n<iframe src=\"https:\/\/www.google.com\/maps\/embed?pb=!1m14!1m8!1m3!1d329326.0325305334!2d18.30526!3d49.845095!3m2!1i1024!2i768!4f13.1!3m3!1m2!1s0x4713e32a7ac60fa9%3A0xea9642a6fb882b28!2sHladnovsk%C3%A1%201255%2F23%2C%20710%2000%20Slezsk%C3%A1%20Ostrava%2C%20Czechia!5e0!3m2!1sen!2sus!4v1593526756270!5m2!1sen!2sus\" width=\"600\" height=\"450\" border-radius=\"20\" frameborder=\"0\" style=\"border:0;\" allowfullscreen=\"\" aria-hidden=\"false\" tabindex=\"0\"><\/iframe>\n<\/div>\n<\/div>\n<\/div><\/div>\n","protected":false},"excerpt":{"rendered":"<p>Vev\u0151szolg\u00e1lat \u00dcgyfeleinknek\u00a0k\u00eds\u00e9r\u0151 szolg\u00e1ltat\u00e1sok sz\u00e9les sk\u00e1l\u00e1j\u00e1t k\u00edn\u00e1ljuk, amelynek k\u00f6sz\u00f6nhet\u0151en\u00a0a v\u00e1s\u00e1rl\u00e1s nagyon gyors \u00e9s egyszer\u0171. K\u00e9rd\u00e9se van? Nem tal\u00e1lt v\u00e1laszt a k\u00e9rd\u00e9seire? Folyamatosan kommunik\u00e1lhat vel\u00fcnk: Munkat\u00e1rsaink sz\u00edvesen v\u00e1laszolnak minden k\u00e9rd\u00e9s\u00e9re, vagy seg\u00edtenek a megrendel\u00e9s elk\u00e9sz\u00edt\u00e9s\u00e9ben. Sz\u00e1ml\u00e1z\u00e1si adatok All4Customer, s.r.o.I\u010c: 01824651DI\u010c: CZ01824651Hladnovsk\u00e1 1255\/23710 00, Ostrava<\/p>\n","protected":false},"author":2,"featured_media":0,"parent":0,"menu_order":0,"comment_status":"closed","ping_status":"closed","template":"","meta":{"_acf_changed":false,"rank_math_lock_modified_date":false,"footnotes":""},"class_list":["post-356727","page","type-page","status-publish","hentry"],"acf":[],"_links":{"self":[{"href":"https:\/\/2024.mujstromecek.cz\/hu\/wp-json\/wp\/v2\/pages\/356727","targetHints":{"allow":["GET"]}}],"collection":[{"href":"https:\/\/2024.mujstromecek.cz\/hu\/wp-json\/wp\/v2\/pages"}],"about":[{"href":"https:\/\/2024.mujstromecek.cz\/hu\/wp-json\/wp\/v2\/types\/page"}],"author":[{"embeddable":true,"href":"https:\/\/2024.mujstromecek.cz\/hu\/wp-json\/wp\/v2\/users\/2"}],"replies":[{"embeddable":true,"href":"https:\/\/2024.mujstromecek.cz\/hu\/wp-json\/wp\/v2\/comments?post=356727"}],"version-history":[{"count":0,"href":"https:\/\/2024.mujstromecek.cz\/hu\/wp-json\/wp\/v2\/pages\/356727\/revisions"}],"wp:attachment":[{"href":"https:\/\/2024.mujstromecek.cz\/hu\/wp-json\/wp\/v2\/media?parent=356727"}],"curies":[{"name":"wp","href":"https:\/\/api.w.org\/{rel}","templated":true}]}}