{"id":356723,"date":"2024-07-02T16:07:53","date_gmt":"2024-07-02T16:07:53","guid":{"rendered":"https:\/\/2024.mujstromecek.cz\/doprava-a-platba\/"},"modified":"2024-07-12T12:10:05","modified_gmt":"2024-07-12T12:10:05","slug":"szallitas-es-fizetes","status":"publish","type":"page","link":"https:\/\/2024.mujstromecek.cz\/hu\/szallitas-es-fizetes\/","title":{"rendered":"Sz\u00e1ll\u00edtas \u00e9s fizet\u00e9s"},"content":{"rendered":"\n<div class=\"wp-block-columns is-layout-flex wp-container-core-columns-is-layout-9d6595d7 wp-block-columns-is-layout-flex\">\n<div class=\"wp-block-column is-layout-flow wp-block-column-is-layout-flow\">\n<div class=\"wp-block-media-text is-stacked-on-mobile is-vertically-aligned-top\" style=\"grid-template-columns:15% auto\"><figure class=\"wp-block-media-text__media\"><img decoding=\"async\" src=\"https:\/\/2024.mujstromecek.cz\/wp-content\/uploads\/2024\/06\/delivery.svg\" alt=\"\" class=\"wp-image-355118 size-full\"><\/figure><div class=\"wp-block-media-text__content\">\n<h3 class=\"wp-block-heading\">Sz\u00e1ll\u00edt\u00e1si m\u00f3d<\/h3>\n\n\n\n<p>A term\u00e9kek kisz\u00e1ll\u00edt\u00e1s\u00e1t a GLS v\u00e9gzi.<\/p>\n\n\n\n<ul class=\"wp-block-list\">\n<li><strong><strong>MAGYARORSZ\u00c1G EG\u00c9SZ TER\u00dcLET\u00c9N INGYENES A KISZ\u00c1LL\u00cdT\u00c1S!<\/strong><\/strong><\/li>\n\n\n\n<li><strong><strong>Kisz\u00e1ll\u00edt\u00e1si id\u0151: 7 munkanapon bel\u00fcl<\/strong><\/strong><\/li>\n\n\n\n<li><strong><strong>A kisz\u00e1ll\u00edt\u00e1s pontos id\u0151pontj\u00e1r\u00f3l \u00e9rtes\u00edteni fogjuk.<\/strong><\/strong><\/li>\n\n\n\n<li>Amennyiben egy m\u00e1s EU-s orsz\u00e1gba szeretn\u00e9 kisz\u00e1ll\u00edtatni a kar\u00e1csonyf\u00e1t \u00edrjon nek\u00fcnk a info@mukaracsonyfa.hu e-mail c\u00edmre.<\/li>\n<\/ul>\n<\/div><\/div>\n<\/div>\n\n\n\n<div class=\"wp-block-column is-layout-flow wp-block-column-is-layout-flow\">\n<div class=\"wp-block-media-text is-stacked-on-mobile is-vertically-aligned-top\" style=\"grid-template-columns:15% auto\"><figure class=\"wp-block-media-text__media\"><img decoding=\"async\" src=\"https:\/\/2024.mujstromecek.cz\/wp-content\/uploads\/2024\/06\/credit-card-1.svg\" alt=\"\" class=\"wp-image-355157 size-full\"><\/figure><div class=\"wp-block-media-text__content\">\n<h3 class=\"wp-block-heading\">Fizet\u00e9si m\u00f3d<\/h3>\n\n\n\n<p>A term\u00e9k \u00e1r\u00e1t \u00e9s a kisz\u00e1ll\u00edt\u00e1s\u00e1val j\u00e1r\u00f3 k\u00f6lts\u00e9geket a v\u00e1s\u00e1rl\u00f3 k\u00f6vetkez\u0151k\u00e9ppen t\u00e9r\u00edtheti meg:<\/p>\n\n\n\n<ul class=\"wp-block-list\">\n<li><strong>Bankk\u00e1rty\u00e1s fizet\u00e9s<\/strong>\u00a0\u2013 online a GoPay-n kereszt\u00fcl<\/li>\n\n\n\n<li><strong>Ut\u00e1nv\u00e9tel<\/strong>\u00a0\u2013 k\u00e9szp\u00e9nzben t\u00f6rt\u00e9n\u0151 fizet\u00e9s szem\u00e9lyesen a fut\u00e1rnak a v\u00e1s\u00e1rl\u00f3 \u00e1ltal megadott c\u00edmen<\/li>\n\n\n\n<li><strong>PayPal<\/strong>\u00a0\u2013 fizet\u00e9s hitelk\u00e1rty\u00e1val vagy PayPal sz\u00e1ml\u00e1val.<\/li>\n<\/ul>\n<\/div><\/div>\n<\/div>\n<\/div>\n","protected":false},"excerpt":{"rendered":"<p>Sz\u00e1ll\u00edt\u00e1si m\u00f3d A term\u00e9kek kisz\u00e1ll\u00edt\u00e1s\u00e1t a GLS v\u00e9gzi. Fizet\u00e9si m\u00f3d A term\u00e9k \u00e1r\u00e1t \u00e9s a kisz\u00e1ll\u00edt\u00e1s\u00e1val j\u00e1r\u00f3 k\u00f6lts\u00e9geket a v\u00e1s\u00e1rl\u00f3 k\u00f6vetkez\u0151k\u00e9ppen t\u00e9r\u00edtheti meg:<\/p>\n","protected":false},"author":2,"featured_media":356724,"parent":0,"menu_order":0,"comment_status":"closed","ping_status":"closed","template":"","meta":{"_acf_changed":false,"rank_math_lock_modified_date":false,"footnotes":""},"class_list":["post-356723","page","type-page","status-publish","has-post-thumbnail","hentry"],"acf":[],"_links":{"self":[{"href":"https:\/\/2024.mujstromecek.cz\/hu\/wp-json\/wp\/v2\/pages\/356723","targetHints":{"allow":["GET"]}}],"collection":[{"href":"https:\/\/2024.mujstromecek.cz\/hu\/wp-json\/wp\/v2\/pages"}],"about":[{"href":"https:\/\/2024.mujstromecek.cz\/hu\/wp-json\/wp\/v2\/types\/page"}],"author":[{"embeddable":true,"href":"https:\/\/2024.mujstromecek.cz\/hu\/wp-json\/wp\/v2\/users\/2"}],"replies":[{"embeddable":true,"href":"https:\/\/2024.mujstromecek.cz\/hu\/wp-json\/wp\/v2\/comments?post=356723"}],"version-history":[{"count":0,"href":"https:\/\/2024.mujstromecek.cz\/hu\/wp-json\/wp\/v2\/pages\/356723\/revisions"}],"wp:featuredmedia":[{"embeddable":true,"href":"https:\/\/2024.mujstromecek.cz\/hu\/wp-json\/wp\/v2\/media\/356724"}],"wp:attachment":[{"href":"https:\/\/2024.mujstromecek.cz\/hu\/wp-json\/wp\/v2\/media?parent=356723"}],"curies":[{"name":"wp","href":"https:\/\/api.w.org\/{rel}","templated":true}]}}