{"id":358137,"date":"2024-07-02T13:45:40","date_gmt":"2024-07-02T13:45:40","guid":{"rendered":"https:\/\/2024.mujstromecek.cz\/vyhody-nakupu-u-nas\/"},"modified":"2024-07-31T17:28:15","modified_gmt":"2024-07-31T17:28:15","slug":"prednosti-kupnje","status":"publish","type":"page","link":"https:\/\/2024.mujstromecek.cz\/hr\/prednosti-kupnje\/","title":{"rendered":"Prednosti kupnje"},"content":{"rendered":"\n<div class=\"wp-block-columns is-layout-flex wp-container-core-columns-is-layout-9d6595d7 wp-block-columns-is-layout-flex\">\n<div class=\"wp-block-column is-layout-flow wp-block-column-is-layout-flow\">\n<div class=\"wp-block-media-text is-stacked-on-mobile is-vertically-aligned-top\" style=\"grid-template-columns:15% auto\"><figure class=\"wp-block-media-text__media\"><img decoding=\"async\" src=\"https:\/\/2024.mujstromecek.cz\/wp-content\/uploads\/2024\/06\/delivery.svg\" alt=\"\" class=\"wp-image-355118 size-full\"><\/figure><div class=\"wp-block-media-text__content\">\n<h3 class=\"wp-block-heading\">Besplatan prijevoz<\/h3>\n\n\n\n<p>Za sva na\u0161a drvca transport \u0161irom \u010ce\u0161ke\/Hrvatske do Va\u0161eg doma je besplatan, dakle, pla\u0107ate samo cijenu drvca i nikakve \u200b\u200bdodatne naknade ili tro\u0161kove. <strong>Zahvaljuju\u0107i<\/strong>\u00a0<strong>tome<\/strong>, d<strong>obit<\/strong>\u0107ete k<strong>ako<\/strong>\u00a0drvce udobno i to sve sasvim!<\/p>\n<\/div><\/div>\n<\/div>\n\n\n\n<div class=\"wp-block-column is-layout-flow wp-block-column-is-layout-flow\">\n<div class=\"wp-block-media-text is-stacked-on-mobile is-vertically-aligned-top\" style=\"grid-template-columns:15% auto\"><figure class=\"wp-block-media-text__media\"><img decoding=\"async\" src=\"https:\/\/2024.mujstromecek.cz\/wp-content\/uploads\/2024\/06\/guarantee.svg\" alt=\"\" class=\"wp-image-355111 size-full\"><\/figure><div class=\"wp-block-media-text__content\">\n<h3 class=\"wp-block-heading\">Garance doru\u010den\u00ed do v\u00e1noc<\/h3>\n\n\n\n<p><strong>Ako naru\u010dite do 17.12.2024. godine, garantiramo da \u0107e drvce jo\u0161 uvijek sti\u0107i do Bo\u017ei\u0107a!<\/strong><\/p>\n<\/div><\/div>\n<\/div>\n<\/div>\n\n\n\n<div class=\"wp-block-columns is-layout-flex wp-container-core-columns-is-layout-9d6595d7 wp-block-columns-is-layout-flex\">\n<div class=\"wp-block-column is-layout-flow wp-block-column-is-layout-flow\">\n<div class=\"wp-block-media-text is-stacked-on-mobile is-vertically-aligned-top\" style=\"grid-template-columns:15% auto\"><figure class=\"wp-block-media-text__media\"><img decoding=\"async\" src=\"https:\/\/2024.mujstromecek.cz\/wp-content\/uploads\/2024\/06\/guarantee-1.svg\" alt=\"\" class=\"wp-image-355113 size-full\"><\/figure><div class=\"wp-block-media-text__content\">\n<h3 class=\"wp-block-heading\">Jamstvo kvalitete<\/h3>\n\n\n\n<p>Prilikom proizvodnje umjetnih bo\u017ei\u0107nih drvca, koristimo samo&nbsp;<strong>najkvalitetnije materijale<\/strong>&nbsp;koji jam\u010de&nbsp;<strong>savr\u0161en izgled<\/strong>&nbsp;ve\u0107 dugi niz godina.<\/p>\n\n\n\n<p>Ako ne\u0161to nije u redu, dostavit \u0107emo Vam dijelove koji nedostaju&nbsp;<strong>besplatno<\/strong>&nbsp;ili dogovoriti&nbsp;<strong>prikupljanje i zamjenu o\u0161te\u0107enog drvca<\/strong>.&nbsp;<strong>Ne brinite \u2013 svaki problem mo\u017eemo rije\u0161iti brzo, bez nepotrebnih briga i dodatnih tro\u0161kova!<\/strong><\/p>\n<\/div><\/div>\n<\/div>\n\n\n\n<div class=\"wp-block-column is-layout-flow wp-block-column-is-layout-flow\">\n<div class=\"wp-block-media-text is-stacked-on-mobile is-vertically-aligned-top\" style=\"grid-template-columns:15% auto\"><figure class=\"wp-block-media-text__media\"><img decoding=\"async\" src=\"https:\/\/2024.mujstromecek.cz\/wp-content\/uploads\/2024\/06\/add-group.svg\" alt=\"\" class=\"wp-image-355120 size-full\"><\/figure><div class=\"wp-block-media-text__content\">\n<h3 class=\"wp-block-heading\">Zadovoljstvo zajam\u010deno<\/h3>\n\n\n\n<p>100.000+\u00a0na\u0161ih\u00a0zadovoljnih kupaca\u00a0dokaz su da su na\u0161a drvca visoke kvalitete. Na na\u0161oj\u00a0Facebook\u00a0stranici ili na stranicama\u00a0Heureka\u00a0mo\u017eete vidjeti kako nas ocjenjuju kupci.<\/p>\n<\/div><\/div>\n<\/div>\n<\/div>\n\n\n\n<div class=\"wp-block-columns is-layout-flex wp-container-core-columns-is-layout-9d6595d7 wp-block-columns-is-layout-flex\">\n<div class=\"wp-block-column is-layout-flow wp-block-column-is-layout-flow\">\n<div class=\"wp-block-media-text is-stacked-on-mobile is-vertically-aligned-top\" style=\"grid-template-columns:15% auto\"><figure class=\"wp-block-media-text__media\"><img decoding=\"async\" src=\"https:\/\/2024.mujstromecek.cz\/wp-content\/uploads\/2024\/06\/chat.svg\" alt=\"\" class=\"wp-image-355142 size-full\"><\/figure><div class=\"wp-block-media-text__content\">\n<h3 class=\"wp-block-heading\">Slu\u017eba za Korisnike<\/h3>\n\n\n\n<p>Svojim kupcima nudimo \u0161iroku paletu popratnih usluga zahvaljuju\u0107i kojima je kupnja vrlo brza i jednostavna. Na\u0161e osoblje rado \u0107e odgovoriti na sva Va\u0161a pitanja ili Vam pomo\u0107i da pravilno izvr\u0161ite svoju narud\u017ebu. Uvijek smo Vam dostupni preko opcije\u00a0<strong>Chat<\/strong>(u donjem desnom kutu ove stranice) ili putem\u00a0<strong>e-po\u0161te<\/strong>\u00a0(<a href=\"mailto:dotazy@mujstromecek.cz\">dotazy@mujstromecek.cz<\/a>) ili na telefon br.: +420 777 470 538 (PON \u2013 PET, od 09:00 \u2013 17:00 sati)<\/p>\n<\/div><\/div>\n<\/div>\n\n\n\n<div class=\"wp-block-column is-layout-flow wp-block-column-is-layout-flow\"><\/div>\n<\/div>\n","protected":false},"excerpt":{"rendered":"<p>Besplatan prijevoz Za sva na\u0161a drvca transport \u0161irom \u010ce\u0161ke\/Hrvatske do Va\u0161eg doma je besplatan, dakle, pla\u0107ate samo cijenu drvca i nikakve \u200b\u200bdodatne naknade ili tro\u0161kove. Zahvaljuju\u0107i\u00a0tome, dobit\u0107ete kako\u00a0drvce udobno i to sve sasvim! Garance doru\u010den\u00ed do v\u00e1noc Ako naru\u010dite do 17.12.2024. godine, garantiramo da \u0107e drvce jo\u0161 uvijek sti\u0107i do Bo\u017ei\u0107a! Jamstvo kvalitete Prilikom proizvodnje [&hellip;]<\/p>\n","protected":false},"author":2,"featured_media":358138,"parent":0,"menu_order":0,"comment_status":"closed","ping_status":"closed","template":"","meta":{"_acf_changed":false,"rank_math_lock_modified_date":false,"footnotes":""},"class_list":["post-358137","page","type-page","status-publish","has-post-thumbnail","hentry"],"acf":[],"_links":{"self":[{"href":"https:\/\/2024.mujstromecek.cz\/hr\/wp-json\/wp\/v2\/pages\/358137","targetHints":{"allow":["GET"]}}],"collection":[{"href":"https:\/\/2024.mujstromecek.cz\/hr\/wp-json\/wp\/v2\/pages"}],"about":[{"href":"https:\/\/2024.mujstromecek.cz\/hr\/wp-json\/wp\/v2\/types\/page"}],"author":[{"embeddable":true,"href":"https:\/\/2024.mujstromecek.cz\/hr\/wp-json\/wp\/v2\/users\/2"}],"replies":[{"embeddable":true,"href":"https:\/\/2024.mujstromecek.cz\/hr\/wp-json\/wp\/v2\/comments?post=358137"}],"version-history":[{"count":1,"href":"https:\/\/2024.mujstromecek.cz\/hr\/wp-json\/wp\/v2\/pages\/358137\/revisions"}],"predecessor-version":[{"id":358140,"href":"https:\/\/2024.mujstromecek.cz\/hr\/wp-json\/wp\/v2\/pages\/358137\/revisions\/358140"}],"wp:featuredmedia":[{"embeddable":true,"href":"https:\/\/2024.mujstromecek.cz\/hr\/wp-json\/wp\/v2\/media\/358138"}],"wp:attachment":[{"href":"https:\/\/2024.mujstromecek.cz\/hr\/wp-json\/wp\/v2\/media?parent=358137"}],"curies":[{"name":"wp","href":"https:\/\/api.w.org\/{rel}","templated":true}]}}