{"id":358127,"date":"2024-06-12T22:07:40","date_gmt":"2024-06-12T22:07:40","guid":{"rendered":"https:\/\/2024.mujstromecek.cz\/obchodni-podminky\/"},"modified":"2024-07-31T17:20:38","modified_gmt":"2024-07-31T17:20:38","slug":"uvjeti-i-odredbe","status":"publish","type":"page","link":"https:\/\/2024.mujstromecek.cz\/hr\/uvjeti-i-odredbe\/","title":{"rendered":"Uvjeti i odredbe"},"content":{"rendered":"\n<p>BOZICNADRVCA.hr<br>sa sjedi\u0161tem u Hladnovsk\u00e1 1255\/23, Ostrava 710 00<br>identifikacijski broj: 01824651, PDV broj: CZ01824651<br>za prodaju robe putem internetske trgovine koja se nalazi na internetskoj adresi www.bozicnadrvca.hr.<\/p>\n\n\n\n<p>1. UVODNE ODREDBE<br>1.1. Ovi uvjeti poslovanja (u daljnjem tekstu \u201euvjeti poslovanja\u201c) internetske trgovine BOZICNADRVCA.hr kojom upravlja All4Customer sro, sa sjedi\u0161tem na adresi Hladnovsk\u00e1 1255\/23, Ostrava 710 00, \u010ce\u0161ka Republika identifikacijski broj: 01824651 (u daljnjem tekstu kao \u201cprodavatelj\u201d) ure\u0111uju me\u0111usobna prava i obveze ugovornih strana koje proizlaze u vezi ili na temelju kupoprodajnog ugovora (u daljnjem tekstu: \u201cugovor o kupoprodaji\u201d) sklopljenog izme\u0111u prodavatelja i druge fizi\u010dke ili pravne osobe (u daljnjem tekstu naziva \u201ckupac\u201d) putem internetske trgovine prodavatelja. Internetskom trgovinom upravlja prodavatelj na internetskoj adresi www.bozicnadrvca.hr, putem web su\u010delja (u daljnjem tekstu \u201cweb su\u010delje trgovine\u201d).<br>1.2. Uvjeti poslovanja dodatno reguliraju prava i obveze ugovornih strana prilikom kori\u0161tenja internetske stranice prodavatelja koja se nalazi na adresi www.bozicnadrvca.hr (u daljnjem tekstu \u201eweb stranica\u201c) i druge povezane pravne odnose. Uvjeti poslovanja ne primjenjuju se na slu\u010dajeve kada osoba koja namjerava kupiti robu od prodavatelja, postupa prilikom naru\u010divanja robe u okviru svog poslovanja.<br>1.3. Odredbe koje odstupaju od uvjeta poslovanja mogu se ugovoriti kupoprodajnim ugovorom. Odstupaju\u0107e odredbe u kupoprodajnom ugovoru imaju prednost nad odredbama odredbi i uvjeta.<br>1.4. Odredbe uvjeta poslovanja sastavni su dio kupoprodajnog ugovora. Kupoprodajni ugovor i uvjeti poslovanja sastavljeni su na \u010de\u0161kom jeziku. Kupoprodajni ugovor mo\u017ee se sklopiti na \u010de\u0161kom jeziku.<br>1.5. Prodavatelj mo\u017ee u bilo kojem trenutku bez prethodne obavijesti promijeniti ili dopuniti tekst uvjeta. Ova odredba ne utje\u010de na prava i obveze nastale tijekom razdoblja va\u017eenja prethodne verzije uvjeta.<\/p>\n\n\n\n<p>2. KORISNI\u010cKI RA\u010cUN<br>2.1. Na temelju registracije kupca napravljene na web stranici, kupac mo\u017ee pristupiti njegovom korisni\u010dkom su\u010delju. Iz svog korisni\u010dkog su\u010delja kupac mo\u017ee naru\u010diti robu (u daljnjem tekstu \u201ckorisni\u010dki ra\u010dun\u201d). Ukoliko web su\u010delje trgovine to dopu\u0161ta, kupac mo\u017ee naru\u010diti robu i bez registracije izravno s web su\u010delja trgovine.<br>2.2. Prilikom registracije na web stranici i prilikom naru\u010divanja robe, kupac je du\u017ean sve podatke navesti to\u010dno i istinito. Kupac je du\u017ean a\u017eurirati podatke navedene u korisni\u010dkom ra\u010dunu u slu\u010daju bilo kakve promjene. Podatke koje je kupac naveo na korisni\u010dkom ra\u010dunu i prilikom naru\u010divanja robe prodavatelj smatra to\u010dnima.<br>2.3. Pristup korisni\u010dkom ra\u010dunu osiguran je korisni\u010dkim imenom i lozinkom. Kupac je du\u017ean \u010duvati povjerljivost u vezi s podacima potrebnim za pristup njegovom korisni\u010dkom ra\u010dunu i potvr\u0111uje da prodavatelj nije odgovoran za kr\u0161enje ove obveze od strane kupca.<br>2.4. Kupac nema pravo dopustiti kori\u0161tenje korisni\u010dkog ra\u010duna tre\u0107im osobama.<br>2.5. Prodavatelj mo\u017ee otkazati korisni\u010dki ra\u010dun, posebno u slu\u010daju da kupac ne koristi svoj korisni\u010dki ra\u010dun du\u017ee od \u0161est (6) mjeseci, ili u slu\u010daju da kupac prekr\u0161i svoje obveze iz kupoprodajnog ugovora (uklju\u010duju\u0107i uvjete i odredbe). ).<br>2.6. Kupac prihva\u0107a da korisni\u010dki ra\u010dun mo\u017eda ne\u0107e biti dostupan 24 sata, posebno u pogledu potrebnog odr\u017eavanja hardverske i softverske opreme prodavatelja, odn. potrebno odr\u017eavanje hardvera i softvera tre\u0107e strane.<\/p>\n\n\n\n<p>3. ZAKLJU\u010cIVANJE UGOVORA O KUPOPRODAJI<br>3.1. Web su\u010delje trgovine sadr\u017ei popis robe koju prodava\u010d nudi na prodaju, uklju\u010duju\u0107i cijene pojedine ponu\u0111ene robe. Cijene ponu\u0111ene robe su navedene s porezom na dodanu vrijednost i svim pripadaju\u0107im naknadama. Ponuda za prodaju robe i cijene te robe vrijede sve dok su istaknute na web su\u010delju trgovine. Ova odredba ne ograni\u010dava mogu\u0107nost prodavatelja da sklopi kupoprodajni ugovor pod pojedina\u010dno dogovorenim uvjetima. Sve ponude za prodaju robe postavljene na web su\u010delju trgovine su neobvezuju\u0107e i prodavatelj nije du\u017ean sklopiti kupoprodajni ugovor u vezi s tom robom.<br>3.2. Web su\u010delje trgovine tako\u0111er sadr\u017ei informacije o tro\u0161kovima vezanim uz pakiranje i dostavu robe. Podaci o tro\u0161kovima vezanim uz pakiranje i isporuku robe navedeni u web su\u010delju trgovine vrijede samo u slu\u010dajevima kada se roba isporu\u010duje unutar podru\u010dja \u010ce\u0161ke. U slu\u010daju dostave robe u drugu dr\u017eavu unutar EU, cijena dostave se odre\u0111uje pojedina\u010dno \u2013 za to\u010dan iznos prijevoza kontaktirajte nas na info@mujstromecek.cz.<br>3.3. Za naru\u010divanje robe kupac ispunjava obrazac za narud\u017ebu u web su\u010delju trgovine. Obrazac za narud\u017ebu sadr\u017ei posebno podatke o:<br>3.3.1. naru\u010denu robu (naru\u010denu robu kupac \u201cubacuje\u201d u elektroni\u010dku ko\u0161aricu web su\u010delja trgovine),<br>3.3.2. na\u010din pla\u0107anja nabavne cijene robe, podat o tra\u017eenom na\u010dinu isporuke naru\u010dene robe i<br>3.3.3. podatke o tro\u0161kovima povezanim s isporukom robe (u daljnjem tekstu zajedni\u010dki naziv \u201cnarud\u017eba\u201d).<br>3.4. Prije slanja narud\u017ebe prodavatelju, kupcu je dopu\u0161teno provjeriti i promijeniti podatke koje je kupac unio u narud\u017ebu, \u010dak i s obzirom na kup\u010devu sposobnost otkrivanja i ispravljanja pogre\u0161aka u\u010dinjenih prilikom unosa podataka u narud\u017ebu. Kupac \u0161alje narud\u017ebu prodavatelju klikom na gumb \u201cKupi\u201d. Podatke navedene u redoslijedu prodavatelj smatra to\u010dnima. Odmah po primitku narud\u017ebe, Prodavatelj \u0107e Kupcu potvrditi ovaj primitak e-po\u0161tom na e-mail adresu Kupca navedenu u korisni\u010dkom su\u010delju ili u narud\u017ebi (u daljnjem tekstu \u201ee-mail adresa Kupca\u201c).<br>3.5. Ovisno o prirodi narud\u017ebe (koli\u010dina robe, kupoprodajna cijena, procijenjeni tro\u0161kovi dostave), prodavatelj uvijek ima pravo zatra\u017eiti od kupca dodatnu potvrdu narud\u017ebe (npr. pismeno ili telefonski).<br>3.6. Ugovorni odnos izme\u0111u prodavatelja i kupca proizlazi iz dostave prihva\u0107anja narud\u017ebe (akcepta), koju prodavatelj \u0161alje kupcu elektroni\u010dkom po\u0161tom na e-mail adresu kupca.<br>3.7. Kupac potvr\u0111uje da Prodavatelj nije du\u017ean sklopiti kupoprodajni ugovor, posebno s osobama koje su prethodno materijalno prekr\u0161ile svoje obveze prema Prodavatelju.<br>3.8. Kupac je suglasan s kori\u0161tenjem sredstava komunikacije na daljinu prilikom sklapanja kupoprodajnog ugovora. Tro\u0161kove koje kupac ima kori\u0161tenjem sredstava komunikacije na daljinu u vezi sa sklapanjem kupoprodajnog ugovora (tro\u0161kovi internetske veze, tro\u0161kovi telefonskih razgovora) snosi sam kupac.<\/p>\n\n\n\n<p>4. CIJENA ROBE I UVJETI PLA\u0106ANJA<br>4.1. Cijenu robe i sve tro\u0161kove vezane uz isporuku robe prema kupoprodajnom ugovoru, kupac mo\u017ee platiti prodavatelju na sljede\u0107e na\u010dine:<br>\u2022 pouze\u0107em na mjestu koje je kupac naveo u narud\u017ebi<br>\u2022 bankovnom doznakom<br>\u2022 GoPay \u2013 kreditnom karticom ili bankovnim pristupnikom za pla\u0107anje<br>\u2022 Pla\u0107anje putem PayPal-a ili pla\u0107anje kreditnom karticom ako pla\u0107ate PayPal ra\u010dun.<br>4.2. Uz kupoprodajnu cijenu, kupac je du\u017ean platiti prodavatelju tro\u0161kove vezane uz pakiranje i dostavu robe u ugovorenom iznosu. Osim ako je izri\u010dito druga\u010dije navedeno, kupoprodajna cijena uklju\u010duje i tro\u0161kove vezane uz isporuku robe.<br>4.3. U slu\u010daju pla\u0107anja u gotovini ili u slu\u010daju pla\u0107anja pouze\u0107em, kupoprodajna cijena se pla\u0107a po primitku robe. U slu\u010daju bezgotovinskog pla\u0107anja, kupoprodajna cijena je plativa u roku od tri (3) dana od sklapanja kupoprodajnog ugovora.<br>4.4. U slu\u010daju bezgotovinskog pla\u0107anja, kupac je du\u017ean platiti kupoprodajnu cijenu robe zajedno sa simbolom varijabilnog pla\u0107anja. U slu\u010daju bezgotovinskog pla\u0107anja, kup\u010deva obveza pla\u0107anja kupoprodajne cijene je ispunjena kada se odgovaraju\u0107i iznos uplati na ra\u010dun prodavatelja.<br>4.5. Prodavatelj ima pravo, osobito u slu\u010daju da kupac ne dostavi dodatnu potvrdu narud\u017ebe (\u010dlanak 3.5), prije slanja robe kupcu zahtijevati pla\u0107anje pune kupoprodajne cijene.<br>4.6. Popusti na cijenu robe koje prodavatelj daje kupcu ne mogu se me\u0111usobno kombinirati.<br>4.7. Ako je to uobi\u010dajeno u poslovnim odnosima ili ako je tako odre\u0111eno op\u0107eobvezuju\u0107im zakonskim propisima, prodavatelj \u0107e kupcu izdati poreznu ispravu \u2013 ra\u010dun o izvr\u0161enim pla\u0107anjima temeljem kupoprodajnog ugovora. Prodavatelj je obveznik poreza na dodanu vrijednost. Porezni dokument \u2013 \u200b\u200bfakturu prodavatelj \u0107e ispostaviti kupcu nakon uplate cijene robe te \u0107e biti poslan u elektroni\u010dkom obliku na elektroni\u010dku adresu kupca.<\/p>\n\n\n\n<p>5. ODUSTAJANJE OD UGOVORA O KUPOPRODAJI<br>5.1. Kupac potvr\u0111uje da prema odredbama \u00a7 53. stavka 8. Zakona br. 40\/1964., Gra\u0111anskog zakonika, s izmjenama i dopunama (u daljnjem tekstu \u201cGra\u0111anski zakonik\u201d), nije mogu\u0107e odustati od kupoprodajnog ugovora za isporuka robe prilago\u0111ene \u017eelji kupca, kao i kvarljive, pohabane ili zastarjele robe, iz kupoprodajnog ugovora o nabavi audio i video zapisa i ra\u010dunalnih programa ako je potro\u0161a\u010d razbio originalnu ambala\u017eu, te iz kupoprodajnog ugovora za opskrba novinama, \u010dasopisima i \u010dasopisima.<br>5.2. Ako se ne radi o slu\u010daju iz \u010dlanka 5.1 ili drugom slu\u010daju u kojem nije mogu\u0107e odustati od kupoprodajnog ugovora, kupac ima pravo odustati od kupoprodajnog ugovora u skladu s odredbama \u00a7 53. stavka 7. Gra\u0111anskog ugovora. \u0160ifra, u roku od \u010detrnaest (14) dana od primitka robe. Odustajanje od kupoprodajnog ugovora mora se dostaviti prodavatelju u roku od \u010detrnaest (14) dana od primitka robe. Odustajanje od kupoprodajnog ugovora kupac mo\u017ee poslati na adresu ureda prodavatelja ili na e-mail adresu prodavatelja info@mujstromecek.cz.<br>5.3. U slu\u010daju odustajanja od ugovora sukladno \u010dlanku 5.2. Uvjeta poslovanja, kupoprodajni ugovor se od po\u010detka otkazuje. Roba mora biti vra\u0107ena prodavatelju u roku od sedam (7) radnih dana od slanja odustajanja od ugovora prodavatelju. Roba se mora vratiti prodavatelju neo\u0161te\u0107ena i neno\u0161ena te, ako je mogu\u0107e, u originalnom pakiranju.<br>5.4. U roku od petnaest (15) dana od povrata robe od strane kupca prema \u010dlanku 5.3 o uvjetima, prodavatelj ima pravo pregledati vra\u0107enu robu, posebice utvrditi da li vra\u0107ena roba nije o\u0161te\u0107ena, istro\u0161ena ili djelomi\u010dno potro\u0161ena.<br>5.5. U slu\u010daju odustajanja od ugovora u skladu s \u010dlankom 5.2. Uvjeta, prodavatelj \u0107e kupcu vratiti izvr\u0161enje koje je kupac pru\u017eio u roku od deset (10) dana od isteka roka za pregled robe u skladu s \u010dlankom 5.4. uvjetima, kupcu, bezgotovinsko na ra\u010dun koji je odredio kupac. Prodavatelj tako\u0111er ima pravo vratiti izvr\u0161enje koje je kupac pru\u017eio prilikom vra\u0107anja robe kupcu.<br>5.6. Kupac potvr\u0111uje da ako je roba koju je Kupac vratio o\u0161te\u0107ena, istro\u0161ena ili djelomi\u010dno potro\u0161ena, Prodavatelj ima pravo na naknadu \u0161tete koju je prouzro\u010dio Kupcu. Prodavatelj ima pravo jednostrano prebiti pravo na naknadu \u0161tete s pravom kupca na povrat kupovnine.<br>5.7. Do preuzimanja robe od strane kupca, prodavatelj ima pravo u svakom trenutku odustati od kupoprodajnog ugovora. U tom slu\u010daju prodavatelj \u0107e kupcu vratiti kupoprodajnu cijenu bez nepotrebnog odga\u0111anja, bez gotovine na ra\u010dun koji je odredio kupac.<br>5.8. Ako je zajedno s robom kupcu ustupljen dar, sklapa se darovni ugovor izme\u0111u prodavatelja i kupca uz neobvezuju\u0107i uvjet da ako potro\u0161a\u010d odustane od kupoprodajnog ugovora, darovni ugovor za takav dar prestaje va\u017eiti i kupac je du\u017ean vratiti poklon.<\/p>\n\n\n\n<p>6. TRANSPORT I DOSTAVA ROBE<br>6.1. Na\u010din isporuke robe odre\u0111uje prodavatelj, osim ako kupoprodajnim ugovorom nije druga\u010dije odre\u0111eno. Ako je na\u010din prijevoza ugovoren na temelju zahtjeva kupca, kupac snosi rizik i sve dodatne tro\u0161kove vezane uz ovaj na\u010din prijevoza.<br>6.2. Ako je prema kupoprodajnom ugovoru prodavatelj du\u017ean isporu\u010diti robu na mjesto koje je kupac odredio u narud\u017ebi, kupac je du\u017ean preuzeti robu po predaji. Ako kupac ne preuzme robu prilikom isporuke, prodavatelj ima pravo zahtijevati skladi\u0161tenje od 200 CZK (slovima: dvjesto \u010de\u0161kih kruna) ili prodavatelj ima pravo odustati od kupoprodajnog ugovora.<br>6.3. U slu\u010daju da je iz razloga na strani kupca potrebno robu isporu\u010diti vi\u0161e puta ili na drugi na\u010din od navedenog u narud\u017ebi, kupac je du\u017ean platiti tro\u0161kove u vezi s ponovljenom isporukom robe, odnosno. tro\u0161kovi povezani s drugim na\u010dinom isporuke.<br>6.4. Po primitku robe od prijevoznika, kupac je du\u017ean provjeriti cjelovitost pakiranja robe te u slu\u010daju bilo kakvih nedostataka odmah obavijestiti prijevoznika. U slu\u010daju utvr\u0111ivanja povrede pakiranja koja ukazuje na neovla\u0161ten ulazak u po\u0161iljku, kupac ne mora preuzeti po\u0161iljku od prijevoznika. Potpisom na dostavnici kupac potvr\u0111uje da pakiranje po\u0161iljke u kojoj se nalazi roba nije o\u0161te\u0107eno.<br>6.5. Ostala prava i obveze stranaka u prijevozu robe mogu se regulirati posebnim uvjetima isporuke prodavatelja, ako ih je izdao prodavatelj.<br>7. ODGOVORNOST ZA KVAR, JAMSTVO<br>7.1. Prava i obveze ugovornih strana u vezi s odgovorno\u0161\u0107u prodavatelja za nedostatke, uklju\u010duju\u0107i i jamstvenu odgovornost prodavatelja, ure\u0111uju se relevantnim op\u0107eobvezuju\u0107im propisima (posebno odredbama \u00a7 612. et seq. Gra\u0111anskog zakona).<br>7.2. Prodavatelj odgovara kupcu za to da je prodana stvar u skladu s kupoprodajnim ugovorom, posebice da je bez nedostataka. Uskla\u0111enost s kupoprodajnim ugovorom zna\u010di da prodana stvar ima kvalitetu i korisna svojstva koja se zahtijevaju ugovorom, opisana od strane prodavatelja, proizvo\u0111a\u010da ili njegovog zastupnika, ili o\u010dekivana na temelju ogla\u0161avanja, ili kvalitetu i korisna svojstva uobi\u010dajena za stvar vrsta koja udovoljava zahtjevima zakona, u odgovaraju\u0107oj je koli\u010dini, mjeri ili te\u017eini i odgovara namjeni koju je prodavatelj naveo za kori\u0161tenje stvari ili za koju se stvar obi\u010dno koristi.<br>7.3. U slu\u010daju da predmet nije u skladu s kupoprodajnim ugovorom po primitku od strane kupca (u daljnjem tekstu \u201csukob s kupoprodajnim ugovorom\u201d), kupac ima pravo prodati predmet bez naknade i bez nepotrebnog odga\u0111anja u odgovaraju\u0107em stanju. kupoprodajnom ugovoru, prema potrebi kupac zamjenom ili popravkom; ako takav postupak nije mogu\u0107, kupac mo\u017ee zatra\u017eiti razuman popust na cijenu artikla ili odustati od ugovora. To ne vrijedi ako je kupac znao za sukob s kupoprodajnim ugovorom prije preuzimanja stvari ili je sam izazvao sukob s kupoprodajnim ugovorom. Neuskla\u0111enost s kupoprodajnim ugovorom, koja se o\u010dituje u roku od \u0161est (6) mjeseci od dana preuzimanja stvari, smatra se sukobom koji je ve\u0107 postojao u trenutku preuzimanja, osim ako je u suprotnosti s prirodom stvari ili ako se ne doka\u017ee ina\u010de.<br>7.4. Ako roba nije kvarljiva ili kori\u0161tena, prodavatelj je odgovoran za nedostatke koji se pojavljuju kao sukob s kupoprodajnim ugovorom nakon preuzimanja robe tijekom jamstvenog roka (jamstvo).<br>7.5. Prava kupca koja proizlaze iz odgovornosti prodavatelja za nedostatke, uklju\u010duju\u0107i i jamstvenu odgovornost prodavatelja, kupac ostvaruje na adresi prodavatelja All4Customer, s.r.o., Pohrani\u010dn\u00ed 504\/27, 703 00 Ostrava-V\u00edtkovice. Za Trenutom reklamacije smatra se trenutak kada je prodavatelj primio reklamiranu robu od kupca.<br>7.6. Ostala prava i obveze stranaka u svezi s odgovorno\u0161\u0107u prodavatelja za nedostatke ure\u0111ena su postupkom prigovora prodavatelja.<\/p>\n\n\n\n<p>8. DRUGA PRAVA I OBVEZE UGOVORNIH STRANA<br>8.1. Kupac stje\u010de vlasni\u0161tvo nad robom uplatom pune kupoprodajne cijene robe.<br>8.2. Kupac potvr\u0111uje da su softver i ostale komponente koje \u010dine web su\u010delje trgovine (uklju\u010duju\u0107i fotografije ponu\u0111ene robe) za\u0161ti\u0107ene autorskim pravima. Kupac se obvezuje da ne\u0107e obavljati nikakve aktivnosti koje bi njemu ili tre\u0107im osobama mogle dopustiti ometanje ili kori\u0161tenje softvera ili drugih komponenti koje \u010dine web su\u010delje trgovine.<br>8.3. Kupac nema pravo koristiti mehanizme, softver ili druge postupke prilikom kori\u0161tenja web su\u010delja trgovine, koji bi mogli negativno utjecati na rad web su\u010delja trgovine. Web su\u010delje trgovine mo\u017ee se koristiti samo u mjeri koja nije na \u0161tetu prava ostalih kupaca prodavatelja i koja je u skladu s njegovom namjenom.<br>8.4. Prodavatelj nije vezan nikakvim kodeksima pona\u0161anja u odnosu na kupca u smislu odredbi \u00a7 53a stavka 1. Gra\u0111anskog zakona.<br>8.5. Kupac prihva\u0107a da prodavatelj nije odgovoran za pogre\u0161ke uzrokovane intervencijama tre\u0107e strane na web stranici ili kao rezultat kori\u0161tenja web stranice suprotno njihovoj namjeni.<br>8.6. Prodavatelj ne snosi odgovornost za \u0161tetu i eventualnu \u0161tetu po zdravlje uzrokovanu neispravnom monta\u017eom, sidrenjem ili uporabom trampolina. To\u010dne upute kako sastaviti trampolin prona\u0107i \u0107ete u uputama koje su prilo\u017eene u pakiranju.<\/p>\n\n\n\n<p>9. ZA\u0160TITA OSOBNIH PODATAKA I SLANJE KOMERCIJALNIH PORUKA<br>9.1. Za\u0161tita osobnih podataka kupca, fizi\u010dke osobe, osigurana je Zakonom o za\u0161titi osobnih podataka br. 101\/2000, s izmjenama i dopunama.<br>9.2. Kupac je suglasan s obradom sljede\u0107ih osobnih podataka: ime i prezime, adresa stanovanja, identifikacijski broj, porezni identifikacijski broj, e-mail adresa i broj telefona (u daljnjem tekstu zajedni\u010dki \u201eosobni podaci\u201c).<br>9.3. Kupac je suglasan s obradom osobnih podataka od strane Prodavatelja, u svrhu ostvarivanja prava i obveza iz kupoprodajnog ugovora, u svrhu odr\u017eavanja korisni\u010dkog ra\u010duna te u svrhu slanja informacija i komercijalnih komunikacija Kupcu.<br>9.4. Kupac potvr\u0111uje da je du\u017ean svoje osobne podatke (prilikom registracije, na svom korisni\u010dkom ra\u010dunu, prilikom narud\u017ebe s web su\u010delja trgovine) navesti ispravno i istinito te da je du\u017ean bez nepotrebnog odga\u0111anja obavijestiti Prodavatelja o svakoj promjeni u njegove osobne podatke.<br>9.5. Prodavatelj mo\u017ee ovlastiti tre\u0107u stranu za obradu osobnih podataka kupca kao obra\u0111iva\u010d. Osim osobama koje prevoze robu, osobne podatke prodavatelj ne\u0107e proslje\u0111ivati \u200b\u200btre\u0107im osobama bez prethodnog pristanka kupca.<br>9.6. Osobni podaci \u0107e se obra\u0111ivati \u200b\u200bna neodre\u0111eno vrijeme. Osobni podaci obra\u0111ivati \u200b\u200b\u0107e se u elektroni\u010dkom obliku na automatiziran na\u010din ili u tiskanom obliku na neautomatiziran na\u010din.<br>9.7. Kupac potvr\u0111uje da su navedeni osobni podaci to\u010dni i da je obavije\u0161ten da se radi o dobrovoljnom davanju osobnih podataka.<br>9.8. U slu\u010daju da kupac smatra da prodavatelj ili obra\u0111iva\u010d (\u010dlanak 9.5) obavlja obradu njegovih osobnih podataka, \u0161to je protivno za\u0161titi privatnog i osobnog \u017eivota kupca ili protivno zakonu, posebno ako su osobni podaci neto\u010dni s u svrhu njihove obrade, mo\u017ee:<br>9.8.1. pitajte prodava\u010da ili prera\u0111iva\u010da za obja\u0161njenje,<br>9.8.2. zahtijevati od prodavatelja ili prera\u0111iva\u010da da popravi tako stvorenu situaciju. Konkretno, mo\u017ee se raditi o blokiranju, ispravljanju, dopuni ili odlaganju osobnih podataka. Ako se zahtjev kupca prema prethodnoj re\u010denici utvrdi opravdanim, prodavatelj ili prera\u0111iva\u010d du\u017ean je odmah ukloniti neispravno stanje. Ako prodavatelj ili obra\u0111iva\u010d ne udovolji zahtjevu, kupac ima pravo kontaktirati izravno Ured za za\u0161titu osobnih podataka. Ova odredba ne utje\u010de na pravo kupca da se sa svojom pritu\u017ebom izravno obrati Uredu za za\u0161titu osobnih podataka.<br>9.9. Ako kupac zatra\u017ei informaciju o obradi njegovih osobnih podataka, prodavatelj je du\u017ean dati te podatke. Prodavatelj ima pravo zahtijevati razumnu naplatu za davanje informacije prema prethodnoj re\u010denici, koja ne prelazi tro\u0161kove potrebne za davanje informacija.<\/p>\n\n\n\n<p>10. SLANJE KOMERCIJALNIH PORUKA I \u010cUVANJE KOLA\u010cI\u0106A<br>10.1. Kupac je suglasan sa slanjem informacija u vezi s robom, uslugama ili poslovanjem Prodavatelja na elektroni\u010dku adresu Kupca te nadalje pristaje na slanje komercijalnih komunikacija od strane Prodavatelja na elektroni\u010dku adresu Kupca.<br>10.2. Kupac pristaje na pohranu tzv. kola\u010di\u0107a na svoje ra\u010dunalo. U slu\u010daju da je mogu\u0107e izvr\u0161iti kupnju na web stranici i ispuniti obveze prodavatelja iz kupoprodajnog ugovora bez pohranjivanja tzv. kola\u010di\u0107a na ra\u010dunalo kupca, kupac mo\u017ee u svakom trenutku opozvati privolu iz prethodne re\u010denice. na.<br>11. ISPORUKA<br>11.1. Ako nije druga\u010dije dogovoreno, sva korespondencija vezana uz kupoprodajni ugovor mora se drugoj strani dostaviti u pisanom obliku, e-mailom, osobno ili preporu\u010denom po\u0161iljkom putem davatelja po\u0161tanskih usluga (po izboru po\u0161iljatelja). Isporu\u010duje se kupcu na e-mail adresu navedenu u njegovom korisni\u010dkom ra\u010dunu.<br>12. ZAVR\u0160NE ODREDBE<br>12.1. Ako odnos vezan uz kori\u0161tenje web stranice ili pravni odnos uspostavljen kupoprodajnim ugovorom sadr\u017ei me\u0111unarodni (strani) element, tada su strane suglasne da je odnos ure\u0111en \u010de\u0161kim pravom. To ne utje\u010de na prava potro\u0161a\u010da koja proizlaze iz op\u0107e obvezuju\u0107ih zakonskih propisa.<br>12.2. Prodavatelj ima pravo prodavati robu na temelju trgova\u010dke dozvole, a djelatnost prodavatelja ne podlije\u017ee nikakvoj drugoj dozvoli. Licenciranje obrta u okviru svoje nadle\u017enosti provodi nadle\u017eni ured za licenciranje.<br>12.3. Ako bilo koja odredba Uvjeta i odredbi bude ili postane neva\u017ee\u0107a ili neu\u010dinkovita, neva\u017ee\u0107a odredba bit \u0107e zamijenjena odredbom \u010dije je zna\u010denje \u0161to je bli\u017ee mogu\u0107e neva\u017ee\u0107oj odredbi. Nevaljanost ili neu\u010dinkovitost jedne odredbe ne\u0107e utjecati na valjanost ostalih odredbi. Izmjene i dopune kupoprodajnog ugovora ili uvjeta poslovanja zahtijevaju pisani oblik.<br>12.4. Kupoprodajni ugovor, uklju\u010duju\u0107i uvjete poslovanja, prodavatelj arhivira u elektroni\u010dkom obliku i nije dostupan.<br>12.5. Kontakt podaci prodavatelja: adresa za dostavu All4Customer, s.r.o., Pohrani\u010dn\u00ed 504\/27, 703 00 Ostrava-V\u00edtkovice, \u010ce\u0161ka Republika e-mail adresa info@mujstromecek.cz, telefon +420 777 470 538.<br>U Ostravi 01.08.2014<br>Ovi uvjeti su preuzeti i izmijenjeni iz Modela uvjeta poslovanja koje je izradila Udruga za elektroni\u010dku trgovinu.<\/p>\n\n\n\n<p>ONLINE RJE\u0160AVANJE SPOROVA<br>Od 15. velja\u010de 2016. Europska komisija uspostavila je platformu za izvansudsko rje\u0161avanje sporova koja potro\u0161a\u010dima omogu\u0107uje rje\u0161avanje sporova u vezi s njihovim online narud\u017ebama bez potrebe za pravnim postupkom. Ovaj postupak rje\u0161avanja sporova dostupan je na sljede\u0107oj vanjskoj poveznici: http:\/\/ec.europa.eu\/consumers\/odr\/.<br>Na\u017ealost, nismo du\u017eni i ne mo\u017eemo sudjelovati u rje\u0161avanju sporova na alternativni (vansudski) na\u010din. U vezi s pritu\u017ebama, obratite nam se na sljede\u0107u e-mail adresu info@mujstromecek.cz<\/p>\n","protected":false},"excerpt":{"rendered":"<p>BOZICNADRVCA.hrsa sjedi\u0161tem u Hladnovsk\u00e1 1255\/23, Ostrava 710 00identifikacijski broj: 01824651, PDV broj: CZ01824651za prodaju robe putem internetske trgovine koja se nalazi na internetskoj adresi www.bozicnadrvca.hr. 1. UVODNE ODREDBE1.1. Ovi uvjeti poslovanja (u daljnjem tekstu \u201euvjeti poslovanja\u201c) internetske trgovine BOZICNADRVCA.hr kojom upravlja All4Customer sro, sa sjedi\u0161tem na adresi Hladnovsk\u00e1 1255\/23, Ostrava 710 00, \u010ce\u0161ka Republika identifikacijski [&hellip;]<\/p>\n","protected":false},"author":2,"featured_media":0,"parent":0,"menu_order":0,"comment_status":"closed","ping_status":"closed","template":"","meta":{"_acf_changed":false,"rank_math_lock_modified_date":false,"footnotes":""},"class_list":["post-358127","page","type-page","status-publish","hentry"],"acf":[],"_links":{"self":[{"href":"https:\/\/2024.mujstromecek.cz\/hr\/wp-json\/wp\/v2\/pages\/358127","targetHints":{"allow":["GET"]}}],"collection":[{"href":"https:\/\/2024.mujstromecek.cz\/hr\/wp-json\/wp\/v2\/pages"}],"about":[{"href":"https:\/\/2024.mujstromecek.cz\/hr\/wp-json\/wp\/v2\/types\/page"}],"author":[{"embeddable":true,"href":"https:\/\/2024.mujstromecek.cz\/hr\/wp-json\/wp\/v2\/users\/2"}],"replies":[{"embeddable":true,"href":"https:\/\/2024.mujstromecek.cz\/hr\/wp-json\/wp\/v2\/comments?post=358127"}],"version-history":[{"count":1,"href":"https:\/\/2024.mujstromecek.cz\/hr\/wp-json\/wp\/v2\/pages\/358127\/revisions"}],"predecessor-version":[{"id":358128,"href":"https:\/\/2024.mujstromecek.cz\/hr\/wp-json\/wp\/v2\/pages\/358127\/revisions\/358128"}],"wp:attachment":[{"href":"https:\/\/2024.mujstromecek.cz\/hr\/wp-json\/wp\/v2\/media?parent=358127"}],"curies":[{"name":"wp","href":"https:\/\/api.w.org\/{rel}","templated":true}]}}