{"id":358122,"date":"2024-07-02T15:47:42","date_gmt":"2024-07-02T15:47:42","guid":{"rendered":"https:\/\/2024.mujstromecek.cz\/kontakty\/"},"modified":"2024-07-31T17:18:17","modified_gmt":"2024-07-31T17:18:17","slug":"kontakt","status":"publish","type":"page","link":"https:\/\/2024.mujstromecek.cz\/hr\/kontakt\/","title":{"rendered":"Kontakt"},"content":{"rendered":"\n<div class=\"wp-block-group\"><div class=\"wp-block-group__inner-container is-layout-flow wp-block-group-is-layout-flow\">\n<div class=\"wp-block-group\"><div class=\"wp-block-group__inner-container is-layout-flow wp-block-group-is-layout-flow\">\n<div class=\"wp-block-columns is-layout-flex wp-container-core-columns-is-layout-9d6595d7 wp-block-columns-is-layout-flex\">\n<div class=\"wp-block-column jh-gt-block has-background is-layout-flow wp-block-column-is-layout-flow\" style=\"background-color:#eeeeee\">\n<h2 class=\"wp-block-heading\">Servis za kupce<\/h2>\n\n\n\n<p style=\"font-style:normal;font-weight:500\">Svojim kupcima nudimo \u0161iroku paletu popratnih usluga zahvaljuju\u0107i kojima je kupnja vrlo brza i jednostavna.<\/p>\n\n\n\n<div style=\"height:20px\" aria-hidden=\"true\" class=\"wp-block-spacer\"><\/div>\n\n\n\n<h4 class=\"wp-block-heading\">Imate li koja pitanja? Potra\u017eimo odgovor zajedno<\/h4>\n\n\n\n<ul class=\"wp-block-list\">\n<li>Pro\u010ditajte <a href=\"https:\/\/2024.mujstromecek.cz\/hr\/cesto-postavljana-pitanja\/\" data-type=\"page\" data-id=\"358109\">\u010desto postavljana pitanja<\/a> na\u0161ih kupaca<\/li>\n<\/ul>\n\n\n\n<div style=\"height:20px\" aria-hidden=\"true\" class=\"wp-block-spacer\"><\/div>\n\n\n\n<h4 class=\"wp-block-heading\">Da li niste prona\u0161li odgovor?<\/h4>\n\n\n\n<p style=\"font-style:normal;font-weight:500\">Mo\u017eete kontinuirano komunicirati s nama preko:<\/p>\n\n\n\n<ul class=\"wp-block-list\">\n<li style=\"font-style:normal;font-weight:500\">e-po\u0161te:\u00a0info@bozicnadrvca.hr<\/li>\n\n\n\n<li style=\"font-style:normal;font-weight:500\">preko opcije Chat: desno dolje<\/li>\n\n\n\n<li style=\"font-style:normal;font-weight:500\">telefonskog broja: +385217840201 (08:00 \u2013 16:00)<\/li>\n<\/ul>\n\n\n\n<p style=\"font-style:normal;font-weight:500\">Na\u0161e osoblje rado \u0107e odgovoriti na sva Va\u0161a pitanja ili Vam pomo\u0107i da pravilno izvr\u0161ite svoju narud\u017ebu.<\/p>\n<\/div>\n<\/div>\n<\/div><\/div>\n\n\n\n<div style=\"height:40px\" aria-hidden=\"true\" class=\"wp-block-spacer\"><\/div>\n\n\n\n<div class=\"wp-block-columns is-layout-flex wp-container-core-columns-is-layout-9d6595d7 wp-block-columns-is-layout-flex\">\n<div class=\"wp-block-column is-layout-flow wp-block-column-is-layout-flow\" style=\"flex-basis:33.33%\">\n<h2 class=\"wp-block-heading\">Podaci za fakturiranje<\/h2>\n\n\n\n<p style=\"font-style:normal;font-weight:500\">All4Customer, s.r.o.<br>ID: CZ01824651<br>Hladnovska 1255\/23 710 00,<br>Ostrava,<br>Czech Republic<\/p>\n<\/div>\n\n\n\n<div class=\"wp-block-column is-layout-flow wp-block-column-is-layout-flow\" style=\"flex-basis:66.66%\">\n<iframe src=\"https:\/\/www.google.com\/maps\/embed?pb=!1m14!1m8!1m3!1d329326.0325305334!2d18.30526!3d49.845095!3m2!1i1024!2i768!4f13.1!3m3!1m2!1s0x4713e32a7ac60fa9%3A0xea9642a6fb882b28!2sHladnovsk%C3%A1%201255%2F23%2C%20710%2000%20Slezsk%C3%A1%20Ostrava%2C%20Czechia!5e0!3m2!1sen!2sus!4v1593526756270!5m2!1sen!2sus\" width=\"600\" height=\"450\" border-radius=\"20\" frameborder=\"0\" style=\"border:0;\" allowfullscreen=\"\" aria-hidden=\"false\" tabindex=\"0\"><\/iframe>\n<\/div>\n<\/div>\n<\/div><\/div>\n","protected":false},"excerpt":{"rendered":"<p>Servis za kupce Svojim kupcima nudimo \u0161iroku paletu popratnih usluga zahvaljuju\u0107i kojima je kupnja vrlo brza i jednostavna. Imate li koja pitanja? Potra\u017eimo odgovor zajedno Da li niste prona\u0161li odgovor? Mo\u017eete kontinuirano komunicirati s nama preko: Na\u0161e osoblje rado \u0107e odgovoriti na sva Va\u0161a pitanja ili Vam pomo\u0107i da pravilno izvr\u0161ite svoju narud\u017ebu. Podaci za [&hellip;]<\/p>\n","protected":false},"author":2,"featured_media":0,"parent":0,"menu_order":0,"comment_status":"closed","ping_status":"closed","template":"","meta":{"_acf_changed":false,"rank_math_lock_modified_date":false,"footnotes":""},"class_list":["post-358122","page","type-page","status-publish","hentry"],"acf":[],"_links":{"self":[{"href":"https:\/\/2024.mujstromecek.cz\/hr\/wp-json\/wp\/v2\/pages\/358122","targetHints":{"allow":["GET"]}}],"collection":[{"href":"https:\/\/2024.mujstromecek.cz\/hr\/wp-json\/wp\/v2\/pages"}],"about":[{"href":"https:\/\/2024.mujstromecek.cz\/hr\/wp-json\/wp\/v2\/types\/page"}],"author":[{"embeddable":true,"href":"https:\/\/2024.mujstromecek.cz\/hr\/wp-json\/wp\/v2\/users\/2"}],"replies":[{"embeddable":true,"href":"https:\/\/2024.mujstromecek.cz\/hr\/wp-json\/wp\/v2\/comments?post=358122"}],"version-history":[{"count":1,"href":"https:\/\/2024.mujstromecek.cz\/hr\/wp-json\/wp\/v2\/pages\/358122\/revisions"}],"predecessor-version":[{"id":358124,"href":"https:\/\/2024.mujstromecek.cz\/hr\/wp-json\/wp\/v2\/pages\/358122\/revisions\/358124"}],"wp:attachment":[{"href":"https:\/\/2024.mujstromecek.cz\/hr\/wp-json\/wp\/v2\/media?parent=358122"}],"curies":[{"name":"wp","href":"https:\/\/api.w.org\/{rel}","templated":true}]}}