{"id":358117,"date":"2024-07-02T16:07:53","date_gmt":"2024-07-02T16:07:53","guid":{"rendered":"https:\/\/2024.mujstromecek.cz\/doprava-a-platba\/"},"modified":"2024-07-31T17:14:51","modified_gmt":"2024-07-31T17:14:51","slug":"otprema-i-placanje","status":"publish","type":"page","link":"https:\/\/2024.mujstromecek.cz\/hr\/otprema-i-placanje\/","title":{"rendered":"Otprema i pla\u0107anje"},"content":{"rendered":"\n<div class=\"wp-block-columns is-layout-flex wp-container-core-columns-is-layout-9d6595d7 wp-block-columns-is-layout-flex\">\n<div class=\"wp-block-column is-layout-flow wp-block-column-is-layout-flow\">\n<div class=\"wp-block-media-text is-stacked-on-mobile is-vertically-aligned-top\" style=\"grid-template-columns:15% auto\"><figure class=\"wp-block-media-text__media\"><img decoding=\"async\" src=\"https:\/\/2024.mujstromecek.cz\/wp-content\/uploads\/2024\/06\/delivery.svg\" alt=\"\" class=\"wp-image-355118 size-full\"><\/figure><div class=\"wp-block-media-text__content\">\n<h3 class=\"wp-block-heading\">Na\u010din transporta<\/h3>\n\n\n\n<p>Za isporuku robe kupcima koristimo transportno poduze\u0107e GLS.<\/p>\n\n\n\n<ul class=\"wp-block-list\">\n<li><strong>U REPUBLICI HRVATSKA JE BESPLATAN!<\/strong><\/li>\n\n\n\n<li><strong>Vrijeme isporuke: 3 \u2013 5 dana od datuma otpreme!<\/strong><\/li>\n\n\n\n<li><strong>Obavijestit \u0107emo Vas o to\u010dnom datumu isporuke.<\/strong><\/li>\n\n\n\n<li>Ako ste zainteresirani za isporuku drva u drugu dr\u017eavu EU, kontaktirajte nas na e-adresu: info@bozicnadrvca.hr<\/li>\n<\/ul>\n<\/div><\/div>\n<\/div>\n\n\n\n<div class=\"wp-block-column is-layout-flow wp-block-column-is-layout-flow\">\n<div class=\"wp-block-media-text is-stacked-on-mobile is-vertically-aligned-top\" style=\"grid-template-columns:15% auto\"><figure class=\"wp-block-media-text__media\"><img decoding=\"async\" src=\"https:\/\/2024.mujstromecek.cz\/wp-content\/uploads\/2024\/06\/credit-card-1.svg\" alt=\"\" class=\"wp-image-355157 size-full\"><\/figure><div class=\"wp-block-media-text__content\">\n<h3 class=\"wp-block-heading\">Na\u010din pla\u0107anja<\/h3>\n\n\n\n<p>Kupac mo\u017ee platiti cijenu robe i tro\u0161kove povezane s isporukom robe na vi\u0161e na\u010dina:<\/p>\n\n\n\n<ul class=\"wp-block-list\">\n<li><strong>Naplata uz dostavu<\/strong> \u2013 pla\u0107anje u gotovini voza\u010du transportne kompanije na mjestu isporuke koje je kupac odredio u narud\u017ebi<\/li>\n\n\n\n<li><strong>Karticom za pla\u0107anje<\/strong> \u2013 on-line, putem aplikacije \u2018GoPay\u2019<\/li>\n\n\n\n<li><strong>PayPal<\/strong> \u2013 pla\u0107anje kreditnom karticom ili preko PayPal ra\u010duna<\/li>\n<\/ul>\n<\/div><\/div>\n<\/div>\n<\/div>\n","protected":false},"excerpt":{"rendered":"<p>Na\u010din transporta Za isporuku robe kupcima koristimo transportno poduze\u0107e GLS. Na\u010din pla\u0107anja Kupac mo\u017ee platiti cijenu robe i tro\u0161kove povezane s isporukom robe na vi\u0161e na\u010dina:<\/p>\n","protected":false},"author":2,"featured_media":358118,"parent":0,"menu_order":0,"comment_status":"closed","ping_status":"closed","template":"","meta":{"_acf_changed":false,"rank_math_lock_modified_date":false,"footnotes":""},"class_list":["post-358117","page","type-page","status-publish","has-post-thumbnail","hentry"],"acf":[],"_links":{"self":[{"href":"https:\/\/2024.mujstromecek.cz\/hr\/wp-json\/wp\/v2\/pages\/358117","targetHints":{"allow":["GET"]}}],"collection":[{"href":"https:\/\/2024.mujstromecek.cz\/hr\/wp-json\/wp\/v2\/pages"}],"about":[{"href":"https:\/\/2024.mujstromecek.cz\/hr\/wp-json\/wp\/v2\/types\/page"}],"author":[{"embeddable":true,"href":"https:\/\/2024.mujstromecek.cz\/hr\/wp-json\/wp\/v2\/users\/2"}],"replies":[{"embeddable":true,"href":"https:\/\/2024.mujstromecek.cz\/hr\/wp-json\/wp\/v2\/comments?post=358117"}],"version-history":[{"count":1,"href":"https:\/\/2024.mujstromecek.cz\/hr\/wp-json\/wp\/v2\/pages\/358117\/revisions"}],"predecessor-version":[{"id":358121,"href":"https:\/\/2024.mujstromecek.cz\/hr\/wp-json\/wp\/v2\/pages\/358117\/revisions\/358121"}],"wp:featuredmedia":[{"embeddable":true,"href":"https:\/\/2024.mujstromecek.cz\/hr\/wp-json\/wp\/v2\/media\/358118"}],"wp:attachment":[{"href":"https:\/\/2024.mujstromecek.cz\/hr\/wp-json\/wp\/v2\/media?parent=358117"}],"curies":[{"name":"wp","href":"https:\/\/api.w.org\/{rel}","templated":true}]}}