{"id":358109,"date":"2024-07-02T13:53:34","date_gmt":"2024-07-02T13:53:34","guid":{"rendered":"https:\/\/2024.mujstromecek.cz\/caste-dotazy\/"},"modified":"2024-07-31T17:08:36","modified_gmt":"2024-07-31T17:08:36","slug":"cesto-postavljana-pitanja","status":"publish","type":"page","link":"https:\/\/2024.mujstromecek.cz\/hr\/cesto-postavljana-pitanja\/","title":{"rendered":"\u010cesto postavljana pitanja"},"content":{"rendered":"\n<div class=\"wp-block-gutena-accordion gutena-accordion-block gutena-accordion-block-be84b8-b3 is-layout-flow wp-block-gutena-accordion-is-layout-flow\" data-single=\"false\" data-open=\"0\">\n<div class=\"wp-block-gutena-accordion-panel gutena-accordion-block__panel\">\n<div class=\"wp-block-gutena-accordion-panel-title gutena-accordion-block__panel-title\"><div class=\"gutena-accordion-block__panel-title-inner\">\n<h6 class=\"wp-block-heading has-text-align-left\" style=\"margin-top:0px;margin-right:0px;margin-bottom:0px;margin-left:0px\">Kada \u0107e biti drvce poslano i dopremljeno?<\/h6>\n<div class=\"trigger-plus-minus\"><div class=\"horizontal\"><\/div><div class=\"vertical\"><\/div><\/div><\/div><\/div>\n\n\n\n<div class=\"wp-block-gutena-accordion-panel-content gutena-accordion-block__panel-content\"><div class=\"gutena-accordion-block__panel-content-inner\">\n<p>Drvca se obi\u010dno isporu\u010duju u roku od <strong>3 \u2013 5 radnih dana<\/strong>. 9. 2024. Sva drvca imamo na zalihama i \u0161aljemo svakodnevno (radnim danima) Prije nego \u0161to po\u0161aljemo drvce, poslat \u0107emo Vam poruku e-po\u0161te s informacijama, uklju\u010duju\u0107i i kod za pra\u0107enje po\u0161iljke s kojim mo\u017eete pratiti gdje se ista trenutno nalazi.<\/p>\n<\/div><\/div>\n<\/div>\n\n\n\n<div class=\"wp-block-gutena-accordion-panel gutena-accordion-block__panel\">\n<div class=\"wp-block-gutena-accordion-panel-title gutena-accordion-block__panel-title\"><div class=\"gutena-accordion-block__panel-title-inner\">\n<h6 class=\"wp-block-heading has-text-align-left\" style=\"margin-top:0px;margin-right:0px;margin-bottom:0px;margin-left:0px\">Kolika je visina i \u0161irina drvca?<\/h6>\n<div class=\"trigger-plus-minus\"><div class=\"horizontal\"><\/div><div class=\"vertical\"><\/div><\/div><\/div><\/div>\n\n\n\n<div class=\"wp-block-gutena-accordion-panel-content gutena-accordion-block__panel-content\"><div class=\"gutena-accordion-block__panel-content-inner\">\n<p style=\"margin-top:0;margin-bottom:0\">Ove informacije su uvijek detaljno navedene za svako stablo.<\/p>\n<\/div><\/div>\n<\/div>\n\n\n\n<div class=\"wp-block-gutena-accordion-panel gutena-accordion-block__panel\">\n<div class=\"wp-block-gutena-accordion-panel-title gutena-accordion-block__panel-title\"><div class=\"gutena-accordion-block__panel-title-inner\">\n<h6 class=\"wp-block-heading has-text-align-left\" style=\"margin-top:0px;margin-right:0px;margin-bottom:0px;margin-left:0px\">Da li se ra\u010duna visina drvca sa stalkom ili bez stalka?<\/h6>\n<div class=\"trigger-plus-minus\"><div class=\"horizontal\"><\/div><div class=\"vertical\"><\/div><\/div><\/div><\/div>\n\n\n\n<div class=\"wp-block-gutena-accordion-panel-content gutena-accordion-block__panel-content\"><div class=\"gutena-accordion-block__panel-content-inner\">\n<p style=\"margin-top:0;margin-bottom:0\">Da, navedene su sve visine drvca sa stalkom.<\/p>\n<\/div><\/div>\n<\/div>\n\n\n\n<div class=\"wp-block-gutena-accordion-panel gutena-accordion-block__panel\">\n<div class=\"wp-block-gutena-accordion-panel-title gutena-accordion-block__panel-title\"><div class=\"gutena-accordion-block__panel-title-inner\">\n<h6 class=\"wp-block-heading has-text-align-left\" style=\"margin-top:0px;margin-right:0px;margin-bottom:0px;margin-left:0px\">Da li je stalak u sklopu pakiranja?<\/h6>\n<div class=\"trigger-plus-minus\"><div class=\"horizontal\"><\/div><div class=\"vertical\"><\/div><\/div><\/div><\/div>\n\n\n\n<div class=\"wp-block-gutena-accordion-panel-content gutena-accordion-block__panel-content\"><div class=\"gutena-accordion-block__panel-content-inner\">\n<p>Da, kvalitetan <strong>metalni stalak<\/strong> je uklju\u010den u svaki paket.<\/p>\n\n\n\n<p>Napomena: Neki se modeli prodaju s plasti\u010dnim stalkom, a podaci su navedeni u pojedinostima o proizvodu..<\/p>\n<\/div><\/div>\n<\/div>\n\n\n\n<div class=\"wp-block-gutena-accordion-panel gutena-accordion-block__panel\">\n<div class=\"wp-block-gutena-accordion-panel-title gutena-accordion-block__panel-title\"><div class=\"gutena-accordion-block__panel-title-inner\">\n<h6 class=\"wp-block-heading has-text-align-left\" style=\"margin-top:0px;margin-right:0px;margin-bottom:0px;margin-left:0px\">Od koliko je dijelova sastavljeno drvce?<\/h6>\n<div class=\"trigger-plus-minus\"><div class=\"horizontal\"><\/div><div class=\"vertical\"><\/div><\/div><\/div><\/div>\n\n\n\n<div class=\"wp-block-gutena-accordion-panel-content gutena-accordion-block__panel-content\"><div class=\"gutena-accordion-block__panel-content-inner\">\n<p style=\"margin-top:0;margin-bottom:0\">Broj dijelova ovisi o veli\u010dini drvca:<\/p>\n\n\n\n<ul class=\"wp-block-list\">\n<li>Veli\u010dine 180 cm \u2013 250 cm \u2013 sastavljene od 2 ili 3 dijela<\/li>\n\n\n\n<li>Veli\u010dine 120 cm i 150 cm \u2013 sastavljene od 1 ili 2 dijela<\/li>\n<\/ul>\n<\/div><\/div>\n<\/div>\n<\/div>\n\n\n\n<div style=\"height:40px\" aria-hidden=\"true\" class=\"wp-block-spacer\"><\/div>\n\n\n\n<div class=\"wp-block-columns is-layout-flex wp-container-core-columns-is-layout-9d6595d7 wp-block-columns-is-layout-flex\">\n<div class=\"wp-block-column jh-gt-block has-text-color has-background has-link-color wp-elements-e32fd021fe8545d9361f96bc5c0edbdd is-layout-flow wp-block-column-is-layout-flow\" style=\"color:#250000;background-color:#eeeeee\">\n<h2 class=\"wp-block-heading\">Da li va\u0161a po\u0161iljka kasni?<\/h2>\n\n\n\n<div class=\"wp-block-columns is-layout-flex wp-container-core-columns-is-layout-9d6595d7 wp-block-columns-is-layout-flex\">\n<div class=\"wp-block-column is-layout-flow wp-block-column-is-layout-flow\">\n<p>Po\u0161iljka vi\u0161e nije kod nas, molimo da za vi\u0161e detalja kontaktirate kompaniju GLS. Zahvaljujemo Vam se.<\/p>\n<\/div>\n\n\n\n<div class=\"wp-block-column is-layout-flow wp-block-column-is-layout-flow\">\n<p><\/p>\n<\/div>\n<\/div>\n<\/div>\n<\/div>\n\n\n\n<div style=\"height:10px\" aria-hidden=\"true\" class=\"wp-block-spacer\"><\/div>\n\n\n\n<div class=\"wp-block-gutena-accordion gutena-accordion-block gutena-accordion-block-a20246-1c is-layout-flow wp-block-gutena-accordion-is-layout-flow\" data-single=\"false\" data-open=\"none\">\n<div class=\"wp-block-gutena-accordion-panel gutena-accordion-block__panel\">\n<div class=\"wp-block-gutena-accordion-panel-title gutena-accordion-block__panel-title\"><div class=\"gutena-accordion-block__panel-title-inner\">\n<h6 class=\"wp-block-heading has-text-align-left\" style=\"margin-top:0px;margin-right:0px;margin-bottom:0px;margin-left:0px\">Koliko vremena treba da se drvce sastavi?<\/h6>\n<div class=\"trigger-plus-minus\"><div class=\"horizontal\"><\/div><div class=\"vertical\"><\/div><\/div><\/div><\/div>\n\n\n\n<div class=\"wp-block-gutena-accordion-panel-content gutena-accordion-block__panel-content\"><div class=\"gutena-accordion-block__panel-content-inner\">\n<p>Sastavljanje drvca je vrlo jednostavno, a po\u010detna monta\u017ea ne traje vi\u0161e od 2 minute. Naknadna obrada gran\u010dica i oblikovanje prema Va\u0161em ukusu trajat \u0107e otprilike 5 \u2013 10 minuta.<\/p>\n<\/div><\/div>\n<\/div>\n\n\n\n<div class=\"wp-block-gutena-accordion-panel gutena-accordion-block__panel\">\n<div class=\"wp-block-gutena-accordion-panel-title gutena-accordion-block__panel-title\"><div class=\"gutena-accordion-block__panel-title-inner\">\n<h6 class=\"wp-block-heading has-text-align-left\" style=\"margin-top:0px;margin-right:0px;margin-bottom:0px;margin-left:0px\">Kako saviti drvce?<\/h6>\n<div class=\"trigger-plus-minus\"><div class=\"horizontal\"><\/div><div class=\"vertical\"><\/div><\/div><\/div><\/div>\n\n\n\n<div class=\"wp-block-gutena-accordion-panel-content gutena-accordion-block__panel-content\"><div class=\"gutena-accordion-block__panel-content-inner\">\n<ol id=\"block-b6bb5ab3-84a2-4016-bff8-fbe8e4900e0b\" class=\"wp-block-list\">\n<li>Izvadite drvce iz kutije.<\/li>\n\n\n\n<li>Stalak sastavite.<\/li>\n\n\n\n<li>Gurnite donji dio drvca u stalak i dobro ga u\u010dvrstite.<\/li>\n\n\n\n<li>Svoje drvce mo\u017eete graditi postupno. Preporu\u010dujemo da ga sastavljate odozdo prema gore.<\/li>\n\n\n\n<li>Odvojite i oblikujte gran\u010dice u \u017eeljeni oblik.<\/li>\n<\/ol>\n<\/div><\/div>\n<\/div>\n\n\n\n<div class=\"wp-block-gutena-accordion-panel gutena-accordion-block__panel\">\n<div class=\"wp-block-gutena-accordion-panel-title gutena-accordion-block__panel-title\"><div class=\"gutena-accordion-block__panel-title-inner\">\n<h6 class=\"wp-block-heading has-text-align-left\" style=\"margin-top:0px;margin-right:0px;margin-bottom:0px;margin-left:0px\">Kakva je razlika izme\u0111u razli\u010ditih vrsta iglica?<\/h6>\n<div class=\"trigger-plus-minus\"><div class=\"horizontal\"><\/div><div class=\"vertical\"><\/div><\/div><\/div><\/div>\n\n\n\n<div class=\"wp-block-gutena-accordion-panel-content gutena-accordion-block__panel-content\"><div class=\"gutena-accordion-block__panel-content-inner\">\n<p style=\"margin-top:0;margin-bottom:0\">Za vi\u0161e informacija pogledajte na <a href=\"https:\/\/bozicnadrvca.hr\/2d-in-3d-igle-kaksna-je-razlika-med-njimi\/\" target=\"_blank\" rel=\"noopener\">2D, 3D a 100 % 3D iglice. Kakva je razlika izme\u0111u njih?<\/a><\/p>\n<\/div><\/div>\n<\/div>\n\n\n\n<div class=\"wp-block-gutena-accordion-panel gutena-accordion-block__panel\">\n<div class=\"wp-block-gutena-accordion-panel-title gutena-accordion-block__panel-title\"><div class=\"gutena-accordion-block__panel-title-inner\">\n<h6 class=\"wp-block-heading has-text-align-left\" style=\"margin-top:0px;margin-right:0px;margin-bottom:0px;margin-left:0px\">Kako \u0107u biti obavije\u0161ten o stanju narud\u017ebe?<\/h6>\n<div class=\"trigger-plus-minus\"><div class=\"horizontal\"><\/div><div class=\"vertical\"><\/div><\/div><\/div><\/div>\n\n\n\n<div class=\"wp-block-gutena-accordion-panel-content gutena-accordion-block__panel-content\"><div class=\"gutena-accordion-block__panel-content-inner\">\n<p style=\"margin-top:0;margin-bottom:0\">O napredovanju narud\u017ebe \u0107emo vas obavje\u0161tavati putem e-po\u0161te. Obi\u010dno \u0161aljemo tri vrste e-poruka:<\/p>\n\n\n\n<div style=\"height:20px\" aria-hidden=\"true\" class=\"wp-block-spacer\"><\/div>\n\n\n\n<ul class=\"wp-block-list\">\n<li><strong>Primanje narud\u017ebe<\/strong> \u2013 e-po\u0161ta se automatski \u0161alje u trenutku slanja narud\u017ebe.<\/li>\n\n\n\n<li><strong>Spremno za slanje<\/strong> \u2013 e-po\u0161tu \u0161alje na\u0161 zaposlenik u trenutku kada je po\u0161iljka spremna i \u010deka da bude predana transportnoj kompaniji.<\/li>\n\n\n\n<li><strong>Slanje po\u0161iljke<\/strong> \u2013 e-po\u0161tu \u0161alje na\u0161 zaposlenik u trenutku predaje po\u0161iljke uz narud\u017ebu transportne kompanije.<\/li>\n<\/ul>\n\n\n\n<div style=\"height:20px\" aria-hidden=\"true\" class=\"wp-block-spacer\"><\/div>\n\n\n\n<p>U slu\u010daju akutnih ili naglih promjena, kontaktirat \u0107emo Vas telefonom na telefonski broj naveden u narud\u017ebi.<\/p>\n<\/div><\/div>\n<\/div>\n\n\n\n<div class=\"wp-block-gutena-accordion-panel gutena-accordion-block__panel\">\n<div class=\"wp-block-gutena-accordion-panel-title gutena-accordion-block__panel-title\"><div class=\"gutena-accordion-block__panel-title-inner\">\n<h6 class=\"wp-block-heading has-text-align-left\" style=\"margin-top:0px;margin-right:0px;margin-bottom:0px;margin-left:0px\">Da li je mogu\u0107e kupiti drvce i podi\u0107i ga osobno?<\/h6>\n<div class=\"trigger-plus-minus\"><div class=\"horizontal\"><\/div><div class=\"vertical\"><\/div><\/div><\/div><\/div>\n\n\n\n<div class=\"wp-block-gutena-accordion-panel-content gutena-accordion-block__panel-content\"><div class=\"gutena-accordion-block__panel-content-inner\">\n<p style=\"margin-top:0;margin-bottom:0\">Kupnja je mogu\u0107e samo putem na\u0161e e-trgovine <a href=\"https:\/\/mujstromecek.cz\/\" target=\"_blank\" rel=\"noopener\">bozicnadrvca.hr<\/a>. Osobno preuzimanje tako\u0111er nije mogu\u0107e. Drvce isporu\u010dujemo samo preko transportne kompanije.<\/p>\n<\/div><\/div>\n<\/div>\n\n\n\n<div class=\"wp-block-gutena-accordion-panel gutena-accordion-block__panel\">\n<div class=\"wp-block-gutena-accordion-panel-title gutena-accordion-block__panel-title\"><div class=\"gutena-accordion-block__panel-title-inner\">\n<h6 class=\"wp-block-heading has-text-align-left\" style=\"margin-top:0px;margin-right:0px;margin-bottom:0px;margin-left:0px\">Do kada je mogu\u0107e naru\u010diti drvce?<\/h6>\n<div class=\"trigger-plus-minus\"><div class=\"horizontal\"><\/div><div class=\"vertical\"><\/div><\/div><\/div><\/div>\n\n\n\n<div class=\"wp-block-gutena-accordion-panel-content gutena-accordion-block__panel-content\"><div class=\"gutena-accordion-block__panel-content-inner\">\n<p style=\"margin-top:0;margin-bottom:0\">Posljednji dan kada je mogu\u0107e naru\u010diti drvce je 17. prosinca 2024. Me\u0111utim, preporu\u010dujemo da naru\u010dite drvce unaprijed, jer s Bo\u017ei\u0107em koji se pribli\u017eava obi\u010dno nisu dostupne sve vrste i veli\u010dine drvca.<\/p>\n<\/div><\/div>\n<\/div>\n\n\n\n<div class=\"wp-block-gutena-accordion-panel gutena-accordion-block__panel\">\n<div class=\"wp-block-gutena-accordion-panel-title gutena-accordion-block__panel-title\"><div class=\"gutena-accordion-block__panel-title-inner\">\n<h6 class=\"wp-block-heading has-text-align-left\" style=\"margin-top:0px;margin-right:0px;margin-bottom:0px;margin-left:0px\">Ispunjavaju li drvca sigurnosne standarde?<\/h6>\n<div class=\"trigger-plus-minus\"><div class=\"horizontal\"><\/div><div class=\"vertical\"><\/div><\/div><\/div><\/div>\n\n\n\n<div class=\"wp-block-gutena-accordion-panel-content gutena-accordion-block__panel-content\"><div class=\"gutena-accordion-block__panel-content-inner\">\n<p style=\"margin-top:0;margin-bottom:0\">Na\u0161a umjetna bo\u017ei\u0107na drvca izra\u0111ena su od najkvalitetnijih materijala i udovoljavaju najstro\u017eijim EU sigurnosnim standardima.<\/p>\n<\/div><\/div>\n<\/div>\n\n\n\n<div class=\"wp-block-gutena-accordion-panel gutena-accordion-block__panel\">\n<div class=\"wp-block-gutena-accordion-panel-title gutena-accordion-block__panel-title\"><div class=\"gutena-accordion-block__panel-title-inner\">\n<h6 class=\"wp-block-heading has-text-align-left\" style=\"margin-top:0px;margin-right:0px;margin-bottom:0px;margin-left:0px\">Mo\u017ee li se naru\u010diti drvce ve\u0107e od 250 cm?<\/h6>\n<div class=\"trigger-plus-minus\"><div class=\"horizontal\"><\/div><div class=\"vertical\"><\/div><\/div><\/div><\/div>\n\n\n\n<div class=\"wp-block-gutena-accordion-panel-content gutena-accordion-block__panel-content\"><div class=\"gutena-accordion-block__panel-content-inner\">\n<p style=\"margin-top:0;margin-bottom:0\">Da, u stanju smo dopremiti drvca ve\u0107a od 250 cm. Sve \u0107e se takve narud\u017ebe rje\u0161avati individualno. Dakle, ako ste zainteresirani za vi\u0161e drvce, obratite nam se putem e-po\u0161te na <a href=\"mailto:Info@mujstromecek.cz\">info@bozicnadrvca.hr<\/a>.<\/p>\n<\/div><\/div>\n<\/div>\n\n\n\n<div class=\"wp-block-gutena-accordion-panel gutena-accordion-block__panel\">\n<div class=\"wp-block-gutena-accordion-panel-title gutena-accordion-block__panel-title\"><div class=\"gutena-accordion-block__panel-title-inner\">\n<h6 class=\"wp-block-heading has-text-align-left\" style=\"margin-top:0px;margin-right:0px;margin-bottom:0px;margin-left:0px\">\u0160to trebam u\u010diniti ako \u017eelim naknadno popraviti svoju narud\u017ebu?<\/h6>\n<div class=\"trigger-plus-minus\"><div class=\"horizontal\"><\/div><div class=\"vertical\"><\/div><\/div><\/div><\/div>\n\n\n\n<div class=\"wp-block-gutena-accordion-panel-content gutena-accordion-block__panel-content\"><div class=\"gutena-accordion-block__panel-content-inner\">\n<p style=\"margin-top:0;margin-bottom:0\">Narud\u017ebu svakako mo\u017eete popraviti. U tom slu\u010daju kontaktirajte nas putem e-po\u0161te <a href=\"mailto:Info@mujstromecek.cz\">info@bozicnadrvca.hr<\/a>. Va\u017eno je da bilo kakve promjene u narud\u017ebi budu poslane prije predaje po\u0161iljke transportnoj kompaniji.<\/p>\n<\/div><\/div>\n<\/div>\n\n\n\n<div class=\"wp-block-gutena-accordion-panel gutena-accordion-block__panel\">\n<div class=\"wp-block-gutena-accordion-panel-title gutena-accordion-block__panel-title\"><div class=\"gutena-accordion-block__panel-title-inner\">\n<h6 class=\"wp-block-heading has-text-align-left\" style=\"margin-top:0px;margin-right:0px;margin-bottom:0px;margin-left:0px\">Jeste li obveznik za PDV?<\/h6>\n<div class=\"trigger-plus-minus\"><div class=\"horizontal\"><\/div><div class=\"vertical\"><\/div><\/div><\/div><\/div>\n\n\n\n<div class=\"wp-block-gutena-accordion-panel-content gutena-accordion-block__panel-content\"><div class=\"gutena-accordion-block__panel-content-inner\">\n<p style=\"margin-top:0;margin-bottom:0\">Da, mi smo obveznici za PDV. Naknada za PDV mo\u017ee se koristiti za korporativne kupce.<\/p>\n<\/div><\/div>\n<\/div>\n\n\n\n<div class=\"wp-block-gutena-accordion-panel gutena-accordion-block__panel\">\n<div class=\"wp-block-gutena-accordion-panel-title gutena-accordion-block__panel-title\"><div class=\"gutena-accordion-block__panel-title-inner\">\n<h6 class=\"wp-block-heading has-text-align-left\" style=\"margin-top:0px;margin-right:0px;margin-bottom:0px;margin-left:0px\">Da li pru\u017eate veleprodaju?<\/h6>\n<div class=\"trigger-plus-minus\"><div class=\"horizontal\"><\/div><div class=\"vertical\"><\/div><\/div><\/div><\/div>\n\n\n\n<div class=\"wp-block-gutena-accordion-panel-content gutena-accordion-block__panel-content\"><div class=\"gutena-accordion-block__panel-content-inner\">\n<p style=\"margin-top:0;margin-bottom:0\">Da, kontaktirajte nas, molim.<br>Tom\u00e1\u0161 Turo\u0148<br><a href=\"mailto:velkoobchod@mujstromecek.cz\">info@bozicnadrvca.hr<\/a><br>+420 724 708 057 (samo za veleprodaju)<\/p>\n<\/div><\/div>\n<\/div>\n<\/div>\n","protected":false},"excerpt":{"rendered":"<p>Da li va\u0161a po\u0161iljka kasni? Po\u0161iljka vi\u0161e nije kod nas, molimo da za vi\u0161e detalja kontaktirate kompaniju GLS. Zahvaljujemo Vam se.<\/p>\n","protected":false},"author":2,"featured_media":358110,"parent":0,"menu_order":0,"comment_status":"closed","ping_status":"closed","template":"","meta":{"_acf_changed":false,"rank_math_lock_modified_date":false,"footnotes":""},"class_list":["post-358109","page","type-page","status-publish","has-post-thumbnail","hentry"],"acf":[],"_links":{"self":[{"href":"https:\/\/2024.mujstromecek.cz\/hr\/wp-json\/wp\/v2\/pages\/358109","targetHints":{"allow":["GET"]}}],"collection":[{"href":"https:\/\/2024.mujstromecek.cz\/hr\/wp-json\/wp\/v2\/pages"}],"about":[{"href":"https:\/\/2024.mujstromecek.cz\/hr\/wp-json\/wp\/v2\/types\/page"}],"author":[{"embeddable":true,"href":"https:\/\/2024.mujstromecek.cz\/hr\/wp-json\/wp\/v2\/users\/2"}],"replies":[{"embeddable":true,"href":"https:\/\/2024.mujstromecek.cz\/hr\/wp-json\/wp\/v2\/comments?post=358109"}],"version-history":[{"count":2,"href":"https:\/\/2024.mujstromecek.cz\/hr\/wp-json\/wp\/v2\/pages\/358109\/revisions"}],"predecessor-version":[{"id":358116,"href":"https:\/\/2024.mujstromecek.cz\/hr\/wp-json\/wp\/v2\/pages\/358109\/revisions\/358116"}],"wp:featuredmedia":[{"embeddable":true,"href":"https:\/\/2024.mujstromecek.cz\/hr\/wp-json\/wp\/v2\/media\/358110"}],"wp:attachment":[{"href":"https:\/\/2024.mujstromecek.cz\/hr\/wp-json\/wp\/v2\/media?parent=358109"}],"curies":[{"name":"wp","href":"https:\/\/api.w.org\/{rel}","templated":true}]}}