{"id":358421,"date":"2024-07-02T13:53:34","date_gmt":"2024-07-02T13:53:34","guid":{"rendered":"https:\/\/2024.mujstromecek.cz\/caste-dotazy\/"},"modified":"2024-08-01T11:44:52","modified_gmt":"2024-08-01T11:44:52","slug":"haufig-gestellte-fragen","status":"publish","type":"page","link":"https:\/\/2024.mujstromecek.cz\/de\/haufig-gestellte-fragen\/","title":{"rendered":"H\u00e4ufig gestellte Fragen"},"content":{"rendered":"\n<div class=\"wp-block-gutena-accordion gutena-accordion-block gutena-accordion-block-3c3c97-fb is-layout-flow wp-block-gutena-accordion-is-layout-flow\" data-single=\"false\" data-open=\"0\">\n<div class=\"wp-block-gutena-accordion-panel gutena-accordion-block__panel\">\n<div class=\"wp-block-gutena-accordion-panel-title gutena-accordion-block__panel-title\"><div class=\"gutena-accordion-block__panel-title-inner\">\n<h6 class=\"wp-block-heading has-text-align-left\" style=\"margin-top:0px;margin-right:0px;margin-bottom:0px;margin-left:0px\">Wie lange dauert es, bis mein Weihnachtsbaum zugestellt wird?<\/h6>\n<div class=\"trigger-plus-minus\"><div class=\"horizontal\"><\/div><div class=\"vertical\"><\/div><\/div><\/div><\/div>\n\n\n\n<div class=\"wp-block-gutena-accordion-panel-content gutena-accordion-block__panel-content\"><div class=\"gutena-accordion-block__panel-content-inner\">\n<p>Innerhalb von <strong>5 Tagen<\/strong>. 9. 2024. Spezifische Informationen zu Produktdetails sind wie folgt:<br>Verf\u00fcgbarkeit: <strong>Auf lager<\/strong>, Lieferung: <strong>2-3 tage<\/strong><\/p>\n\n\n\n<p><em>Informationen zum Versand finden Sie auf der Baumerkl\u00e4rung oder in den Details des Produkts selbst.<\/em><\/p>\n\n\n\n<p>Innerhalb von 5 Tagen. Vor dem Versand des Baumes senden wir Ihnen eine Informations-E-Mail mit einem Tracking-Code, mit dem Sie nachverfolgen k\u00f6nnen, wo sich Ihr Baum gerade befindet.<\/p>\n<\/div><\/div>\n<\/div>\n\n\n\n<div class=\"wp-block-gutena-accordion-panel gutena-accordion-block__panel\">\n<div class=\"wp-block-gutena-accordion-panel-title gutena-accordion-block__panel-title\"><div class=\"gutena-accordion-block__panel-title-inner\">\n<h6 class=\"wp-block-heading has-text-align-left\" style=\"margin-top:0px;margin-right:0px;margin-bottom:0px;margin-left:0px\">Wie hoch und breit sind die B\u00e4ume?<\/h6>\n<div class=\"trigger-plus-minus\"><div class=\"horizontal\"><\/div><div class=\"vertical\"><\/div><\/div><\/div><\/div>\n\n\n\n<div class=\"wp-block-gutena-accordion-panel-content gutena-accordion-block__panel-content\"><div class=\"gutena-accordion-block__panel-content-inner\">\n<p style=\"margin-top:0;margin-bottom:0\">Diese Informationen werden immer detailliert f\u00fcr jeden Baum angegeben.<\/p>\n<\/div><\/div>\n<\/div>\n\n\n\n<div class=\"wp-block-gutena-accordion-panel gutena-accordion-block__panel\">\n<div class=\"wp-block-gutena-accordion-panel-title gutena-accordion-block__panel-title\"><div class=\"gutena-accordion-block__panel-title-inner\">\n<h6 class=\"wp-block-heading has-text-align-left\" style=\"margin-top:0px;margin-right:0px;margin-bottom:0px;margin-left:0px\">Ist die H\u00f6he des Baumes inklusive St\u00e4nder angegeben?<\/h6>\n<div class=\"trigger-plus-minus\"><div class=\"horizontal\"><\/div><div class=\"vertical\"><\/div><\/div><\/div><\/div>\n\n\n\n<div class=\"wp-block-gutena-accordion-panel-content gutena-accordion-block__panel-content\"><div class=\"gutena-accordion-block__panel-content-inner\">\n<p style=\"margin-top:0;margin-bottom:0\">Ja, alle Baumh\u00f6hen sind inklusive des Standes aufgef\u00fchrt.<\/p>\n<\/div><\/div>\n<\/div>\n\n\n\n<div class=\"wp-block-gutena-accordion-panel gutena-accordion-block__panel\">\n<div class=\"wp-block-gutena-accordion-panel-title gutena-accordion-block__panel-title\"><div class=\"gutena-accordion-block__panel-title-inner\">\n<h6 class=\"wp-block-heading has-text-align-left\" style=\"margin-top:0px;margin-right:0px;margin-bottom:0px;margin-left:0px\">Ist der St\u00e4nder in der Verpackung enthalten?<\/h6>\n<div class=\"trigger-plus-minus\"><div class=\"horizontal\"><\/div><div class=\"vertical\"><\/div><\/div><\/div><\/div>\n\n\n\n<div class=\"wp-block-gutena-accordion-panel-content gutena-accordion-block__panel-content\"><div class=\"gutena-accordion-block__panel-content-inner\">\n<p>JA, ein <strong>hochwertiger Metallst\u00e4nder<\/strong> geh\u00f6rt zu allen Weihnachtsb\u00e4umen (au\u00dfer 2D-Modelle aus der Reihe ECONOMY)<\/p>\n\n\n\n<p>Hinweis: Einige Verkaufsmodelle sind m\u00f6glicherweise mit einem Kunststoffst\u00e4nder ausgestattet, bitte beziehen Sie sich f\u00fcr diese Informationen auf die Produktdetails.<\/p>\n<\/div><\/div>\n<\/div>\n\n\n\n<div class=\"wp-block-gutena-accordion-panel gutena-accordion-block__panel\">\n<div class=\"wp-block-gutena-accordion-panel-title gutena-accordion-block__panel-title\"><div class=\"gutena-accordion-block__panel-title-inner\">\n<h6 class=\"wp-block-heading has-text-align-left\" style=\"margin-top:0px;margin-right:0px;margin-bottom:0px;margin-left:0px\">Aus wie vielen Teilen bestehen die Weihnachtsb\u00e4ume?<\/h6>\n<div class=\"trigger-plus-minus\"><div class=\"horizontal\"><\/div><div class=\"vertical\"><\/div><\/div><\/div><\/div>\n\n\n\n<div class=\"wp-block-gutena-accordion-panel-content gutena-accordion-block__panel-content\"><div class=\"gutena-accordion-block__panel-content-inner\">\n<p>Die Anzahl der Teile h\u00e4ngt von der Gr\u00f6\u00dfe des Baums ab:<\/p>\n\n\n\n<ul class=\"wp-block-list\">\n<li>180 cm aus 2 Teilen<\/li>\n\n\n\n<li>220 cm und 250 cm dann aus 3 Teilen<\/li>\n<\/ul>\n<\/div><\/div>\n<\/div>\n<\/div>\n\n\n\n<div style=\"height:40px\" aria-hidden=\"true\" class=\"wp-block-spacer\"><\/div>\n\n\n\n<div class=\"wp-block-columns is-layout-flex wp-container-core-columns-is-layout-9d6595d7 wp-block-columns-is-layout-flex\">\n<div class=\"wp-block-column jh-gt-block has-text-color has-background has-link-color wp-elements-f3cbc5fc77241afee5a8ac4a7c5bd7df is-layout-flow wp-block-column-is-layout-flow\" style=\"color:#250000;background-color:#eeeeee\">\n<h2 class=\"wp-block-heading\">Hat sich Ihre Lieferung verz\u00f6gert?<\/h2>\n\n\n\n<div class=\"wp-block-columns is-layout-flex wp-container-core-columns-is-layout-9d6595d7 wp-block-columns-is-layout-flex\">\n<div class=\"wp-block-column is-layout-flow wp-block-column-is-layout-flow\">\n<p>Die Sendung ist nicht mehr bei uns, bitte wenden Sie sich an den DPD-Spediteur, der Ihnen die Details mitteilt. Danke.<\/p>\n\n\n\n<figure class=\"wp-block-image is-resized\"><img decoding=\"async\" src=\"https:\/\/mujstromecek.cz\/wp-content\/uploads\/2020\/06\/DPD_logo_redgrad_rgb_responsive.svg\" alt=\"\" class=\"wp-image-6283\" style=\"width:150px\"><\/figure>\n<\/div>\n\n\n\n<div class=\"wp-block-column is-layout-flow wp-block-column-is-layout-flow\">\n<p><a href=\"https:\/\/www.dpd.com\/tracking\/(lang)\/cs_CZ\" target=\"_blank\" rel=\"noreferrer noopener\">DPD-Sendungsverfolgung<\/a><br>e-mail: <a href=\"mailto:info@dpd.cz\" target=\"_blank\" rel=\"noreferrer noopener\">info@dpd.cz<\/a><br>telefon: <strong>+420<\/strong> <strong>225 373 373<\/strong><br>(werktags von <strong>7:00 &#8211; 18:00<\/strong> Uhr)<\/p>\n<\/div>\n<\/div>\n<\/div>\n<\/div>\n\n\n\n<div style=\"height:10px\" aria-hidden=\"true\" class=\"wp-block-spacer\"><\/div>\n\n\n\n<div class=\"wp-block-gutena-accordion gutena-accordion-block gutena-accordion-block-81d03c-c6 is-layout-flow wp-block-gutena-accordion-is-layout-flow\" data-single=\"false\" data-open=\"none\">\n<div class=\"wp-block-gutena-accordion-panel gutena-accordion-block__panel\">\n<div class=\"wp-block-gutena-accordion-panel-title gutena-accordion-block__panel-title\"><div class=\"gutena-accordion-block__panel-title-inner\">\n<h6 class=\"wp-block-heading has-text-align-left\" style=\"margin-top:0px;margin-right:0px;margin-bottom:0px;margin-left:0px\">Ist das Zusammenstellen eines Weihnachtsbaumes schwierig und wie viel Zeit nimmt es in Anspruch?<\/h6>\n<div class=\"trigger-plus-minus\"><div class=\"horizontal\"><\/div><div class=\"vertical\"><\/div><\/div><\/div><\/div>\n\n\n\n<div class=\"wp-block-gutena-accordion-panel-content gutena-accordion-block__panel-content\"><div class=\"gutena-accordion-block__panel-content-inner\">\n<p>Nein, es dauert etwa 10-15 Minuten.<\/p>\n<\/div><\/div>\n<\/div>\n\n\n\n<div class=\"wp-block-gutena-accordion-panel gutena-accordion-block__panel\">\n<div class=\"wp-block-gutena-accordion-panel-title gutena-accordion-block__panel-title\"><div class=\"gutena-accordion-block__panel-title-inner\">\n<h6 class=\"wp-block-heading has-text-align-left\" style=\"margin-top:0px;margin-right:0px;margin-bottom:0px;margin-left:0px\">Wie soll ich den Baum zusammenbauen?<\/h6>\n<div class=\"trigger-plus-minus\"><div class=\"horizontal\"><\/div><div class=\"vertical\"><\/div><\/div><\/div><\/div>\n\n\n\n<div class=\"wp-block-gutena-accordion-panel-content gutena-accordion-block__panel-content\"><div class=\"gutena-accordion-block__panel-content-inner\">\n<ol id=\"block-b6bb5ab3-84a2-4016-bff8-fbe8e4900e0b\" class=\"wp-block-list\">\n<li>Packen Sie den Baum aus der Schachtel aus.<\/li>\n\n\n\n<li>Montieren Sie den St\u00e4nder.<\/li>\n\n\n\n<li>Stecken Sie den unteren Teil des Baumes in den St\u00e4nder und befestigen Sie ihn fest.<\/li>\n\n\n\n<li>Bauen Sie den Baum Schritt f\u00fcr Schritt auf. Wir empfehlen, von unten nach oben zu bauen.<\/li>\n\n\n\n<li>Entfalten und formen Sie die Zweige in die gew\u00fcnschte Form.<\/li>\n<\/ol>\n<\/div><\/div>\n<\/div>\n\n\n\n<div class=\"wp-block-gutena-accordion-panel gutena-accordion-block__panel\">\n<div class=\"wp-block-gutena-accordion-panel-title gutena-accordion-block__panel-title\"><div class=\"gutena-accordion-block__panel-title-inner\">\n<h6 class=\"wp-block-heading has-text-align-left\" style=\"margin-top:0px;margin-right:0px;margin-bottom:0px;margin-left:0px\">Was ist der Unterschied zwischen den einzelnen Nadelbaumarten?<\/h6>\n<div class=\"trigger-plus-minus\"><div class=\"horizontal\"><\/div><div class=\"vertical\"><\/div><\/div><\/div><\/div>\n\n\n\n<div class=\"wp-block-gutena-accordion-panel-content gutena-accordion-block__panel-content\"><div class=\"gutena-accordion-block__panel-content-inner\">\n<p style=\"margin-top:0;margin-bottom:0\">Erfahren Sie mehr in unserem Artikel <a href=\"https:\/\/kunstbaum24.de\/2d-nadeln-was-ist-der-unterschied-zwischen-ihnen\/\" target=\"_blank\" rel=\"noopener\">2D, 3D a 100 % 3D Nadeln Was ist der Unterschied zwischen ihnen?<\/a><\/p>\n<\/div><\/div>\n<\/div>\n\n\n\n<div class=\"wp-block-gutena-accordion-panel gutena-accordion-block__panel\">\n<div class=\"wp-block-gutena-accordion-panel-title gutena-accordion-block__panel-title\"><div class=\"gutena-accordion-block__panel-title-inner\">\n<h6 class=\"wp-block-heading has-text-align-left\" style=\"margin-top:0px;margin-right:0px;margin-bottom:0px;margin-left:0px\">Wie werde ich \u00fcber den Status der Bestellung informiert?<\/h6>\n<div class=\"trigger-plus-minus\"><div class=\"horizontal\"><\/div><div class=\"vertical\"><\/div><\/div><\/div><\/div>\n\n\n\n<div class=\"wp-block-gutena-accordion-panel-content gutena-accordion-block__panel-content\"><div class=\"gutena-accordion-block__panel-content-inner\">\n<p style=\"margin-top:0;margin-bottom:0\">Wir informieren Sie per E-Mail \u00fcber den Status der Bestellung. Standardm\u00e4\u00dfig versenden wir drei Arten von E-Mails:<\/p>\n\n\n\n<div style=\"height:20px\" aria-hidden=\"true\" class=\"wp-block-spacer\"><\/div>\n\n\n\n<ul class=\"wp-block-list\">\n<li><strong>Bestellannahme<\/strong> \u2013 beim Absenden der Bestellung wird automatisch eine E-Mail versendet.<\/li>\n\n\n\n<li><strong>Versandfertig<\/strong> &#8211; Die E-Mail wird von unseren Mitarbeitern in dem Moment versendet, in dem die Sendung fertig ist und auf die \u00dcbergabe an das Transportunternehmen wartet.<\/li>\n\n\n\n<li><strong>Versand der Sendung<\/strong> \u2013 die E-Mail wird von unserem Mitarbeiter im Moment der \u00dcbergabe der Sendung mit der Bestellung an das Transportunternehmen versendet.<\/li>\n<\/ul>\n\n\n\n<div style=\"height:20px\" aria-hidden=\"true\" class=\"wp-block-spacer\"><\/div>\n\n\n\n<p>Bei dringenden oder pl\u00f6tzlichen \u00c4nderungen werden wir Sie telefonisch unter der bei der Bestellung angegebenen Telefonnummer kontaktieren.<\/p>\n<\/div><\/div>\n<\/div>\n\n\n\n<div class=\"wp-block-gutena-accordion-panel gutena-accordion-block__panel\">\n<div class=\"wp-block-gutena-accordion-panel-title gutena-accordion-block__panel-title\"><div class=\"gutena-accordion-block__panel-title-inner\">\n<h6 class=\"wp-block-heading has-text-align-left\" style=\"margin-top:0px;margin-right:0px;margin-bottom:0px;margin-left:0px\">Ist es m\u00f6glich einen Baum zu kaufen und pers\u00f6nlich abzuholen?<\/h6>\n<div class=\"trigger-plus-minus\"><div class=\"horizontal\"><\/div><div class=\"vertical\"><\/div><\/div><\/div><\/div>\n\n\n\n<div class=\"wp-block-gutena-accordion-panel-content gutena-accordion-block__panel-content\"><div class=\"gutena-accordion-block__panel-content-inner\">\n<p style=\"margin-top:0;margin-bottom:0\">Der Kauf ist nur \u00fcber unseren E-Shop www.kundtbaum24.de m\u00f6glich<a href=\"https:\/\/mujstromecek.cz\/\" target=\"_blank\" rel=\"noopener\">.<\/a> Auch eine pers\u00f6nliche Abholung ist nicht m\u00f6glich. Wir liefern den Baum nur durch ein Transportunternehmen.<\/p>\n<\/div><\/div>\n<\/div>\n\n\n\n<div class=\"wp-block-gutena-accordion-panel gutena-accordion-block__panel\">\n<div class=\"wp-block-gutena-accordion-panel-title gutena-accordion-block__panel-title\"><div class=\"gutena-accordion-block__panel-title-inner\">\n<h6 class=\"wp-block-heading has-text-align-left\" style=\"margin-top:0px;margin-right:0px;margin-bottom:0px;margin-left:0px\">Wann ist die sp\u00e4teste Zeit, um einen Baum zu bestellen?<\/h6>\n<div class=\"trigger-plus-minus\"><div class=\"horizontal\"><\/div><div class=\"vertical\"><\/div><\/div><\/div><\/div>\n\n\n\n<div class=\"wp-block-gutena-accordion-panel-content gutena-accordion-block__panel-content\"><div class=\"gutena-accordion-block__panel-content-inner\">\n<p style=\"margin-top:0;margin-bottom:0\">Der letzte Bestelltag f\u00fcr einen Baum ist der 15. 12. 2024. Wir empfehlen jedoch, den Baum im Voraus zu bestellen, da vor Weihnachten m\u00f6glicherweise nicht alle Arten und Gr\u00f6\u00dfen verf\u00fcgbar sind.<\/p>\n<\/div><\/div>\n<\/div>\n\n\n\n<div class=\"wp-block-gutena-accordion-panel gutena-accordion-block__panel\">\n<div class=\"wp-block-gutena-accordion-panel-title gutena-accordion-block__panel-title\"><div class=\"gutena-accordion-block__panel-title-inner\">\n<h6 class=\"wp-block-heading has-text-align-left\" style=\"margin-top:0px;margin-right:0px;margin-bottom:0px;margin-left:0px\">Entsprechen die B\u00e4ume den Sicherheitsstandards?<\/h6>\n<div class=\"trigger-plus-minus\"><div class=\"horizontal\"><\/div><div class=\"vertical\"><\/div><\/div><\/div><\/div>\n\n\n\n<div class=\"wp-block-gutena-accordion-panel-content gutena-accordion-block__panel-content\"><div class=\"gutena-accordion-block__panel-content-inner\">\n<p style=\"margin-top:0;margin-bottom:0\">Unsere k\u00fcnstlichen Weihnachtsb\u00e4ume werden aus den hochwertigsten Materialien hergestellt und erf\u00fcllen die strengsten EU-Sicherheitsstandards.<\/p>\n<\/div><\/div>\n<\/div>\n\n\n\n<div class=\"wp-block-gutena-accordion-panel gutena-accordion-block__panel\">\n<div class=\"wp-block-gutena-accordion-panel-title gutena-accordion-block__panel-title\"><div class=\"gutena-accordion-block__panel-title-inner\">\n<h6 class=\"wp-block-heading has-text-align-left\" style=\"margin-top:0px;margin-right:0px;margin-bottom:0px;margin-left:0px\">Ist es m\u00f6glich, einen Baum zu bestellen, der h\u00f6her als 250 cm ist?<\/h6>\n<div class=\"trigger-plus-minus\"><div class=\"horizontal\"><\/div><div class=\"vertical\"><\/div><\/div><\/div><\/div>\n\n\n\n<div class=\"wp-block-gutena-accordion-panel-content gutena-accordion-block__panel-content\"><div class=\"gutena-accordion-block__panel-content-inner\">\n<p style=\"margin-top:0;margin-bottom:0\">Ja, wir k\u00f6nnen auch B\u00e4ume liefern, die h\u00f6her als 250 cm sind. Alle diese Bestellungen werden individuell bearbeitet. Wenn Sie an einem h\u00f6heren Baum interessiert sind, kontaktieren Sie uns bitte unter <a href=\"mailto:Info@mujstromecek.cz\">info@mujstromecek.cz<\/a>.<\/p>\n<\/div><\/div>\n<\/div>\n\n\n\n<div class=\"wp-block-gutena-accordion-panel gutena-accordion-block__panel\">\n<div class=\"wp-block-gutena-accordion-panel-title gutena-accordion-block__panel-title\"><div class=\"gutena-accordion-block__panel-title-inner\">\n<h6 class=\"wp-block-heading has-text-align-left\" style=\"margin-top:0px;margin-right:0px;margin-bottom:0px;margin-left:0px\">Wie gehe ich vor, wenn ich meine Bestellung \u00e4ndern m\u00f6chte?<\/h6>\n<div class=\"trigger-plus-minus\"><div class=\"horizontal\"><\/div><div class=\"vertical\"><\/div><\/div><\/div><\/div>\n\n\n\n<div class=\"wp-block-gutena-accordion-panel-content gutena-accordion-block__panel-content\"><div class=\"gutena-accordion-block__panel-content-inner\">\n<p style=\"margin-top:0;margin-bottom:0\">Nat\u00fcrlich ist es m\u00f6glich, die Reihenfolge zu \u00e4ndern. Bitte kontaktieren Sie uns in diesem Fall unter der E-Mail <a href=\"mailto:Info@mujstromecek.cz\">info@mujstromecek.cz<\/a>. Wichtig ist, dass etwaige Bestell\u00e4nderungen vor \u00dcbergabe der Sendung an das Transportunternehmen mitgeteilt werden.<\/p>\n<\/div><\/div>\n<\/div>\n\n\n\n<div class=\"wp-block-gutena-accordion-panel gutena-accordion-block__panel\">\n<div class=\"wp-block-gutena-accordion-panel-title gutena-accordion-block__panel-title\"><div class=\"gutena-accordion-block__panel-title-inner\">\n<h6 class=\"wp-block-heading has-text-align-left\" style=\"margin-top:0px;margin-right:0px;margin-bottom:0px;margin-left:0px\">Sind Sie Mehrwertsteuerzahler?<\/h6>\n<div class=\"trigger-plus-minus\"><div class=\"horizontal\"><\/div><div class=\"vertical\"><\/div><\/div><\/div><\/div>\n\n\n\n<div class=\"wp-block-gutena-accordion-panel-content gutena-accordion-block__panel-content\"><div class=\"gutena-accordion-block__panel-content-inner\">\n<p style=\"margin-top:0;margin-bottom:0\">Ja, wir sind Mehrwertsteuerzahler. Der Vorsteuerabzug ist f\u00fcr Gesch\u00e4ftskunden m\u00f6glich.<\/p>\n<\/div><\/div>\n<\/div>\n\n\n\n<div class=\"wp-block-gutena-accordion-panel gutena-accordion-block__panel\">\n<div class=\"wp-block-gutena-accordion-panel-title gutena-accordion-block__panel-title\"><div class=\"gutena-accordion-block__panel-title-inner\">\n<h6 class=\"wp-block-heading has-text-align-left\" style=\"margin-top:0px;margin-right:0px;margin-bottom:0px;margin-left:0px\">Bieten Sie Gro\u00dfhandel an?<\/h6>\n<div class=\"trigger-plus-minus\"><div class=\"horizontal\"><\/div><div class=\"vertical\"><\/div><\/div><\/div><\/div>\n\n\n\n<div class=\"wp-block-gutena-accordion-panel-content gutena-accordion-block__panel-content\"><div class=\"gutena-accordion-block__panel-content-inner\">\n<p style=\"margin-top:0;margin-bottom:0\">Ja, bitte kontaktieren Sie uns.<br>Tom\u00e1\u0161 Turo\u0148<br><a href=\"mailto:b2b@allforcustomer.com\">b2b@allforcustomer.com<\/a><br>+420 724 708 057 (nur f\u00fcr den Gro\u00dfhandel)<\/p>\n<\/div><\/div>\n<\/div>\n<\/div>\n","protected":false},"excerpt":{"rendered":"<p>Hat sich Ihre Lieferung verz\u00f6gert? Die Sendung ist nicht mehr bei uns, bitte wenden Sie sich an den DPD-Spediteur, der Ihnen die Details mitteilt. Danke. DPD-Sendungsverfolgunge-mail: info@dpd.cztelefon: +420 225 373 373(werktags von 7:00 &#8211; 18:00 Uhr)<\/p>\n","protected":false},"author":2,"featured_media":358422,"parent":0,"menu_order":0,"comment_status":"closed","ping_status":"closed","template":"","meta":{"_acf_changed":false,"rank_math_lock_modified_date":false,"footnotes":""},"class_list":["post-358421","page","type-page","status-publish","has-post-thumbnail","hentry"],"acf":[],"_links":{"self":[{"href":"https:\/\/2024.mujstromecek.cz\/de\/wp-json\/wp\/v2\/pages\/358421","targetHints":{"allow":["GET"]}}],"collection":[{"href":"https:\/\/2024.mujstromecek.cz\/de\/wp-json\/wp\/v2\/pages"}],"about":[{"href":"https:\/\/2024.mujstromecek.cz\/de\/wp-json\/wp\/v2\/types\/page"}],"author":[{"embeddable":true,"href":"https:\/\/2024.mujstromecek.cz\/de\/wp-json\/wp\/v2\/users\/2"}],"replies":[{"embeddable":true,"href":"https:\/\/2024.mujstromecek.cz\/de\/wp-json\/wp\/v2\/comments?post=358421"}],"version-history":[{"count":1,"href":"https:\/\/2024.mujstromecek.cz\/de\/wp-json\/wp\/v2\/pages\/358421\/revisions"}],"predecessor-version":[{"id":358425,"href":"https:\/\/2024.mujstromecek.cz\/de\/wp-json\/wp\/v2\/pages\/358421\/revisions\/358425"}],"wp:featuredmedia":[{"embeddable":true,"href":"https:\/\/2024.mujstromecek.cz\/de\/wp-json\/wp\/v2\/media\/358422"}],"wp:attachment":[{"href":"https:\/\/2024.mujstromecek.cz\/de\/wp-json\/wp\/v2\/media?parent=358421"}],"curies":[{"name":"wp","href":"https:\/\/api.w.org\/{rel}","templated":true}]}}