{"id":358897,"date":"2024-07-02T13:45:40","date_gmt":"2024-07-02T13:45:40","guid":{"rendered":"https:\/\/2024.mujstromecek.cz\/vorteile-des-kaufs-bei-uns\/"},"modified":"2024-08-01T23:22:39","modified_gmt":"2024-08-01T23:22:39","slug":"vorteile-des-kaufs-bei-uns","status":"publish","type":"page","link":"https:\/\/2024.mujstromecek.cz\/at\/vorteile-des-kaufs-bei-uns\/","title":{"rendered":"Vorteile des Kaufs bei uns"},"content":{"rendered":"\n<div class=\"wp-block-columns is-layout-flex wp-container-core-columns-is-layout-9d6595d7 wp-block-columns-is-layout-flex\">\n<div class=\"wp-block-column is-layout-flow wp-block-column-is-layout-flow\">\n<div class=\"wp-block-media-text is-stacked-on-mobile is-vertically-aligned-top\" style=\"grid-template-columns:15% auto\"><figure class=\"wp-block-media-text__media\"><img decoding=\"async\" src=\"https:\/\/2024.mujstromecek.cz\/wp-content\/uploads\/2024\/06\/delivery.svg\" alt=\"\" class=\"wp-image-355118 size-full\"><\/figure><div class=\"wp-block-media-text__content\">\n<h3 class=\"wp-block-heading\">Kostenloser Transport<\/h3>\n\n\n\n<p>F\u00fcr alle unsere B\u00e4ume ist der Transport in der ganzen Tschechischen Republik zu Ihnen nach Hause kostenlos, dh. dass Sie nur den Preis des Baumes bezahlen und keine weiteren Geb\u00fchren anfallen. Dank dessen erhalten Sie eine\u00a0<strong>einfache M\u00f6glichkeit<\/strong>\u00a0, den Baum\u00a0<strong>bequem<\/strong>\u00a0und\u00a0<strong>m\u00fchelos zu Ihnen nach Hause<\/strong>\u00a0geliefert zu bekommen, alles\u00a0<strong>KOSTENLOS!<\/strong><\/p>\n<\/div><\/div>\n<\/div>\n\n\n\n<div class=\"wp-block-column is-layout-flow wp-block-column-is-layout-flow\">\n<div class=\"wp-block-media-text is-stacked-on-mobile is-vertically-aligned-top\" style=\"grid-template-columns:15% auto\"><figure class=\"wp-block-media-text__media\"><img decoding=\"async\" src=\"https:\/\/2024.mujstromecek.cz\/wp-content\/uploads\/2024\/06\/guarantee.svg\" alt=\"\" class=\"wp-image-355111 size-full\"><\/figure><div class=\"wp-block-media-text__content\">\n<h3 class=\"wp-block-heading\">Weihnachtsliefergarantie<\/h3>\n\n\n\n<p><strong>Bei Bestellung bis 17.12.2024 garantieren wir, dass der Baum bis Weihnachten ankommt!<\/strong><\/p>\n<\/div><\/div>\n<\/div>\n<\/div>\n\n\n\n<div class=\"wp-block-columns is-layout-flex wp-container-core-columns-is-layout-9d6595d7 wp-block-columns-is-layout-flex\">\n<div class=\"wp-block-column is-layout-flow wp-block-column-is-layout-flow\">\n<div class=\"wp-block-media-text is-stacked-on-mobile is-vertically-aligned-top\" style=\"grid-template-columns:15% auto\"><figure class=\"wp-block-media-text__media\"><img decoding=\"async\" src=\"https:\/\/2024.mujstromecek.cz\/wp-content\/uploads\/2024\/06\/guarantee-1.svg\" alt=\"\" class=\"wp-image-355113 size-full\"><\/figure><div class=\"wp-block-media-text__content\">\n<h3 class=\"wp-block-heading\">Qualit\u00e4tsgarantie<\/h3>\n\n\n\n<p>Bei der Herstellung von k\u00fcnstlichen Weihnachtsb\u00e4umen verwenden wir nur&nbsp;<strong>hochwertigste Materialien<\/strong>&nbsp;, die \u00fcber viele Jahre&nbsp;<strong>eine perfekte Optik<\/strong>&nbsp;garantieren.<\/p>\n\n\n\n<p>Sollte etwas nicht in Ordnung sein,&nbsp;<strong>liefern wir die fehlenden Teile kostenlos<\/strong>&nbsp;nach oder&nbsp;<strong>sorgen f\u00fcr die Abholung und den Ersatz<\/strong>&nbsp;des besch\u00e4digten Baumes.&nbsp;<strong>Keine Sorge \u2013 wir l\u00f6sen jedes Problem schnell, ohne unn\u00f6tige Sorgen und zus\u00e4tzliche Kosten!<\/strong><\/p>\n<\/div><\/div>\n<\/div>\n\n\n\n<div class=\"wp-block-column is-layout-flow wp-block-column-is-layout-flow\">\n<div class=\"wp-block-media-text is-stacked-on-mobile is-vertically-aligned-top\" style=\"grid-template-columns:15% auto\"><figure class=\"wp-block-media-text__media\"><img decoding=\"async\" src=\"https:\/\/2024.mujstromecek.cz\/wp-content\/uploads\/2024\/06\/add-group.svg\" alt=\"\" class=\"wp-image-355120 size-full\"><\/figure><div class=\"wp-block-media-text__content\">\n<h3 class=\"wp-block-heading\">Von Kunden best\u00e4tigt<\/h3>\n\n\n\n<p>\u00dcber 100.000\u00a0unserer\u00a0zufriedenen Kunden\u00a0sind der Beweis f\u00fcr die hohe Qualit\u00e4t unserer B\u00e4ume. Auf\u00a0Facebook\u00a0oder\u00a0Eureka\u00a0k\u00f6nnen Sie sehen, wie unsere Kunden uns bewerten.<\/p>\n<\/div><\/div>\n<\/div>\n<\/div>\n\n\n\n<div class=\"wp-block-columns is-layout-flex wp-container-core-columns-is-layout-9d6595d7 wp-block-columns-is-layout-flex\">\n<div class=\"wp-block-column is-layout-flow wp-block-column-is-layout-flow\">\n<div class=\"wp-block-media-text is-stacked-on-mobile is-vertically-aligned-top\" style=\"grid-template-columns:15% auto\"><figure class=\"wp-block-media-text__media\"><img decoding=\"async\" src=\"https:\/\/2024.mujstromecek.cz\/wp-content\/uploads\/2024\/06\/chat.svg\" alt=\"\" class=\"wp-image-355142 size-full\"><\/figure><div class=\"wp-block-media-text__content\">\n<h3 class=\"wp-block-heading\">Kundendienst<\/h3>\n\n\n\n<p>Wir bieten unseren Kunden eine breite Palette an begleitenden Dienstleistungen, dank denen der Kauf sehr schnell und einfach ist. Unsere Mitarbeiter beantworten gerne alle Ihre Fragen oder helfen Ihnen bei der Bestellung. Wir sind immer im\u00a0<strong>Chat<\/strong>\u00a0(unten rechts auf dieser Seite) oder\u00a0<strong>per E-Mail<\/strong>\u00a0(\u00a0<a href=\"mailto:dotazy@mujstromecek.cz\">ot\u00e1zky@mujstromecek.cz<\/a>\u00a0) oder unter der Telefonnummer +420 777 470 538 (MO-FR 9-17) erreichbar.<\/p>\n<\/div><\/div>\n<\/div>\n\n\n\n<div class=\"wp-block-column is-layout-flow wp-block-column-is-layout-flow\"><\/div>\n<\/div>\n","protected":false},"excerpt":{"rendered":"<p>Kostenloser Transport F\u00fcr alle unsere B\u00e4ume ist der Transport in der ganzen Tschechischen Republik zu Ihnen nach Hause kostenlos, dh. dass Sie nur den Preis des Baumes bezahlen und keine weiteren Geb\u00fchren anfallen. Dank dessen erhalten Sie eine\u00a0einfache M\u00f6glichkeit\u00a0, den Baum\u00a0bequem\u00a0und\u00a0m\u00fchelos zu Ihnen nach Hause\u00a0geliefert zu bekommen, alles\u00a0KOSTENLOS! Weihnachtsliefergarantie Bei Bestellung bis 17.12.2024 garantieren wir, [&hellip;]<\/p>\n","protected":false},"author":2,"featured_media":358898,"parent":0,"menu_order":0,"comment_status":"closed","ping_status":"closed","template":"","meta":{"_acf_changed":false,"rank_math_lock_modified_date":false,"footnotes":""},"class_list":["post-358897","page","type-page","status-publish","has-post-thumbnail","hentry"],"acf":[],"_links":{"self":[{"href":"https:\/\/2024.mujstromecek.cz\/at\/wp-json\/wp\/v2\/pages\/358897","targetHints":{"allow":["GET"]}}],"collection":[{"href":"https:\/\/2024.mujstromecek.cz\/at\/wp-json\/wp\/v2\/pages"}],"about":[{"href":"https:\/\/2024.mujstromecek.cz\/at\/wp-json\/wp\/v2\/types\/page"}],"author":[{"embeddable":true,"href":"https:\/\/2024.mujstromecek.cz\/at\/wp-json\/wp\/v2\/users\/2"}],"replies":[{"embeddable":true,"href":"https:\/\/2024.mujstromecek.cz\/at\/wp-json\/wp\/v2\/comments?post=358897"}],"version-history":[{"count":1,"href":"https:\/\/2024.mujstromecek.cz\/at\/wp-json\/wp\/v2\/pages\/358897\/revisions"}],"predecessor-version":[{"id":358899,"href":"https:\/\/2024.mujstromecek.cz\/at\/wp-json\/wp\/v2\/pages\/358897\/revisions\/358899"}],"wp:featuredmedia":[{"embeddable":true,"href":"https:\/\/2024.mujstromecek.cz\/at\/wp-json\/wp\/v2\/media\/358898"}],"wp:attachment":[{"href":"https:\/\/2024.mujstromecek.cz\/at\/wp-json\/wp\/v2\/media?parent=358897"}],"curies":[{"name":"wp","href":"https:\/\/api.w.org\/{rel}","templated":true}]}}