{"id":358880,"date":"2024-07-02T15:47:42","date_gmt":"2024-07-02T15:47:42","guid":{"rendered":"https:\/\/2024.mujstromecek.cz\/kontakt\/"},"modified":"2024-08-01T23:18:22","modified_gmt":"2024-08-01T23:18:22","slug":"kontakt","status":"publish","type":"page","link":"https:\/\/2024.mujstromecek.cz\/at\/kontakt\/","title":{"rendered":"Kontakt"},"content":{"rendered":"\n<div class=\"wp-block-group\"><div class=\"wp-block-group__inner-container is-layout-flow wp-block-group-is-layout-flow\">\n<div class=\"wp-block-group\"><div class=\"wp-block-group__inner-container is-layout-flow wp-block-group-is-layout-flow\">\n<div class=\"wp-block-columns is-layout-flex wp-container-core-columns-is-layout-9d6595d7 wp-block-columns-is-layout-flex\">\n<div class=\"wp-block-column jh-gt-block has-background is-layout-flow wp-block-column-is-layout-flow\" style=\"background-color:#eeeeee\">\n<h2 class=\"wp-block-heading\">Kundenservice<\/h2>\n\n\n\n<p style=\"font-style:normal;font-weight:500\">Wir bieten unseren Kunden eine&nbsp;<strong>breite Palette an begleitenden Dienstleistungen<\/strong>, dank denen der Kauf sehr&nbsp;<strong>schnell<\/strong>&nbsp;und&nbsp;<strong>einfach<\/strong>&nbsp;ist.<\/p>\n\n\n\n<div style=\"height:20px\" aria-hidden=\"true\" class=\"wp-block-spacer\"><\/div>\n\n\n\n<h4 class=\"wp-block-heading\">Haben Sie eine Frage? Finden wir darauf eine Antwort<\/h4>\n\n\n\n<ul class=\"wp-block-list\">\n<li>Lesen sie die <a href=\"https:\/\/2024.mujstromecek.cz\/at\/haufig-gestellte-fragen\/\" data-type=\"link\" data-id=\"https:\/\/2024.mujstromecek.cz\/de\/haufig-gestellte-fragen\/\">h\u00e4ufig gestellten fragen<\/a> unserer kunden<\/li>\n<\/ul>\n\n\n\n<div style=\"height:20px\" aria-hidden=\"true\" class=\"wp-block-spacer\"><\/div>\n\n\n\n<h4 class=\"wp-block-heading\">Haben Sie die Antwort nicht gefunden?<\/h4>\n\n\n\n<p style=\"font-style:normal;font-weight:500\">Sie k\u00f6nnen mit uns ununterbrochen kommunizieren \u00fcber:<\/p>\n\n\n\n<ul class=\"wp-block-list\">\n<li style=\"font-style:normal;font-weight:500\">e-mail:&nbsp;info@kunstbaum24.de<\/li>\n\n\n\n<li style=\"font-style:normal;font-weight:500\">chat: unten rechts<\/li>\n\n\n\n<li style=\"font-style:normal;font-weight:500\">Telefonnummer: +420 777 470 538 (MO-FR 9-17)<\/li>\n<\/ul>\n\n\n\n<p style=\"font-style:normal;font-weight:500\">Unsere Mitarbeiter beantworten Ihnen gerne alle Ihre Fragen oder helfen Ihnen, die Bestellung durchzuf\u00fchren.<\/p>\n<\/div>\n<\/div>\n<\/div><\/div>\n\n\n\n<div style=\"height:40px\" aria-hidden=\"true\" class=\"wp-block-spacer\"><\/div>\n\n\n\n<div class=\"wp-block-columns is-layout-flex wp-container-core-columns-is-layout-9d6595d7 wp-block-columns-is-layout-flex\">\n<div class=\"wp-block-column is-layout-flow wp-block-column-is-layout-flow\" style=\"flex-basis:33.33%\">\n<h2 class=\"wp-block-heading\">Rechnungsdaten<\/h2>\n\n\n\n<p style=\"font-style:normal;font-weight:500\">All4Customer, s.r.o.<br>Id.-Nr.: 01824651<br>Ust-.Id.-Nr.: CZ01824651<br>Hladnovsk\u00e1 1255\/23<br>710 00, Ostrava<\/p>\n<\/div>\n\n\n\n<div class=\"wp-block-column is-layout-flow wp-block-column-is-layout-flow\" style=\"flex-basis:66.66%\">\n<iframe src=\"https:\/\/www.google.com\/maps\/embed?pb=!1m14!1m8!1m3!1d329326.0325305334!2d18.30526!3d49.845095!3m2!1i1024!2i768!4f13.1!3m3!1m2!1s0x4713e32a7ac60fa9%3A0xea9642a6fb882b28!2sHladnovsk%C3%A1%201255%2F23%2C%20710%2000%20Slezsk%C3%A1%20Ostrava%2C%20Czechia!5e0!3m2!1sen!2sus!4v1593526756270!5m2!1sen!2sus\" width=\"600\" height=\"450\" border-radius=\"20\" frameborder=\"0\" style=\"border:0;\" allowfullscreen=\"\" aria-hidden=\"false\" tabindex=\"0\"><\/iframe>\n<\/div>\n<\/div>\n<\/div><\/div>\n","protected":false},"excerpt":{"rendered":"<p>Kundenservice Wir bieten unseren Kunden eine&nbsp;breite Palette an begleitenden Dienstleistungen, dank denen der Kauf sehr&nbsp;schnell&nbsp;und&nbsp;einfach&nbsp;ist. Haben Sie eine Frage? Finden wir darauf eine Antwort Haben Sie die Antwort nicht gefunden? Sie k\u00f6nnen mit uns ununterbrochen kommunizieren \u00fcber: Unsere Mitarbeiter beantworten Ihnen gerne alle Ihre Fragen oder helfen Ihnen, die Bestellung durchzuf\u00fchren. Rechnungsdaten All4Customer, s.r.o.Id.-Nr.: 01824651Ust-.Id.-Nr.: [&hellip;]<\/p>\n","protected":false},"author":2,"featured_media":0,"parent":0,"menu_order":0,"comment_status":"closed","ping_status":"closed","template":"","meta":{"_acf_changed":false,"rank_math_lock_modified_date":false,"footnotes":""},"class_list":["post-358880","page","type-page","status-publish","hentry"],"acf":[],"_links":{"self":[{"href":"https:\/\/2024.mujstromecek.cz\/at\/wp-json\/wp\/v2\/pages\/358880","targetHints":{"allow":["GET"]}}],"collection":[{"href":"https:\/\/2024.mujstromecek.cz\/at\/wp-json\/wp\/v2\/pages"}],"about":[{"href":"https:\/\/2024.mujstromecek.cz\/at\/wp-json\/wp\/v2\/types\/page"}],"author":[{"embeddable":true,"href":"https:\/\/2024.mujstromecek.cz\/at\/wp-json\/wp\/v2\/users\/2"}],"replies":[{"embeddable":true,"href":"https:\/\/2024.mujstromecek.cz\/at\/wp-json\/wp\/v2\/comments?post=358880"}],"version-history":[{"count":1,"href":"https:\/\/2024.mujstromecek.cz\/at\/wp-json\/wp\/v2\/pages\/358880\/revisions"}],"predecessor-version":[{"id":358881,"href":"https:\/\/2024.mujstromecek.cz\/at\/wp-json\/wp\/v2\/pages\/358880\/revisions\/358881"}],"wp:attachment":[{"href":"https:\/\/2024.mujstromecek.cz\/at\/wp-json\/wp\/v2\/media?parent=358880"}],"curies":[{"name":"wp","href":"https:\/\/api.w.org\/{rel}","templated":true}]}}